{"id":6398,"date":"2026-03-18T06:42:48","date_gmt":"2026-03-18T06:42:48","guid":{"rendered":"https:\/\/soydeaqui.ddns.net\/pachuca\/index.php\/producto\/sirena-cableda-100dba-para-panel-wip630-videofied\/"},"modified":"2026-03-18T06:42:48","modified_gmt":"2026-03-18T06:42:48","slug":"sirena-cableda-100dba-para-panel-wip630-videofied","status":"publish","type":"product","link":"https:\/\/soydeaqui.ddns.net\/pachuca\/index.php\/producto\/sirena-cableda-100dba-para-panel-wip630-videofied\/","title":{"rendered":"Sirena Cableda 100dBA para panel WIP630 VideoFied"},"content":{"rendered":"<div style='width: 100%; max-width: 1200px; margin: 0 auto; font-family: sans-serif; line-height: 1.6; color: inherit; background-color: transparent;'>\n<div style='display: flex; flex-wrap: wrap; gap: 30px; margin-bottom: 30px;'>\n<div style='flex: 1 1 300px; min-width: 280px;'>\n<h3 style='font-size: 22px; border-bottom: 2px solid currentColor; padding-bottom: 5px; margin-top: 0; color: inherit; opacity: 0.8;'>Caracter\u00edsticas Generales<\/h3>\n<ul style='padding-left: 20px; font-size: 15px; color: inherit;'>\n<li style='margin-bottom: 5px;'><strong>Voltaje de Funcionamiento:<\/strong> 3&comma;3 V &#8211; 4&comma;1 V<\/li>\n<li style='margin-bottom: 5px;'><strong>Voltaje nominal:<\/strong> 4&comma;1 V<\/li>\n<li style='margin-bottom: 5px;'><strong>Corriente media:<\/strong> 160 mA<\/li>\n<li style='margin-bottom: 5px;'><strong>Max corriente:<\/strong> 400mA<\/li>\n<li style='margin-bottom: 5px;'><strong>Fuente de alimentaci\u00f3n:<\/strong> Panel<\/li>\n<li style='margin-bottom: 5px;'><strong>Tipo de tono:<\/strong> sonido individual<\/li>\n<li style='margin-bottom: 5px;'><strong>Nivel de salida:<\/strong> 100 dBA a 1 m<\/li>\n<li style='margin-bottom: 5px;'><strong>Duraci\u00f3n:<\/strong> 3 min de forma predeterminada (15 minutos como m\u00e1ximo seg\u00fan la legislaci\u00f3n local)<\/li>\n<li style='margin-bottom: 5px;'><strong>Tamper:<\/strong> Tamper de pared y cubierta<\/li>\n<li style='margin-bottom: 5px;'><strong>Supervisi\u00f3n:<\/strong> corto circuito&comma; circuito abierto y detecci\u00f3n de sobrecorriente<\/li>\n<li style='margin-bottom: 5px;'><strong>Marca de protecci\u00f3n:<\/strong> IP31 \/ IK06<\/li>\n<li style='margin-bottom: 5px;'><strong>Temperatura de funcionamiento:<\/strong> -10 \u00b0 \/ + 55 \u00b0 C<\/li>\n<li style='margin-bottom: 5px;'><strong>M\u00e1xima humedad relativa:<\/strong> 75%&comma; sin condensaci\u00f3n<\/li>\n<li style='margin-bottom: 5px;'><strong>Dimensiones:<\/strong> 144 mm x 76 mm x 44 mm (LxWxD)<\/li>\n<\/ul><\/div>\n<\/p><\/div>\n<div style='display: flex; flex-wrap: wrap; gap: 30px; margin-bottom: 30px;'>\n<div style='flex: 1 1 300px; min-width: 280px;'> <a href='https:\/\/www.syscomblog.com\/2017\/03\/videoverificacion-videofied-lo-mejor-en.html'> <img style='width: 100%; height: auto; border: 1px solid rgba(150&comma;150&comma;150&comma;0.3); border-radius: 8px;' src='http:\/\/ftp3.syscom.mx\/usuarios\/ftp\/recursos\/viedofied.png' alt=''> <\/a> <\/div>\n<div style='flex: 1 1 300px; min-width: 280px;'> <a href='principal\/consultarproductosazul?global_search=sim25&#038;ordenar=Relevancia&#038;pag=1'> <img style='width: 100%; height: auto; border: 1px solid rgba(150&comma;150&comma;150&comma;0.3); border-radius: 8px;' src='http:\/\/ftp3.syscom.mx\/usuarios\/ftp\/recursos\/sim-multicarrier.png' alt=''> <\/a> <\/div>\n<\/p><\/div>\n<hr style='border: 0; border-top: 1px solid rgba(150&comma; 150&comma; 150&comma; 0.3); margin: 30px 0;'> <\/div>\n","protected":false},"excerpt":{"rendered":"<p>Sirena Cableda 100dBA para panel WIP630 VideoFied<\/p>\n","protected":false},"featured_media":6397,"comment_status":"open","ping_status":"closed","template":"","meta":[],"product_brand":[],"product_cat":[95],"product_tag":[45,96,62],"class_list":{"0":"post-6398","1":"product","2":"type-product","3":"status-publish","4":"has-post-thumbnail","6":"product_cat-todos-senalamientos","7":"product_tag-honeywell-home-resideo","8":"product_tag-senalamientos","9":"product_tag-todos","11":"first","12":"outofstock","13":"sale","14":"shipping-taxable","15":"purchasable","16":"product-type-simple"},"_links":{"self":[{"href":"https:\/\/soydeaqui.ddns.net\/pachuca\/index.php\/wp-json\/wp\/v2\/product\/6398","targetHints":{"allow":["GET"]}}],"collection":[{"href":"https:\/\/soydeaqui.ddns.net\/pachuca\/index.php\/wp-json\/wp\/v2\/product"}],"about":[{"href":"https:\/\/soydeaqui.ddns.net\/pachuca\/index.php\/wp-json\/wp\/v2\/types\/product"}],"replies":[{"embeddable":true,"href":"https:\/\/soydeaqui.ddns.net\/pachuca\/index.php\/wp-json\/wp\/v2\/comments?post=6398"}],"wp:featuredmedia":[{"embeddable":true,"href":"https:\/\/soydeaqui.ddns.net\/pachuca\/index.php\/wp-json\/wp\/v2\/media\/6397"}],"wp:attachment":[{"href":"https:\/\/soydeaqui.ddns.net\/pachuca\/index.php\/wp-json\/wp\/v2\/media?parent=6398"}],"wp:term":[{"taxonomy":"product_brand","embeddable":true,"href":"https:\/\/soydeaqui.ddns.net\/pachuca\/index.php\/wp-json\/wp\/v2\/product_brand?post=6398"},{"taxonomy":"product_cat","embeddable":true,"href":"https:\/\/soydeaqui.ddns.net\/pachuca\/index.php\/wp-json\/wp\/v2\/product_cat?post=6398"},{"taxonomy":"product_tag","embeddable":true,"href":"https:\/\/soydeaqui.ddns.net\/pachuca\/index.php\/wp-json\/wp\/v2\/product_tag?post=6398"}],"curies":[{"name":"wp","href":"https:\/\/api.w.org\/{rel}","templated":true}]}}