{"id":63978,"date":"2026-03-19T07:32:29","date_gmt":"2026-03-19T07:32:29","guid":{"rendered":"https:\/\/soydeaqui.ddns.net\/pachuca\/index.php\/producto\/repetidor-450-480-mhz-40-watts-panel-de-16-tonos-interfaz-db25\/"},"modified":"2026-03-19T07:32:34","modified_gmt":"2026-03-19T07:32:34","slug":"repetidor-450-480-mhz-40-watts-panel-de-16-tonos-interfaz-db25","status":"publish","type":"product","link":"https:\/\/soydeaqui.ddns.net\/pachuca\/index.php\/producto\/repetidor-450-480-mhz-40-watts-panel-de-16-tonos-interfaz-db25\/","title":{"rendered":"Repetidor 450-480 MHz, 40 Watts, Panel de 16 tonos, Interfaz DB25"},"content":{"rendered":"<div style='width: 100%; max-width: 1200px; margin: 0 auto; font-family: sans-serif; line-height: 1.6; color: inherit; background-color: transparent;'>\n<div style='display: flex; flex-wrap: wrap; gap: 30px; margin-bottom: 30px;'>\n<div style='flex: 1 1 300px; min-width: 280px;'>\n<h3 style='font-size: 22px; border-bottom: 2px solid currentColor; padding-bottom: 5px; margin-top: 0; color: inherit; opacity: 0.8;'>Caracter\u00edsticas Generales<\/h3>\n<ul style='padding-left: 20px; font-size: 15px; color: inherit;'>\n<li style='margin-bottom: 5px;'>Repetidor \/ Estaci\u00f3n Base UHF<\/li>\n<li style='margin-bottom: 5px;'>450-480MHZ 25-40W<\/li>\n<li style='margin-bottom: 5px;'>Ciclo de trabajo al 100%&comma; 25W<\/li>\n<li style='margin-bottom: 5px;'>Identificaci\u00f3n de CW<\/li>\n<li style='margin-bottom: 5px;'>Voltaje de entrada: 13.8 Vcc<\/li>\n<li style='margin-bottom: 5px;'>Entrada para respaldo de bater\u00edas con activaci\u00f3n autom\u00e1tica<\/li>\n<li style='margin-bottom: 5px;'>Osciladores de alta estabilidad (TCXO)<\/li>\n<li style='margin-bottom: 5px;'>Montaje en rack de 19&#8242;<\/li>\n<li style='margin-bottom: 5px;'>Compatible para sistemas convencionales y troncales abiertos<\/li>\n<\/ul><\/div>\n<div style='flex: 1 1 300px; min-width: 280px;'>\n<h3 style='font-size: 22px; border-bottom: 2px solid currentColor; padding-bottom: 5px; margin-top: 0; color: inherit; opacity: 0.8;'>Caracter\u00edsticas T\u00e9cnicas<\/h3>\n<ul style='padding-left: 20px; font-size: 15px; color: inherit;'>\n<li style='margin-bottom: 5px;'><strong>Panel comunitario de 16 tonos integrado<\/strong><\/li>\n<li style='margin-bottom: 5px;'>Conector DB-25 con interfaz l\u00f3gica para entradas y salidas auxiliares para control extremo<\/li>\n<li style='margin-bottom: 5px;'><strong>Alerta de respaldo de bater\u00eda y tono de operaci\u00f3n (Versi\u00f3n 2)<\/strong><\/li>\n<li style='margin-bottom: 5px;'>Funci\u00f3n remota y control de salida auxiliar por aire por DTMF<\/li>\n<li style='margin-bottom: 5px;'>Control encendido\/apagado<\/li>\n<li style='margin-bottom: 5px;'>Tono de cortes\u00eda (S\u00f3lo en operaci\u00f3n de repetidor)<\/li>\n<li style='margin-bottom: 5px;'>Conector BNC Hembra para RX y N-Hembra para TX<\/li>\n<li style='margin-bottom: 5px;'>Capacidad de conmutaci\u00f3n de antena integrada para operaci\u00f3n base<\/li>\n<\/ul><\/div>\n<div style='flex: 1 1 300px; min-width: 280px;'>\n<h3 style='font-size: 22px; border-bottom: 2px solid currentColor; padding-bottom: 5px; margin-top: 0; color: inherit; opacity: 0.8;'>Modo Estaci\u00f3n Base<\/h3>\n<ul style='padding-left: 20px; font-size: 15px; color: inherit;'>\n<li style='margin-bottom: 5px;'>16 canales<\/li>\n<li style='margin-bottom: 5px;'>Operaci\u00f3n simplex o full d\u00faplex<\/li>\n<li style='margin-bottom: 5px;'>Scan prioritario<\/li>\n<li style='margin-bottom: 5px;'>Pantalla de 2 d\u00edgitos que indica n\u00famero de canal y estado de operaci\u00f3n<\/li>\n<li style='margin-bottom: 5px;'>Puerto para encripci\u00f3n de voz<\/li>\n<li style='margin-bottom: 5px;'>Entradas para control remoto<\/li>\n<\/ul><\/div>\n<\/p><\/div>\n<div style='display: flex; flex-wrap: wrap; gap: 20px; margin-bottom: 30px;'>\n<div style='flex: 1 1 100%; border: 1px solid rgba(150&comma; 150&comma; 150&comma; 0.4); border-radius: 8px; overflow: hidden; display: flex; flex-direction: column;'>\n<div style='padding: 15px; border-bottom: 1px solid rgba(150&comma; 150&comma; 150&comma; 0.2); font-weight: bold; font-size: 18px; color: inherit;'>Informaci\u00f3n Adicional<\/div>\n<div style='padding: 15px; color: inherit;'>\n<p style='margin: 0 0 10px 0;'>\u00a1El Repetidor m\u00e1s Usado en el Mundo!<\/p>\n<p style='margin: 0 0 10px 0;'>Preferido por los profesionales.<\/p>\n<p style='margin: 0;'><strong>Para el trabajo \u00f3ptimo de este Repetidor se requiere ajuste con monitor de servicio. Consulte al Depto. de Ingenier\u00eda.<\/strong><\/p>\n<\/p><\/div>\n<\/p><\/div>\n<\/p><\/div>\n<hr style='border: 0; border-top: 1px solid rgba(150&comma; 150&comma; 150&comma; 0.3); margin: 30px 0;'> <\/div>\n","protected":false},"excerpt":{"rendered":"<p>Repetidor 450-480 MHz, 40 Watts, Panel de 16 tonos, Interfaz DB25<\/p>\n","protected":false},"featured_media":63977,"comment_status":"open","ping_status":"closed","template":"","meta":[],"product_brand":[],"product_cat":[1697],"product_tag":[1580,1626,1698],"class_list":{"0":"post-63978","1":"product","2":"type-product","3":"status-publish","4":"has-post-thumbnail","6":"product_cat-repetidores","7":"product_tag-kenwood","8":"product_tag-radios-comerciales-icom-kenwood-txpro","9":"product_tag-repetidores","11":"first","12":"outofstock","13":"sale","14":"shipping-taxable","15":"purchasable","16":"product-type-simple"},"_links":{"self":[{"href":"https:\/\/soydeaqui.ddns.net\/pachuca\/index.php\/wp-json\/wp\/v2\/product\/63978","targetHints":{"allow":["GET"]}}],"collection":[{"href":"https:\/\/soydeaqui.ddns.net\/pachuca\/index.php\/wp-json\/wp\/v2\/product"}],"about":[{"href":"https:\/\/soydeaqui.ddns.net\/pachuca\/index.php\/wp-json\/wp\/v2\/types\/product"}],"replies":[{"embeddable":true,"href":"https:\/\/soydeaqui.ddns.net\/pachuca\/index.php\/wp-json\/wp\/v2\/comments?post=63978"}],"wp:featuredmedia":[{"embeddable":true,"href":"https:\/\/soydeaqui.ddns.net\/pachuca\/index.php\/wp-json\/wp\/v2\/media\/63977"}],"wp:attachment":[{"href":"https:\/\/soydeaqui.ddns.net\/pachuca\/index.php\/wp-json\/wp\/v2\/media?parent=63978"}],"wp:term":[{"taxonomy":"product_brand","embeddable":true,"href":"https:\/\/soydeaqui.ddns.net\/pachuca\/index.php\/wp-json\/wp\/v2\/product_brand?post=63978"},{"taxonomy":"product_cat","embeddable":true,"href":"https:\/\/soydeaqui.ddns.net\/pachuca\/index.php\/wp-json\/wp\/v2\/product_cat?post=63978"},{"taxonomy":"product_tag","embeddable":true,"href":"https:\/\/soydeaqui.ddns.net\/pachuca\/index.php\/wp-json\/wp\/v2\/product_tag?post=63978"}],"curies":[{"name":"wp","href":"https:\/\/api.w.org\/{rel}","templated":true}]}}