{"id":63974,"date":"2026-03-19T07:32:22","date_gmt":"2026-03-19T07:32:22","guid":{"rendered":"https:\/\/soydeaqui.ddns.net\/pachuca\/index.php\/producto\/repetidor-profesional-uhf-5-watts-ajustable-a-2-watts\/"},"modified":"2026-03-19T07:32:23","modified_gmt":"2026-03-19T07:32:23","slug":"repetidor-profesional-uhf-5-watts-ajustable-a-2-watts","status":"publish","type":"product","link":"https:\/\/soydeaqui.ddns.net\/pachuca\/index.php\/producto\/repetidor-profesional-uhf-5-watts-ajustable-a-2-watts\/","title":{"rendered":"Repetidor profesional UHF, 5 Watts ajustable a 2 Watts."},"content":{"rendered":"<div style='width: 100%; max-width: 1200px; margin: 0 auto; font-family: sans-serif; line-height: 1.6; color: inherit; background-color: transparent;'>\n<div style='display: flex; flex-wrap: wrap; gap: 30px; margin-bottom: 30px;'>\n<div style='flex: 1 1 300px; min-width: 280px;'>\n<h3 style='font-size: 22px; border-bottom: 2px solid currentColor; padding-bottom: 5px; margin-top: 0; color: inherit; opacity: 0.8;'>Descripci\u00f3n general<\/h3>\n<p style='font-size: 15px; color: inherit;'> KENWOOD alcanza el nivel de desempe\u00f1o y confiabilidad que usted espera s\u00f3lo de lo mejor. Con gran combinaci\u00f3n de altas especificaci\u00f3n&comma; construcci\u00f3n robusta&comma; 100 % ciclo de servicio pesado&comma; as\u00ed como un bajo perfil y un dise\u00f1o totalmente computarizado. <\/p>\n<\/p><\/div>\n<\/p><\/div>\n<div style='display: flex; flex-wrap: wrap; gap: 20px; margin-bottom: 30px;'>\n<div style='flex: 1 1 250px; border: 1px solid rgba(150&comma; 150&comma; 150&comma; 0.4); border-radius: 8px; overflow: hidden; display: flex; flex-direction: column;'>\n<div style='padding: 15px; border-bottom: 1px solid rgba(150&comma; 150&comma; 150&comma; 0.2); font-weight: bold; font-size: 18px; color: inherit;'>Caracter\u00edsticas principales<\/div>\n<div style='padding: 15px; color: inherit;'>\n<ul style='padding-left: 20px; margin: 0; font-size: 14px; list-style-type: disc;'>\n<li style='margin-bottom: 5px;'>32 Canales Simplex\/Full D\u00faplex en modo de estaci\u00f3n base<\/li>\n<li style='margin-bottom: 5px;'>Escaner y canal prioritario<\/li>\n<li style='margin-bottom: 5px;'>Display Num\u00e9rico de 2 d\u00edgitos para indicar el canal y otra informaci\u00f3n de status operacional&comma; as\u00ed como LEDS indicadores de TX&comma; RX&comma; etc.<\/li>\n<li style='margin-bottom: 5px;'>5 watts de potencia ajustable a 2 watts. Ideal como excitador del amplificador externo de su preferencia o en aplicaciones que requieren niveles bajos de potencia<\/li>\n<li style='margin-bottom: 5px;'>Totalmente programable y sintonizable por PC<\/li>\n<li style='margin-bottom: 5px;'>Entrada externa de se\u00f1al de referencia. Aunque el oscilador interno provee una estabilidad de \u00b1 1.5ppm&comma; usted puede usar el repetidor en aplicaciones m\u00e1s precisas aplicando una se\u00f1al externa<\/li>\n<li style='margin-bottom: 5px;'>Interface l\u00f3gica. El CB25 provee una interface l\u00f3gica para controladores externos una integraci\u00f3n sencilla a sistemas altamente sofisticados. Adem\u00e1s hay un conector Entrada \/ Salida para prop\u00f3sitos de prueba<\/li>\n<\/ul><\/div>\n<\/p><\/div>\n<div style='flex: 1 1 250px; border: 1px solid rgba(150&comma; 150&comma; 150&comma; 0.4); border-radius: 8px; overflow: hidden; display: flex; flex-direction: column;'>\n<div style='padding: 15px; border-bottom: 1px solid rgba(150&comma; 150&comma; 150&comma; 0.2); font-weight: bold; font-size: 18px; color: inherit;'>Especificaciones el\u00e9ctricas<\/div>\n<div style='padding: 15px; color: inherit;'>\n<ul style='padding-left: 20px; margin: 0; font-size: 14px; list-style-type: disc;'>\n<li style='margin-bottom: 5px;'><strong>Voltaje de operaci\u00f3n:<\/strong> 13.8 VDC<\/li>\n<li style='margin-bottom: 5px;'><strong>Corriente requerida:<\/strong> 1 Amp&comma; en standby y 3 Amp de transmisi\u00f3n<\/li>\n<li style='margin-bottom: 5px;'><strong>Ciclo de trabajo:<\/strong> 100 % transmisi\u00f3n y recepci\u00f3n<\/li>\n<li style='margin-bottom: 5px;'><strong>Potencia de salida:<\/strong> 5 Watts&comma; ajustable a 2 Watts<\/li>\n<li style='margin-bottom: 5px;'><strong>Sensibilidad:<\/strong> 0.3mV a 12 dB SINAD<\/li>\n<li style='margin-bottom: 5px;'><strong>ANCHO DE BANDA:<\/strong> 5 MHz<\/li>\n<\/ul><\/div>\n<\/p><\/div>\n<div style='flex: 1 1 250px; border: 1px solid rgba(150&comma; 150&comma; 150&comma; 0.4); border-radius: 8px; overflow: hidden; display: flex; flex-direction: column;'>\n<div style='padding: 15px; border-bottom: 1px solid rgba(150&comma; 150&comma; 150&comma; 0.2); font-weight: bold; font-size: 18px; color: inherit;'>Especificaciones de RF<\/div>\n<div style='padding: 15px; color: inherit;'>\n<ul style='padding-left: 20px; margin: 0; font-size: 14px; list-style-type: disc;'>\n<li style='margin-bottom: 5px;'><strong>Selectividad:<\/strong> 95\/90 dB (VHF\/UHF) en banda ancha&comma; 90\/82 dB (VHF\/UHF) angosta<\/li>\n<li style='margin-bottom: 5px;'><strong>Intermodulaci\u00f3n:<\/strong> 90\/85 dB (VHF\/UHF) banda ancha&comma; 85\/80 dB (VHF\/UHF) angosta<\/li>\n<li style='margin-bottom: 5px;'><strong>Rechazo de espurias:<\/strong> 100 dB<\/li>\n<\/ul><\/div>\n<\/p><\/div>\n<div style='flex: 1 1 250px; border: 1px solid rgba(150&comma; 150&comma; 150&comma; 0.4); border-radius: 8px; overflow: hidden; display: flex; flex-direction: column;'>\n<div style='padding: 15px; border-bottom: 1px solid rgba(150&comma; 150&comma; 150&comma; 0.2); font-weight: bold; font-size: 18px; color: inherit;'>Frecuencias<\/div>\n<div style='padding: 15px; color: inherit;'>\n<ul style='padding-left: 20px; margin: 0; font-size: 14px; list-style-type: disc;'>\n<li style='margin-bottom: 5px;'><strong>Modelo k1:<\/strong> 450-480 MHz RX y TX<\/li>\n<li style='margin-bottom: 5px;'><strong>Modelo k2:<\/strong> 480-512 MHz RX y TX<\/li>\n<li style='margin-bottom: 5px;'><strong>Modelo k3:<\/strong> 400-430 MHz RX y TX<\/li>\n<\/ul><\/div>\n<\/p><\/div>\n<\/p><\/div>\n<hr style='border: 0; border-top: 1px solid rgba(150&comma; 150&comma; 150&comma; 0.3); margin: 30px 0;'> <\/div>\n","protected":false},"excerpt":{"rendered":"<p>Repetidor profesional UHF, 5 Watts ajustable a 2 Watts.<\/p>\n","protected":false},"featured_media":63973,"comment_status":"open","ping_status":"closed","template":"","meta":[],"product_brand":[],"product_cat":[1697],"product_tag":[1580,1626,1698],"class_list":{"0":"post-63974","1":"product","2":"type-product","3":"status-publish","4":"has-post-thumbnail","6":"product_cat-repetidores","7":"product_tag-kenwood","8":"product_tag-radios-comerciales-icom-kenwood-txpro","9":"product_tag-repetidores","11":"first","12":"outofstock","13":"sale","14":"shipping-taxable","15":"purchasable","16":"product-type-simple"},"_links":{"self":[{"href":"https:\/\/soydeaqui.ddns.net\/pachuca\/index.php\/wp-json\/wp\/v2\/product\/63974","targetHints":{"allow":["GET"]}}],"collection":[{"href":"https:\/\/soydeaqui.ddns.net\/pachuca\/index.php\/wp-json\/wp\/v2\/product"}],"about":[{"href":"https:\/\/soydeaqui.ddns.net\/pachuca\/index.php\/wp-json\/wp\/v2\/types\/product"}],"replies":[{"embeddable":true,"href":"https:\/\/soydeaqui.ddns.net\/pachuca\/index.php\/wp-json\/wp\/v2\/comments?post=63974"}],"wp:featuredmedia":[{"embeddable":true,"href":"https:\/\/soydeaqui.ddns.net\/pachuca\/index.php\/wp-json\/wp\/v2\/media\/63973"}],"wp:attachment":[{"href":"https:\/\/soydeaqui.ddns.net\/pachuca\/index.php\/wp-json\/wp\/v2\/media?parent=63974"}],"wp:term":[{"taxonomy":"product_brand","embeddable":true,"href":"https:\/\/soydeaqui.ddns.net\/pachuca\/index.php\/wp-json\/wp\/v2\/product_brand?post=63974"},{"taxonomy":"product_cat","embeddable":true,"href":"https:\/\/soydeaqui.ddns.net\/pachuca\/index.php\/wp-json\/wp\/v2\/product_cat?post=63974"},{"taxonomy":"product_tag","embeddable":true,"href":"https:\/\/soydeaqui.ddns.net\/pachuca\/index.php\/wp-json\/wp\/v2\/product_tag?post=63974"}],"curies":[{"name":"wp","href":"https:\/\/api.w.org\/{rel}","templated":true}]}}