{"id":63970,"date":"2026-03-19T07:32:12","date_gmt":"2026-03-19T07:32:12","guid":{"rendered":"https:\/\/soydeaqui.ddns.net\/pachuca\/index.php\/producto\/repetidor-146-174-mhz-50-watts-panel-de-16-tonos-interfaz-db25\/"},"modified":"2026-03-19T07:32:17","modified_gmt":"2026-03-19T07:32:17","slug":"repetidor-146-174-mhz-50-watts-panel-de-16-tonos-interfaz-db25","status":"publish","type":"product","link":"https:\/\/soydeaqui.ddns.net\/pachuca\/index.php\/producto\/repetidor-146-174-mhz-50-watts-panel-de-16-tonos-interfaz-db25\/","title":{"rendered":"Repetidor 146-174 MHz, 50 Watts, Panel de 16 tonos, Interfaz DB25"},"content":{"rendered":"<div style='width: 100%; max-width: 1200px; margin: 0 auto; font-family: sans-serif; line-height: 1.6; color: inherit; background-color: transparent;'>\n<div style='display: flex; flex-wrap: wrap; gap: 30px; margin-bottom: 30px;'>\n<div style='flex: 1 1 300px; min-width: 280px;'>\n<h3 style='font-size: 22px; border-bottom: 2px solid currentColor; padding-bottom: 5px; margin-top: 0; color: inherit; opacity: 0.8;'>Caracter\u00edsticas generales<\/h3>\n<ul style='padding-left: 20px; font-size: 15px; color: inherit;'>\n<li style='margin-bottom: 5px;'>\u00a1El Repetidor m\u00e1s Usado en el Mundo!<\/li>\n<li style='margin-bottom: 5px;'>Preferido por los profesionales<\/li>\n<li style='margin-bottom: 5px;'>Ciclo de trabajo al 100 %&comma; 25 W<\/li>\n<li style='margin-bottom: 5px;'>Identificaci\u00f3n de CW<\/li>\n<li style='margin-bottom: 5px;'>Conector DB-25 con interfaz l\u00f3gica para entradas y salidas auxiliares para control extremo<\/li>\n<li style='margin-bottom: 5px;'>Voltaje de entrada: 13.8 Vcc<\/li>\n<li style='margin-bottom: 5px;'>Entrada para respaldo de bater\u00edas la cual se activa autom\u00e1ticamente (Para mantener cargada la bater\u00eda habilitar el puente charge)<\/li>\n<li style='margin-bottom: 5px;'>Osciladores de alta estabilidad (TCXO)<\/li>\n<li style='margin-bottom: 5px;'>Montaje en rack de 19&#8242;<\/li>\n<li style='margin-bottom: 5px;'>Compatible para sistemas convencionales y troncales abiertos<\/li>\n<\/ul><\/div>\n<div style='flex: 1 1 300px; min-width: 280px;'>\n<h3 style='font-size: 22px; border-bottom: 2px solid currentColor; padding-bottom: 5px; margin-top: 0; color: inherit; opacity: 0.8;'>Nuevas caracter\u00edsticas versi\u00f3n 2<\/h3>\n<ul style='padding-left: 20px; font-size: 15px; color: inherit;'>\n<li style='margin-bottom: 5px;'>Alerta de respaldo de bater\u00eda y tono de operaci\u00f3n<\/li>\n<li style='margin-bottom: 5px;'>Funci\u00f3n remota y control de salida auxiliar por aire por DTMF<\/li>\n<li style='margin-bottom: 5px;'>Control encendido \/ apagado<\/li>\n<li style='margin-bottom: 5px;'>Tono de cortes\u00eda (S\u00f3lo en la operaci\u00f3n de repetidor)<\/li>\n<li style='margin-bottom: 5px;'>Conector BNC Hembra para RX y N-Hembra para TX<\/li>\n<li style='margin-bottom: 5px;'>Capacidad de conmutaci\u00f3n de antena integrada para operaci\u00f3n base<\/li>\n<\/ul><\/div>\n<div style='flex: 1 1 300px; min-width: 280px;'>\n<h3 style='font-size: 22px; border-bottom: 2px solid currentColor; padding-bottom: 5px; margin-top: 0; color: inherit; opacity: 0.8;'>Modo estaci\u00f3n base<\/h3>\n<ul style='padding-left: 20px; font-size: 15px; color: inherit;'>\n<li style='margin-bottom: 5px;'>16 canales<\/li>\n<li style='margin-bottom: 5px;'>Operaci\u00f3n simplex o full d\u00faplex<\/li>\n<li style='margin-bottom: 5px;'>Scan prioritario<\/li>\n<li style='margin-bottom: 5px;'>Pantalla de 2 d\u00edgitos&comma; la cual indica n\u00famero de canal y estado de operaci\u00f3n<\/li>\n<li style='margin-bottom: 5px;'>Puerto para encripci\u00f3n de voz<\/li>\n<li style='margin-bottom: 5px;'>Entradas para control remoto<\/li>\n<\/ul><\/div>\n<\/p><\/div>\n<div style='display: flex; flex-wrap: wrap; gap: 30px; margin-bottom: 30px;'>\n<div style='flex: 1 1 300px; min-width: 280px;'>\n<h3 style='font-size: 22px; border-bottom: 2px solid currentColor; padding-bottom: 5px; margin-top: 0; color: inherit; opacity: 0.8;'>Notas<\/h3>\n<p style='font-size: 15px; color: inherit; margin-top: 0;'>Para el trabajo \u00f3ptimo de este Repetidor se requiere ajuste con monitor de servicio consulte al Depto. de Ingenier\u00eda.<\/p>\n<\/p><\/div>\n<\/p><\/div>\n<\/p><\/div>\n","protected":false},"excerpt":{"rendered":"<p>Repetidor 146-174 MHz, 50 Watts, Panel de 16 tonos, Interfaz DB25<\/p>\n","protected":false},"featured_media":63969,"comment_status":"open","ping_status":"closed","template":"","meta":[],"product_brand":[],"product_cat":[1697],"product_tag":[1580,1626,1698],"class_list":{"0":"post-63970","1":"product","2":"type-product","3":"status-publish","4":"has-post-thumbnail","6":"product_cat-repetidores","7":"product_tag-kenwood","8":"product_tag-radios-comerciales-icom-kenwood-txpro","9":"product_tag-repetidores","11":"first","12":"outofstock","13":"sale","14":"shipping-taxable","15":"purchasable","16":"product-type-simple"},"_links":{"self":[{"href":"https:\/\/soydeaqui.ddns.net\/pachuca\/index.php\/wp-json\/wp\/v2\/product\/63970","targetHints":{"allow":["GET"]}}],"collection":[{"href":"https:\/\/soydeaqui.ddns.net\/pachuca\/index.php\/wp-json\/wp\/v2\/product"}],"about":[{"href":"https:\/\/soydeaqui.ddns.net\/pachuca\/index.php\/wp-json\/wp\/v2\/types\/product"}],"replies":[{"embeddable":true,"href":"https:\/\/soydeaqui.ddns.net\/pachuca\/index.php\/wp-json\/wp\/v2\/comments?post=63970"}],"wp:featuredmedia":[{"embeddable":true,"href":"https:\/\/soydeaqui.ddns.net\/pachuca\/index.php\/wp-json\/wp\/v2\/media\/63969"}],"wp:attachment":[{"href":"https:\/\/soydeaqui.ddns.net\/pachuca\/index.php\/wp-json\/wp\/v2\/media?parent=63970"}],"wp:term":[{"taxonomy":"product_brand","embeddable":true,"href":"https:\/\/soydeaqui.ddns.net\/pachuca\/index.php\/wp-json\/wp\/v2\/product_brand?post=63970"},{"taxonomy":"product_cat","embeddable":true,"href":"https:\/\/soydeaqui.ddns.net\/pachuca\/index.php\/wp-json\/wp\/v2\/product_cat?post=63970"},{"taxonomy":"product_tag","embeddable":true,"href":"https:\/\/soydeaqui.ddns.net\/pachuca\/index.php\/wp-json\/wp\/v2\/product_tag?post=63970"}],"curies":[{"name":"wp","href":"https:\/\/api.w.org\/{rel}","templated":true}]}}