{"id":63966,"date":"2026-03-19T07:32:05","date_gmt":"2026-03-19T07:32:05","guid":{"rendered":"https:\/\/soydeaqui.ddns.net\/pachuca\/index.php\/producto\/transistor-pnp-40v-3a\/"},"modified":"2026-03-19T07:32:06","modified_gmt":"2026-03-19T07:32:06","slug":"transistor-pnp-40v-3a","status":"publish","type":"product","link":"https:\/\/soydeaqui.ddns.net\/pachuca\/index.php\/producto\/transistor-pnp-40v-3a\/","title":{"rendered":"Transistor PNP 40V 3A"},"content":{"rendered":"<div style='width: 100%; max-width: 1200px; margin: 0 auto; font-family: sans-serif; line-height: 1.6; color: inherit; background-color: transparent;'> <!-- Contenedor de contenido con flex --> <\/p>\n<div style='display: flex; flex-direction: column; gap: 30px;'> <!-- Imagen 1 --> <\/p>\n<div style='width: 100%; display: flex; justify-content: center;'> <img style='width: 100%; max-width: 300px; height: auto; border: 1px solid rgba(150&comma;150&comma;150&comma;0.3); border-radius: 8px;' src='http:\/\/ftp3.syscom.mx\/usuarios\/ftp\/2025\/12\/10\/242\/1765379370447.png_froala_69398d2987394' alt=''> <\/div>\n<p> <!-- Descripci\u00f3n --> <\/p>\n<div style='font-size: 15px; color: inherit;'>\n<p style='margin: 0 0 15px 0;'> El <span style='font-weight: bold; color: inherit;'>TIP32<\/span> es el transistor PNP de potencia ideal para quienes buscan <span style='font-weight: bold; color: inherit;'>rendimiento confiable<\/span>&comma; <span style='font-weight: bold; color: inherit;'>versatilidad<\/span> y <span style='font-weight: bold; color: inherit;'>durabilidad<\/span> en aplicaciones electr\u00f3nicas exigentes. Dise\u00f1ado para manejar corrientes elevadas y operar con estabilidad t\u00e9rmica sobresaliente&comma; el TIP32 se convierte en la opci\u00f3n perfecta para proyectos de <span style='font-weight: bold; color: inherit;'>amplificaci\u00f3n<\/span>&comma; <span style='font-weight: bold; color: inherit;'>conmutaci\u00f3n de cargas<\/span>&comma; fuentes de alimentaci\u00f3n y sistemas de control. <\/p>\n<\/p><\/div>\n<p> <!-- Imagen 2 --> <\/p>\n<div style='width: 100%; display: flex; justify-content: center;'> <img style='width: 100%; max-width: 300px; height: auto; border: 1px solid rgba(150&comma;150&comma;150&comma;0.3); border-radius: 8px;' src='http:\/\/ftp3.syscom.mx\/usuarios\/ftp\/2025\/12\/10\/242\/1765379517923.png_froala_69398dbd3192a' alt=''> <\/div>\n<\/p><\/div>\n<\/p><\/div>\n","protected":false},"excerpt":{"rendered":"<p>Transistor PNP 40V 3A<\/p>\n","protected":false},"featured_media":63965,"comment_status":"open","ping_status":"closed","template":"","meta":[],"product_brand":[],"product_cat":[1501],"product_tag":[1502,751,547],"class_list":{"0":"post-63966","1":"product","2":"type-product","3":"status-publish","4":"has-post-thumbnail","6":"product_cat-miscelaneo","7":"product_tag-miscelaneo","8":"product_tag-refacciones","9":"product_tag-syscom-parts","11":"first","12":"instock","13":"sale","14":"shipping-taxable","15":"purchasable","16":"product-type-simple"},"_links":{"self":[{"href":"https:\/\/soydeaqui.ddns.net\/pachuca\/index.php\/wp-json\/wp\/v2\/product\/63966","targetHints":{"allow":["GET"]}}],"collection":[{"href":"https:\/\/soydeaqui.ddns.net\/pachuca\/index.php\/wp-json\/wp\/v2\/product"}],"about":[{"href":"https:\/\/soydeaqui.ddns.net\/pachuca\/index.php\/wp-json\/wp\/v2\/types\/product"}],"replies":[{"embeddable":true,"href":"https:\/\/soydeaqui.ddns.net\/pachuca\/index.php\/wp-json\/wp\/v2\/comments?post=63966"}],"wp:featuredmedia":[{"embeddable":true,"href":"https:\/\/soydeaqui.ddns.net\/pachuca\/index.php\/wp-json\/wp\/v2\/media\/63965"}],"wp:attachment":[{"href":"https:\/\/soydeaqui.ddns.net\/pachuca\/index.php\/wp-json\/wp\/v2\/media?parent=63966"}],"wp:term":[{"taxonomy":"product_brand","embeddable":true,"href":"https:\/\/soydeaqui.ddns.net\/pachuca\/index.php\/wp-json\/wp\/v2\/product_brand?post=63966"},{"taxonomy":"product_cat","embeddable":true,"href":"https:\/\/soydeaqui.ddns.net\/pachuca\/index.php\/wp-json\/wp\/v2\/product_cat?post=63966"},{"taxonomy":"product_tag","embeddable":true,"href":"https:\/\/soydeaqui.ddns.net\/pachuca\/index.php\/wp-json\/wp\/v2\/product_tag?post=63966"}],"curies":[{"name":"wp","href":"https:\/\/api.w.org\/{rel}","templated":true}]}}