{"id":63960,"date":"2026-03-19T07:31:55","date_gmt":"2026-03-19T07:31:55","guid":{"rendered":"https:\/\/soydeaqui.ddns.net\/pachuca\/index.php\/producto\/torre-autosoportada-tubular-rohn-de-42-metros-linea-ssv-heavy-duty\/"},"modified":"2026-03-19T07:31:56","modified_gmt":"2026-03-19T07:31:56","slug":"torre-autosoportada-tubular-rohn-de-42-metros-linea-ssv-heavy-duty","status":"publish","type":"product","link":"https:\/\/soydeaqui.ddns.net\/pachuca\/index.php\/producto\/torre-autosoportada-tubular-rohn-de-42-metros-linea-ssv-heavy-duty\/","title":{"rendered":"Torre Autosoportada Tubular ROHN de 42 metros Linea SSV HEAVY DUTY."},"content":{"rendered":"<div style='width: 100%; max-width: 1200px; margin: 0 auto; font-family: sans-serif; line-height: 1.6; color: inherit; background-color: transparent;'> <!-- Logo ROHN --> <\/p>\n<div style='text-align: center; margin: 30px 0;'> <img style='width: 150px; height: 60px; border: 1px solid rgba(150&comma;150&comma;150&comma;0.3); border-radius: 8px;' src='http:\/\/ftp3.syscom.mx\/usuarios\/dcarreon\/TORRES\/ROHN\/ROHN_LLC_LOGO_JPG-423x166.jpg' alt='LOGO ROHN' \/> <\/div>\n<p> <!-- Secci\u00f3n de descripci\u00f3n --> <\/p>\n<div style='display: flex; flex-wrap: wrap; gap: 30px; margin-bottom: 30px;'>\n<div style='flex: 1 1 300px; min-width: 280px;'>\n<h3 style='font-size: 22px; border-bottom: 2px solid currentColor; padding-bottom: 5px; margin-top: 0; color: inherit; opacity: 0.8;'>Descripci\u00f3n General<\/h3>\n<p style='font-size: 15px; color: inherit;'>Las torres ROHN SSV han estado en servicio por m\u00e1s de 50 a\u00f1os&comma; las piernas tubulares con brazos angulares en la parte inferior y s\u00f3lidos en la parte superior.<\/p>\n<p style='font-size: 15px; color: inherit;'>Toda la l\u00ednea SSV <strong style='color: inherit;'>Servicio Pesado (Heavy Duty)<\/strong> est\u00e1 completamente galvanizada por inmersi\u00f3n en caliente por dentro y por fuera para alta protecci\u00f3n a la corrosi\u00f3n.<\/p>\n<p style='font-size: 15px; color: inherit;'>Usadas para una amplia variedad de aplicaciones&comma; preferida en la industria&comma; incluyendo radiodifusi\u00f3n&comma; PCS&comma; seguridad&comma; iluminaci\u00f3n deportiva y muchas otras m\u00e1s.<\/p>\n<\/p><\/div>\n<\/p><\/div>\n<p> <!-- Secci\u00f3n de caracter\u00edsticas f\u00edsicas --> <\/p>\n<div style='display: flex; flex-wrap: wrap; gap: 20px; margin-bottom: 30px;'>\n<div style='flex: 1 1 250px; border: 1px solid rgba(150&comma; 150&comma; 150&comma; 0.4); border-radius: 8px; overflow: hidden; display: flex; flex-direction: column;'>\n<div style='padding: 15px; border-bottom: 1px solid rgba(150&comma; 150&comma; 150&comma; 0.2); font-weight: bold; font-size: 18px; color: inherit;'>Caracter\u00edsticas F\u00edsicas<\/div>\n<div style='padding: 15px; color: inherit;'>\n<ul style='padding-left: 20px; margin: 0; font-size: 14px; list-style-type: disc;'>\n<li style='margin-bottom: 5px;'><strong style='color: inherit;'>Altura de torre m (ft):<\/strong> 42(140)<\/li>\n<li style='margin-bottom: 5px;'><strong style='color: inherit;'>Modelo de la Torre:<\/strong> SS140D90<\/li>\n<li style='margin-bottom: 5px;'><strong style='color: inherit;'>Peso de la torre:<\/strong> 3913 Lbs<\/li>\n<li style='margin-bottom: 5px;'><strong style='color: inherit;'>Secci\u00f3n superior:<\/strong> 3WN<\/li>\n<li style='margin-bottom: 5px;'><strong style='color: inherit;'>Secci\u00f3n inferior:<\/strong> 9NH<\/li>\n<li style='margin-bottom: 5px;'><strong style='color: inherit;'>Anclaje Incluido:<\/strong> 12 barras roscadas de 5\/8&#8242; x 42&#8242; (6NABD)<\/li>\n<li style='margin-bottom: 5px;'><strong style='color: inherit;'>Incluye:<\/strong> Torniller\u00eda y anclas para cimentaci\u00f3n<\/li>\n<\/ul><\/div>\n<\/p><\/div>\n<p> <!-- Secci\u00f3n de caracter\u00edsticas de dise\u00f1o --> <\/p>\n<div style='flex: 1 1 250px; border: 1px solid rgba(150&comma; 150&comma; 150&comma; 0.4); border-radius: 8px; overflow: hidden; display: flex; flex-direction: column;'>\n<div style='padding: 15px; border-bottom: 1px solid rgba(150&comma; 150&comma; 150&comma; 0.2); font-weight: bold; font-size: 18px; color: inherit;'>Caracter\u00edsticas de Dise\u00f1o<\/div>\n<div style='padding: 15px; color: inherit;'>\n<ul style='padding-left: 20px; margin: 0; font-size: 14px; list-style-type: disc;'>\n<li style='margin-bottom: 5px;'>Dise\u00f1os de acuerdo con la aprobaci\u00f3n ANSI\/ EIA-222-F (no hielo)<\/li>\n<li style='margin-bottom: 5px;'>\u00c1reas de antenas de plato planas equivalentes a la EIA RS-222-C no deben exceder las \u00e1reas mostradas en las tablas<\/li>\n<li style='margin-bottom: 5px;'>\u00c1reas proyectadas efectivas se asumen como cargas sim\u00e9tricas sobre la torre<\/li>\n<li style='margin-bottom: 5px;'>Dise\u00f1os asumen una l\u00ednea de 7\/8 hasta la punta o 2 l\u00edneas de 7\/8 a 9m (30 ft) abajo de la punta&comma; una l\u00ednea para cada cara<\/li>\n<li style='margin-bottom: 5px;'>Todas las torres incluyen placa superior con soportes c\u00f3nicos para tubo de 2 3\/8\u201d (6 cm) y 14\u201d (35.6 cm) de longitud libre<\/li>\n<li style='margin-bottom: 5px;'>Detalles de cimentaci\u00f3n y diagramas de ensamble incluidos con la torre<\/li>\n<li style='margin-bottom: 5px;'>Dise\u00f1os personalizados disponibles bajo requerimiento<\/li>\n<\/ul><\/div>\n<\/p><\/div>\n<\/p><\/div>\n<p> <!-- Separador --> <\/p>\n<hr style='border: 0; border-top: 1px solid rgba(150&comma; 150&comma; 150&comma; 0.3); margin: 30px 0;'> <!-- Secci\u00f3n de im\u00e1genes --> <\/p>\n<div style='display: flex; flex-wrap: wrap; gap: 20px; justify-content: center;'>\n<div style='flex: 1 1 300px; min-width: 280px;'>\n<h3 style='font-size: 22px; border-bottom: 2px solid currentColor; padding-bottom: 5px; margin-top: 0; color: inherit; opacity: 0.8;'>Detalle de Secciones<\/h3>\n<p> <img style='width: 100%; height: auto; border: 1px solid rgba(150&comma;150&comma;150&comma;0.3); border-radius: 8px;' src='http:\/\/ftp3.syscom.mx\/usuarios\/dcarreon\/TORRES\/ROHN\/PRODUCTOS\/SS140D90\/SS140D90.png' alt='' \/> <\/div>\n<div style='flex: 1 1 300px; min-width: 280px;'>\n<h3 style='font-size: 22px; border-bottom: 2px solid currentColor; padding-bottom: 5px; margin-top: 0; color: inherit; opacity: 0.8;'>Vista de Secciones<\/h3>\n<p> <img style='width: 100%; height: auto; border: 1px solid rgba(150&comma;150&comma;150&comma;0.3); border-radius: 8px;' src='http:\/\/ftp3.syscom.mx\/usuarios\/dcarreon\/TORRES\/ROHN\/SSV%20TOWERS\/SSV\/VISTA%20DE%20SECCIONES%20SSV.png' alt='' \/> <\/div>\n<\/p><\/div>\n<p> <!-- Secci\u00f3n de im\u00e1genes de referencia --> <\/p>\n<div style='margin-top: 30px;'>\n<h3 style='font-size: 22px; border-bottom: 2px solid currentColor; padding-bottom: 5px; margin-top: 0; color: inherit; opacity: 0.8;'>Torres Similares (Referencia)<\/h3>\n<div style='display: flex; flex-wrap: wrap; gap: 20px; justify-content: center;'> <img style='width: 100%; max-width: 500px; height: auto; border: 1px solid rgba(150&comma;150&comma;150&comma;0.3); border-radius: 8px;' src='http:\/\/ftp3.syscom.mx\/usuarios\/dcarreon\/TORRES\/ROHN\/IMAGENES\/DSC05110%20(1).JPG' alt='' \/> <img style='width: 100%; max-width: 500px; height: auto; border: 1px solid rgba(150&comma;150&comma;150&comma;0.3); border-radius: 8px;' src='http:\/\/ftp3.syscom.mx\/usuarios\/dcarreon\/TORRES\/ROHN\/IMAGENES\/Tower.png' alt='' \/> <\/div>\n<\/p><\/div>\n<\/p><\/div>\n","protected":false},"excerpt":{"rendered":"<p>Torre Autosoportada Tubular ROHN de 42 metros Linea SSV HEAVY DUTY.<\/p>\n","protected":false},"featured_media":63657,"comment_status":"open","ping_status":"closed","template":"","meta":[],"product_brand":[],"product_cat":[1713],"product_tag":[1899,1714,246],"class_list":{"0":"post-63960","1":"product","2":"type-product","3":"status-publish","4":"has-post-thumbnail","6":"product_cat-torres-autosoportadas","7":"product_tag-rohn","8":"product_tag-torres-autosoportadas","9":"product_tag-torres-y-mastiles","11":"first","12":"outofstock","13":"sale","14":"shipping-taxable","15":"purchasable","16":"product-type-simple"},"_links":{"self":[{"href":"https:\/\/soydeaqui.ddns.net\/pachuca\/index.php\/wp-json\/wp\/v2\/product\/63960","targetHints":{"allow":["GET"]}}],"collection":[{"href":"https:\/\/soydeaqui.ddns.net\/pachuca\/index.php\/wp-json\/wp\/v2\/product"}],"about":[{"href":"https:\/\/soydeaqui.ddns.net\/pachuca\/index.php\/wp-json\/wp\/v2\/types\/product"}],"replies":[{"embeddable":true,"href":"https:\/\/soydeaqui.ddns.net\/pachuca\/index.php\/wp-json\/wp\/v2\/comments?post=63960"}],"wp:featuredmedia":[{"embeddable":true,"href":"https:\/\/soydeaqui.ddns.net\/pachuca\/index.php\/wp-json\/wp\/v2\/media\/63657"}],"wp:attachment":[{"href":"https:\/\/soydeaqui.ddns.net\/pachuca\/index.php\/wp-json\/wp\/v2\/media?parent=63960"}],"wp:term":[{"taxonomy":"product_brand","embeddable":true,"href":"https:\/\/soydeaqui.ddns.net\/pachuca\/index.php\/wp-json\/wp\/v2\/product_brand?post=63960"},{"taxonomy":"product_cat","embeddable":true,"href":"https:\/\/soydeaqui.ddns.net\/pachuca\/index.php\/wp-json\/wp\/v2\/product_cat?post=63960"},{"taxonomy":"product_tag","embeddable":true,"href":"https:\/\/soydeaqui.ddns.net\/pachuca\/index.php\/wp-json\/wp\/v2\/product_tag?post=63960"}],"curies":[{"name":"wp","href":"https:\/\/api.w.org\/{rel}","templated":true}]}}