{"id":63906,"date":"2026-03-19T07:30:00","date_gmt":"2026-03-19T07:30:00","guid":{"rendered":"https:\/\/soydeaqui.ddns.net\/pachuca\/index.php\/producto\/arnes-de-conexion-para-radio-esclavo-kenwood-nx-1700-nx-1800-con-repetidor-nxr-1700-nxr-1800\/"},"modified":"2026-03-19T07:30:01","modified_gmt":"2026-03-19T07:30:01","slug":"arnes-de-conexion-para-radio-esclavo-kenwood-nx-1700-nx-1800-con-repetidor-nxr-1700-nxr-1800","status":"publish","type":"product","link":"https:\/\/soydeaqui.ddns.net\/pachuca\/index.php\/producto\/arnes-de-conexion-para-radio-esclavo-kenwood-nx-1700-nx-1800-con-repetidor-nxr-1700-nxr-1800\/","title":{"rendered":"Arn\u00e9s de conexi\u00f3n para radio esclavo KENWOOD NX-1700 NX-1800 con repetidor NXR-1700 NXR-1800."},"content":{"rendered":"<div style='width: 100%; max-width: 1200px; margin: 0 auto; font-family: sans-serif; line-height: 1.6; color: inherit; background-color: transparent;'>\n<div style='display: flex; flex-wrap: wrap; gap: 30px; margin-bottom: 30px;'>\n<div style='flex: 1 1 300px; min-width: 280px;'>\n<h3 style='font-size: 22px; border-bottom: 2px solid currentColor; padding-bottom: 5px; margin-top: 0; color: inherit; opacity: 0.8;'>Descripci\u00f3n<\/h3>\n<p style='margin-top: 0; margin-bottom: 1rem; color: inherit; font-size: 15px;'> La interfaz SKRR-0050-HD es un dispositivo que facilita la creaci\u00f3n de un radio esclavo para poder realizar una conexi\u00f3n para enlace de sitios de repetici\u00f3n por frecuencia cuando no es posible tener una conexi\u00f3n IP entre repetidores para un sistema multisitio convencional. Est\u00e1 dise\u00f1ada con un conector tipo DB-15 Macho para la conexi\u00f3n al radio m\u00f3vil y un conector DB25 Macho para conectar un repetidor en sus respectivos puertos de accesorios. Esto posibilita la comunicaci\u00f3n entre ambos sitios de repetici\u00f3n para ampliar el alcance de la se\u00f1al de manera eficiente y con un bajo precio. <\/p>\n<p style='margin-top: 0; margin-bottom: 1rem; color: inherit; font-size: 15px;'> La comunicaci\u00f3n a tr\u00e1ves del arn\u00e9s SKRR-0050HD se realiza a nivel de voz&comma; sin incluir datos o se\u00f1alizaci\u00f3n. <\/p>\n<\/p><\/div>\n<\/p><\/div>\n<div style='display: flex; flex-wrap: wrap; gap: 20px; margin-bottom: 30px;'>\n<div style='flex: 1 1 250px; border: 1px solid rgba(150&comma; 150&comma; 150&comma; 0.4); border-radius: 8px; overflow: hidden; display: flex; flex-direction: column;'>\n<div style='padding: 15px; border-bottom: 1px solid rgba(150&comma; 150&comma; 150&comma; 0.2); font-weight: bold; font-size: 18px; color: inherit;'>Notas importantes<\/div>\n<div style='padding: 15px; color: inherit;'>\n<ul style='padding-left: 20px; margin: 0; font-size: 14px; list-style-type: disc;'>\n<li style='margin-bottom: 5px;'> El puerto de accesorios del radio m\u00f3vil y del repetidor requieren configuraci\u00f3n desde el software de programaci\u00f3n correspondiente para cada equipo. Verificar gu\u00eda en la secci\u00f3n de Descargas. <\/li>\n<\/ul><\/div>\n<\/p><\/div>\n<div style='flex: 1 1 250px; border: 1px solid rgba(150&comma; 150&comma; 150&comma; 0.4); border-radius: 8px; overflow: hidden; display: flex; flex-direction: column;'>\n<div style='padding: 15px; border-bottom: 1px solid rgba(150&comma; 150&comma; 150&comma; 0.2); font-weight: bold; font-size: 18px; color: inherit;'>Protocolos compatibles<\/div>\n<div style='padding: 15px; color: inherit;'>\n<ul style='padding-left: 20px; margin: 0; font-size: 14px; list-style-type: disc;'>\n<li style='margin-bottom: 5px;'>NXDN<\/li>\n<li style='margin-bottom: 5px;'>Anal\u00f3gico<\/li>\n<li style='margin-bottom: 5px; font-weight: bold;'>DMR No compatible<\/li>\n<\/ul><\/div>\n<\/p><\/div>\n<div style='flex: 1 1 250px; border: 1px solid rgba(150&comma; 150&comma; 150&comma; 0.4); border-radius: 8px; overflow: hidden; display: flex; flex-direction: column;'>\n<div style='padding: 15px; border-bottom: 1px solid rgba(150&comma; 150&comma; 150&comma; 0.2); font-weight: bold; font-size: 18px; color: inherit;'>Equipos compatibles<\/div>\n<div style='padding: 15px; color: inherit;'>\n<div style='margin-bottom: 15px;'> <strong style='font-weight: bold; color: inherit;'>Repetidores compatibles:<\/strong> <\/p>\n<ul style='padding-left: 20px; margin: 5px 0 10px 0; font-size: 14px; list-style-type: disc;'>\n<li style='margin-bottom: 5px;'>NXR-1700<\/li>\n<li style='margin-bottom: 5px;'>NXR-1800<\/li>\n<li style='margin-bottom: 5px;'>NXR-710<\/li>\n<li style='margin-bottom: 5px;'>NXR-810<\/li>\n<li style='margin-bottom: 5px;'>TKR-750<\/li>\n<li style='margin-bottom: 5px;'>TKR-850<\/li>\n<\/ul><\/div>\n<div> <strong style='font-weight: bold; color: inherit;'>Radios m\u00f3viles compatibles:<\/strong> <\/p>\n<ul style='padding-left: 20px; margin: 5px 0 0 0; font-size: 14px; list-style-type: disc;'>\n<li style='margin-bottom: 5px;'>TK-7302<\/li>\n<li style='margin-bottom: 5px;'>TK-8302<\/li>\n<li style='margin-bottom: 5px;'>TK-7360<\/li>\n<li style='margin-bottom: 5px;'>TK-8360<\/li>\n<li style='margin-bottom: 5px;'>NX-740<\/li>\n<li style='margin-bottom: 5px;'>NX-840<\/li>\n<li style='margin-bottom: 5px;'>NX-1700<\/li>\n<li style='margin-bottom: 5px;'>NX-1800<\/li>\n<\/ul><\/div>\n<\/p><\/div>\n<\/p><\/div>\n<\/p><\/div>\n<hr style='border: 0; border-top: 1px solid rgba(150&comma; 150&comma; 150&comma; 0.3); margin: 30px 0;'> <\/div>\n","protected":false},"excerpt":{"rendered":"<p>Arn\u00e9s de conexi\u00f3n para radio esclavo KENWOOD NX-1700 NX-1800 con repetidor NXR-1700 NXR-1800.<\/p>\n","protected":false},"featured_media":63905,"comment_status":"open","ping_status":"closed","template":"","meta":[],"product_brand":[],"product_cat":[1716],"product_tag":[417,1579,63],"class_list":{"0":"post-63906","1":"product","2":"type-product","3":"status-publish","4":"has-post-thumbnail","6":"product_cat-accesorios-generales-accesorios-para-kenwood","7":"product_tag-accesorios-generales","8":"product_tag-accesorios-para-kenwood","9":"product_tag-syscom","11":"first","12":"instock","13":"sale","14":"shipping-taxable","15":"purchasable","16":"product-type-simple"},"_links":{"self":[{"href":"https:\/\/soydeaqui.ddns.net\/pachuca\/index.php\/wp-json\/wp\/v2\/product\/63906","targetHints":{"allow":["GET"]}}],"collection":[{"href":"https:\/\/soydeaqui.ddns.net\/pachuca\/index.php\/wp-json\/wp\/v2\/product"}],"about":[{"href":"https:\/\/soydeaqui.ddns.net\/pachuca\/index.php\/wp-json\/wp\/v2\/types\/product"}],"replies":[{"embeddable":true,"href":"https:\/\/soydeaqui.ddns.net\/pachuca\/index.php\/wp-json\/wp\/v2\/comments?post=63906"}],"wp:featuredmedia":[{"embeddable":true,"href":"https:\/\/soydeaqui.ddns.net\/pachuca\/index.php\/wp-json\/wp\/v2\/media\/63905"}],"wp:attachment":[{"href":"https:\/\/soydeaqui.ddns.net\/pachuca\/index.php\/wp-json\/wp\/v2\/media?parent=63906"}],"wp:term":[{"taxonomy":"product_brand","embeddable":true,"href":"https:\/\/soydeaqui.ddns.net\/pachuca\/index.php\/wp-json\/wp\/v2\/product_brand?post=63906"},{"taxonomy":"product_cat","embeddable":true,"href":"https:\/\/soydeaqui.ddns.net\/pachuca\/index.php\/wp-json\/wp\/v2\/product_cat?post=63906"},{"taxonomy":"product_tag","embeddable":true,"href":"https:\/\/soydeaqui.ddns.net\/pachuca\/index.php\/wp-json\/wp\/v2\/product_tag?post=63906"}],"curies":[{"name":"wp","href":"https:\/\/api.w.org\/{rel}","templated":true}]}}