{"id":63887,"date":"2026-03-19T07:29:27","date_gmt":"2026-03-19T07:29:27","guid":{"rendered":"https:\/\/soydeaqui.ddns.net\/pachuca\/index.php\/producto\/tramo-de-torre-arriostrada-de-3m-x-30cm-galvanizado-por-inmersion-hasta-30-m-de-elevacion-zonas-humedas\/"},"modified":"2026-03-19T07:29:27","modified_gmt":"2026-03-19T07:29:27","slug":"tramo-de-torre-arriostrada-de-3m-x-30cm-galvanizado-por-inmersion-hasta-30-m-de-elevacion-zonas-humedas","status":"publish","type":"product","link":"https:\/\/soydeaqui.ddns.net\/pachuca\/index.php\/producto\/tramo-de-torre-arriostrada-de-3m-x-30cm-galvanizado-por-inmersion-hasta-30-m-de-elevacion-zonas-humedas\/","title":{"rendered":"Tramo de Torre Arriostrada de 3m x 30cm, Galvanizado por Inmersi\u00f3n, Hasta 30 m de Elevaci\u00f3n. Zonas H\u00famedas."},"content":{"rendered":"<div style='width: 100%; max-width: 1200px; margin: 0 auto; font-family: sans-serif; line-height: 1.6; color: inherit; background-color: transparent;'> <!-- Banner promocional --> <\/p>\n<div style='width: 100%; margin-bottom: 30px;'> <a href='https:\/\/www.syscom.mx\/principal\/consultarproductosazul?global_search=OFERTARET&#038;ordenar=Relevancia&#038;stock=true&#038;pag=1' target='_blank' rel='noopener'> <img style='width: 100%; height: auto; border: 1px solid rgba(150&comma;150&comma;150&comma;0.3); border-radius: 8px;' src='https:\/\/ftp3.syscom.mx\/usuarios\/fotos\/STZ30\/31572-banner_retazo.png' alt='Banner promocional'> <\/a> <\/div>\n<p> <!-- Imagen principal --> <\/p>\n<div style='width: 100%; margin-bottom: 30px;'> <img style='width: 100%; height: auto; border: 1px solid rgba(150&comma;150&comma;150&comma;0.3); border-radius: 8px;' src='https:\/\/ftp3.syscom.mx\/usuarios\/fotos\/STZ30\/31572-imagen.png' alt='Tramo de Torre Arriostrada'> <\/div>\n<p> <!-- Secci\u00f3n de caracter\u00edsticas en grid --> <\/p>\n<div style='display: grid; grid-template-columns: repeat(auto-fit&comma; minmax(280px&comma; 1fr)); gap: 30px; margin-bottom: 40px;'> <!-- Puntos destacados --> <\/p>\n<div>\n<div style='border-left: 5px solid #0091ff; border-radius: 8px; padding: 15px; margin-bottom: 20px; background-color: rgba(150&comma;150&comma;150&comma;0.05);'>\n<h3 style='font-size: 20px; margin-top: 0; margin-bottom: 15px; color: inherit; opacity: 0.9;'>Puntos Destacados<\/h3>\n<ul style='padding-left: 20px; margin: 0; font-size: 14px; color: inherit;'>\n<li style='margin-bottom: 8px;'>Producto elaborado bajo norma: <strong style='color: inherit;'>ISO 9001:2015<\/strong><\/li>\n<li style='margin-bottom: 8px;'>Cada uno de los tramos es fabricado por m\u00e1quinar\u00eda de control num\u00e9rico<\/li>\n<li style='margin-bottom: 8px;'><strong style='color: inherit;'>Incluye torniller\u00eda<\/strong> para su instalaci\u00f3n<\/li>\n<li style='margin-bottom: 8px;'>Recomendado para Zonas H\u00famedas o en ambientes con corrosi\u00f3n moderada<\/li>\n<li>Acorde a las normas de galvanizado por inmersi\u00f3n en caliente: <strong style='color: inherit;'>NMX-H-004-SCFI-2008&comma; ASTM A-123 y ISO-1461<\/strong><\/li>\n<\/ul><\/div>\n<\/p><\/div>\n<p> <!-- Caracter\u00edsticas f\u00edsicas --> <\/p>\n<div>\n<div style='border-left: 5px solid #0091ff; border-radius: 8px; padding: 15px; margin-bottom: 20px; background-color: rgba(150&comma;150&comma;150&comma;0.05);'>\n<h3 style='font-size: 20px; margin-top: 0; margin-bottom: 15px; color: inherit; opacity: 0.9;'>Caracter\u00edsticas F\u00edsicas<\/h3>\n<ul style='padding-left: 20px; margin: 0; font-size: 14px; color: inherit;'>\n<li style='margin-bottom: 8px;'><strong style='color: inherit;'>Carga M\u00e1xima:<\/strong> 200 Kg<\/li>\n<li style='margin-bottom: 8px;'><strong style='color: inherit;'>Altura M\u00e1xima:<\/strong> 30 m (10 tramos)<\/li>\n<li style='margin-bottom: 8px;'><strong style='color: inherit;'>Resistencia al Viento:<\/strong> 200 Km\/hr<\/li>\n<li style='margin-bottom: 8px;'><strong style='color: inherit;'>Material:<\/strong> Tubo industrial 7\/8&#8242; (Cal.18)<\/li>\n<li style='margin-bottom: 8px;'><strong style='color: inherit;'>Semiflecha (Zig-zag):<\/strong> Redondo 5\/16&#8242;<\/li>\n<li style='margin-bottom: 8px;'><strong style='color: inherit;'>Niple:<\/strong> 10 cm<\/li>\n<li style='margin-bottom: 8px;'><strong style='color: inherit;'>Ancho de cara:<\/strong> 30 cm<\/li>\n<li style='margin-bottom: 8px;'><strong style='color: inherit;'>Peso:<\/strong> 13.5 Kg<\/li>\n<li style='margin-bottom: 8px;'><strong style='color: inherit;'>Dimensiones:<\/strong> 3 m de Longitud<\/li>\n<li style='margin-bottom: 8px;'><strong style='color: inherit;'>Material de estructura:<\/strong> Acero (A-36)<\/li>\n<li style='margin-bottom: 8px;'>Para recomendaci\u00f3n de carga m\u00e1xima se tiene que evaluar en conjunto con el departamento de ingenier\u00eda<\/li>\n<li style='margin-bottom: 8px;'>No se recomienda instalaci\u00f3n de platos sin Radomo<\/li>\n<li><strong style='color: inherit;'>Protecci\u00f3n anticorrosiva:<\/strong> Galvanizado por inmersi\u00f3n en caliente (NMX-H-004-SCFI-2008)<\/li>\n<\/ul><\/div>\n<\/p><\/div>\n<p> <!-- Aplicaci\u00f3n --> <\/p>\n<div>\n<div style='border-left: 5px solid #0091ff; border-radius: 8px; padding: 15px; margin-bottom: 20px; background-color: rgba(150&comma;150&comma;150&comma;0.05);'>\n<h3 style='font-size: 20px; margin-top: 0; margin-bottom: 15px; color: inherit; opacity: 0.9;'>Aplicaci\u00f3n<\/h3>\n<ul style='padding-left: 20px; margin: 0; font-size: 14px; color: inherit;'>\n<li style='margin-bottom: 8px;'>Sistemas Punto &#8211; Punto<\/li>\n<li style='margin-bottom: 8px;'>Sistema Punto &#8211; Multipunto<\/li>\n<li style='margin-bottom: 8px;'>Amplificaci\u00f3n de se\u00f1al celular<\/li>\n<li style='margin-bottom: 8px;'>Sistemas pararrayos<\/li>\n<li style='margin-bottom: 8px;'>Radios bases de repetici\u00f3n<\/li>\n<li style='margin-bottom: 8px;'>Puntos de monitoreo<\/li>\n<li style='margin-bottom: 8px;'>Iluminaci\u00f3n<\/li>\n<li style='margin-bottom: 8px;'>Se\u00f1alizaci\u00f3n auditiva de emergencia<\/li>\n<li>Y m\u00e1s<\/li>\n<\/ul><\/div>\n<\/p><\/div>\n<\/p><\/div>\n<p> <!-- Notas t\u00e9cnicas --> <\/p>\n<div style='margin-bottom: 40px;'>\n<h3 style='font-size: 18px; margin-top: 0; margin-bottom: 15px; color: inherit; opacity: 0.8; border-bottom: 2px solid currentColor; padding-bottom: 5px;'>Notas t\u00e9cnicas destacadas<\/h3>\n<ul style='padding-left: 20px; margin: 0; font-size: 14px; color: inherit;'>\n<li style='margin-bottom: 8px;'>Aseg\u00farese de que la instalaci\u00f3n sea realizada por un profesional capacitado<\/li>\n<li style='margin-bottom: 8px;'>Programe un plan de mantenimiento para revisi\u00f3n de tensiones en retenidas y ajuste de torniller\u00eda<\/li>\n<li style='margin-bottom: 8px;'>No instalar paneles solares a m\u00e1s de 6 metros de altura. Revisar la compatibilidad entre celdas solares y montajes<\/li>\n<li style='margin-bottom: 8px;'>Debe de realizarse un estudio de esfuerzos cuando se coloque una carga exc\u00e9ntrica en torre. \u00c9sta puede causar torsi\u00f3n y flexi\u00f3n excesiva en torre causando fallas estructurales<\/li>\n<li style='margin-bottom: 8px;'>Toda antena de plato debe llevar como accesorio el radomo para reducir el arrastre del viento<\/li>\n<li style='margin-bottom: 8px;'>No se recomienda el uso de platos de m\u00e1s de 2 pies (60 cm) de di\u00e1metro en esta torre (revisar con ingenier\u00eda)<\/li>\n<li style='margin-bottom: 8px;'>El peso declarado es de los equipos sin accesorios y sin embalaje<\/li>\n<li style='margin-bottom: 8px;'>Se pueden adquirir las torres en kits completos <a href='https:\/\/ftp3.syscom.mx\/usuarios\/ftp\/2021\/07\/27\/a827a\/KITS%20DE%20TORRES.pdf' style='color: #0091ff; text-decoration: none; font-weight: bold;' target='_blank' rel='noopener'>VER KITS DE TORRES<\/a><\/li>\n<\/ul><\/div>\n<p> <!-- Advertencias --> <\/p>\n<div style='margin-bottom: 40px;'>\n<h3 style='font-size: 18px; margin-top: 0; margin-bottom: 15px; color: inherit; opacity: 0.8; border-bottom: 2px solid currentColor; padding-bottom: 5px;'>Advertencia<\/h3>\n<ul style='padding-left: 20px; margin: 0; font-size: 14px; color: inherit;'>\n<li style='margin-bottom: 8px;'>El galvanizado por inmersi\u00f3n en caliente es recomendado para zonas h\u00famedas&comma; ambientes salitrosos y\/o corrosi\u00f3n&comma; parques industriales con liberaci\u00f3n de gases <a href='http:\/\/ftp3.syscom.mx\/usuarios\/dcarreon\/TORRES\/GALVANIZADO%20EN%20M%C3%89XICO%20(1).png' style='color: #ed0808; text-decoration: underline; font-weight: bold;' target='_blank' rel='noopener'>VER MAPA DE \u00c1REAS<\/a><\/li>\n<li style='margin-bottom: 8px;'>La torre debe ser pintada de acuerdo a (al menos) la especificaci\u00f3n CFE D8500-02 (7 Franjas sim\u00e9tricas de colores naranja y blanco intercaladas&comma; empezando y terminando en color naranja)<\/li>\n<li style='margin-bottom: 8px;'>Debe incluir alumbrado nocturno&comma; al menos dos luminarias una a la mitad y otra en la parte superior<\/li>\n<li style='margin-bottom: 8px;'>Se debe consultar la reglamentaci\u00f3n local seg\u00fan municipio para asegurar una correcta y legal instalaci\u00f3n de torre<\/li>\n<li style='margin-bottom: 8px;'>Recomendamos en todo momento seguir las recomendaciones de instalaci\u00f3n de retenida: <a href='https:\/\/ftp3.syscom.mx\/usuarios\/fotos\/KTZ30G030\/75810-recomendaci%C3%B3n_de_instalaci%C3%B3n_de_retenida_2.0.png' style='color: #0091ff; text-decoration: underline; font-weight: bold;' target='_blank' rel='noopener'>VER DIAGRAMA DE INSTALACI\u00d3N DE RETENIDA<\/a><\/li>\n<\/ul><\/div>\n<p> <!-- Cursos y videos --> <\/p>\n<div style='margin-bottom: 40px;'>\n<h2 style='font-size: 22px; margin-top: 0; margin-bottom: 20px; color: inherit; opacity: 0.85;'>Curso Inductivo de Torres<\/h2>\n<p> <!-- Contenedor de videos --> <\/p>\n<div style='display: grid; grid-template-columns: repeat(auto-fit&comma; minmax(300px&comma; 1fr)); gap: 30px; margin-bottom: 30px;'> <!-- Video 1 --> <\/p>\n<div style='position: relative; padding-bottom: 56.25%; height: 0; overflow: hidden;'>   <\/div>\n<p> <!-- Video 2 --> <\/p>\n<div style='position: relative; padding-bottom: 56.25%; height: 0; overflow: hidden;'>   <\/div>\n<\/p><\/div>\n<\/p><\/div>\n<p> <!-- Separador final --> <\/p>\n<hr style='border: 0; border-top: 1px solid rgba(150&comma; 150&comma; 150&comma; 0.3); margin: 40px 0;'> <\/div>\n","protected":false},"excerpt":{"rendered":"<p>Tramo de Torre Arriostrada de 3m x 30cm, Galvanizado por Inmersi\u00f3n, Hasta 30 m de Elevaci\u00f3n. Zonas H\u00famedas.<\/p>\n","protected":false},"featured_media":63886,"comment_status":"open","ping_status":"closed","template":"","meta":[],"product_brand":[],"product_cat":[1693],"product_tag":[733,1694,246],"class_list":{"0":"post-63887","1":"product","2":"type-product","3":"status-publish","4":"has-post-thumbnail","6":"product_cat-torres-arriostradas-kits","7":"product_tag-syscom-towers","8":"product_tag-torres-arriostradas-kits","9":"product_tag-torres-y-mastiles","11":"first","12":"instock","13":"sale","14":"shipping-taxable","15":"purchasable","16":"product-type-simple"},"_links":{"self":[{"href":"https:\/\/soydeaqui.ddns.net\/pachuca\/index.php\/wp-json\/wp\/v2\/product\/63887","targetHints":{"allow":["GET"]}}],"collection":[{"href":"https:\/\/soydeaqui.ddns.net\/pachuca\/index.php\/wp-json\/wp\/v2\/product"}],"about":[{"href":"https:\/\/soydeaqui.ddns.net\/pachuca\/index.php\/wp-json\/wp\/v2\/types\/product"}],"replies":[{"embeddable":true,"href":"https:\/\/soydeaqui.ddns.net\/pachuca\/index.php\/wp-json\/wp\/v2\/comments?post=63887"}],"wp:featuredmedia":[{"embeddable":true,"href":"https:\/\/soydeaqui.ddns.net\/pachuca\/index.php\/wp-json\/wp\/v2\/media\/63886"}],"wp:attachment":[{"href":"https:\/\/soydeaqui.ddns.net\/pachuca\/index.php\/wp-json\/wp\/v2\/media?parent=63887"}],"wp:term":[{"taxonomy":"product_brand","embeddable":true,"href":"https:\/\/soydeaqui.ddns.net\/pachuca\/index.php\/wp-json\/wp\/v2\/product_brand?post=63887"},{"taxonomy":"product_cat","embeddable":true,"href":"https:\/\/soydeaqui.ddns.net\/pachuca\/index.php\/wp-json\/wp\/v2\/product_cat?post=63887"},{"taxonomy":"product_tag","embeddable":true,"href":"https:\/\/soydeaqui.ddns.net\/pachuca\/index.php\/wp-json\/wp\/v2\/product_tag?post=63887"}],"curies":[{"name":"wp","href":"https:\/\/api.w.org\/{rel}","templated":true}]}}