{"id":63885,"date":"2026-03-19T07:29:24","date_gmt":"2026-03-19T07:29:24","guid":{"rendered":"https:\/\/soydeaqui.ddns.net\/pachuca\/index.php\/producto\/tramo-de-torre-arriostrada-de-3m-x-30cm-galvanizado-por-electrolisis-hasta-30-m-de-elevacion-zonas-secas\/"},"modified":"2026-03-19T07:29:25","modified_gmt":"2026-03-19T07:29:25","slug":"tramo-de-torre-arriostrada-de-3m-x-30cm-galvanizado-por-electrolisis-hasta-30-m-de-elevacion-zonas-secas","status":"publish","type":"product","link":"https:\/\/soydeaqui.ddns.net\/pachuca\/index.php\/producto\/tramo-de-torre-arriostrada-de-3m-x-30cm-galvanizado-por-electrolisis-hasta-30-m-de-elevacion-zonas-secas\/","title":{"rendered":"Tramo de Torre Arriostrada de 3m x 30cm, Galvanizado por Electr\u00f3lisis, Hasta 30 m de Elevaci\u00f3n. Zonas Secas."},"content":{"rendered":"<div style='width: 100%; max-width: 1200px; margin: 0 auto; font-family: sans-serif; line-height: 1.6; color: inherit; background-color: transparent;'> <!-- Banner promocional --> <a href='https:\/\/www.syscom.mx\/principal\/consultarproductosazul?global_search=OFERTARET&#038;ordenar=Relevancia&#038;stock=true&#038;pag=1' target='_blank' rel='noopener'> <img style='width: 100%; height: auto; border: 1px solid rgba(150&comma;150&comma;150&comma;0.3); border-radius: 8px; margin-bottom: 20px;' src='https:\/\/ftp3.syscom.mx\/usuarios\/fotos\/STZ30\/31572-banner_retazo.png' alt='Banner promocional'> <\/a> <!-- Imagen principal --> <img style='width: 100%; height: auto; border: 1px solid rgba(150&comma;150&comma;150&comma;0.3); border-radius: 8px; margin-bottom: 30px;' src='https:\/\/ftp3.syscom.mx\/usuarios\/fotos\/STZ30\/31572-imagen.png' alt='Tramo de Torre Arriostrada'> <!-- Secci\u00f3n de contenido con flex\/grid --> <\/p>\n<div style='display: flex; flex-wrap: wrap; gap: 30px; margin-bottom: 30px;'>\n<div style='flex: 1 1 300px; min-width: 280px;'>\n<h3 style='font-size: 22px; border-bottom: 2px solid currentColor; padding-bottom: 5px; margin-top: 0; color: inherit; opacity: 0.8;'>Puntos Destacados<\/h3>\n<ul style='padding-left: 20px; font-size: 15px; color: inherit;'>\n<li style='margin-bottom: 5px;'>Producto elaborado bajo norma: <strong style='color: inherit;'>ISO 9001:2015<\/strong><\/li>\n<li style='margin-bottom: 5px;'>Cada uno de los tramos es fabricado por m\u00e1quinar\u00eda de control num\u00e9rico<\/li>\n<li style='margin-bottom: 5px;'><span style='text-decoration: underline;'>Incluye torniller\u00eda para su instalaci\u00f3n<\/span><\/li>\n<li style='margin-bottom: 5px;'>Recomendado para Zonas Secas (35% humedad promedio o menos) y libres de agentes corrosivos como salitre u otros qu\u00edmicos que aceleren el proceso de oxidaci\u00f3n<\/li>\n<li style='margin-bottom: 5px;'>Acorde a galvanizado electrol\u00edtico por norma: <strong style='color: inherit;'>ASTMB-633<\/strong><\/li>\n<\/ul><\/div>\n<div style='flex: 1 1 300px; min-width: 280px;'>\n<h3 style='font-size: 22px; border-bottom: 2px solid currentColor; padding-bottom: 5px; margin-top: 0; color: inherit; opacity: 0.8;'>Caracter\u00edsticas F\u00edsicas<\/h3>\n<ul style='padding-left: 20px; font-size: 15px; color: inherit;'>\n<li style='margin-bottom: 5px;'><strong style='color: inherit;'>Carga M\u00e1xima:<\/strong> 200 Kg<\/li>\n<li style='margin-bottom: 5px;'><strong style='color: inherit;'>Altura M\u00e1xima:<\/strong> 30 m (10 tramos)<\/li>\n<li style='margin-bottom: 5px;'><strong style='color: inherit;'>Resistencia al Viento:<\/strong> 200 Km\/hr<\/li>\n<li style='margin-bottom: 5px;'><strong style='color: inherit;'>Material:<\/strong> Tubo industrial 7\/8&#8242; (Cal.18)<\/li>\n<li style='margin-bottom: 5px;'><strong style='color: inherit;'>Semiflecha (Zig-zag):<\/strong> Redondo 5\/16&#8242;<\/li>\n<li style='margin-bottom: 5px;'><strong style='color: inherit;'>Niple:<\/strong> 10 cm<\/li>\n<li style='margin-bottom: 5px;'><strong style='color: inherit;'>Ancho de cara:<\/strong> 30 cm<\/li>\n<li style='margin-bottom: 5px;'><strong style='color: inherit;'>Peso:<\/strong> 12.5 Kg<\/li>\n<li style='margin-bottom: 5px;'><strong style='color: inherit;'>Dimensiones:<\/strong> 3 m de Longitud<\/li>\n<li style='margin-bottom: 5px;'><strong style='color: inherit;'>Material de estructura:<\/strong> Acero (A-36)<\/li>\n<li style='margin-bottom: 5px;'>Para recomendaci\u00f3n de carga m\u00e1xima se tiene que evaluar en conjunto con el departamento de ingenier\u00eda<\/li>\n<li style='margin-bottom: 5px;'>No se recomienda instalaci\u00f3n de platos sin Radomo<\/li>\n<li style='margin-bottom: 5px;'><strong style='color: inherit;'>Protecci\u00f3n anticorrosiva:<\/strong> Galvanizado por electrolisis (ASTMB-633)<\/li>\n<\/ul><\/div>\n<div style='flex: 1 1 300px; min-width: 280px;'>\n<h3 style='font-size: 22px; border-bottom: 2px solid currentColor; padding-bottom: 5px; margin-top: 0; color: inherit; opacity: 0.8;'>Aplicaci\u00f3n<\/h3>\n<ul style='padding-left: 20px; font-size: 15px; color: inherit;'>\n<li style='margin-bottom: 5px;'>Sistemas Punto &#8211; Punto<\/li>\n<li style='margin-bottom: 5px;'>Sistema Punto &#8211; Multipunto<\/li>\n<li style='margin-bottom: 5px;'>Amplificaci\u00f3n de se\u00f1al celular<\/li>\n<li style='margin-bottom: 5px;'>Sistemas pararrayos<\/li>\n<li style='margin-bottom: 5px;'>Radios bases de repetici\u00f3n<\/li>\n<li style='margin-bottom: 5px;'>Puntos de monitoreo<\/li>\n<li style='margin-bottom: 5px;'>Iluminaci\u00f3n<\/li>\n<li style='margin-bottom: 5px;'>Se\u00f1alizaci\u00f3n auditiva de emergencia<\/li>\n<li style='margin-bottom: 5px;'>Y m\u00e1s<\/li>\n<\/ul><\/div>\n<\/p><\/div>\n<p> <!-- Notas t\u00e9cnicas --> <\/p>\n<div style='margin-bottom: 30px;'>\n<h3 style='font-size: 20px; border-left: 4px solid #0091ff; padding-left: 10px; margin-top: 0; color: inherit; opacity: 0.9;'>Notas t\u00e9cnicas destacadas<\/h3>\n<ul style='padding-left: 20px; font-size: 15px; color: inherit;'>\n<li style='margin-bottom: 5px;'>Aseg\u00farese de que la instalaci\u00f3n sea realizada por un profesional capacitado<\/li>\n<li style='margin-bottom: 5px;'>Programe un plan de mantenimiento para revisi\u00f3n de tensiones en retenidas y ajuste de torniller\u00eda<\/li>\n<li style='margin-bottom: 5px;'>No instalar paneles solares a m\u00e1s de 6 metros de altura. Revisar la compatibilidad entre celdas solares y montajes<\/li>\n<li style='margin-bottom: 5px;'>Debe de realizarse un estudio de esfuerzos cuando se coloque una carga exc\u00e9ntrica en torre. \u00c9sta puede causar torsi\u00f3n y flexi\u00f3n excesiva en torre causando fallas estructurales<\/li>\n<li style='margin-bottom: 5px;'>Toda antena de plato debe llevar como accesorio el radomo para reducir el arrastre del viento<\/li>\n<li style='margin-bottom: 5px;'>No se recomienda el uso de platos de m\u00e1s de 2 pies (60 cm) de di\u00e1metro en esta torre (revisar con ingenier\u00eda)<\/li>\n<li style='margin-bottom: 5px;'>El peso declarado es de los equipos sin accesorios y sin embalaje<\/li>\n<li style='margin-bottom: 5px;'>Se pueden adquirir las torres en kits completos <a href='https:\/\/ftp3.syscom.mx\/usuarios\/ftp\/2021\/07\/27\/a827a\/KITS%20DE%20TORRES.pdf' style='color: #0091ff; text-decoration: none; font-weight: bold;' target='_blank' rel='noopener'>VER KITS DE TORRES<\/a><\/li>\n<\/ul><\/div>\n<p> <!-- Advertencias --> <\/p>\n<div style='margin-bottom: 30px;'>\n<h3 style='font-size: 20px; border-left: 4px solid #ed0808; padding-left: 10px; margin-top: 0; color: inherit; opacity: 0.9;'>Advertencia<\/h3>\n<ul style='padding-left: 20px; font-size: 15px; color: inherit;'>\n<li style='margin-bottom: 5px;'><span style='color: #ed0808;'>El galvanizado electrol\u00edtico no es recomendado para zonas h\u00famedas&comma; ambientes salitrosos y\/o corrosivos como costas&comma; presas o parques industriales con liberaci\u00f3n de gases <a href='http:\/\/ftp3.syscom.mx\/usuarios\/dcarreon\/TORRES\/GALVANIZADO%20EN%20M%C3%89XICO%20(1).png' style='color: #ed0808; text-decoration: underline; font-weight: bold;' target='_blank' rel='noopener'>VER MAPA DE \u00c1REAS<\/a><\/span><\/li>\n<li style='margin-bottom: 5px;'>La torre debe ser pintada de acuerdo a (al menos) la especificaci\u00f3n CFE D8500-02 (7 Franjas sim\u00e9tricas de colores naranja y blanco intercaladas&comma; empezando y terminando en color naranja)<\/li>\n<li style='margin-bottom: 5px;'>Debe incluir alumbrado nocturno&comma; al menos dos luminarias una a la mitad y otra en la parte superior<\/li>\n<li style='margin-bottom: 5px;'>El eliminar componentes b\u00e1sicos de instalaci\u00f3n provocar\u00e1 inestabilidad o torsi\u00f3n excesiva en torre<\/li>\n<li style='margin-bottom: 5px;'>Se debe consultar la reglamentaci\u00f3n local seg\u00fan municipio para asegurar una correcta y legal instalaci\u00f3n de torre<\/li>\n<li style='margin-bottom: 5px;'>Recomendamos en todo momento seguir las recomendaciones de instalaci\u00f3n de retenida: <a href='https:\/\/ftp3.syscom.mx\/usuarios\/fotos\/KTZ30G030\/75810-recomendaci%C3%B3n_de_instalaci%C3%B3n_de_retenida_2.0.png' style='color: #0091ff; text-decoration: underline; font-weight: bold;' target='_blank' rel='noopener'>VER DIAGRAMA DE INSTALACI\u00d3N DE RETENIDA<\/a><\/li>\n<\/ul><\/div>\n<p> <!-- Videos de instalaci\u00f3n --> <\/p>\n<div style='margin-bottom: 30px;'>\n<h3 style='font-size: 20px; border-left: 4px solid #0091ff; padding-left: 10px; margin-top: 0; margin-bottom: 20px; color: inherit; opacity: 0.9;'>Curso Inductivo de Torres<\/h3>\n<div style='display: flex; flex-wrap: wrap; gap: 20px;'> <!-- Video 1 --> <\/p>\n<div style='flex: 1 1 280px; min-width: 280px;'>\n<div style='position: relative; padding-bottom: 56.25%; height: 0; overflow: hidden;'>   <\/div>\n<\/p><\/div>\n<p> <!-- Video 2 --> <\/p>\n<div style='flex: 1 1 280px; min-width: 280px;'>\n<div style='position: relative; padding-bottom: 56.25%; height: 0; overflow: hidden;'>   <\/div>\n<\/p><\/div>\n<\/p><\/div>\n<\/p><\/div>\n<p> <!-- Separador final --> <\/p>\n<hr style='border: 0; border-top: 1px solid rgba(150&comma; 150&comma; 150&comma; 0.3); margin: 30px 0;'> <\/div>\n","protected":false},"excerpt":{"rendered":"<p>Tramo de Torre Arriostrada de 3m x 30cm, Galvanizado por Electr\u00f3lisis, Hasta 30 m de Elevaci\u00f3n. Zonas Secas.<\/p>\n","protected":false},"featured_media":63884,"comment_status":"open","ping_status":"closed","template":"","meta":[],"product_brand":[],"product_cat":[1693],"product_tag":[733,1694,246],"class_list":{"0":"post-63885","1":"product","2":"type-product","3":"status-publish","4":"has-post-thumbnail","6":"product_cat-torres-arriostradas-kits","7":"product_tag-syscom-towers","8":"product_tag-torres-arriostradas-kits","9":"product_tag-torres-y-mastiles","11":"first","12":"instock","13":"sale","14":"shipping-taxable","15":"purchasable","16":"product-type-simple"},"_links":{"self":[{"href":"https:\/\/soydeaqui.ddns.net\/pachuca\/index.php\/wp-json\/wp\/v2\/product\/63885","targetHints":{"allow":["GET"]}}],"collection":[{"href":"https:\/\/soydeaqui.ddns.net\/pachuca\/index.php\/wp-json\/wp\/v2\/product"}],"about":[{"href":"https:\/\/soydeaqui.ddns.net\/pachuca\/index.php\/wp-json\/wp\/v2\/types\/product"}],"replies":[{"embeddable":true,"href":"https:\/\/soydeaqui.ddns.net\/pachuca\/index.php\/wp-json\/wp\/v2\/comments?post=63885"}],"wp:featuredmedia":[{"embeddable":true,"href":"https:\/\/soydeaqui.ddns.net\/pachuca\/index.php\/wp-json\/wp\/v2\/media\/63884"}],"wp:attachment":[{"href":"https:\/\/soydeaqui.ddns.net\/pachuca\/index.php\/wp-json\/wp\/v2\/media?parent=63885"}],"wp:term":[{"taxonomy":"product_brand","embeddable":true,"href":"https:\/\/soydeaqui.ddns.net\/pachuca\/index.php\/wp-json\/wp\/v2\/product_brand?post=63885"},{"taxonomy":"product_cat","embeddable":true,"href":"https:\/\/soydeaqui.ddns.net\/pachuca\/index.php\/wp-json\/wp\/v2\/product_cat?post=63885"},{"taxonomy":"product_tag","embeddable":true,"href":"https:\/\/soydeaqui.ddns.net\/pachuca\/index.php\/wp-json\/wp\/v2\/product_tag?post=63885"}],"curies":[{"name":"wp","href":"https:\/\/api.w.org\/{rel}","templated":true}]}}