{"id":63875,"date":"2026-03-19T07:29:03","date_gmt":"2026-03-19T07:29:03","guid":{"rendered":"https:\/\/soydeaqui.ddns.net\/pachuca\/index.php\/producto\/adaptador-de-sujetadores-de-presin-instalacin-en-un-tubo-con-dimetro-de-1-a-2-paquete-de-10-piezas\/"},"modified":"2026-03-19T07:29:08","modified_gmt":"2026-03-19T07:29:08","slug":"adaptador-de-sujetadores-de-presin-instalacin-en-un-tubo-con-dimetro-de-1-a-2-paquete-de-10-piezas","status":"publish","type":"product","link":"https:\/\/soydeaqui.ddns.net\/pachuca\/index.php\/producto\/adaptador-de-sujetadores-de-presin-instalacin-en-un-tubo-con-dimetro-de-1-a-2-paquete-de-10-piezas\/","title":{"rendered":"Adaptador de Sujetadores de Presi?n. Instalaci?n en un Tubo con Di?metro de 1 a 2. Paquete de 10 Piezas"},"content":{"rendered":"<div style='width: 100%; max-width: 1200px; margin: 0 auto; font-family: sans-serif; line-height: 1.6; color: inherit; background-color: transparent;'> <!-- T\u00edtulo principal --> <\/p>\n<h1 style='font-size: 24px; color: inherit; margin-top: 0; margin-bottom: 20px; border-bottom: 2px solid rgba(150&comma;150&comma;150&comma;0.3); padding-bottom: 8px;'> Adaptador de Sujetadores de Presi\u00f3n STS3-12 <\/h1>\n<p> <!-- Secci\u00f3n de introducci\u00f3n --> <\/p>\n<div style='margin-bottom: 30px;'>\n<h2 style='font-size: 20px; color: inherit; margin-top: 0; margin-bottom: 15px; border-bottom: 2px solid rgba(150&comma;150&comma;150&comma;0.2); padding-bottom: 5px;'> Introducci\u00f3n <\/h2>\n<p style='font-size: 15px; color: inherit; margin-bottom: 15px;'> El adaptador de sujetadores de presi\u00f3n STS3-12 de CommScope es la soluci\u00f3n ideal para instalaciones de cables coaxiales en estructuras redondas. Fabricado con materiales de alta calidad completamente en acero inoxidable&comma; este adaptador asegura una instalaci\u00f3n firme y duradera. Perfecto para proyectos de telecomunicaciones&comma; radiodifusi\u00f3n y redes inal\u00e1mbricas&comma; el STS3-12 ofrece eficiencia y confiabilidad en una presentaci\u00f3n robusta y f\u00e1cil de instalar. <\/p>\n<\/p><\/div>\n<p> <!-- Secci\u00f3n de especificaciones --> <\/p>\n<div style='display: flex; flex-wrap: wrap; gap: 30px; margin-bottom: 30px;'>\n<div style='flex: 1 1 300px; min-width: 280px;'>\n<h3 style='font-size: 18px; border-bottom: 2px solid currentColor; padding-bottom: 5px; margin-top: 0; color: inherit; opacity: 0.8;'> Caracter\u00edsticas del Producto <\/h3>\n<ul style='padding-left: 20px; font-size: 14px; color: inherit; list-style-type: disc;'>\n<li style='margin-bottom: 8px;'><strong>Tipo de Producto:<\/strong> Adaptador<\/li>\n<li style='margin-bottom: 8px;'><strong>Tipo de Adaptador:<\/strong> Adaptador de separaci\u00f3n y sujeci\u00f3n<\/li>\n<li style='margin-bottom: 8px;'><strong>Montaje:<\/strong> Agujero pasante de 3\/4&#8242; | Abrazadera<\/li>\n<li style='margin-bottom: 8px;'><strong>Dimensiones Totales:<\/strong><\/li>\n<li style='margin-bottom: 8px;'><strong>Ancho Externo:<\/strong> 1&comma;012.444 mm | 39.86 in<\/li>\n<li style='margin-bottom: 8px;'><strong>Longitud Externa:<\/strong> 1&comma;975.104 mm | 77.76 in<\/li>\n<li style='margin-bottom: 8px;'><strong>Di\u00e1metro Compatible:<\/strong><\/li>\n<li style='margin-bottom: 8px;'><strong>M\u00e1ximo:<\/strong> 50.8 mm | 2 in<\/li>\n<li style='margin-bottom: 8px;'><strong>M\u00ednimo:<\/strong> 25.4 mm | 1 in<\/li>\n<li style='margin-bottom: 8px;'><strong>Espesor del Material:<\/strong> 2.591 mm | 0.102 in<\/li>\n<li style='margin-bottom: 8px;'><strong>Material:<\/strong> Acero inoxidable<\/li>\n<li style='margin-bottom: 8px;'><strong>Capacidad de Carga M\u00e1xima:<\/strong> Apilamiento doble&comma; cable de 1-5\/8&#8242;<\/li>\n<\/ul><\/div>\n<div style='flex: 1 1 300px; min-width: 280px;'>\n<h3 style='font-size: 18px; border-bottom: 2px solid currentColor; padding-bottom: 5px; margin-top: 0; color: inherit; opacity: 0.8;'> Especificaciones Mec\u00e1nicas <\/h3>\n<ul style='padding-left: 20px; font-size: 14px; color: inherit; list-style-type: disc;'>\n<li style='margin-bottom: 8px;'><strong>Altura Empacada:<\/strong> 12 cm | 4.724 in<\/li>\n<li style='margin-bottom: 8px;'><strong>Ancho Empacado:<\/strong> 11 cm | 4.331 in<\/li>\n<li style='margin-bottom: 8px;'><strong>Longitud Empacada:<\/strong> 1 cm | 0.394 in<\/li>\n<li style='margin-bottom: 8px;'><strong>Peso Bruto:<\/strong> 0.58 kg | 1.279 lb<\/li>\n<li style='margin-bottom: 8px;'><strong>Cantidad en Empaque:<\/strong> 10 unidades<\/li>\n<\/ul>\n<h3 style='font-size: 18px; border-bottom: 2px solid currentColor; padding-bottom: 5px; margin-top: 20px; margin-bottom: 15px; color: inherit; opacity: 0.8;'> Certificaciones de Cumplimiento <\/h3>\n<ul style='padding-left: 20px; font-size: 14px; color: inherit; list-style-type: disc;'>\n<li style='margin-bottom: 8px;'><strong>CHINA-ROHS:<\/strong> Por debajo del valor m\u00e1ximo de concentraci\u00f3n<\/li>\n<li style='margin-bottom: 8px;'><strong>ISO 9001:2015:<\/strong> Dise\u00f1ado&comma; fabricado y\/o distribuido bajo este sistema de gesti\u00f3n de calidad<\/li>\n<li style='margin-bottom: 8px;'><strong>REACH-SVHC:<\/strong> Cumple con la revisi\u00f3n de SVHC seg\u00fan https:\/\/www.commscope.com\/ProductCompliance<\/li>\n<li style='margin-bottom: 8px;'><strong>ROHS:<\/strong> Cumple con los est\u00e1ndares ROHS<\/li>\n<li style='margin-bottom: 8px;'><strong>UK-ROHS:<\/strong> Cumple con los est\u00e1ndares UK-ROHS<\/li>\n<\/ul><\/div>\n<\/p><\/div>\n<p> <!-- Informaci\u00f3n adicional --> <\/p>\n<div style='margin-bottom: 30px;'>\n<p style='font-size: 15px; color: inherit; margin-bottom: 15px;'> Este adaptador es la elecci\u00f3n premium para cualquier instalaci\u00f3n que necesite fiabilidad y durabilidad. Optimiza tu proyecto con el adaptador de sujetadores de presi\u00f3n STS3-12 de CommScope. <\/p>\n<p style='font-size: 15px; color: inherit; margin-bottom: 15px;'> <strong>Requiere sujetador de presi\u00f3n para sostener el cable coaxial.<\/strong> <\/p>\n<p> <!-- Imagen --> <\/p>\n<div style='margin: 20px 0;'> <img style='width: 100%; height: auto; border: 1px solid rgba(150&comma;150&comma;150&comma;0.3); border-radius: 8px;' src='http:\/\/ftp3.syscom.mx\/usuarios\/fotos\/STS334\/72633-sts3-34.png' alt='Adaptador de Sujetadores de Presi\u00f3n STS3-12'> <\/div>\n<\/p><\/div>\n<\/p><\/div>\n","protected":false},"excerpt":{"rendered":"<p>Adaptador de Sujetadores de Presi?n. Instalaci?n en un Tubo con Di?metro de 1 a 2. Paquete de 10 Piezas<\/p>\n","protected":false},"featured_media":63874,"comment_status":"open","ping_status":"closed","template":"","meta":[],"product_brand":[],"product_cat":[1675],"product_tag":[93,1330,138],"class_list":{"0":"post-63875","1":"product","2":"type-product","3":"status-publish","4":"has-post-thumbnail","6":"product_cat-accesorios-cables-radiocomunicacion","7":"product_tag-accesorios","8":"product_tag-andrew-commscope","9":"product_tag-cables","11":"first","12":"instock","13":"sale","14":"shipping-taxable","15":"purchasable","16":"product-type-simple"},"_links":{"self":[{"href":"https:\/\/soydeaqui.ddns.net\/pachuca\/index.php\/wp-json\/wp\/v2\/product\/63875","targetHints":{"allow":["GET"]}}],"collection":[{"href":"https:\/\/soydeaqui.ddns.net\/pachuca\/index.php\/wp-json\/wp\/v2\/product"}],"about":[{"href":"https:\/\/soydeaqui.ddns.net\/pachuca\/index.php\/wp-json\/wp\/v2\/types\/product"}],"replies":[{"embeddable":true,"href":"https:\/\/soydeaqui.ddns.net\/pachuca\/index.php\/wp-json\/wp\/v2\/comments?post=63875"}],"wp:featuredmedia":[{"embeddable":true,"href":"https:\/\/soydeaqui.ddns.net\/pachuca\/index.php\/wp-json\/wp\/v2\/media\/63874"}],"wp:attachment":[{"href":"https:\/\/soydeaqui.ddns.net\/pachuca\/index.php\/wp-json\/wp\/v2\/media?parent=63875"}],"wp:term":[{"taxonomy":"product_brand","embeddable":true,"href":"https:\/\/soydeaqui.ddns.net\/pachuca\/index.php\/wp-json\/wp\/v2\/product_brand?post=63875"},{"taxonomy":"product_cat","embeddable":true,"href":"https:\/\/soydeaqui.ddns.net\/pachuca\/index.php\/wp-json\/wp\/v2\/product_cat?post=63875"},{"taxonomy":"product_tag","embeddable":true,"href":"https:\/\/soydeaqui.ddns.net\/pachuca\/index.php\/wp-json\/wp\/v2\/product_tag?post=63875"}],"curies":[{"name":"wp","href":"https:\/\/api.w.org\/{rel}","templated":true}]}}