{"id":63867,"date":"2026-03-19T07:28:46","date_gmt":"2026-03-19T07:28:46","guid":{"rendered":"https:\/\/soydeaqui.ddns.net\/pachuca\/index.php\/producto\/sujetador-de-presin-para-cable-heliax-de-1-2-pulgada-paquete-de-10-piezas\/"},"modified":"2026-03-19T07:28:52","modified_gmt":"2026-03-19T07:28:52","slug":"sujetador-de-presin-para-cable-heliax-de-1-2-pulgada-paquete-de-10-piezas","status":"publish","type":"product","link":"https:\/\/soydeaqui.ddns.net\/pachuca\/index.php\/producto\/sujetador-de-presin-para-cable-heliax-de-1-2-pulgada-paquete-de-10-piezas\/","title":{"rendered":"Sujetador de Presi?n para Cable Heliax de 1\/2 Pulgada. Paquete de 10 Piezas"},"content":{"rendered":"<div style='width: 100%; max-width: 1200px; margin: 0 auto; font-family: sans-serif; line-height: 1.6; color: inherit; background-color: transparent;'>\n<div style='display: flex; flex-wrap: wrap; gap: 30px; margin-bottom: 30px;'>\n<div style='flex: 1 1 300px; min-width: 280px;'>\n<h3 style='font-size: 22px; border-bottom: 2px solid currentColor; padding-bottom: 5px; margin-top: 0; color: inherit; opacity: 0.8;'>Sujetador de presi\u00f3n SnapStak\u00ae SSH-12 para Cable Coaxial de 1\/2&#8242;<\/h3>\n<p style='font-size: 15px; color: inherit; text-align: justify;'>El sujetador de presi\u00f3n SnapStak\u00ae SSH-12 es la soluci\u00f3n ideal para organizar y asegurar cables coaxiales de 1\/2&#8242;. Fabricado con acero inoxidable de alta calidad&comma; este sujetador ofrece una combinaci\u00f3n perfecta de durabilidad y rendimiento. Dise\u00f1ado para cumplir con los m\u00e1s altos est\u00e1ndares de calidad&comma; el SSH-12 es perfecto para aplicaciones en telecomunicaciones y redes.<\/p>\n<\/p><\/div>\n<\/p><\/div>\n<div style='display: flex; flex-wrap: wrap; gap: 20px; margin-bottom: 30px;'>\n<div style='flex: 1 1 250px; border: 1px solid rgba(150&comma; 150&comma; 150&comma; 0.4); border-radius: 8px; overflow: hidden; display: flex; flex-direction: column;'>\n<div style='padding: 15px; border-bottom: 1px solid rgba(150&comma; 150&comma; 150&comma; 0.2); font-weight: bold; font-size: 18px; color: inherit;'>Especificaciones del Producto<\/div>\n<div style='padding: 15px; color: inherit;'>\n<ul style='padding-left: 20px; margin: 0; font-size: 14px; list-style-type: disc;'>\n<li style='margin-bottom: 5px;'><strong>Dimensiones:<\/strong><\/li>\n<li style='margin-bottom: 5px;'><strong>Tama\u00f1o nominal:<\/strong> 1\/2 in<\/li>\n<li style='margin-bottom: 5px;'><strong>Di\u00e1metro compatible&comma; m\u00e1ximo:<\/strong> 16.256 mm | 0.640 in<\/li>\n<li style='margin-bottom: 5px;'><strong>Di\u00e1metro compatible&comma; m\u00ednimo:<\/strong> 13.716 mm | 0.540 in<\/li>\n<li style='margin-bottom: 5px;'><strong>Altura:<\/strong> 41.00 mm | 1.61 in<\/li>\n<li style='margin-bottom: 5px;'><strong>Longitud:<\/strong> 66.00 mm | 2.60 in<\/li>\n<li style='margin-bottom: 5px;'><strong>Anchura:<\/strong> 22.80 mm | 0.90 in<\/li>\n<\/ul><\/div>\n<\/p><\/div>\n<div style='flex: 1 1 250px; border: 1px solid rgba(150&comma; 150&comma; 150&comma; 0.4); border-radius: 8px; overflow: hidden; display: flex; flex-direction: column;'>\n<div style='padding: 15px; border-bottom: 1px solid rgba(150&comma; 150&comma; 150&comma; 0.2); font-weight: bold; font-size: 18px; color: inherit;'>Especificaciones El\u00e9ctricas<\/div>\n<div style='padding: 15px; color: inherit;'>\n<ul style='padding-left: 20px; margin: 0; font-size: 14px; list-style-type: disc;'>\n<li style='margin-bottom: 5px;'><strong>Efecto DTF:<\/strong> 0.1 dB<\/li>\n<li style='margin-bottom: 5px;'><strong>Efecto de p\u00e9rdida de retorno:<\/strong> 0.1 dB<\/li>\n<\/ul><\/div>\n<\/p><\/div>\n<div style='flex: 1 1 250px; border: 1px solid rgba(150&comma; 150&comma; 150&comma; 0.4); border-radius: 8px; overflow: hidden; display: flex; flex-direction: column;'>\n<div style='padding: 15px; border-bottom: 1px solid rgba(150&comma; 150&comma; 150&comma; 0.2); font-weight: bold; font-size: 18px; color: inherit;'>Especificaciones Generales<\/div>\n<div style='padding: 15px; color: inherit;'>\n<ul style='padding-left: 20px; margin: 0; font-size: 14px; list-style-type: disc;'>\n<li style='margin-bottom: 5px;'><strong>Tipo de sujetador:<\/strong> Sujetador tipo Snap-in<\/li>\n<li style='margin-bottom: 5px;'><strong>Cantidad de cables por sujetador:<\/strong> 1<\/li>\n<li style='margin-bottom: 5px;'><strong>Color:<\/strong> Plata<\/li>\n<li style='margin-bottom: 5px;'><strong>Tipo de material:<\/strong> Acero inoxidable<\/li>\n<li style='margin-bottom: 5px;'><strong>Altura m\u00e1xima de apilamiento:<\/strong> 3<\/li>\n<li style='margin-bottom: 5px;'><strong>Cantidad en el paquete:<\/strong> 10 piezas<\/li>\n<\/ul><\/div>\n<\/p><\/div>\n<div style='flex: 1 1 250px; border: 1px solid rgba(150&comma; 150&comma; 150&comma; 0.4); border-radius: 8px; overflow: hidden; display: flex; flex-direction: column;'>\n<div style='padding: 15px; border-bottom: 1px solid rgba(150&comma; 150&comma; 150&comma; 0.2); font-weight: bold; font-size: 18px; color: inherit;'>Especificaciones Mec\u00e1nicas<\/div>\n<div style='padding: 15px; color: inherit;'>\n<ul style='padding-left: 20px; margin: 0; font-size: 14px; list-style-type: disc;'>\n<li style='margin-bottom: 5px;'><strong>Resistencia a la corrosi\u00f3n&comma; m\u00ednimo sin degradaci\u00f3n:<\/strong> \u2265500 horas en c\u00e1mara de pulverizaci\u00f3n salina<\/li>\n<li style='margin-bottom: 5px;'><strong>Montaje:<\/strong> 3\/4 in escalera de cable perforada<\/li>\n<li style='margin-bottom: 5px;'><strong>Temperatura de operaci\u00f3n:<\/strong> -40 \u00b0C a +85 \u00b0C (-40 \u00b0F a +185 \u00b0F)<\/li>\n<li style='margin-bottom: 5px;'><strong>Resistencia a la vibraci\u00f3n:<\/strong> \u22654 horas a frecuencia de resonancia<\/li>\n<li style='margin-bottom: 5px;'><strong>Capacidad de resistencia ambiental:<\/strong> Doble peso del cable<\/li>\n<\/ul><\/div>\n<\/p><\/div>\n<div style='flex: 1 1 250px; border: 1px solid rgba(150&comma; 150&comma; 150&comma; 0.4); border-radius: 8px; overflow: hidden; display: flex; flex-direction: column;'>\n<div style='padding: 15px; border-bottom: 1px solid rgba(150&comma; 150&comma; 150&comma; 0.2); font-weight: bold; font-size: 18px; color: inherit;'>Dimensiones del Empaque<\/div>\n<div style='padding: 15px; color: inherit;'>\n<ul style='padding-left: 20px; margin: 0; font-size: 14px; list-style-type: disc;'>\n<li style='margin-bottom: 5px;'><strong>Altura:<\/strong> 15.2 cm | 6.0 in<\/li>\n<li style='margin-bottom: 5px;'><strong>Longitud:<\/strong> 9.0 cm | 3.5 in<\/li>\n<li style='margin-bottom: 5px;'><strong>Peso de env\u00edo:<\/strong> 0.36 kg | 0.79 lb<\/li>\n<li style='margin-bottom: 5px;'><strong>Anchura:<\/strong> 10.4 cm | 4.1 in<\/li>\n<\/ul><\/div>\n<\/p><\/div>\n<div style='flex: 1 1 250px; border: 1px solid rgba(150&comma; 150&comma; 150&comma; 0.4); border-radius: 8px; overflow: hidden; display: flex; flex-direction: column;'>\n<div style='padding: 15px; border-bottom: 1px solid rgba(150&comma; 150&comma; 150&comma; 0.2); font-weight: bold; font-size: 18px; color: inherit;'>Certificaciones y Cumplimientos Regulatorios<\/div>\n<div style='padding: 15px; color: inherit;'>\n<ul style='padding-left: 20px; margin: 0; font-size: 14px; list-style-type: disc;'>\n<li style='margin-bottom: 5px;'><strong>Agencia:<\/strong> ISO 9001:2008<\/li>\n<li style='margin-bottom: 5px;'><strong>Cumple con el sistema de gesti\u00f3n de calidad&comma; dise\u00f1ado y fabricado bajo estas normas.<\/strong><\/li>\n<\/ul><\/div>\n<\/p><\/div>\n<\/p><\/div>\n<div style='display: flex; flex-wrap: wrap; gap: 30px; margin-bottom: 30px;'>\n<div style='flex: 1 1 300px; min-width: 280px;'>\n<h3 style='font-size: 22px; border-bottom: 2px solid currentColor; padding-bottom: 5px; margin-top: 0; color: inherit; opacity: 0.8;'>Caracter\u00edsticas adicionales<\/h3>\n<p style='font-size: 15px; color: inherit; text-align: justify;'>El sujetador de presi\u00f3n SnapStak\u00ae SSH-12 no solo ofrece una excelente sujeci\u00f3n y organizaci\u00f3n de cables&comma; sino que tambi\u00e9n garantiza una alta resistencia a la corrosi\u00f3n y un rendimiento duradero en una amplia gama de temperaturas y condiciones ambientales. Conf\u00ede en el SSH-12 para una instalaci\u00f3n eficiente y segura de su cableado coaxial.<\/p>\n<\/p><\/div>\n<\/p><\/div>\n<div style='display: flex; flex-wrap: wrap; gap: 30px; margin-bottom: 30px;'>\n<div style='flex: 1 1 300px; min-width: 280px;'>\n<h3 style='font-size: 22px; border-bottom: 2px solid currentColor; padding-bottom: 5px; margin-top: 0; color: inherit; opacity: 0.8;'>Imagen del producto<\/h3>\n<p> <img style='width: 100%; height: auto; border: 1px solid rgba(150&comma;150&comma;150&comma;0.3); border-radius: 8px;' src='http:\/\/ftp3.syscom.mx\/usuarios\/fotos\/STS334\/72633-sts3-34.png' alt='Sujetador de presi\u00f3n SnapStak\u00ae SSH-12 para Cable Coaxial de 1\/2''> <\/div>\n<\/p><\/div>\n<hr style='border: 0; border-top: 1px solid rgba(150&comma; 150&comma; 150&comma; 0.3); margin: 30px 0;'> <\/div>\n","protected":false},"excerpt":{"rendered":"<p>Sujetador de Presi?n para Cable Heliax de 1\/2 Pulgada. Paquete de 10 Piezas<\/p>\n","protected":false},"featured_media":63866,"comment_status":"open","ping_status":"closed","template":"","meta":[],"product_brand":[],"product_cat":[1675],"product_tag":[93,1330,138],"class_list":{"0":"post-63867","1":"product","2":"type-product","3":"status-publish","4":"has-post-thumbnail","6":"product_cat-accesorios-cables-radiocomunicacion","7":"product_tag-accesorios","8":"product_tag-andrew-commscope","9":"product_tag-cables","11":"first","12":"instock","13":"sale","14":"shipping-taxable","15":"purchasable","16":"product-type-simple"},"_links":{"self":[{"href":"https:\/\/soydeaqui.ddns.net\/pachuca\/index.php\/wp-json\/wp\/v2\/product\/63867","targetHints":{"allow":["GET"]}}],"collection":[{"href":"https:\/\/soydeaqui.ddns.net\/pachuca\/index.php\/wp-json\/wp\/v2\/product"}],"about":[{"href":"https:\/\/soydeaqui.ddns.net\/pachuca\/index.php\/wp-json\/wp\/v2\/types\/product"}],"replies":[{"embeddable":true,"href":"https:\/\/soydeaqui.ddns.net\/pachuca\/index.php\/wp-json\/wp\/v2\/comments?post=63867"}],"wp:featuredmedia":[{"embeddable":true,"href":"https:\/\/soydeaqui.ddns.net\/pachuca\/index.php\/wp-json\/wp\/v2\/media\/63866"}],"wp:attachment":[{"href":"https:\/\/soydeaqui.ddns.net\/pachuca\/index.php\/wp-json\/wp\/v2\/media?parent=63867"}],"wp:term":[{"taxonomy":"product_brand","embeddable":true,"href":"https:\/\/soydeaqui.ddns.net\/pachuca\/index.php\/wp-json\/wp\/v2\/product_brand?post=63867"},{"taxonomy":"product_cat","embeddable":true,"href":"https:\/\/soydeaqui.ddns.net\/pachuca\/index.php\/wp-json\/wp\/v2\/product_cat?post=63867"},{"taxonomy":"product_tag","embeddable":true,"href":"https:\/\/soydeaqui.ddns.net\/pachuca\/index.php\/wp-json\/wp\/v2\/product_tag?post=63867"}],"curies":[{"name":"wp","href":"https:\/\/api.w.org\/{rel}","templated":true}]}}