{"id":63855,"date":"2026-03-19T07:28:22","date_gmt":"2026-03-19T07:28:22","guid":{"rendered":"https:\/\/soydeaqui.ddns.net\/pachuca\/index.php\/producto\/sujetador-de-presin-para-cable-heliax-de-7-8-pulgadas-paquete-de-10-piezas\/"},"modified":"2026-03-19T07:28:28","modified_gmt":"2026-03-19T07:28:28","slug":"sujetador-de-presin-para-cable-heliax-de-7-8-pulgadas-paquete-de-10-piezas","status":"publish","type":"product","link":"https:\/\/soydeaqui.ddns.net\/pachuca\/index.php\/producto\/sujetador-de-presin-para-cable-heliax-de-7-8-pulgadas-paquete-de-10-piezas\/","title":{"rendered":"Sujetador de Presi?n para Cable Heliax de 7\/8 Pulgadas. Paquete de 10 Piezas"},"content":{"rendered":"<div style='width: 100%; max-width: 1200px; margin: 0 auto; font-family: sans-serif; line-height: 1.6; color: inherit; background-color: transparent;'>\n<div style='display: flex; flex-wrap: wrap; gap: 30px; margin-bottom: 30px;'>\n<div style='flex: 1 1 300px; min-width: 280px;'>\n<h3 style='font-size: 22px; border-bottom: 2px solid currentColor; padding-bottom: 5px; margin-top: 0; color: inherit; opacity: 0.8;'>Caracter\u00edsticas principales<\/h3>\n<ul style='padding-left: 20px; font-size: 15px; color: inherit;'>\n<li style='margin-bottom: 5px;'>Material de alta calidad: acero inoxidable<\/li>\n<li style='margin-bottom: 5px;'>Paquete de 10 piezas para conveniencia<\/li>\n<li style='margin-bottom: 5px;'>Compatible con herramienta SHT4 para instalaci\u00f3n<\/li>\n<li style='margin-bottom: 5px;'>Resistencia a la corrosi\u00f3n y durabilidad asegurada<\/li>\n<li style='margin-bottom: 5px;'>F\u00e1cil instalaci\u00f3n para aplicaciones profesionales<\/li>\n<\/ul><\/div>\n<div style='flex: 1 1 300px; min-width: 280px;'>\n<h3 style='font-size: 22px; border-bottom: 2px solid currentColor; padding-bottom: 5px; margin-top: 0; color: inherit; opacity: 0.8;'>Especificaciones generales<\/h3>\n<ul style='padding-left: 20px; font-size: 15px; color: inherit;'>\n<li style='margin-bottom: 5px;'><strong>Tipo de sujetador:<\/strong> Snap-in hanger<\/li>\n<li style='margin-bottom: 5px;'><strong>Cables por sujetador:<\/strong> 1<\/li>\n<li style='margin-bottom: 5px;'><strong>Color:<\/strong> Plata<\/li>\n<li style='margin-bottom: 5px;'><strong>Material:<\/strong> Acero inoxidable<\/li>\n<li style='margin-bottom: 5px;'><strong>Altura m\u00e1xima apilable:<\/strong> 3<\/li>\n<\/ul><\/div>\n<\/p><\/div>\n<div style='display: flex; flex-wrap: wrap; gap: 30px; margin-bottom: 30px;'>\n<div style='flex: 1 1 300px; min-width: 280px;'>\n<h3 style='font-size: 22px; border-bottom: 2px solid currentColor; padding-bottom: 5px; margin-top: 0; color: inherit; opacity: 0.8;'>Especificaciones mec\u00e1nicas<\/h3>\n<ul style='padding-left: 20px; font-size: 15px; color: inherit;'>\n<li style='margin-bottom: 5px;'><strong>Resistencia a la corrosi\u00f3n:<\/strong> M\u00ednimo 500 horas sin degradaci\u00f3n en c\u00e1mara de niebla salina<\/li>\n<li style='margin-bottom: 5px;'><strong>Montaje:<\/strong> Escalera de cable perforada de 3\/4 pulg<\/li>\n<li style='margin-bottom: 5px;'><strong>Temperatura operativa:<\/strong> -40 \u00b0C a +85 \u00b0C (-40 \u00b0F a +185 \u00b0F)<\/li>\n<li style='margin-bottom: 5px;'><strong>Vibraci\u00f3n:<\/strong> 4 horas a frecuencia resonante<\/li>\n<li style='margin-bottom: 5px;'><strong>Capacidad de resistencia ambiental:<\/strong> Doble peso del cable<\/li>\n<\/ul><\/div>\n<div style='flex: 1 1 300px; min-width: 280px;'>\n<h3 style='font-size: 22px; border-bottom: 2px solid currentColor; padding-bottom: 5px; margin-top: 0; color: inherit; opacity: 0.8;'>Especificaciones el\u00e9ctricas<\/h3>\n<ul style='padding-left: 20px; font-size: 15px; color: inherit;'>\n<li style='margin-bottom: 5px;'><strong>DTF:<\/strong> 0.1 dB<\/li>\n<li style='margin-bottom: 5px;'><strong>P\u00e9rdida de retorno:<\/strong> 0.1 dB<\/li>\n<\/ul>\n<h3 style='font-size: 22px; border-bottom: 2px solid currentColor; padding-bottom: 5px; margin-top: 25px; color: inherit; opacity: 0.8;'>Especificaciones de empaque<\/h3>\n<ul style='padding-left: 20px; font-size: 15px; color: inherit;'>\n<li style='margin-bottom: 5px;'><strong>Altura:<\/strong> 15.6 cm | 6.1 pulg<\/li>\n<li style='margin-bottom: 5px;'><strong>Longitud:<\/strong> 10.8 cm | 4.3 pulg<\/li>\n<li style='margin-bottom: 5px;'><strong>Peso:<\/strong> 0.42 kg | 0.93 lb<\/li>\n<\/ul><\/div>\n<\/p><\/div>\n<div style='display: flex; flex-wrap: wrap; gap: 30px; margin-bottom: 30px;'>\n<div style='flex: 1 1 300px; min-width: 280px;'>\n<h3 style='font-size: 22px; border-bottom: 2px solid currentColor; padding-bottom: 5px; margin-top: 0; color: inherit; opacity: 0.8;'>Dimensiones<\/h3>\n<ul style='padding-left: 20px; font-size: 15px; color: inherit;'>\n<li style='margin-bottom: 5px;'><strong>Tama\u00f1o nominal:<\/strong> 7\/8 pulg<\/li>\n<li style='margin-bottom: 5px;'><strong>Di\u00e1metro compatible&comma; m\u00e1ximo:<\/strong> 30.988 mm | 1.220 pulg<\/li>\n<li style='margin-bottom: 5px;'><strong>Di\u00e1metro compatible&comma; m\u00ednimo:<\/strong> 26.670 mm | 1.050 pulg<\/li>\n<li style='margin-bottom: 5px;'><strong>Altura:<\/strong> 41.00 mm | 1.61 pulg<\/li>\n<li style='margin-bottom: 5px;'><strong>Longitud:<\/strong> 64.00 mm | 2.52 pulg<\/li>\n<li style='margin-bottom: 5px;'><strong>Ancho:<\/strong> 40.00 mm | 1.57 pulg<\/li>\n<\/ul><\/div>\n<div style='flex: 1 1 300px; min-width: 280px;'>\n<h3 style='font-size: 22px; border-bottom: 2px solid currentColor; padding-bottom: 5px; margin-top: 0; color: inherit; opacity: 0.8;'>Certificaciones<\/h3>\n<ul style='padding-left: 20px; font-size: 15px; color: inherit;'>\n<li style='margin-bottom: 5px;'><strong>ISO 9001:2008:<\/strong> Dise\u00f1ado&comma; fabricado y\/o distribuido bajo este sistema de gesti\u00f3n de calidad<\/li>\n<\/ul><\/div>\n<\/p><\/div>\n<div style='display: flex; flex-wrap: wrap; gap: 30px; margin-bottom: 30px;'>\n<div style='flex: 1 1 300px; min-width: 280px;'>\n<h3 style='font-size: 22px; border-bottom: 2px solid currentColor; padding-bottom: 5px; margin-top: 0; color: inherit; opacity: 0.8;'>Notas de pedido<\/h3>\n<ul style='padding-left: 20px; font-size: 15px; color: inherit;'>\n<li style='margin-bottom: 5px;'>CommScope\u00ae producto est\u00e1ndar en Asia Pac\u00edfico<\/li>\n<li style='margin-bottom: 5px;'>CommScope\u00ae producto est\u00e1ndar en M\u00e9xico&comma; Centroam\u00e9rica y Sudam\u00e9rica<\/li>\n<li style='margin-bottom: 5px;'>CommScope\u00ae producto est\u00e1ndar en Estados Unidos y Canad\u00e1<\/li>\n<\/ul><\/div>\n<\/p><\/div>\n<div style='display: flex; flex-wrap: wrap; gap: 30px; margin-bottom: 30px;'>\n<div style='flex: 1 1 300px; min-width: 280px;'>\n<h3 style='font-size: 22px; border-bottom: 2px solid currentColor; padding-bottom: 5px; margin-top: 0; color: inherit; opacity: 0.8;'>Contenido del paquete<\/h3>\n<ul style='padding-left: 20px; font-size: 15px; color: inherit;'>\n<li style='margin-bottom: 5px;'><strong>Cantidad:<\/strong> 10 piezas<\/li>\n<\/ul><\/div>\n<\/p><\/div>\n<div style='display: flex; flex-wrap: wrap; gap: 30px; margin-bottom: 30px;'>\n<div style='flex: 1 1 300px; min-width: 280px;'> <img style='width: 100%; height: auto; border: 1px solid rgba(150&comma;150&comma;150&comma;0.3); border-radius: 8px;' src='http:\/\/ftp3.syscom.mx\/usuarios\/fotos\/STS334\/72633-sts3-34.png' alt='Sujetador de presi\u00f3n para cable Heliax SSH78'> <\/div>\n<\/p><\/div>\n<\/p><\/div>\n","protected":false},"excerpt":{"rendered":"<p>Sujetador de Presi?n para Cable Heliax de 7\/8 Pulgadas. Paquete de 10 Piezas<\/p>\n","protected":false},"featured_media":63854,"comment_status":"open","ping_status":"closed","template":"","meta":[],"product_brand":[],"product_cat":[1675],"product_tag":[93,1330,138],"class_list":{"0":"post-63855","1":"product","2":"type-product","3":"status-publish","4":"has-post-thumbnail","6":"product_cat-accesorios-cables-radiocomunicacion","7":"product_tag-accesorios","8":"product_tag-andrew-commscope","9":"product_tag-cables","11":"first","12":"outofstock","13":"sale","14":"shipping-taxable","15":"purchasable","16":"product-type-simple"},"_links":{"self":[{"href":"https:\/\/soydeaqui.ddns.net\/pachuca\/index.php\/wp-json\/wp\/v2\/product\/63855","targetHints":{"allow":["GET"]}}],"collection":[{"href":"https:\/\/soydeaqui.ddns.net\/pachuca\/index.php\/wp-json\/wp\/v2\/product"}],"about":[{"href":"https:\/\/soydeaqui.ddns.net\/pachuca\/index.php\/wp-json\/wp\/v2\/types\/product"}],"replies":[{"embeddable":true,"href":"https:\/\/soydeaqui.ddns.net\/pachuca\/index.php\/wp-json\/wp\/v2\/comments?post=63855"}],"wp:featuredmedia":[{"embeddable":true,"href":"https:\/\/soydeaqui.ddns.net\/pachuca\/index.php\/wp-json\/wp\/v2\/media\/63854"}],"wp:attachment":[{"href":"https:\/\/soydeaqui.ddns.net\/pachuca\/index.php\/wp-json\/wp\/v2\/media?parent=63855"}],"wp:term":[{"taxonomy":"product_brand","embeddable":true,"href":"https:\/\/soydeaqui.ddns.net\/pachuca\/index.php\/wp-json\/wp\/v2\/product_brand?post=63855"},{"taxonomy":"product_cat","embeddable":true,"href":"https:\/\/soydeaqui.ddns.net\/pachuca\/index.php\/wp-json\/wp\/v2\/product_cat?post=63855"},{"taxonomy":"product_tag","embeddable":true,"href":"https:\/\/soydeaqui.ddns.net\/pachuca\/index.php\/wp-json\/wp\/v2\/product_tag?post=63855"}],"curies":[{"name":"wp","href":"https:\/\/api.w.org\/{rel}","templated":true}]}}