{"id":63842,"date":"2026-03-19T07:27:55","date_gmt":"2026-03-19T07:27:55","guid":{"rendered":"https:\/\/soydeaqui.ddns.net\/pachuca\/index.php\/producto\/fuente-de-poder-conmutada-astron-salidas13-8v-18a-max\/"},"modified":"2026-03-19T07:28:07","modified_gmt":"2026-03-19T07:28:07","slug":"fuente-de-poder-conmutada-astron-salidas13-8v-18a-max","status":"publish","type":"product","link":"https:\/\/soydeaqui.ddns.net\/pachuca\/index.php\/producto\/fuente-de-poder-conmutada-astron-salidas13-8v-18a-max\/","title":{"rendered":"Fuente de Poder Conmutada Astron | Salidas:13.8V, 18A m\u00e1x"},"content":{"rendered":"<div style='width: 100%; max-width: 1200px; margin: 0 auto; font-family: sans-serif; line-height: 1.6; color: inherit; background-color: transparent;'>\n<div style='display: flex; flex-direction: column; align-items: center; margin-bottom: 30px;'>\n<h1 style='font-size: 24px; margin: 0 0 10px; color: inherit; text-align: center;'> <strong>Fuentes ASTRON<\/strong> <\/h1>\n<p> <img style='width: 100%; max-width: 400px; height: auto; border: 1px solid rgba(150&comma;150&comma;150&comma;0.3); border-radius: 8px; margin: 15px 0;' src='http:\/\/ftp3.syscom.mx\/usuarios\/sapodaca\/Astron\/LOGO%20ASTRON.png' alt='Logo ASTRON'> <\/div>\n<div style='margin-bottom: 30px;'>\n<p style='font-size: 15px; color: inherit; margin: 0 0 15px; text-align: justify;'> Desde 1976&comma; Astron Corporation ha sido un fabricante l\u00edder de fuentes de alimentaci\u00f3n. Fabricadas en E.U.A&comma; nuestras fuentes han servido de manera confiable. Hoy en d\u00eda&comma; Astron es distribuidor a nivel mundial. <\/p>\n<\/p><\/div>\n<div style='margin-bottom: 30px;'>\n<h3 style='font-size: 22px; border-bottom: 2px solid currentColor; padding-bottom: 5px; margin-top: 0; color: inherit; opacity: 0.8;'>Caracter\u00edsticas<\/h3>\n<ul style='padding-left: 20px; font-size: 15px; color: inherit; list-style-type: square;'>\n<li style='margin-bottom: 5px;'>Tecnolog\u00eda de conmutaci\u00f3n de alta eficiencia<\/li>\n<li style='margin-bottom: 5px;'>Protecciones incorporadas: limitaci\u00f3n de corriente&comma; protecci\u00f3n con fusible&comma; protecci\u00f3n contra sobretensi\u00f3n&comma; apagado por sobretemperatura<\/li>\n<li style='margin-bottom: 5px;'>Dise\u00f1o de bajo perfil y peso ligero<\/li>\n<li style='margin-bottom: 5px;'>Dise\u00f1o industrial de alta resistencia con calidad de construcci\u00f3n met\u00e1lica<\/li>\n<li style='margin-bottom: 5px;'>Certificado con las Normas de Seguridad CE<\/li>\n<li style='margin-bottom: 5px;'>Certificado con las Normas Ambientales Energy Star&comma; CEC RoHS<\/li>\n<li style='margin-bottom: 5px;'>1 A\u00f1o de Garant\u00eda<\/li>\n<\/ul><\/div>\n<hr style='border: 0; border-top: 1px solid rgba(150&comma; 150&comma; 150&comma; 0.3); margin: 30px 0;'>\n<div style='margin-bottom: 30px;'>\n<h3 style='font-size: 22px; border-bottom: 2px solid currentColor; padding-bottom: 5px; margin-top: 0; color: inherit; opacity: 0.8;'>Especificaciones<\/h3>\n<ul style='padding-left: 20px; font-size: 15px; color: inherit; list-style-type: square;'>\n<li style='margin-bottom: 5px;'><strong>Voltaje de entrada:<\/strong> 100-240 Vca \/ 50-60 Hz<\/li>\n<li style='margin-bottom: 5px;'><strong>Voltaje de salida:<\/strong> 13.8 Vcc<\/li>\n<li style='margin-bottom: 5px;'><strong>Corriente de salida:<\/strong> 15 A continuos \/ 18 A m\u00e1x.<\/li>\n<li style='margin-bottom: 5px;'><strong>Cargador de bater\u00edas:<\/strong> No<\/li>\n<li style='margin-bottom: 5px;'><strong>Peso:<\/strong> 1.6 kg<\/li>\n<li style='margin-bottom: 5px;'><strong>Dimensiones:<\/strong> 15.3 x 6.1 x 23 cm<\/li>\n<\/ul><\/div>\n<\/p><\/div>\n","protected":false},"excerpt":{"rendered":"<p>Fuente de Poder Conmutada Astron | Salidas:13.8V, 18A m\u00e1x<\/p>\n","protected":false},"featured_media":63841,"comment_status":"open","ping_status":"closed","template":"","meta":[],"product_brand":[],"product_cat":[874],"product_tag":[1274,142,875],"class_list":{"0":"post-63842","1":"product","2":"type-product","3":"status-publish","4":"has-post-thumbnail","6":"product_cat-fuentes-industriales-de-cd","7":"product_tag-astron","8":"product_tag-energia","9":"product_tag-fuentes-industriales-de-cd","11":"first","12":"instock","13":"sale","14":"shipping-taxable","15":"purchasable","16":"product-type-simple"},"_links":{"self":[{"href":"https:\/\/soydeaqui.ddns.net\/pachuca\/index.php\/wp-json\/wp\/v2\/product\/63842","targetHints":{"allow":["GET"]}}],"collection":[{"href":"https:\/\/soydeaqui.ddns.net\/pachuca\/index.php\/wp-json\/wp\/v2\/product"}],"about":[{"href":"https:\/\/soydeaqui.ddns.net\/pachuca\/index.php\/wp-json\/wp\/v2\/types\/product"}],"replies":[{"embeddable":true,"href":"https:\/\/soydeaqui.ddns.net\/pachuca\/index.php\/wp-json\/wp\/v2\/comments?post=63842"}],"wp:featuredmedia":[{"embeddable":true,"href":"https:\/\/soydeaqui.ddns.net\/pachuca\/index.php\/wp-json\/wp\/v2\/media\/63841"}],"wp:attachment":[{"href":"https:\/\/soydeaqui.ddns.net\/pachuca\/index.php\/wp-json\/wp\/v2\/media?parent=63842"}],"wp:term":[{"taxonomy":"product_brand","embeddable":true,"href":"https:\/\/soydeaqui.ddns.net\/pachuca\/index.php\/wp-json\/wp\/v2\/product_brand?post=63842"},{"taxonomy":"product_cat","embeddable":true,"href":"https:\/\/soydeaqui.ddns.net\/pachuca\/index.php\/wp-json\/wp\/v2\/product_cat?post=63842"},{"taxonomy":"product_tag","embeddable":true,"href":"https:\/\/soydeaqui.ddns.net\/pachuca\/index.php\/wp-json\/wp\/v2\/product_tag?post=63842"}],"curies":[{"name":"wp","href":"https:\/\/api.w.org\/{rel}","templated":true}]}}