{"id":63834,"date":"2026-03-19T07:27:39","date_gmt":"2026-03-19T07:27:39","guid":{"rendered":"https:\/\/soydeaqui.ddns.net\/pachuca\/index.php\/producto\/duplexer-syscom-en-uhf-6-cav-403-430-mhz-50-watt-15mhz-sep-rechazo-de-banda-bnc-hembras\/"},"modified":"2026-03-19T07:27:44","modified_gmt":"2026-03-19T07:27:44","slug":"duplexer-syscom-en-uhf-6-cav-403-430-mhz-50-watt-15mhz-sep-rechazo-de-banda-bnc-hembras","status":"publish","type":"product","link":"https:\/\/soydeaqui.ddns.net\/pachuca\/index.php\/producto\/duplexer-syscom-en-uhf-6-cav-403-430-mhz-50-watt-15mhz-sep-rechazo-de-banda-bnc-hembras\/","title":{"rendered":"Duplexer SYSCOM en UHF, 6 Cav. 403-430 MHz, 50 Watt, 15MHz Sep. Rechazo de Banda, BNC Hembras."},"content":{"rendered":"<div style='width: 100%; max-width: 1200px; margin: 0 auto; font-family: sans-serif; line-height: 1.6; color: inherit; background-color: transparent;'>\n<div style='display: flex; flex-wrap: wrap; gap: 30px; margin-bottom: 30px;'>\n<div style='flex: 1 1 300px; min-width: 280px;'>\n<h3 style='font-size: 22px; border-bottom: 2px solid currentColor; padding-bottom: 5px; margin-top: 0; color: inherit; opacity: 0.8;'>Descripci\u00f3n<\/h3>\n<p style='font-size: 15px; color: inherit; text-align: justify;'>Los duplexer son dispositivos que permiten que una sola antena se utilice tanto para transmitir como para recibir se\u00f1ales de radio aislando o atenuando una frecuencia de la otra.<\/p>\n<p style='font-size: 15px; color: inherit; text-align: justify;'>Al utilizar un duplexer&comma; se asegura que la se\u00f1al de transmisi\u00f3n y la se\u00f1al de recepci\u00f3n no interfieran entre s\u00ed. En lugar de tener dos antenas separadas&comma; el duplexer utiliza una sola antena que se divide en dos caminos&comma; uno para transmitir y otro para recibir.<\/p>\n<\/p><\/div>\n<\/p><\/div>\n<div style='display: flex; flex-wrap: wrap; gap: 20px; margin-bottom: 30px;'>\n<div style='flex: 1 1 250px; border: 1px solid rgba(150&comma; 150&comma; 150&comma; 0.4); border-radius: 8px; overflow: hidden; display: flex; flex-direction: column;'>\n<div style='padding: 15px; border-bottom: 1px solid rgba(150&comma; 150&comma; 150&comma; 0.2); font-weight: bold; font-size: 18px; color: inherit;'>Caracter\u00edsticas generales<\/div>\n<div style='padding: 15px; color: inherit;'>\n<ul style='padding-left: 20px; margin: 0; font-size: 14px; list-style-type: disc;'>\n<li style='margin-bottom: 5px;'>Amplio uso en radios m\u00f3viles Full y repetidoras (50 W m\u00e1ximo).<\/li>\n<li style='margin-bottom: 5px;'>M\u00ednimo corrimiento de frecuencia por cambios de temperatura.<\/li>\n<li style='margin-bottom: 5px;'>Resonadores de tubo de cobre plateado (UHF) y Resonadores Helical de cobre esta\u00f1ado (VHF).<\/li>\n<li style='margin-bottom: 5px;'>Aislamiento de Tefl\u00f3n para VHF y UHF.<\/li>\n<li style='margin-bottom: 5px;'>Interconexi\u00f3n con cables conformables reducen la p\u00e9rdida por inserci\u00f3n.<\/li>\n<li style='margin-bottom: 5px;'>Este dispositivo no le ayudar\u00e1 a resolver problemas de sensibilidad en lugares de alta incidencia de RF.<\/li>\n<li style='margin-bottom: 5px;'>Blindaje con cavidades de Aluminio extruido 6063-T5 templado.<\/li>\n<\/ul><\/div>\n<\/p><\/div>\n<div style='flex: 1 1 250px; border: 1px solid rgba(150&comma; 150&comma; 150&comma; 0.4); border-radius: 8px; overflow: hidden; display: flex; flex-direction: column;'>\n<div style='padding: 15px; border-bottom: 1px solid rgba(150&comma; 150&comma; 150&comma; 0.2); font-weight: bold; font-size: 18px; color: inherit;'>Caracter\u00edsticas t\u00e9cnicas<\/div>\n<div style='padding: 15px; color: inherit;'>\n<ul style='padding-left: 20px; margin: 0; font-size: 14px; list-style-type: disc;'>\n<li style='margin-bottom: 5px;'><strong>Separaci\u00f3n de frecuencia TX-RX:<\/strong> 15 MHz.<\/li>\n<li style='margin-bottom: 5px;'><strong>P\u00e9rdida por inserci\u00f3n m\u00e1xima:<\/strong> 1.2 dB.<\/li>\n<li style='margin-bottom: 5px;'><strong>Aislamiento entre Tx y Rx:<\/strong> 80 dB.<\/li>\n<li style='margin-bottom: 5px;'><strong>M\u00e1xima potencia continua:<\/strong> 50 Watts.<\/li>\n<li style='margin-bottom: 5px;'><strong>Conector:<\/strong> BNC Hembra (N Opcional).<\/li>\n<li style='margin-bottom: 5px;'><strong>Impedancia:<\/strong> 50 Ohms<\/li>\n<li style='margin-bottom: 5px;'><strong>VSWR:<\/strong> 1.5:1<\/li>\n<\/ul><\/div>\n<\/p><\/div>\n<\/p><\/div>\n<div style='display: flex; flex-wrap: wrap; gap: 30px; margin-bottom: 30px;'>\n<div style='flex: 1 1 300px; min-width: 280px;'>\n<h3 style='font-size: 22px; border-bottom: 2px solid currentColor; padding-bottom: 5px; margin-top: 0; color: inherit; opacity: 0.8;'>Modelos disponibles<\/h3>\n<div style='overflow-x: auto;'>\n<table style='width: 100%; border-collapse: collapse; margin-bottom: 20px;'>\n<thead>\n<tr style='background-color: #37cbff;'>\n<th style='padding: 10px; border: 1px solid rgba(150&comma; 150&comma; 150&comma; 0.3);'>Modelo<\/th>\n<th style='padding: 10px; border: 1px solid rgba(150&comma; 150&comma; 150&comma; 0.3);'>Rango de frecuencias<\/th>\n<th style='padding: 10px; border: 1px solid rgba(150&comma; 150&comma; 150&comma; 0.3);'>Dimensiones (mm)<\/th>\n<\/tr>\n<\/thead>\n<tbody>\n<tr style='background-color: #a7e8ff;'>\n<td style='padding: 8px; border: 1px solid rgba(150&comma; 150&comma; 150&comma; 0.3);'><\/td>\n<td style='padding: 8px; border: 1px solid rgba(150&comma; 150&comma; 150&comma; 0.3); text-align: center;'><strong>VHF<\/strong><\/td>\n<td style='padding: 8px; border: 1px solid rgba(150&comma; 150&comma; 150&comma; 0.3);'><\/td>\n<\/tr>\n<tr>\n<td style='padding: 8px; border: 1px solid rgba(150&comma; 150&comma; 150&comma; 0.3);'><a href='https:\/\/www.syscom.mx\/producto\/epcom_industrial-sys-1533-1-31865.html' target='_blank' rel='noopener' style='color: inherit; text-decoration: underline;'>SYS-1533-1<\/a><\/td>\n<td style='padding: 8px; border: 1px solid rgba(150&comma; 150&comma; 150&comma; 0.3); text-align: center;'>136-148 MHz<\/td>\n<td style='padding: 8px; border: 1px solid rgba(150&comma; 150&comma; 150&comma; 0.3); text-align: center;'>159 X 31.8 X 216<\/td>\n<\/tr>\n<tr>\n<td style='padding: 8px; border: 1px solid rgba(150&comma; 150&comma; 150&comma; 0.3);'><a href='https:\/\/www.syscom.mx\/producto\/SYS-1533-2-EPCOM-INDUSTRIAL-31870.html' target='_blank' rel='noopener' style='color: inherit; text-decoration: underline;'>SYS-1533-2<\/a><\/td>\n<td style='padding: 8px; border: 1px solid rgba(150&comma; 150&comma; 150&comma; 0.3); text-align: center;'>148-160 MHz<\/td>\n<td style='padding: 8px; border: 1px solid rgba(150&comma; 150&comma; 150&comma; 0.3); text-align: center;'>159 X 31.8 X 216<\/td>\n<\/tr>\n<tr>\n<td style='padding: 8px; border: 1px solid rgba(150&comma; 150&comma; 150&comma; 0.3);'><a href='https:\/\/www.syscom.mx\/producto\/SYS-1533-3-EPCOM-INDUSTRIAL-31876.html' target='_blank' rel='noopener' style='color: inherit; text-decoration: underline;'>SYS-1533-3<\/a><\/td>\n<td style='padding: 8px; border: 1px solid rgba(150&comma; 150&comma; 150&comma; 0.3); text-align: center;'>160-170 MHz<\/td>\n<td style='padding: 8px; border: 1px solid rgba(150&comma; 150&comma; 150&comma; 0.3); text-align: center;'>159 X 31.8 X 216<\/td>\n<\/tr>\n<tr style='background-color: #a7e8ff;'>\n<td style='padding: 8px; border: 1px solid rgba(150&comma; 150&comma; 150&comma; 0.3);'><\/td>\n<td style='padding: 8px; border: 1px solid rgba(150&comma; 150&comma; 150&comma; 0.3); text-align: center;'><strong>UHF<\/strong><\/td>\n<td style='padding: 8px; border: 1px solid rgba(150&comma; 150&comma; 150&comma; 0.3);'><\/td>\n<\/tr>\n<tr>\n<td style='padding: 8px; border: 1px solid rgba(150&comma; 150&comma; 150&comma; 0.3);'><a href='https:\/\/www.syscom.mx\/producto\/SYS-4533-1P-EPCOM-INDUSTRIAL-31894.html' target='_blank' rel='noopener' style='color: inherit; text-decoration: underline;'>SYS-4533-1P<\/a><\/td>\n<td style='padding: 8px; border: 1px solid rgba(150&comma; 150&comma; 150&comma; 0.3); text-align: center;'>403-430 MHz<\/td>\n<td style='padding: 8px; border: 1px solid rgba(150&comma; 150&comma; 150&comma; 0.3); text-align: center;'>159 X 31.8 X 216<\/td>\n<\/tr>\n<tr>\n<td style='padding: 8px; border: 1px solid rgba(150&comma; 150&comma; 150&comma; 0.3);'><a href='https:\/\/www.syscom.mx\/producto\/SYS-4533-2PV2-EPCOM-INDUSTRIAL-212643.html' target='_blank' rel='noopener' style='color: inherit; text-decoration: underline;'>SYS-4533-2PV2<\/a><\/td>\n<td style='padding: 8px; border: 1px solid rgba(150&comma; 150&comma; 150&comma; 0.3); text-align: center;'>440-470 MHz<\/td>\n<td style='padding: 8px; border: 1px solid rgba(150&comma; 150&comma; 150&comma; 0.3); text-align: center;'>159 X 31.8 X 216<\/td>\n<\/tr>\n<tr>\n<td style='padding: 8px; border: 1px solid rgba(150&comma; 150&comma; 150&comma; 0.3);'><a href='https:\/\/www.syscom.mx\/producto\/SYS-4533-3PV2-EPCOM-INDUSTRIAL-212644.html' target='_blank' rel='noopener' style='color: inherit; text-decoration: underline;'>SYS-4533-3PV2<\/a><\/td>\n<td style='padding: 8px; border: 1px solid rgba(150&comma; 150&comma; 150&comma; 0.3); text-align: center;'>470-490 MHz<\/td>\n<td style='padding: 8px; border: 1px solid rgba(150&comma; 150&comma; 150&comma; 0.3); text-align: center;'>159 X 31.8 X 216<\/td>\n<\/tr>\n<tr>\n<td style='padding: 8px; border: 1px solid rgba(150&comma; 150&comma; 150&comma; 0.3);'><a href='https:\/\/www.syscom.mx\/producto\/SYS-4533-4P-EPCOM-INDUSTRIAL-31918.html' target='_blank' rel='noopener' style='color: inherit; text-decoration: underline;'>SYS-4533-4P<\/a><\/td>\n<td style='padding: 8px; border: 1px solid rgba(150&comma; 150&comma; 150&comma; 0.3); text-align: center;'>490-520 MHz<\/td>\n<td style='padding: 8px; border: 1px solid rgba(150&comma; 150&comma; 150&comma; 0.3); text-align: center;'>159 X 31.8 X 216<\/td>\n<\/tr>\n<\/tbody>\n<\/table><\/div>\n<\/p><\/div>\n<\/p><\/div>\n<div style='display: flex; flex-wrap: wrap; gap: 30px; margin-bottom: 30px;'>\n<div style='flex: 1 1 300px; min-width: 280px;'>\n<h3 style='font-size: 22px; border-bottom: 2px solid currentColor; padding-bottom: 5px; margin-top: 0; color: inherit; opacity: 0.8;'>Servicio de fabricaci\u00f3n de jumpers<\/h3>\n<p style='font-size: 15px; color: inherit; text-align: justify;'>Para modelos con conector N se a\u00f1ade letra N al final del modelo. Ej. SYS-4533-1P<strong>N<\/strong><\/p>\n<p style='font-size: 15px; color: inherit;'><strong>Fabricamos Jumpers Especiales:<\/strong><\/p>\n<ul style='padding-left: 20px; font-size: 14px; color: inherit;'>\n<li style='margin-bottom: 5px;'>Cualquier cable&comma; cualquier longitud&comma; cualquier conector&comma; cualquier cantidad.<\/li>\n<li style='margin-bottom: 5px;'>M\u00e1quinas especializadas y una gran experiencia de nuestro personal nos permiten fabricar sus &#8216;puentes&#8217; de cable coaxial en forma profesional&comma; con una gran presentaci\u00f3n&comma; calidad y confiabilidad a un precio reducido.<\/li>\n<li style='margin-bottom: 5px;'>Solo usamos cables y conectores de la m\u00e1s alta calidad.<\/li>\n<\/ul>\n<p style='font-size: 15px; color: inherit;'><em><strong>Perm\u00edtanos cotizarle. \u00a1Ll\u00e1menos!<\/strong><\/em><\/p>\n<\/p><\/div>\n<\/p><\/div>\n<div style='display: flex; flex-wrap: wrap; gap: 30px; margin-bottom: 30px; justify-content: center;'>\n<div style='flex: 1 1 300px; min-width: 280px;'> <img style='width: 100%; height: auto; border: 1px solid rgba(150&comma;150&comma;150&comma;0.3); border-radius: 8px;' src='http:\/\/ftp3.syscom.mx\/usuarios\/dcarreon\/IMPRESOS\/LOGO_epcom%20industrial.jpg' alt='Logo EPCOM industrial'> <\/div>\n<\/p><\/div>\n<hr style='border: 0; border-top: 1px solid rgba(150&comma; 150&comma; 150&comma; 0.3); margin: 30px 0;'> <\/div>\n","protected":false},"excerpt":{"rendered":"<p>Duplexer SYSCOM en UHF, 6 Cav. 403-430 MHz, 50 Watt, 15MHz Sep. Rechazo de Banda, BNC Hembras.<\/p>\n","protected":false},"featured_media":63833,"comment_status":"open","ping_status":"closed","template":"","meta":[],"product_brand":[],"product_cat":[1759],"product_tag":[1760,181,1660],"class_list":{"0":"post-63834","1":"product","2":"type-product","3":"status-publish","4":"has-post-thumbnail","6":"product_cat-duplexers","7":"product_tag-duplexers","8":"product_tag-epcom-industrial","9":"product_tag-filtros-y-sistemas-en-rf","11":"first","12":"outofstock","13":"sale","14":"shipping-taxable","15":"purchasable","16":"product-type-simple"},"_links":{"self":[{"href":"https:\/\/soydeaqui.ddns.net\/pachuca\/index.php\/wp-json\/wp\/v2\/product\/63834","targetHints":{"allow":["GET"]}}],"collection":[{"href":"https:\/\/soydeaqui.ddns.net\/pachuca\/index.php\/wp-json\/wp\/v2\/product"}],"about":[{"href":"https:\/\/soydeaqui.ddns.net\/pachuca\/index.php\/wp-json\/wp\/v2\/types\/product"}],"replies":[{"embeddable":true,"href":"https:\/\/soydeaqui.ddns.net\/pachuca\/index.php\/wp-json\/wp\/v2\/comments?post=63834"}],"wp:featuredmedia":[{"embeddable":true,"href":"https:\/\/soydeaqui.ddns.net\/pachuca\/index.php\/wp-json\/wp\/v2\/media\/63833"}],"wp:attachment":[{"href":"https:\/\/soydeaqui.ddns.net\/pachuca\/index.php\/wp-json\/wp\/v2\/media?parent=63834"}],"wp:term":[{"taxonomy":"product_brand","embeddable":true,"href":"https:\/\/soydeaqui.ddns.net\/pachuca\/index.php\/wp-json\/wp\/v2\/product_brand?post=63834"},{"taxonomy":"product_cat","embeddable":true,"href":"https:\/\/soydeaqui.ddns.net\/pachuca\/index.php\/wp-json\/wp\/v2\/product_cat?post=63834"},{"taxonomy":"product_tag","embeddable":true,"href":"https:\/\/soydeaqui.ddns.net\/pachuca\/index.php\/wp-json\/wp\/v2\/product_tag?post=63834"}],"curies":[{"name":"wp","href":"https:\/\/api.w.org\/{rel}","templated":true}]}}