{"id":63775,"date":"2026-03-19T07:25:43","date_gmt":"2026-03-19T07:25:43","guid":{"rendered":"https:\/\/soydeaqui.ddns.net\/pachuca\/index.php\/producto\/atenuador-en-linea-de-10-db-1-w-cd-6-ghz-conectores-n-macho-hembra\/"},"modified":"2026-03-19T07:25:44","modified_gmt":"2026-03-19T07:25:44","slug":"atenuador-en-linea-de-10-db-1-w-cd-6-ghz-conectores-n-macho-hembra","status":"publish","type":"product","link":"https:\/\/soydeaqui.ddns.net\/pachuca\/index.php\/producto\/atenuador-en-linea-de-10-db-1-w-cd-6-ghz-conectores-n-macho-hembra\/","title":{"rendered":"Atenuador en L\u00ednea de 10 dB, 1 W, CD-6 GHz, Conectores N Macho-Hembra."},"content":{"rendered":"<div style='width: 100%; max-width: 1200px; margin: 0 auto; font-family: sans-serif; line-height: 1.6; color: inherit; background-color: transparent;'>\n<div style='display: flex; flex-wrap: wrap; gap: 30px; margin-bottom: 30px;'>\n<div style='flex: 1 1 300px; min-width: 280px;'>\n<h3 style='font-size: 22px; border-bottom: 2px solid currentColor; padding-bottom: 5px; margin-top: 0; color: inherit; opacity: 0.8;'>Caracter\u00edsticas Principales<\/h3>\n<ul style='padding-left: 20px; font-size: 15px; color: inherit;'>\n<li style='margin-bottom: 5px;'>Banda ancha de cobertura: DC a 6000 MHz<\/li>\n<li style='margin-bottom: 5px;'>Clasificaci\u00f3n de potencia: 1W<\/li>\n<li style='margin-bottom: 5px;'>Construcci\u00f3n r\u00edgida monol\u00edtica<\/li>\n<li style='margin-bottom: 5px;'>Disponibilidad inmediata<\/li>\n<li style='margin-bottom: 5px;'>Costo muy bajo<\/li>\n<li style='margin-bottom: 5px;'>Conectores N tipo UNAT-10+<\/li>\n<\/ul>\n<\/div>\n<div style='flex: 1 1 300px; min-width: 280px;'>\n<h3 style='font-size: 22px; border-bottom: 2px solid currentColor; padding-bottom: 5px; margin-top: 0; color: inherit; opacity: 0.8;'>Aplicaciones<\/h3>\n<ul style='padding-left: 20px; font-size: 15px; color: inherit;'>\n<li style='margin-bottom: 5px;'>Ajuste de nivel de se\u00f1al<\/li>\n<li style='margin-bottom: 5px;'>Apareamiento de impedancia<\/li>\n<li style='margin-bottom: 5px;'>Cumple con RoHS<\/li>\n<\/ul>\n<\/div>\n<\/div>\n<div style='display: flex; flex-wrap: wrap; gap: 20px; margin-bottom: 30px;'>\n<div style='flex: 1 1 250px; border: 1px solid rgba(150&comma; 150&comma; 150&comma; 0.4); border-radius: 8px; overflow: hidden; display: flex; flex-direction: column;'>\n<div style='padding: 15px; border-bottom: 1px solid rgba(150&comma; 150&comma; 150&comma; 0.2); font-weight: bold; font-size: 18px; color: inherit;'>Especificaciones El\u00e9ctricas<\/div>\n<div style='padding: 15px; color: inherit;'>\n<ul style='padding-left: 20px; margin: 0; font-size: 14px; list-style-type: disc;'>\n<li style='margin-bottom: 5px;'><strong>Rango de frecuencia:<\/strong> DC-6000 MHz<\/li>\n<li style='margin-bottom: 5px;'><strong>Atenuaci\u00f3n:<\/strong> 10\u00b10.3 dB<\/li>\n<li style='margin-bottom: 5px;'><strong>Flatness:<\/strong> 0.10 dB (DC-3 GHz)&comma; 0.20 dB (3-4.5 GHz)&comma; 0.20 dB (4.5-6 GHz)<\/li>\n<li style='margin-bottom: 5px;'><strong>VSWR:<\/strong> 1.15:1 (DC-3 GHz)&comma; 1.25:1 (3-4.5 GHz)&comma; 1.50:1 (4.5-6 GHz)<\/li>\n<li style='margin-bottom: 5px;'><strong>Potencia m\u00e1xima:<\/strong> 1W<\/li>\n<li style='margin-bottom: 5px;'><strong>Impedancia:<\/strong> 50\u03a9<\/li>\n<\/ul>\n<\/div>\n<\/div>\n<div style='flex: 1 1 250px; border: 1px solid rgba(150&comma; 150&comma; 150&comma; 0.4); border-radius: 8px; overflow: hidden; display: flex; flex-direction: column;'>\n<div style='padding: 15px; border-bottom: 1px solid rgba(150&comma; 150&comma; 150&comma; 0.2); font-weight: bold; font-size: 18px; color: inherit;'>Especificaciones Mec\u00e1nicas<\/div>\n<div style='padding: 15px; color: inherit;'>\n<ul style='padding-left: 20px; margin: 0; font-size: 14px; list-style-type: disc;'>\n<li style='margin-bottom: 5px;'><strong>Tipo de conector:<\/strong> N Macho-Hembra<\/li>\n<li style='margin-bottom: 5px;'><strong>Estilo de carcasa:<\/strong> FF779<\/li>\n<li style='margin-bottom: 5px;'><strong>Peso:<\/strong> 72.5 gramos<\/li>\n<\/ul>\n<\/div>\n<\/div>\n<div style='flex: 1 1 250px; border: 1px solid rgba(150&comma; 150&comma; 150&comma; 0.4); border-radius: 8px; overflow: hidden; display: flex; flex-direction: column;'>\n<div style='padding: 15px; border-bottom: 1px solid rgba(150&comma; 150&comma; 150&comma; 0.2); font-weight: bold; font-size: 18px; color: inherit;'>Rango de Temperatura<\/div>\n<div style='padding: 15px; color: inherit;'>\n<ul style='padding-left: 20px; margin: 0; font-size: 14px; list-style-type: disc;'>\n<li style='margin-bottom: 5px;'><strong>Operaci\u00f3n:<\/strong> -45\u00b0C a 100\u00b0C<\/li>\n<li style='margin-bottom: 5px;'><strong>Almacenamiento:<\/strong> -55\u00b0C a 100\u00b0C<\/li>\n<\/ul>\n<\/div>\n<\/div>\n<\/div>\n<div style='display: flex; flex-wrap: wrap; gap: 20px; margin-bottom: 30px;'>\n<div style='flex: 1 1 250px; border: 1px solid rgba(150&comma; 150&comma; 150&comma; 0.4); border-radius: 8px; overflow: hidden; display: flex; flex-direction: column;'>\n<div style='padding: 15px; border-bottom: 1px solid rgba(150&comma; 150&comma; 150&comma; 0.2); font-weight: bold; font-size: 18px; color: inherit;'>Atenuaci\u00f3n vs Frecuencia<\/div>\n<div style='padding: 15px; color: inherit;'>\n<ul style='padding-left: 20px; margin: 0; font-size: 14px; list-style-type: disc;'>\n<li style='margin-bottom: 5px;'><strong>10 MHz:<\/strong> 9.98 dB<\/li>\n<li style='margin-bottom: 5px;'><strong>50 MHz:<\/strong> 10.00 dB<\/li>\n<li style='margin-bottom: 5px;'><strong>100 MHz:<\/strong> 10.04 dB<\/li>\n<li style='margin-bottom: 5px;'><strong>500 MHz:<\/strong> 10.08 dB<\/li>\n<li style='margin-bottom: 5px;'><strong>1000 MHz:<\/strong> 10.07 dB<\/li>\n<\/ul>\n<\/div>\n<\/div>\n<div style='flex: 1 1 250px; border: 1px solid rgba(150&comma; 150&comma; 150&comma; 0.4); border-radius: 8px; overflow: hidden; display: flex; flex-direction: column;'>\n<div style='padding: 15px; border-bottom: 1px solid rgba(150&comma; 150&comma; 150&comma; 0.2); font-weight: bold; font-size: 18px; color: inherit;'>VSWR vs Frecuencia<\/div>\n<div style='padding: 15px; color: inherit;'>\n<ul style='padding-left: 20px; margin: 0; font-size: 14px; list-style-type: disc;'>\n<li style='margin-bottom: 5px;'><strong>10 MHz:<\/strong> 1.00:1<\/li>\n<li style='margin-bottom: 5px;'><strong>50 MHz:<\/strong> 1.00:1<\/li>\n<li style='margin-bottom: 5px;'><strong>100 MHz:<\/strong> 1.00:1<\/li>\n<li style='margin-bottom: 5px;'><strong>500 MHz:<\/strong> 1.01:1<\/li>\n<li style='margin-bottom: 5px;'><strong>1000 MHz:<\/strong> 1.02:1<\/li>\n<\/ul>\n<\/div>\n<\/div>\n<\/div>\n<div style='display: flex; flex-wrap: wrap; gap: 20px; margin-bottom: 30px;'>\n<div style='flex: 1 1 250px; border: 1px solid rgba(150&comma; 150&comma; 150&comma; 0.4); border-radius: 8px; overflow: hidden; display: flex; flex-direction: column;'>\n<div style='padding: 15px; border-bottom: 1px solid rgba(150&comma; 150&comma; 150&comma; 0.2); font-weight: bold; font-size: 18px; color: inherit;'>Notas<\/div>\n<div style='padding: 15px; color: inherit;'>\n<ul style='padding-left: 20px; margin: 0; font-size: 14px; list-style-type: disc;'>\n<li style='margin-bottom: 5px;'>La variaci\u00f3n de atenuaci\u00f3n es de m\u00e1ximo 0.3 dB sobre temperatura<\/li>\n<li style='margin-bottom: 5px;'>Flatness= variaci\u00f3n sobre banda dividida entre 2<\/li>\n<li style='margin-bottom: 5px;'>Los da\u00f1os permanentes pueden ocurrir si se exceden los l\u00edmites m\u00e1ximos<\/li>\n<\/ul>\n<\/div>\n<\/div>\n<\/div>\n<hr style='border: 0; border-top: 1px solid rgba(150&comma; 150&comma; 150&comma; 0.3); margin: 30px 0;' \/><\/div>\n","protected":false},"excerpt":{"rendered":"<p>Atenuador en L\u00ednea de 10 dB, 1 W, CD-6 GHz, Conectores N Macho-Hembra.<\/p>\n","protected":false},"featured_media":63774,"comment_status":"open","ping_status":"closed","template":"","meta":[],"product_brand":[],"product_cat":[1904],"product_tag":[1905,931,1720],"class_list":{"0":"post-63775","1":"product","2":"type-product","3":"status-publish","4":"has-post-thumbnail","6":"product_cat-atenuadores","7":"product_tag-atenuadores","8":"product_tag-equipo-de-laboratorio","9":"product_tag-mini-circuits","11":"first","12":"outofstock","13":"sale","14":"shipping-taxable","15":"purchasable","16":"product-type-simple"},"_links":{"self":[{"href":"https:\/\/soydeaqui.ddns.net\/pachuca\/index.php\/wp-json\/wp\/v2\/product\/63775","targetHints":{"allow":["GET"]}}],"collection":[{"href":"https:\/\/soydeaqui.ddns.net\/pachuca\/index.php\/wp-json\/wp\/v2\/product"}],"about":[{"href":"https:\/\/soydeaqui.ddns.net\/pachuca\/index.php\/wp-json\/wp\/v2\/types\/product"}],"replies":[{"embeddable":true,"href":"https:\/\/soydeaqui.ddns.net\/pachuca\/index.php\/wp-json\/wp\/v2\/comments?post=63775"}],"wp:featuredmedia":[{"embeddable":true,"href":"https:\/\/soydeaqui.ddns.net\/pachuca\/index.php\/wp-json\/wp\/v2\/media\/63774"}],"wp:attachment":[{"href":"https:\/\/soydeaqui.ddns.net\/pachuca\/index.php\/wp-json\/wp\/v2\/media?parent=63775"}],"wp:term":[{"taxonomy":"product_brand","embeddable":true,"href":"https:\/\/soydeaqui.ddns.net\/pachuca\/index.php\/wp-json\/wp\/v2\/product_brand?post=63775"},{"taxonomy":"product_cat","embeddable":true,"href":"https:\/\/soydeaqui.ddns.net\/pachuca\/index.php\/wp-json\/wp\/v2\/product_cat?post=63775"},{"taxonomy":"product_tag","embeddable":true,"href":"https:\/\/soydeaqui.ddns.net\/pachuca\/index.php\/wp-json\/wp\/v2\/product_tag?post=63775"}],"curies":[{"name":"wp","href":"https:\/\/api.w.org\/{rel}","templated":true}]}}