{"id":63768,"date":"2026-03-19T07:25:29","date_gmt":"2026-03-19T07:25:29","guid":{"rendered":"https:\/\/soydeaqui.ddns.net\/pachuca\/index.php\/producto\/estabilizador-de-torre-para-tramos-stz-35g-galvanizado-por-inmersion-en-caliente\/"},"modified":"2026-03-19T07:25:30","modified_gmt":"2026-03-19T07:25:30","slug":"estabilizador-de-torre-para-tramos-stz-35g-galvanizado-por-inmersion-en-caliente","status":"publish","type":"product","link":"https:\/\/soydeaqui.ddns.net\/pachuca\/index.php\/producto\/estabilizador-de-torre-para-tramos-stz-35g-galvanizado-por-inmersion-en-caliente\/","title":{"rendered":"Estabilizador de Torre para Tramos STZ-35G Galvanizado por Inmersi\u00f3n en Caliente."},"content":{"rendered":"<div style='width: 100%; max-width: 1200px; margin: 0 auto; font-family: sans-serif; line-height: 1.6; color: inherit; background-color: transparent;'>\n<div style='display: flex; flex-wrap: wrap; gap: 30px; margin-bottom: 30px;'>\n<div style='flex: 1 1 300px; min-width: 280px;'>\n<h3 style='font-size: 22px; border-bottom: 2px solid currentColor; padding-bottom: 5px; margin-top: 0; color: inherit; opacity: 0.8;'>Descripci\u00f3n<\/h3>\n<p style='font-size: 15px; color: inherit;'> <img style='width: 250px; height: 27px;' src='https:\/\/ftp3.syscom.mx\/usuarios\/fotos\/logo_cover.png' alt='SYSCOM' \/> <\/p>\n<p> Un estabilizador o brazo antitorsi\u00f3n como tambi\u00e9n es conocido&comma; es un elemento destinado a sujetar la torre en una altura determinada para evitar el movimiento a causa de fuertes corrientes de viento. <\/p>\n<p> A diferencia de una brida (que se sujeta en un punto por cada cara de la torre) un estabilizador se sujeta en dos puntos por cara&comma; es decir&comma; en una misma altura existen 6 puntos de sujeci\u00f3n&comma; lo que evita torsi\u00f3n excesiva en la torre y una mejor rigidez en la estructura. <\/p>\n<\/p><\/div>\n<\/p><\/div>\n<div style='display: flex; flex-wrap: wrap; gap: 30px; margin-bottom: 30px;'>\n<div style='flex: 1 1 300px; min-width: 280px;'>\n<h3 style='font-size: 22px; border-bottom: 2px solid currentColor; padding-bottom: 5px; margin-top: 0; color: inherit; opacity: 0.8;'>Aplicaciones<\/h3>\n<p style='font-size: 15px; color: inherit;'> <strong>\u00bfCu\u00e1ndo se instala un estabilizador?<\/strong> <\/p>\n<p> Un estabilizador no es una pieza obligatoria dentro del armado de una torre tipica. Generalmente un estabilizador se instala cuando: <br \/> &#8211; Se tiene una antena de gran superficie de arrastre (igual o mayor a 1m de di\u00e1metro).<br \/> &#8211; Cuando existen concetraciones de vientos debido al relieve o condiciones de la zona.<br \/> &#8211; En enlaces inal\u00e1mbricos de alta presici\u00f3n. <\/p>\n<p> De igual forma se recomienda sustituir la instalaci\u00f3n de una brida cuando se agrega un estabilizador&comma; ya que recordemos que entre m\u00e1s cables pongamos a la torre&comma; m\u00e1s pesada ser\u00e1 y mas carga estaremos entregando al suelo. <\/p>\n<\/p><\/div>\n<\/p><\/div>\n<div style='display: flex; flex-wrap: wrap; gap: 30px; margin-bottom: 30px;'>\n<div style='flex: 1 1 300px; min-width: 280px;'>\n<h3 style='font-size: 22px; border-bottom: 2px solid currentColor; padding-bottom: 5px; margin-top: 0; color: inherit; opacity: 0.8;'>Especificaciones T\u00e9cnicas<\/h3>\n<ul style='padding-left: 20px; font-size: 15px; color: inherit;'>\n<li style='margin-bottom: 5px;'><strong>Material:<\/strong> Acero galvanizado por inmersi\u00f3n en caliente.<\/li>\n<li style='margin-bottom: 5px;'><strong>Compatible con tramo:<\/strong> STZ-35G.<\/li>\n<li style='margin-bottom: 5px;'><strong>Ancho de cara:<\/strong> 70 cm.<\/li>\n<li style='margin-bottom: 5px;'><strong>Peso:<\/strong> 12.80 Kg.<\/li>\n<\/ul><\/div>\n<\/p><\/div>\n<div style='display: flex; flex-wrap: wrap; gap: 30px; margin-bottom: 30px;'>\n<div style='flex: 1 1 300px; min-width: 280px;'>\n<h3 style='font-size: 22px; border-bottom: 2px solid currentColor; padding-bottom: 5px; margin-top: 0; color: inherit; opacity: 0.8;'>Contenido del Paquete<\/h3>\n<ul style='padding-left: 20px; font-size: 15px; color: inherit;'>\n<li style='margin-bottom: 5px;'>3 &#8211; Brackets de sujeci\u00f3n (Ara\u00f1as) con tuercas.<\/li>\n<li style='margin-bottom: 5px;'>3 &#8211; Esquineros<\/li>\n<li style='margin-bottom: 5px;'>3 &#8211; Canales<\/li>\n<li style='margin-bottom: 5px;'>24 &#8211; Tornillos de armado con tuerca de seguridad.<\/li>\n<\/ul><\/div>\n<\/p><\/div>\n<div style='display: flex; flex-wrap: wrap; gap: 30px; margin-bottom: 30px;'>\n<div style='flex: 1 1 300px; min-width: 280px;'>\n<h3 style='font-size: 22px; border-bottom: 2px solid currentColor; padding-bottom: 5px; margin-top: 0; color: inherit; opacity: 0.8;'>Certificaciones<\/h3>\n<p style='font-size: 15px; color: inherit;'> <span style='color: #ff0000;'>Producto Elaborado Bajo Normas ISO 9000<\/span> <\/p>\n<\/p><\/div>\n<\/p><\/div>\n<div style='display: flex; flex-wrap: wrap; gap: 30px; margin-bottom: 30px;'>\n<div style='flex: 1 1 300px; min-width: 280px;'>\n<h3 style='font-size: 22px; border-bottom: 2px solid currentColor; padding-bottom: 5px; margin-top: 0; color: inherit; opacity: 0.8;'>Instalaci\u00f3n<\/h3>\n<p style='font-size: 15px; color: inherit;'> <strong>Imagen t\u00edpica de instalaci\u00f3n.<\/strong> <\/p>\n<p> <img style='width: 100%; height: auto; border: 1px solid rgba(150&comma;150&comma;150&comma;0.3); border-radius: 8px;' src='https:\/\/ftp3.syscom.mx\/usuarios\/fotos\/SEST30G\/29655-estabilizador_2.jpg' alt='' \/> <\/p>\n<\/p><\/div>\n<\/p><\/div>\n<\/p><\/div>\n","protected":false},"excerpt":{"rendered":"<p>Estabilizador de Torre para Tramos STZ-35G Galvanizado por Inmersi\u00f3n en Caliente.<\/p>\n","protected":false},"featured_media":62291,"comment_status":"open","ping_status":"closed","template":"","meta":[],"product_brand":[],"product_cat":[589],"product_tag":[590,733,246],"class_list":{"0":"post-63768","1":"product","2":"type-product","3":"status-publish","4":"has-post-thumbnail","6":"product_cat-accesorios-para-torres-arriostradas","7":"product_tag-accesorios-para-torres-arriostradas","8":"product_tag-syscom-towers","9":"product_tag-torres-y-mastiles","11":"first","12":"outofstock","13":"sale","14":"shipping-taxable","15":"purchasable","16":"product-type-simple"},"_links":{"self":[{"href":"https:\/\/soydeaqui.ddns.net\/pachuca\/index.php\/wp-json\/wp\/v2\/product\/63768","targetHints":{"allow":["GET"]}}],"collection":[{"href":"https:\/\/soydeaqui.ddns.net\/pachuca\/index.php\/wp-json\/wp\/v2\/product"}],"about":[{"href":"https:\/\/soydeaqui.ddns.net\/pachuca\/index.php\/wp-json\/wp\/v2\/types\/product"}],"replies":[{"embeddable":true,"href":"https:\/\/soydeaqui.ddns.net\/pachuca\/index.php\/wp-json\/wp\/v2\/comments?post=63768"}],"wp:featuredmedia":[{"embeddable":true,"href":"https:\/\/soydeaqui.ddns.net\/pachuca\/index.php\/wp-json\/wp\/v2\/media\/62291"}],"wp:attachment":[{"href":"https:\/\/soydeaqui.ddns.net\/pachuca\/index.php\/wp-json\/wp\/v2\/media?parent=63768"}],"wp:term":[{"taxonomy":"product_brand","embeddable":true,"href":"https:\/\/soydeaqui.ddns.net\/pachuca\/index.php\/wp-json\/wp\/v2\/product_brand?post=63768"},{"taxonomy":"product_cat","embeddable":true,"href":"https:\/\/soydeaqui.ddns.net\/pachuca\/index.php\/wp-json\/wp\/v2\/product_cat?post=63768"},{"taxonomy":"product_tag","embeddable":true,"href":"https:\/\/soydeaqui.ddns.net\/pachuca\/index.php\/wp-json\/wp\/v2\/product_tag?post=63768"}],"curies":[{"name":"wp","href":"https:\/\/api.w.org\/{rel}","templated":true}]}}