{"id":63750,"date":"2026-03-19T07:24:56","date_gmt":"2026-03-19T07:24:56","guid":{"rendered":"https:\/\/soydeaqui.ddns.net\/pachuca\/index.php\/producto\/software-para-localizacion-gps\/"},"modified":"2026-03-19T07:24:57","modified_gmt":"2026-03-19T07:24:57","slug":"software-para-localizacion-gps","status":"publish","type":"product","link":"https:\/\/soydeaqui.ddns.net\/pachuca\/index.php\/producto\/software-para-localizacion-gps\/","title":{"rendered":"Software para Localizaci\u00f3n GPS."},"content":{"rendered":"<div style='width: 100%; max-width: 1200px; margin: 0 auto; font-family: sans-serif; line-height: 1.6; color: inherit; background-color: transparent;'> <!-- Secci\u00f3n principal --> <\/p>\n<div style='display: flex; flex-wrap: wrap; gap: 30px; margin-bottom: 30px;'>\n<div style='flex: 1 1 300px; min-width: 280px;'>\n<h3 style='font-size: 22px; border-bottom: 2px solid currentColor; padding-bottom: 5px; margin-top: 0; color: inherit; opacity: 0.8;'>Descripci\u00f3n<\/h3>\n<p style='font-size: 15px; color: inherit; margin-top: 10px;'> Esta nueva versi\u00f3n de software para localizaci\u00f3n y despacho cubre las necesidades que demanda el mercado actual no limita el alcance de cubertura para env\u00edo de mensajes aprovechando la infraestructura de tecnolog\u00edas existentes (telefon\u00eda celular\/ internet) y complement\u00e1ndolas a los equipos de radio anal\u00f3gicos (FleetSync) y digitales (NXDN) KENWOOD. <\/p>\n<p style='font-size: 15px; color: inherit; margin-top: 10px;'> Versi\u00f3n Web haciendo uso de la plataforma de google maps para mostrar las localizaciones. <\/p>\n<\/p><\/div>\n<\/p><\/div>\n<p> <!-- Caracter\u00edsticas principales --> <\/p>\n<div style='display: flex; flex-wrap: wrap; gap: 20px; margin-bottom: 30px;'>\n<div style='flex: 1 1 250px; border: 1px solid rgba(150&comma; 150&comma; 150&comma; 0.4); border-radius: 8px; overflow: hidden; display: flex; flex-direction: column;'>\n<div style='padding: 15px; border-bottom: 1px solid rgba(150&comma; 150&comma; 150&comma; 0.2); font-weight: bold; font-size: 18px; color: inherit;'>Vistas de Mapa<\/div>\n<div style='padding: 15px; color: inherit;'>\n<ul style='padding-left: 20px; margin: 0; font-size: 14px; list-style-type: disc;'>\n<li style='margin-bottom: 5px;'>Relieve<\/li>\n<li style='margin-bottom: 5px;'>Mapa<\/li>\n<li style='margin-bottom: 5px;'>Satelital<\/li>\n<li style='margin-bottom: 5px;'>H\u00edbrido<\/li>\n<\/ul><\/div>\n<\/p><\/div>\n<div style='flex: 1 1 250px; border: 1px solid rgba(150&comma; 150&comma; 150&comma; 0.4); border-radius: 8px; overflow: hidden; display: flex; flex-direction: column;'>\n<div style='padding: 15px; border-bottom: 1px solid rgba(150&comma; 150&comma; 150&comma; 0.2); font-weight: bold; font-size: 18px; color: inherit;'>Tipos de Localizaci\u00f3n<\/div>\n<div style='padding: 15px; color: inherit;'>\n<ul style='padding-left: 20px; margin: 0; font-size: 14px; list-style-type: disc;'>\n<li style='margin-bottom: 5px;'>V\u00eda PTT (1)<\/li>\n<li style='margin-bottom: 5px;'>Espec\u00edfica<\/li>\n<li style='margin-bottom: 5px;'>Autom\u00e1tica<\/li>\n<\/ul><\/div>\n<\/p><\/div>\n<div style='flex: 1 1 250px; border: 1px solid rgba(150&comma; 150&comma; 150&comma; 0.4); border-radius: 8px; overflow: hidden; display: flex; flex-direction: column;'>\n<div style='padding: 15px; border-bottom: 1px solid rgba(150&comma; 150&comma; 150&comma; 0.2); font-weight: bold; font-size: 18px; color: inherit;'>Funcionalidades<\/div>\n<div style='padding: 15px; color: inherit;'>\n<ul style='padding-left: 20px; margin: 0; font-size: 14px; list-style-type: disc;'>\n<li style='margin-bottom: 5px;'>Manejo de historiales y recorridos<\/li>\n<li style='margin-bottom: 5px;'>M\u00f3dulo de emergencia<\/li>\n<li style='margin-bottom: 5px;'>Puntos de inter\u00e9s<\/li>\n<li style='margin-bottom: 5px;'>Geocercas<\/li>\n<li style='margin-bottom: 5px;'>Alertas por exceso de velocidad<\/li>\n<li style='margin-bottom: 5px;'>Alertas por entrada\/salida de geocercas<\/li>\n<li style='margin-bottom: 5px;'>Activaci\u00f3n de salidas de relevador (3)<\/li>\n<li style='margin-bottom: 5px;'>Bit\u00e1cora de eventos<\/li>\n<li style='margin-bottom: 5px;'>Bit\u00e1cora gr\u00e1fica de localizaciones<\/li>\n<li style='margin-bottom: 5px;'>Vista a nivel de calle<\/li>\n<\/ul><\/div>\n<\/p><\/div>\n<div style='flex: 1 1 250px; border: 1px solid rgba(150&comma; 150&comma; 150&comma; 0.4); border-radius: 8px; overflow: hidden; display: flex; flex-direction: column;'>\n<div style='padding: 15px; border-bottom: 1px solid rgba(150&comma; 150&comma; 150&comma; 0.2); font-weight: bold; font-size: 18px; color: inherit;'>Comunicaci\u00f3n<\/div>\n<div style='padding: 15px; color: inherit;'>\n<ul style='padding-left: 20px; margin: 0; font-size: 14px; list-style-type: disc;'>\n<li style='margin-bottom: 5px;'>Alertas por correo electr\u00f3nico y\/o SMS (4)<\/li>\n<li style='margin-bottom: 5px;'>Manejo de cuentas de usuario<\/li>\n<li style='margin-bottom: 5px;'>Env\u00edo de mensajes&comma; activaci\u00f3n de relevador y uso de funciones de Radio Kill desde celular (5)<\/li>\n<\/ul><\/div>\n<\/p><\/div>\n<\/p><\/div>\n<p> <!-- M\u00f3dulo de administraci\u00f3n --> <\/p>\n<div style='display: flex; flex-wrap: wrap; gap: 30px; margin-bottom: 30px;'>\n<div style='flex: 1 1 300px; min-width: 280px;'>\n<h3 style='font-size: 22px; border-bottom: 2px solid currentColor; padding-bottom: 5px; margin-top: 0; color: inherit; opacity: 0.8;'>M\u00f3dulo de Administraci\u00f3n<\/h3>\n<ul style='padding-left: 20px; font-size: 15px; color: inherit; margin-top: 10px;'>\n<li style='margin-bottom: 5px;'>Llamada selectiva<\/li>\n<li style='margin-bottom: 5px;'>Mensaje de status<\/li>\n<li style='margin-bottom: 5px;'>Mensaje personalizado<\/li>\n<li style='margin-bottom: 5px;'>Radio Kill<\/li>\n<li style='margin-bottom: 5px;'>Radio Esp\u00eda (NXDN)<\/li>\n<\/ul><\/div>\n<\/p><\/div>\n<p> <!-- Requerimientos --> <\/p>\n<div style='display: flex; flex-wrap: wrap; gap: 20px; margin-bottom: 30px;'>\n<div style='flex: 1 1 250px; border: 1px solid rgba(150&comma; 150&comma; 150&comma; 0.4); border-radius: 8px; overflow: hidden; display: flex; flex-direction: column;'>\n<div style='padding: 15px; border-bottom: 1px solid rgba(150&comma; 150&comma; 150&comma; 0.2); font-weight: bold; font-size: 18px; color: inherit;'>Requerimientos<\/div>\n<div style='padding: 15px; color: inherit;'>\n<ul style='padding-left: 20px; margin: 0; font-size: 14px; list-style-type: disc;'>\n<li style='margin-bottom: 5px;'>Compatible con Windows XP&comma; Windows 7&comma; Windows 8&comma; Windows 10<\/li>\n<li style='margin-bottom: 5px;'>4 GB de memoria RAM<\/li>\n<li style='margin-bottom: 5px;'>JAVA<\/li>\n<li style='margin-bottom: 5px;'>MYSQL como motor de base de datos<\/li>\n<li style='margin-bottom: 5px;'>Apache Tomcat<\/li>\n<li style='margin-bottom: 5px;'>Mozilla Firefox<\/li>\n<li style='margin-bottom: 5px;'>Conexi\u00f3n permanente a internet de Banda Ancha<\/li>\n<li style='margin-bottom: 5px;'>Contrataci\u00f3n de IP p\u00fablica fija<\/li>\n<\/ul><\/div>\n<\/p><\/div>\n<div style='flex: 1 1 250px; border: 1px solid rgba(150&comma; 150&comma; 150&comma; 0.4); border-radius: 8px; overflow: hidden; display: flex; flex-direction: column;'>\n<div style='padding: 15px; border-bottom: 1px solid rgba(150&comma; 150&comma; 150&comma; 0.2); font-weight: bold; font-size: 18px; color: inherit;'>Se\u00f1alizaciones<\/div>\n<div style='padding: 15px; color: inherit;'>\n<ul style='padding-left: 20px; margin: 0; font-size: 14px; list-style-type: disc;'>\n<li style='margin-bottom: 5px;'>FleetSync<\/li>\n<li style='margin-bottom: 5px;'>NXDN<\/li>\n<\/ul><\/div>\n<\/p><\/div>\n<\/p><\/div>\n<p> <!-- Radios compatibles --> <\/p>\n<div style='display: flex; flex-wrap: wrap; gap: 20px; margin-bottom: 30px;'>\n<div style='flex: 1 1 250px; border: 1px solid rgba(150&comma; 150&comma; 150&comma; 0.4); border-radius: 8px; overflow: hidden; display: flex; flex-direction: column;'>\n<div style='padding: 15px; border-bottom: 1px solid rgba(150&comma; 150&comma; 150&comma; 0.2); font-weight: bold; font-size: 18px; color: inherit;'>KENWOOD An\u00e1logos<\/div>\n<div style='padding: 15px; color: inherit;'>\n<ul style='padding-left: 20px; margin: 0; font-size: 14px; list-style-type: disc;'>\n<li style='margin-bottom: 5px;'>Radio Base: TK-7180\/ 8180K. TK-7360\/ 8360K (requiere SKRR-360PC)<\/li>\n<li style='margin-bottom: 5px;'>Remotos: TK-7302\/ 8302\/ 7360 Antena GPS: GM-158-DB15 (no requiere arn\u00e9s)<\/li>\n<li style='margin-bottom: 5px;'>Remotos: Serie 80&comma; 150&comma; 160 \u00f3 180 Antena GPS: GM-158-DB9<\/li>\n<li style='margin-bottom: 5px;'>Remotos: 2312\/ 3312 Antena GPS: KMC-48-GPS<\/li>\n<\/ul><\/div>\n<\/p><\/div>\n<div style='flex: 1 1 250px; border: 1px solid rgba(150&comma; 150&comma; 150&comma; 0.4); border-radius: 8px; overflow: hidden; display: flex; flex-direction: column;'>\n<div style='padding: 15px; border-bottom: 1px solid rgba(150&comma; 150&comma; 150&comma; 0.2); font-weight: bold; font-size: 18px; color: inherit;'>KENWOOD Digitales<\/div>\n<div style='padding: 15px; color: inherit;'>\n<ul style='padding-left: 20px; margin: 0; font-size: 14px; list-style-type: disc;'>\n<li style='margin-bottom: 5px;'>Radio Base: NX-700\/ 800<\/li>\n<li style='margin-bottom: 5px;'>Remotos: NX-700\/ 800 Antena GPS: GM-158-DB9<\/li>\n<li style='margin-bottom: 5px;'>Remotos: NX-200\/ 300 Micr\u00f3fono GPS: KMC-47GPS<\/li>\n<li style='margin-bottom: 5px;'>Remotos: NX-220\/ 320 Micr\u00f3fono GPS: KMC-48GPS<\/li>\n<\/ul><\/div>\n<\/p><\/div>\n<\/p><\/div>\n<p> <!-- Notas importantes --> <\/p>\n<div style='display: flex; flex-wrap: wrap; gap: 30px; margin-bottom: 30px;'>\n<div style='flex: 1 1 300px; min-width: 280px;'>\n<h3 style='font-size: 22px; border-bottom: 2px solid currentColor; padding-bottom: 5px; margin-top: 0; color: inherit; opacity: 0.8;'>Notas Importantes<\/h3>\n<p style='font-size: 15px; color: inherit; margin-top: 10px;'> La antena GPS modelo GM-158-DB9 requiere del arn\u00e9s SKRR-180-GPSDC. <\/p>\n<p style='font-size: 15px; color: inherit; margin-top: 10px;'> Preguntar al Dpto. de Ingenier\u00eda por el arn\u00e9s correspondiente para cada uno de los radios. <\/p>\n<\/p><\/div>\n<\/p><\/div>\n<p> <!-- Notas adicionales --> <\/p>\n<div style='display: flex; flex-wrap: wrap; gap: 30px; margin-bottom: 30px;'>\n<div style='flex: 1 1 300px; min-width: 280px;'>\n<h3 style='font-size: 22px; border-bottom: 2px solid currentColor; padding-bottom: 5px; margin-top: 0; color: inherit; opacity: 0.8;'>Notas Adicionales<\/h3>\n<ul style='padding-left: 20px; font-size: 15px; color: inherit; margin-top: 10px;'>\n<li style='margin-bottom: 5px;'>1. Opcional seg\u00fan el radio remoto<\/li>\n<li style='margin-bottom: 5px;'>2. Las especificaciones del m\u00f3dulo de administraci\u00f3n var\u00edan seg\u00fan caracter\u00edsticas de radio remoto<\/li>\n<li style='margin-bottom: 5px;'>3. El software activa\/desactiva una salida de 5V a la cual hay que acoplar el m\u00f3dulo de relevadores (no incluido)<\/li>\n<li style='margin-bottom: 5px;'>4. Para el env\u00edo de alertas por SMS se requiere tel\u00e9fono celular con saldo y bluetooth<\/li>\n<li style='margin-bottom: 5px;'>5. Tel\u00e9fonos celulares con sistema operativo Symbian<\/li>\n<\/ul><\/div>\n<\/p><\/div>\n<p> <!-- Separador final --> <\/p>\n<hr style='border: 0; border-top: 1px solid rgba(150&comma; 150&comma; 150&comma; 0.3); margin: 30px 0;'> <\/div>\n","protected":false},"excerpt":{"rendered":"<p>Software para Localizaci\u00f3n GPS.<\/p>\n","protected":false},"featured_media":63749,"comment_status":"open","ping_status":"closed","template":"","meta":[],"product_brand":[],"product_cat":[1629],"product_tag":[1517,1602,63],"class_list":{"0":"post-63750","1":"product","2":"type-product","3":"status-publish","4":"has-post-thumbnail","6":"product_cat-programacion-y-software-accesorios-para-icom","7":"product_tag-accesorios-para-icom","8":"product_tag-programacion-y-software","9":"product_tag-syscom","11":"first","12":"outofstock","13":"sale","14":"shipping-taxable","15":"purchasable","16":"product-type-simple"},"_links":{"self":[{"href":"https:\/\/soydeaqui.ddns.net\/pachuca\/index.php\/wp-json\/wp\/v2\/product\/63750","targetHints":{"allow":["GET"]}}],"collection":[{"href":"https:\/\/soydeaqui.ddns.net\/pachuca\/index.php\/wp-json\/wp\/v2\/product"}],"about":[{"href":"https:\/\/soydeaqui.ddns.net\/pachuca\/index.php\/wp-json\/wp\/v2\/types\/product"}],"replies":[{"embeddable":true,"href":"https:\/\/soydeaqui.ddns.net\/pachuca\/index.php\/wp-json\/wp\/v2\/comments?post=63750"}],"wp:featuredmedia":[{"embeddable":true,"href":"https:\/\/soydeaqui.ddns.net\/pachuca\/index.php\/wp-json\/wp\/v2\/media\/63749"}],"wp:attachment":[{"href":"https:\/\/soydeaqui.ddns.net\/pachuca\/index.php\/wp-json\/wp\/v2\/media?parent=63750"}],"wp:term":[{"taxonomy":"product_brand","embeddable":true,"href":"https:\/\/soydeaqui.ddns.net\/pachuca\/index.php\/wp-json\/wp\/v2\/product_brand?post=63750"},{"taxonomy":"product_cat","embeddable":true,"href":"https:\/\/soydeaqui.ddns.net\/pachuca\/index.php\/wp-json\/wp\/v2\/product_cat?post=63750"},{"taxonomy":"product_tag","embeddable":true,"href":"https:\/\/soydeaqui.ddns.net\/pachuca\/index.php\/wp-json\/wp\/v2\/product_tag?post=63750"}],"curies":[{"name":"wp","href":"https:\/\/api.w.org\/{rel}","templated":true}]}}