{"id":63721,"date":"2026-03-19T07:23:57","date_gmt":"2026-03-19T07:23:57","guid":{"rendered":"https:\/\/soydeaqui.ddns.net\/pachuca\/index.php\/producto\/boton-ptt-remoto-de-barril-con-conector-de-2-5-mm\/"},"modified":"2026-03-19T07:23:59","modified_gmt":"2026-03-19T07:23:59","slug":"boton-ptt-remoto-de-barril-con-conector-de-2-5-mm","status":"publish","type":"product","link":"https:\/\/soydeaqui.ddns.net\/pachuca\/index.php\/producto\/boton-ptt-remoto-de-barril-con-conector-de-2-5-mm\/","title":{"rendered":"Bot\u00f3n PTT Remoto de barril con conector de 2.5 mm"},"content":{"rendered":"<div style='width: 100%; max-width: 1200px; margin: 0 auto; font-family: sans-serif; line-height: 1.6; color: inherit; background-color: transparent;'>\n<div style='display: flex; flex-wrap: wrap; gap: 30px; margin-bottom: 30px;'>\n<div style='flex: 1 1 300px; min-width: 280px;'>\n<h3 style='font-size: 22px; border-bottom: 2px solid currentColor; padding-bottom: 5px; margin-top: 0; color: inherit; opacity: 0.8;'>Descripci\u00f3n<\/h3>\n<ul style='padding-left: 20px; font-size: 15px; color: inherit;'>\n<li style='margin-bottom: 5px;'><strong>Bot\u00f3n de PTT Remoto<\/strong> con conector de 2.5 mm<\/li>\n<li style='margin-bottom: 5px;'>Dise\u00f1o extensible para operaciones ergon\u00f3micas&comma; f\u00e1ciles y c\u00f3modas<\/li>\n<li style='margin-bottom: 5px;'>Ideal para operaciones que requieren mantener las manos libres<\/li>\n<\/ul><\/div>\n<\/p><\/div>\n<p> <!-- Separador --> <\/p>\n<hr style='border: 0; border-top: 1px solid rgba(150&comma; 150&comma; 150&comma; 0.3); margin: 30px 0;'> <\/div>\n","protected":false},"excerpt":{"rendered":"<p>Bot\u00f3n PTT Remoto de barril con conector de 2.5 mm<\/p>\n","protected":false},"featured_media":63720,"comment_status":"open","ping_status":"closed","template":"","meta":[],"product_brand":[],"product_cat":[1855],"product_tag":[1585,1856,751],"class_list":{"0":"post-63721","1":"product","2":"type-product","3":"status-publish","4":"has-post-thumbnail","6":"product_cat-otto-pryme","7":"product_tag-otto","8":"product_tag-otto-pryme","9":"product_tag-refacciones","11":"first","12":"outofstock","13":"sale","14":"shipping-taxable","15":"purchasable","16":"product-type-simple"},"_links":{"self":[{"href":"https:\/\/soydeaqui.ddns.net\/pachuca\/index.php\/wp-json\/wp\/v2\/product\/63721","targetHints":{"allow":["GET"]}}],"collection":[{"href":"https:\/\/soydeaqui.ddns.net\/pachuca\/index.php\/wp-json\/wp\/v2\/product"}],"about":[{"href":"https:\/\/soydeaqui.ddns.net\/pachuca\/index.php\/wp-json\/wp\/v2\/types\/product"}],"replies":[{"embeddable":true,"href":"https:\/\/soydeaqui.ddns.net\/pachuca\/index.php\/wp-json\/wp\/v2\/comments?post=63721"}],"wp:featuredmedia":[{"embeddable":true,"href":"https:\/\/soydeaqui.ddns.net\/pachuca\/index.php\/wp-json\/wp\/v2\/media\/63720"}],"wp:attachment":[{"href":"https:\/\/soydeaqui.ddns.net\/pachuca\/index.php\/wp-json\/wp\/v2\/media?parent=63721"}],"wp:term":[{"taxonomy":"product_brand","embeddable":true,"href":"https:\/\/soydeaqui.ddns.net\/pachuca\/index.php\/wp-json\/wp\/v2\/product_brand?post=63721"},{"taxonomy":"product_cat","embeddable":true,"href":"https:\/\/soydeaqui.ddns.net\/pachuca\/index.php\/wp-json\/wp\/v2\/product_cat?post=63721"},{"taxonomy":"product_tag","embeddable":true,"href":"https:\/\/soydeaqui.ddns.net\/pachuca\/index.php\/wp-json\/wp\/v2\/product_tag?post=63721"}],"curies":[{"name":"wp","href":"https:\/\/api.w.org\/{rel}","templated":true}]}}