{"id":63717,"date":"2026-03-19T07:23:51","date_gmt":"2026-03-19T07:23:51","guid":{"rendered":"https:\/\/soydeaqui.ddns.net\/pachuca\/index.php\/producto\/diodo-shottky-40v-3a-smd-to-252\/"},"modified":"2026-03-19T07:23:52","modified_gmt":"2026-03-19T07:23:52","slug":"diodo-shottky-40v-3a-smd-to-252","status":"publish","type":"product","link":"https:\/\/soydeaqui.ddns.net\/pachuca\/index.php\/producto\/diodo-shottky-40v-3a-smd-to-252\/","title":{"rendered":"Diodo Shottky 40V 3A, SMD, TO-252"},"content":{"rendered":"<p><img style='display: block; margin-left: auto; margin-right: auto;' src='data:image\/png;base64&comma;iVBORw0KGgoAAAANSUhEUgAAAT8AAACACAIAAADyL\/noAAAUkElEQVR4Ae2de1RTV77HT0QMIGBFrZbqTCsIgky5cmnxxRS1PkC01Wnlih1bvYPVatG7bHXsS5fPrmpRbKv2pSy17ai1XWum12pLeIPyFHmIFCjBWhQirxBCkhPwtvd0tse9d5JzgsIGfln5Y599vvu3f\/n8zjfnGeBuwwsIAIHeSYDrnWlD1kAACNwG98JGAAR6KwFr7u3o6DCbzTy8gAAQ6HYCZrO5o6PD+vcK3b2dnZ3g226vF0wIBHACZrO5s7PTkofp7gXr4hRhGQj0EAGz2SzDvR0dHT2UJ0wLBIAAhYClQ2jKvhd2vBR+0AUEeo6Apd0vxb09lyTMDASAAJ0A9eAZ3EuHBb1AgCkC4F6mygHJAAEZBMC9MmCBFAgwRQDcy1Q5IBkgIIMAuFcGLJACAaYIgHuZKgckAwRkEAD3yoAFUiDAFAFwL1PlgGSAgAwC4F4ZsEAKBJgiAO5lqhyQDBCQQQDcKwMWSIEAUwTAvUyVA5IBAjIIgHtlwAIpEGCKALiXqXJAMkBABgFwrwxYIAUCTBEA9zJVDkgGCMggAO6VAQukQIApAuBepsoByQABGQTAvTJggRQIMEUA3MtUOSAZICCDALhXBiyQAgGmCIB7mSoHJAMEZBAA98qABVIgwBQBcC9T5YBkgIAMAuBeGbBACgSYIgDuZaockAwQkEEA3CsDFkiBAFMEwL1MlQOSAQIyCIB7ZcACKRBgigC4l6lyQDJAQAYBcK8MWCAFAkwRAPcyVQ5IBgjIIADulQELpECAKQLgXqbKAckAARkE+qN7a2pqVqxYERAQMFb+y9\/fX6vV8jx\/6tQpS6NfffVVKxVYu3YtdeATTzzR2NiIDfzkk0+mTZvm4+NDHWK98+TJk1g0YbG5uXnbtm0TJ0709va2HgFbGx4eTg1YUFAQFRXl7++P6W0uTpgwYc2aNQaDgQyr1WptDu+KICAgYPPmzUajEU29evXq6dOnh4aGFhcXo07GG\/3LvZWVlTNnzhwwYABn7yspKUmoaH19vaOjIzXM8OHDqVuk0WhcsmQJdcijjz5aXl4u3lZ27Njx4IMPUsVSOqdPny7eNIXIer1+zZo17u7uUiJgGkdHx5ycHHGGPM9nZWWFhIQoFApMLGvR09Pz5s2bWOTi4mJZQewTjx8\/XqfT8Ty\/ZcuW999\/PyoqKi4uLjo6mkSHpcfIYj9y7xdffPHAAw\/YV2Zh1NNPPy2u67PPPmsp2ldffYUVWK\/XR0ZGUvWBgYFqtRrpm5ubw8LCqEqJnc7OzleuXEEBhUZZWdn48eMlRiBlsbGxWMA9e\/Y4OzuTSjt6Fi1ahAWPjo62I44dQ6Kiokwmk4eHR0ZGxtq1a1evXr1v377S0lIsHzYX+4t7ExISHBwc7KguGuLm5tbe3i6u4qlTp9BarIFtjk1NTVOnTsU0wuLUqVNv3LiBwmo0Gn9\/f6pSeufevXtRQKFRWVk5YsQI6REwpa+vr3C+gMK+9dZbXdzlYlO0tLSg4HV1ddja+7fo6enJ8\/yMGTMSExNPnz4dHx\/\/8ssvNzQ0oGRYbvQL9+bn53dxL+Hg4PD1119jhdRoNIMGDaJuWB4eHnq9XtDX1dX5+flRZWFhYc3NzSisXq+fO3cuVSm9Mzg4GPuWMRgMI0eOlB4BUw4YMOCHH35ASfI8f\/bs2S5+FWJTcBxXX1+Ppvj2229JwX3qGTFiBM\/zLS0t8+fPj4uLW7Vq1YcffogyYbzRL9xbVlaW07VXYWEhtZBWIqOdVXl5uaXJsdNjrVZrSSm9n9xvNDY2Sh9OKsmrOPn5+aSsiz3iUxK1Wt3FaNKHFxQUoMpi33qon9lGv3Avs\/QhMSDQFQLg3q7Qg7FAoCcJ9H335uXlZdj1KiwsROeuVkpUW1srK7xwi4IMeOvWLVlxkDgzM1N83Usc2WQyIZm4cenSJbFMeru1tVUcB7Vra2ulBMnNzUVDUOPChQvisRcvXkSrUKOoqEisEdpqtRoJxI22tjZMbDAYxALUvnz5MqbsXYt9372TJk2y+4KHk5NTWFhYXV2dlaIWFRVJj3\/kyBFLobKysqTHwZQKhcLT0zMhIQELXl5ejimFxZdeeglTSlzcuHEjGXDQoEG3bt2yGaGurm7gwIHk8J07d6Kxubm5pIDjuN27dyMNaoSEhFDF4guBgtjS3WNqWBSf\/Ubfd69arZ49e3ZXrpEGBQVZKaROp7P02IZ42xowYMDp06etxDEajbt37x4+fLh4lNx2WlqaeIq4uDgygkKhKCsrE8sktpubm52cnMiAoaGhUiKsWLGCHDtw4MCmpiY0nPrtwHEcue81Go2urq5kQOxenRA5JiaGVLq6uoqnRjn0okbfd69QjIaGhtTU1EOHDm3YsGHBggUTJkxwcXEhK2qpJzk52UpR33jjDUsDhX6lUvn9999biYBWGY3GkpKSU6dObd++\/cUXXwwNDX344YetBxevnThxIgql1+tHjRolXiu0g4ODkUZWIy0tjYzGcdwHH3wgJQ71i2nMmDEmk0kYbjKZHnnkEXKKxx9\/nIwfHx9PKh0cHK5du4aJNRoN9et17ty5mLLXLfYX91ILU1NTk5iYuG\/fvpiYmNDQ0MGDB5MbhNCzbds2agShs66uzsrTl0OGDMnPz7cy3OaqlpaWvLy8zz\/\/fPPmzQsXLhw7dqyVJyXQeXV6ejr14+zatcvmjFTB0qVLyYBubm7iBy2oA3mer6yspCI6evQoGnL+\/HkyPsdxJ06cQBqhYTKZHnroIVI8bNgw9F2Ahli6e3zs2DGk6aWNfu1erGZNTU0+Pj7kNsFx3DvvvIOJxYsGg2Ho0KHUgSNGjKipqRGL70n78OHD1OkcHBzQlbb169eTGkdHR\/vyqa2tpdovKipKyieaNWsWmYy7u7t47OLFi0mNQqEgd6fNzc3U3em6devEAYU29QFV8eM05JDe0gPuvatSO3bsoG5ANneemzZtIge6ubmhZzbumqbLC0ajkXrkP2PGDCF2a2srVTBv3jz7Jj9+\/Dj5ATmOIx9BI+P\/+qsmqvMnTZqExO3t7dRD6zlz5iANamzYsIFMZtCgQSTtmpoaUslxXExMDIrWexvg3ju102q11J8x+Pj43BHRWiaTafTo0eRWMm3aNJr8HvQdOHCAnI7juJSUFCH6mTNnqILXXnvNvunnzJlDDWjzgf5f4Xz66afkWIVCoVKpUDJHjhwhNRzHZWdnI43Q0Ol0VKW\/vz+m5Hn+0KFDVLHEyxBkQKZ6+qZ729rajsl8xcfHDxs2jFrpjz76yHrNmpubqfdCsDuZ1CBZWVkyMz0WHh5O3ZW5u7ujw+Z169ZRP8uv1963bt0qcUZ047S1tdXSmXZgYODRo0ctBUxISIiMjKSOxa7kW7qxR\/7muaKigvrR9u\/fTxKm3lUaPXo0eXpMjmW\/p2+6d\/v27dQC29EZGRkpfgSXWlHqfmPMmDFUsbizra3Nvl\/bkh\/EwcGhuroaBX\/uuedIjawe8dXgqqoqWWNtil1cXKqqqlC2BoOB+jOS5cuXIw1qWLp4hr65kLKwsJD6xWH9GiQazn6jD7o3JyeHuie0uUmRgilTpth8DqG9vZ16yWrZsmXWy28ymah7BjINmz0DBw787rvvxNPFxsbaHGVdIA6o1WrvFVKO4xwdHc+dOyfOdufOnWQyCoWCvMBWX19PPe6YNWuWOKDQpl6M4DjO7kfNyCl6tqevuVev1wcFBZGbgh090dHRGo3GZnmoB3IKhaKkpMT62G+++Ya6IcpNddiwYdgv+HieT0xMlBtHrHdyckKHzcKnuFc\/l\/f09EQn54gP9Tbv4MGDyR\/9nDt3Tpwnan\/55ZcoGmqMGzcOCVDj17+JY\/NgCkVgvNHX3Eu9aIwqJ7Hh5+d34sQJiTWmHqU\/9thj1gtfX1\/f9b2Zi4vLqlWrrl+\/Tp3r7bfflvh5SdnkyZOxmDU1NYGBgaRSeo9SqYyNjSX\/CE5jYyP19s\/rr7+O5cDz\/MyZM8kZR44cif3Wkuf55ORkUslxXB+4zYuw9Cn3arXaRYsWhdv7WrBgwSuvvHL+\/HnplzRMJtPixYvJCW0+fnTw4EFylPSe6Ojo+Ph40gmorkIjJydn5cqVERER0iMLyry8PCwUz\/M6ne7gwYPUz2slfkRExNKlSw8ePEg+fixMceLECXL4vHnzyPPYxsZGUhkeHk59\/mTfvn1UMXn3mPykvaWnT7m3t0CHPIHAPSEA7r0nGCEIEOgBAuDeHoAOUwKBe0IA3HtPMEIQINADBMC9PQAdpgQC94QAuPeeYJQXpF3TkDw0IPmBCXLf6Y9O5o2myq1xFwKeShkeKGt49Xsfy9IjsfrAkdRRQWhReuPSguWX5i+Xrk97OLjo+VjTv\/+Srjym\/VIN7u2Bstd\/n6pSetnxrt770eW\/rLRjYKbvkzlTnrFjoErpVb5xp50DN+1SOXnLHVsas7EHStI7pwT39kDdCiKWyd2mVUqvlKEB9d+l2OEHldLrxpmzKR5\/smPSgohleTOi7BiY\/MCEyq1xdgzM8LpfP8zqgUrf5ynBvfcZMBFeV30N36adx6V4BKB3srsfLvj\/HfXF4HmZftOpq1RKr9SH\/tPSKpXzuMrt8dhaNJ3QwNaixV+On0ly9UWLQiNl6J1sUzwCkocGYAKV0qv4hfXZIQvI\/iRXX\/HUSYN9ME2mbxjBDDroBMC9dC73r\/fnI\/\/AttfiZetN+najTie8TQZD+aZdmEal9Kre+xHZKfQUPvM3Y6uOtJmw9mJQePofQsRj0x+dwptMd2bUt2tUGclD\/MUaldIryXlc6cq\/452uvu2aBqNO91uENr1Rp2tIz8E0KqVX1Y4DeKeTd9X2+PaGJjSvUduaMXYqJit+4X\/uH\/w+Fhnc270FNZlyJj+Nba+axIxLC1agzrynlpgMxiSXu3ZKaZ7B1w4eQxpxo2Du87oqtclgTBn+mLj\/97aTd+PFS0mD79p\/Fi9bX3vyn0ic5DJOf6PuYnAE6hEaJcs3ZAU8hXX+vujkrVP\/nP7HSdS1KR5\/uvLyG9iqHze\/c+Pkv2we+WuSMru3JL14NnBvtxav+VIJtk2rnLz1dRqxV0tXvKqO\/wyTVby151Lki1inSumVP+f5lpKrSS6\/\/fWPvJn\/RQouBkdozqVg\/U25l7P8Z6DOZHd\/3fValfPdV5icvduu19K\/EZRehU\/\/940z\/4siYI1rh48XzHke62z98afKrfsy\/cKEd+rIIEygUnpljofDZhkbJLhXBqyuSyve3ottsuV\/31216\/3ipbHq\/Z+p93924+S\/dFU1YjOrlF4ZY6fqb9ZnjgvFxubPim7KvSwc8d44c7b2H3d2p0jZUnTl6votaFGl9LoYFN5SVJY6KqhoydqiJWtLVryqU\/9MXpq68vLrt5Izk93Gi8eidmN2QT7hT2Ft6qig1uprmePDkPj3\/oeCKrfGVb\/3cfV7H6v3f2Zs0V6YGI5pKt7c03XI\/ScCuLdba53p+yS2vbaUXM0OmV+29s2q7fEVb7ybPzuavGqV6RtWvmk3NjD3z882ZOVl+c+4nnD6xpmzmsR0k74dP\/V18r6VegEbWLHlveo9h\/JnRVdtj6\/a9QFvNGWHzMc0KqXXj5t3p3kGk\/1CT\/utxpThgdS1aaOfKFz4N+oq1JnsNr61Uk1+0pbL+D8N79by9LbJwL3dVzFNYjrafIVG6siJrZXV2EkpplEpvUpf2oQdweZMXdiYXZDhdeeST\/IQf1O7If2RyeLhWRNmFD0fK+5RKb20VyvS\/3hH1lJ89XrCaUyT5OKj+SHN0jlqaczGmg8TsCFosebwccz2Sa6+jRfyG7Mvobe2rKJ01WY0RGjkTHmG\/\/dfZu++qvTmmcC93Ve90pWbsO01\/Q8hF\/5jDtZJLv70zodYZ+60RdhlZJWzd8Hcv6bcffPmyurXsbPZZHe\/vOl33b\/N8A4tiHgB22mneQZnPx6JTYoWc6YuTB1FOWsVBGS2SYN9CiKWFUS88Pt77l8zvKahaKhx7ePPu68YfWImcG\/3lfHyc6vQliq9kTP5meJl66XrkTLZza+5sBQtympU7zmM+Vni8AuBc6zY3loQJ2\/dT\/g\/Mem+2vTOmcC93Ve36riPrW2+Fp6drNjyXrI7fidWSpzcJ58ztbdn+vxZilisSfEIuPnPH8Q9EttJrr7aq5UpHpSHN2xGKIh8sfsq0VdmAvd2ayUvP\/tSkiv9Ki51+05yGVfx5rvUVTY71R\/89i+CdOqff3siQs7zxtlPRGLnzzbnShrsc+Gx2dqrlT+9e8immCrQfJ\/arZXoE5OBe7u7jMa2tlb1NYlv3fVafZ1GohiTmYxG9NnafrmJrbWyqNfcsrKWugr9MEh37ReqwGanyWBA2UJDIgFwr0RQIAMCzBEA9zJXEkgICEgkAO6VCApkQIA5AuBe5koCCQEBiQTAvRJBgQwIMEcA3MtcSSAhICCRALhXIiiQAQHmCIB7mSsJJAQEJBIA90oEBTIgwBwBcC9zJYGEgIBEAuBeiaBABgSYIwDuZa4kkBAQkEgA3CsRFMiAAHMEwL3MlQQSAgISCYB7JYICGRBgjgC4l7mSQEJAQCIBcK9EUCADAswRAPcyVxJICAhIJADulQgKZECAOQLgXuZKAgkBAYkEwL0SQYEMCDBHANzLXEkgISAgkQC4VyIokAEB5giAe5krCSQEBCQSAPdKBAUyIMAcAXAvcyWBhICARALgXomgQAYEmCMA7mWuJJAQEJBIANwrERTIgABzBMC9zJUEEgICEgmAeyWCAhkQYI4AuJe5kkBCQEAiAXCvRFAgAwLMEQD3MlcSSAgISCQg1b1ms1liRJABASDQDQTMZrNU93Z0dHRDQjAFEAACEgl0dHRIde\/t27dh9ysRK8iAwP0mYGnHe\/v2bY7q6c7OTjDw\/a4KxAcCNgmYzebOzk6qSS26V1B3dHSAh23yBQEQuB8EzGazpQNmZGb6vhethgYQAALMEgD3MlsaSAwI2CAA7rUBCFYDAWYJgHuZLQ0kBgRsEPg\/XZQb4J3NcH0AAAAASUVORK5CYII=' alt='' \/><\/p>\n<p><span style='font-size: 12pt; font-family: helvetica&comma; arial&comma; sans-serif;'><span style='font-family: Calibri&comma; Arial;'>Estos dispositivos de \u00faltima generaci\u00f3n est\u00e1n dise\u00f1ados para su uso como rectificadores de salida&comma; diodos de rueda libre&comma; de protecci\u00f3n y de direcci\u00f3n en fuentes de alimentaci\u00f3n conmutadas&comma; inversores y otros circuitos de conmutaci\u00f3n inductiva. <\/span><\/span><\/p>\n<p><strong><span style='font-size: 12pt; font-family: helvetica&comma; arial&comma; sans-serif;'><span style='font-family: Calibri&comma; Arial;'>CARACTERISTICAS:<\/span><\/span><\/strong><\/p>\n<ul>\n<li><span style='font-size: 12pt; font-family: helvetica&comma; arial&comma; sans-serif;'><span style='font-family: Calibri&comma; Arial;'>Conmutaci\u00f3n extremadamente r\u00e1pida<\/span><\/span><\/li>\n<li><span style='font-size: 12pt; font-family: helvetica&comma; arial&comma; sans-serif;'> Ca\u00edda hextremadamente baja<\/span><\/li>\n<li><span style='font-size: 12pt; font-family: helvetica&comma; arial&comma; sans-serif;'> Barrera de platino con protecciones de avalancha<\/span><\/li>\n<li><span style='font-size: 12pt; font-family: helvetica&comma; arial&comma; sans-serif;'>Prefijos NRVBD y SBRD para automoci\u00f3n y otras aplicaciones que requieren requisitos de cambio de control y emplazamiento \u00fanicos; Cualificado AEC-Q101 y apto para PPAP <\/span><\/li>\n<li><span style='font-size: 12pt; font-family: helvetica&comma; arial&comma; sans-serif;'>Estos dispositivos no contienen Pb&comma; hal\u00f3genos ni BFR y cumplen la directiva RoHS<\/span><\/li>\n<\/ul>\n<p><strong><span style='font-size: 12pt; font-family: helvetica&comma; arial&comma; sans-serif;'>ESPECIFICACIONES:<\/span><\/strong><\/p>\n<ul>\n<li><span style='font-size: 12pt; font-family: helvetica&comma; arial&comma; sans-serif;'>Carcasa: Epoxi&comma; moldeada Case 369C<\/span><\/li>\n<li><span style='font-size: 12pt; font-family: helvetica&comma; arial&comma; sans-serif;'>Peso: 0&comma;4 gramos (aproximadamente) <\/span><\/li>\n<li><span style='font-size: 12pt; font-family: helvetica&comma; arial&comma; sans-serif;'>Acabado: Todas las Superficies Externas Resistentes a la Corrosi\u00f3n y los Cables Terminales son F\u00e1cilmente Soldables <\/span><\/li>\n<li><span style='font-size: 12pt; font-family: helvetica&comma; arial&comma; sans-serif;'>Temperatura del Cable y de la Superficie de Montaje para Prop\u00f3sitos de Soldadura; 260\u00b0C M\u00e1x. por 10 Segundos<\/span><\/li>\n<li><span style='font-size: 12pt; font-family: helvetica&comma; arial&comma; sans-serif;'> Clasificaciones ESD: \u2666 Modelo de M\u00e1quina = C \u2666 Modelo de Cuerpo Humano = 3B<\/span><\/li>\n<\/ul>\n<p><span style='font-size: 12pt; font-family: helvetica&comma; arial&comma; sans-serif;'><img style='display: block; margin-left: auto; margin-right: auto;' src='data:image\/png;base64&comma;iVBORw0KGgoAAAANSUhEUgAAAUgAAABzCAIAAAB1vAy+AAAH9ElEQVR4Ae2dsWsUWxSHbxpBVAYEqxRBBDGNUwii1QQ700QQsdLBzofgFgo2wvwJW4ikCLJ2PlHYP2FBkNf4GOzkWaw8hYDBTOPTRInz9nl5y5JNJmP23pw7J9+y6Loze+bc7zffzOxEck3JAwIQUEfAqBsRA4IABErEZieAgEICiK0wVIYEAcRmH4CAQgKIrTBUhgQBxGYfgIBCAoitMFSGBAHEZh+AgEICiK0wVIYEAcRmH4CAQgKIrTBUhgSBumL\/3fmNJwQg4ImA8yNRXbHfZOd4QgACngggNscXCCgkICb22vJf\/\/T\/5AkBCPggICa28w1TEAIQ8Eeg7ndsfx1QGQIQcE4AsZ0jpSAE5AkgtnwGdAAB5wQQ2zlSCkJAngBiy2dABxBwTgCxnSOlIATkCSC2fAZ0AAHnBBDbOVIKQkCeAGLLZ0AHEHBOALGdI6UgBOQJILZ8BnQAAecEENs5UgpCQJ4AYstnQAcQcE4AsZ0jpSAE5AkgtnwGdAAB5wQQ2znSBhQsiiLP8wY0Sou7JYDYuyXX5M9lWRZFUZNHQO87EEDsHQA1bnGe58aY+fn5fr+\/XfNZlhlD9Nvh0fA+6WpIcXQMvV7P\/P\/IsqwoitGl9jVijzNR9o42sdfX158\/f76+vq4sp\/rDGRXbGHPo0KFOp7Pp44i9CYi+f6oS++HDh6dOnTpw4MCWp6nx8PI8b7fbWZaN7\/rjKzflnU1i25P37Oxsr9cbDqGhYne73SzLRgcyHNGWLz5+\/Pjs2bMtF6l\/U5XY3W53ZWVlZmamjtidTuf\/K9b\/\/k7TVCrsoijm5+fjOE7TtE7n1X1uKbYd6fCLd+PE7vf7URQN86oZ1vXr12dmZqpxaV2qSmwbUh2x+\/2+MWbgkr3DlKapMWZw9t77mIuiOHHihN1lp6amZmdnJ+yhQuypqanBPbMsy+7du9esm2dxHEdRNDhjl2Vpw2q1WtWgXr58eenSJcSuptSkpXXEtqfr0fvGcRwfO3Ys2fNHHMfDE5F9MWEL4wU31TfGWMMn3NCeffzMmTPGmNGvSwsLC9XGbmxsnD179tWrV9WrNWm3\/sVe9+kZ24o9+p80EHvPRP3VDdlDlT1d29271WpV\/xx+cXHx7t27RVEg9i8eEAJevc4Z235ni6LIui14KV6W5cmTJ4cn1cuXL0+ItuJS3Bhz8ODBJl6KRz8fNix7UF5YWKgAdfTo0Rs3bty8efPIkSMPHjyoWFPron16xi7LcnBLfBf3Y3zsB0VR2CPLrVu3Jq+\/ndhWaXtzrnE3z2xYURQlSWJvjlTfZez\/fLx+\/Xp6enp5eXlyqo2roFDs+hkMvmNnPx+j39\/qf9zhmtbG+j\/Iqdj0uNijStsPNk5seyButVpJkrRarWqrh3C4FB+i4IUMAU9ijytth9dEsWWCaexW9\/UZO5zUnIu9ndKIHU7oXjtBbK946xZ3KHZZlr1er\/pilTN23WAaux5iBxGdW7F3HFKe5+K3FXZskhUmIYDYk9Bz9tk9FttZ3xQKlQBiB5EMYgcRg6ImEDuIMBE7iBgUNYHYQYSJ2EHEoKgJxA4iTMQOIgZFTSB2EGEidhAxKGoCsYMIE7GDiEFRE4gdRJiIHUQMippA7CDCROwgYlDUBGIHESZiBxGDoiYQO4gwETuIGBQ1gdhBhInYQcSgqAnEDiJMxA4iBkVNIHYQYSJ2EDEoagKxgwgTsYOIQVETiB1EmIgdRAyKmkDsIMJE7CBiUNQEYgcRJmIHEYOiJhA7iDARO4gYFDWhSuyvX78+ffr00aNHjfsd8YityKkghqJK7IsXL965c2dxcXF6evrLly87Au52u2maJkkiMs\/maHuIPUqD15MTUCX2ixcvvn\/\/bmfDevv2bTUd+yt4B5Oz2jnfak65XF1z10sRe9fo+OCWBFSJXZbl+\/fv79+\/Pzc3t7GxseWA7Zt5nhtjhhO7yU7KZ38TuDHGyRQ\/FaNm0f4hoE3sXq83NzeXpum3b98qUmy328aY0d+qH8fx4cOHh7NeirxYWlqq6JlFEKhPQJvYduQXLlx48uRJBQU7FevwDGlnbzt+\/Lido0\/kzyRJ3r17V9EziyBQn4AesT9\/\/nzt2rW1tbWyLK9cufL48eMKCsP5se1sOONTq1d8lkUQCJ+AHrHLsrx9+\/b58+evXr16+vTpT58+VdPfND82U95U42JpswioEnvg9urq6ocPH378+FEnhsEVeKfTabfbeZ7XWZ91INAUAtrEbgp3+oSAVwKI7RUvxSEgQwCxZbizVQh4JYDYXvFSHAIyBBBbhjtbhYBXAojtFS\/FISBDALFluLNVCHglgNhe8VIcAjIEEFuGO1uFgFcCiO0VL8UhIEMAsWW4s1UIeCWA2F7xUhwCMgQQW4Y7W4WAVwKI7RUvxSEgQwCxZbizVQh4JYDYXvFSHAIyBBBbhjtbhYBXAojtFS\/FISBDALFluLNVCHglgNhe8VIcAjIE6oq9+sfvK70lnhCAgA8Czu2vK\/ab7BxPCEDAEwHE5vgCAYUExMT2cflBTQhAwBIQE9v5hikIAQj4I1D3O7a\/DqgMAQg4J4DYzpFSEALyBBBbPgM6gIBzAojtHCkFISBPALHlM6ADCDgngNjOkVIQAvIEEFs+AzqAgHMCiO0cKQUhIE8AseUzoAMIOCeA2M6RUhAC8gQQWz4DOoCAcwKI7RwpBSEgTwCx5TOgAwg4J\/Av7I9hUNftFGEAAAAASUVORK5CYII=' alt='' \/><\/span><\/p>\n","protected":false},"excerpt":{"rendered":"<p>Diodo Shottky 40V 3A, SMD, TO-252<\/p>\n","protected":false},"featured_media":63716,"comment_status":"open","ping_status":"closed","template":"","meta":[],"product_brand":[],"product_cat":[1501],"product_tag":[1502,751,547],"class_list":{"0":"post-63717","1":"product","2":"type-product","3":"status-publish","4":"has-post-thumbnail","6":"product_cat-miscelaneo","7":"product_tag-miscelaneo","8":"product_tag-refacciones","9":"product_tag-syscom-parts","11":"first","12":"instock","13":"sale","14":"shipping-taxable","15":"purchasable","16":"product-type-simple"},"_links":{"self":[{"href":"https:\/\/soydeaqui.ddns.net\/pachuca\/index.php\/wp-json\/wp\/v2\/product\/63717","targetHints":{"allow":["GET"]}}],"collection":[{"href":"https:\/\/soydeaqui.ddns.net\/pachuca\/index.php\/wp-json\/wp\/v2\/product"}],"about":[{"href":"https:\/\/soydeaqui.ddns.net\/pachuca\/index.php\/wp-json\/wp\/v2\/types\/product"}],"replies":[{"embeddable":true,"href":"https:\/\/soydeaqui.ddns.net\/pachuca\/index.php\/wp-json\/wp\/v2\/comments?post=63717"}],"wp:featuredmedia":[{"embeddable":true,"href":"https:\/\/soydeaqui.ddns.net\/pachuca\/index.php\/wp-json\/wp\/v2\/media\/63716"}],"wp:attachment":[{"href":"https:\/\/soydeaqui.ddns.net\/pachuca\/index.php\/wp-json\/wp\/v2\/media?parent=63717"}],"wp:term":[{"taxonomy":"product_brand","embeddable":true,"href":"https:\/\/soydeaqui.ddns.net\/pachuca\/index.php\/wp-json\/wp\/v2\/product_brand?post=63717"},{"taxonomy":"product_cat","embeddable":true,"href":"https:\/\/soydeaqui.ddns.net\/pachuca\/index.php\/wp-json\/wp\/v2\/product_cat?post=63717"},{"taxonomy":"product_tag","embeddable":true,"href":"https:\/\/soydeaqui.ddns.net\/pachuca\/index.php\/wp-json\/wp\/v2\/product_tag?post=63717"}],"curies":[{"name":"wp","href":"https:\/\/api.w.org\/{rel}","templated":true}]}}