{"id":63684,"date":"2026-03-19T07:22:37","date_gmt":"2026-03-19T07:22:37","guid":{"rendered":"https:\/\/soydeaqui.ddns.net\/pachuca\/index.php\/producto\/microfono-bocina-para-intemperie-para-kenwood-tk3230-2000-3000-3402-3312-3360-3170nx240-340-220-320-420-tkd240-340-tx500-600-320-680\/"},"modified":"2026-03-19T07:22:47","modified_gmt":"2026-03-19T07:22:47","slug":"microfono-bocina-para-intemperie-para-kenwood-tk3230-2000-3000-3402-3312-3360-3170nx240-340-220-320-420-tkd240-340-tx500-600-320-680","status":"publish","type":"product","link":"https:\/\/soydeaqui.ddns.net\/pachuca\/index.php\/producto\/microfono-bocina-para-intemperie-para-kenwood-tk3230-2000-3000-3402-3312-3360-3170nx240-340-220-320-420-tkd240-340-tx500-600-320-680\/","title":{"rendered":"Micr\u00f3fono &#8211; bocina para intemperie para KENWOOD TK3230\/2000\/ 3000\/3402\/3312\/3360\/3170,NX240\/340\/220\/320\/420, TKD240\/340, TX500\/600\/320\/680"},"content":{"rendered":"<div style='width: 100%; max-width: 1200px; margin: 0 auto; font-family: sans-serif; line-height: 1.6; color: inherit; background-color: transparent;'>\n<div style='display: flex; flex-wrap: wrap; gap: 30px; margin-bottom: 30px;'>\n<div style='flex: 1 1 300px; min-width: 280px;'>\n<h3 style='font-size: 22px; border-bottom: 2px solid currentColor; padding-bottom: 5px; margin-top: 0; color: inherit; opacity: 0.8;'>Descripci\u00f3n<\/h3>\n<p style='margin-top: 0; font-size: 15px; color: inherit;'>Es una versi\u00f3n mejorada e impermeable de nuestro Micr\u00f3fono-Bocina serie Titanium. Est\u00e1 sellado para prevenir que el polvo y la humedad entren al micr\u00f3fono.<\/p>\n<p style='font-size: 15px; color: inherit;'>\u2022 Una versi\u00f3n para intemperie de nuestro Micr\u00f3fono-Bocina.<\/p>\n<ul style='padding-left: 20px; font-size: 15px; color: inherit;'>\n<li style='margin-bottom: 5px;'>clip rotativo 360\u00b0<\/li>\n<li style='margin-bottom: 5px;'>Cables reforzados con Kevlar<\/li>\n<li style='margin-bottom: 5px;'>Cable terso de PU color satinado es m\u00e1s terso&comma; no se enreda y de grado m\u00e9dico&comma; m\u00e1s flexible no se deforma aunque le jallen constantemente&comma; no irrita y c\u00f3modo de usar.<\/li>\n<li style='margin-bottom: 5px;'>40 kg resultado de la prueba de jal\u00f3n del cable.<\/li>\n<li style='margin-bottom: 5px;'>retr\u00e1ctil: vuelve a su estado original<\/li>\n<li style='margin-bottom: 5px;'>Con doble troquelado en el lado del conector reforzado en el PTT y bocina.<\/li>\n<\/ul><\/div>\n<div style='flex: 1 1 300px; min-width: 280px;'>\n<h3 style='font-size: 22px; border-bottom: 2px solid currentColor; padding-bottom: 5px; margin-top: 0; color: inherit; opacity: 0.8;'>Especificaciones<\/h3>\n<ul style='padding-left: 20px; font-size: 15px; color: inherit;'>\n<li style='margin-bottom: 5px;'><strong>Compatibilidad:<\/strong> KENWOOD TK3230\/2000\/3000\/3402\/3312\/3360\/3170\/NX240\/340\/220\/320\/420\/TKD240\/340\/TX500\/600\/320\/680<\/li>\n<li style='margin-bottom: 5px;'><strong>Protecci\u00f3n:<\/strong> Norma IP54 \u2013 sellado contra polvo y l\u00edquido<\/li>\n<li style='margin-bottom: 5px;'><strong>Bot\u00f3n PTT:<\/strong> F\u00e1cil de operar incluso al traer guantes en bajas temperaturas<\/li>\n<\/ul>\n<p style='margin-top: 20px; font-size: 15px; color: inherit;'><strong>Conector:<\/strong> K01<\/p>\n<\/p><\/div>\n<\/p><\/div>\n<div style='display: grid; grid-template-columns: repeat(auto-fit&comma; minmax(280px&comma; 1fr)); gap: 20px; margin-bottom: 30px;'>\n<div style='width: 100%;'> <img style='width: 100%; height: auto; border: 1px solid rgba(150&comma;150&comma;150&comma;0.3); border-radius: 8px;' src='http:\/\/ftp3.syscom.mx\/usuarios\/fotos\/TX308K01\/67321-tx-308_esp_1.png' alt=''> <\/div>\n<div style='width: 100%;'> <img style='width: 100%; height: auto; border: 1px solid rgba(150&comma;150&comma;150&comma;0.3); border-radius: 8px;' src='http:\/\/ftp3.syscom.mx\/usuarios\/fotos\/TX302K01\/67304-k01.jpg' alt=''> <\/div>\n<\/p><\/div>\n<hr style='border: 0; border-top: 1px solid rgba(150&comma; 150&comma; 150&comma; 0.3); margin: 30px 0;'> <\/div>\n","protected":false},"excerpt":{"rendered":"<p>Micr\u00f3fono &#8211; bocina para intemperie para KENWOOD TK3230\/2000\/ 3000\/3402\/3312\/3360\/3170,NX240\/340\/220\/320\/420, TKD240\/340, TX500\/600\/320\/680<\/p>\n","protected":false},"featured_media":63683,"comment_status":"open","ping_status":"closed","template":"","meta":[],"product_brand":[],"product_cat":[1578],"product_tag":[1579,1568,560],"class_list":{"0":"post-63684","1":"product","2":"type-product","3":"status-publish","4":"has-post-thumbnail","6":"product_cat-microfono-bocina-accesorios-para-kenwood","7":"product_tag-accesorios-para-kenwood","8":"product_tag-microfono-bocina","9":"product_tag-txpro","11":"first","12":"instock","13":"sale","14":"shipping-taxable","15":"purchasable","16":"product-type-simple"},"_links":{"self":[{"href":"https:\/\/soydeaqui.ddns.net\/pachuca\/index.php\/wp-json\/wp\/v2\/product\/63684","targetHints":{"allow":["GET"]}}],"collection":[{"href":"https:\/\/soydeaqui.ddns.net\/pachuca\/index.php\/wp-json\/wp\/v2\/product"}],"about":[{"href":"https:\/\/soydeaqui.ddns.net\/pachuca\/index.php\/wp-json\/wp\/v2\/types\/product"}],"replies":[{"embeddable":true,"href":"https:\/\/soydeaqui.ddns.net\/pachuca\/index.php\/wp-json\/wp\/v2\/comments?post=63684"}],"wp:featuredmedia":[{"embeddable":true,"href":"https:\/\/soydeaqui.ddns.net\/pachuca\/index.php\/wp-json\/wp\/v2\/media\/63683"}],"wp:attachment":[{"href":"https:\/\/soydeaqui.ddns.net\/pachuca\/index.php\/wp-json\/wp\/v2\/media?parent=63684"}],"wp:term":[{"taxonomy":"product_brand","embeddable":true,"href":"https:\/\/soydeaqui.ddns.net\/pachuca\/index.php\/wp-json\/wp\/v2\/product_brand?post=63684"},{"taxonomy":"product_cat","embeddable":true,"href":"https:\/\/soydeaqui.ddns.net\/pachuca\/index.php\/wp-json\/wp\/v2\/product_cat?post=63684"},{"taxonomy":"product_tag","embeddable":true,"href":"https:\/\/soydeaqui.ddns.net\/pachuca\/index.php\/wp-json\/wp\/v2\/product_tag?post=63684"}],"curies":[{"name":"wp","href":"https:\/\/api.w.org\/{rel}","templated":true}]}}