{"id":6368,"date":"2026-03-18T06:42:25","date_gmt":"2026-03-18T06:42:25","guid":{"rendered":"https:\/\/soydeaqui.ddns.net\/pachuca\/index.php\/producto\/contacto-magnetico-inalambrico-interior-para-puerta-y-o-ventana-compatible-con-wip630-de-videofied\/"},"modified":"2026-03-18T06:42:26","modified_gmt":"2026-03-18T06:42:26","slug":"contacto-magnetico-inalambrico-interior-para-puerta-y-o-ventana-compatible-con-wip630-de-videofied","status":"publish","type":"product","link":"https:\/\/soydeaqui.ddns.net\/pachuca\/index.php\/producto\/contacto-magnetico-inalambrico-interior-para-puerta-y-o-ventana-compatible-con-wip630-de-videofied\/","title":{"rendered":"Contacto Magn\u00e9tico Inal\u00e1mbrico Interior Para Puerta y\/o Ventana Compatible con WIP630 de VideoFied"},"content":{"rendered":"<div style='width: 100%; max-width: 1200px; margin: 0 auto; font-family: sans-serif; line-height: 1.6; color: inherit; background-color: transparent;'>\n<div style='display: flex; flex-wrap: wrap; gap: 30px; margin-bottom: 30px;'>\n<div style='flex: 1 1 300px; min-width: 280px;'>\n<h3 style='font-size: 22px; border-bottom: 2px solid currentColor; padding-bottom: 5px; margin-top: 0; color: inherit; opacity: 0.8;'>Descripci\u00f3n<\/h3>\n<p style='font-size: 15px; color: inherit;'>El Contacto de Puerta IDC601 funciona con una bater\u00eda&comma; contacto de puerta inal\u00e1mbrico dise\u00f1ado para su uso en sistemas de seguridad Videofied. El contacto de puerta est\u00e1n destinadas para su uso en la detecci\u00f3n de la apertura y cierre de las puertas&comma; puertas ventanas&comma; o en armario \/ cajones. El IDC601 consiste en un detector con espectro S2View\u00ae de Videofied. Encriptacion inal\u00e1mbrica para comunicaciones bidireccionales seguras con el panel de control. El transmisor se instala normalmente en la superficie estacionaria de una abertura (marco de la puerta o marco de la ventana)&comma; mientras que el im\u00e1n es instalado en la puerta o ventana.<\/p>\n<\/p><\/div>\n<\/p><\/div>\n<div style='display: flex; flex-wrap: wrap; gap: 20px; margin-bottom: 30px;'>\n<div style='flex: 1 1 250px; border: 1px solid rgba(150&comma; 150&comma; 150&comma; 0.4); border-radius: 8px; overflow: hidden; display: flex; flex-direction: column;'>\n<div style='padding: 15px; border-bottom: 1px solid rgba(150&comma; 150&comma; 150&comma; 0.2); font-weight: bold; font-size: 18px; color: inherit;'>Recursos<\/div>\n<div style='padding: 15px; color: inherit;'>\n<ul style='padding-left: 20px; margin: 0; font-size: 14px; list-style-type: disc;'>\n<li style='margin-bottom: 5px;'><a href='https:\/\/www.syscomblog.com\/2017\/03\/videoverificacion-videofied-lo-mejor-en.html' style='color: inherit; text-decoration: underline;'>Videoverificaci\u00f3n Videofied<\/a><\/li>\n<li style='margin-bottom: 5px;'><a href='principal\/consultarproductosazul?global_search=sim25&#038;ordenar=Relevancia&#038;pag=1' style='color: inherit; text-decoration: underline;'>SIM Multicarrier<\/a><\/li>\n<\/ul><\/div>\n<\/p><\/div>\n<\/p><\/div>\n<div style='display: flex; flex-wrap: wrap; gap: 20px; margin-bottom: 30px;'>\n<div style='flex: 1 1 250px; border: 1px solid rgba(150&comma; 150&comma; 150&comma; 0.4); border-radius: 8px; overflow: hidden; display: flex; flex-direction: column;'>\n<div style='padding: 15px; border-bottom: 1px solid rgba(150&comma; 150&comma; 150&comma; 0.2); font-weight: bold; font-size: 18px; color: inherit;'>Im\u00e1genes<\/div>\n<div style='padding: 15px; color: inherit;'>\n<div style='margin-bottom: 15px;'> <a href='https:\/\/www.syscomblog.com\/2017\/03\/videoverificacion-videofied-lo-mejor-en.html'> <img style='width: 100%; height: auto; border: 1px solid rgba(150&comma;150&comma;150&comma;0.3); border-radius: 8px;' src='http:\/\/ftp3.syscom.mx\/usuarios\/ftp\/recursos\/viedofied.png' alt='Videoverificaci\u00f3n Videofied'> <\/a> <\/div>\n<div> <a href='principal\/consultarproductosazul?global_search=sim25&#038;ordenar=Relevancia&#038;pag=1'> <img style='width: 100%; height: auto; border: 1px solid rgba(150&comma;150&comma;150&comma;0.3); border-radius: 8px;' src='http:\/\/ftp3.syscom.mx\/usuarios\/ftp\/recursos\/sim-multicarrier.png' alt='SIM Multicarrier'> <\/a> <\/div>\n<\/p><\/div>\n<\/p><\/div>\n<\/p><\/div>\n<\/p><\/div>\n","protected":false},"excerpt":{"rendered":"<p>Contacto Magn\u00e9tico Inal\u00e1mbrico Interior Para Puerta y\/o Ventana Compatible con WIP630 de VideoFied<\/p>\n","protected":false},"featured_media":6367,"comment_status":"open","ping_status":"closed","template":"","meta":[],"product_brand":[],"product_cat":[117],"product_tag":[118,114,45],"class_list":{"0":"post-6368","1":"product","2":"type-product","3":"status-publish","4":"has-post-thumbnail","6":"product_cat-contacto-magnetico-inalambrico","7":"product_tag-contacto-magnetico-inalambrico","8":"product_tag-contactos-magneticos","9":"product_tag-honeywell-home-resideo","11":"first","12":"outofstock","13":"sale","14":"shipping-taxable","15":"purchasable","16":"product-type-simple"},"_links":{"self":[{"href":"https:\/\/soydeaqui.ddns.net\/pachuca\/index.php\/wp-json\/wp\/v2\/product\/6368","targetHints":{"allow":["GET"]}}],"collection":[{"href":"https:\/\/soydeaqui.ddns.net\/pachuca\/index.php\/wp-json\/wp\/v2\/product"}],"about":[{"href":"https:\/\/soydeaqui.ddns.net\/pachuca\/index.php\/wp-json\/wp\/v2\/types\/product"}],"replies":[{"embeddable":true,"href":"https:\/\/soydeaqui.ddns.net\/pachuca\/index.php\/wp-json\/wp\/v2\/comments?post=6368"}],"wp:featuredmedia":[{"embeddable":true,"href":"https:\/\/soydeaqui.ddns.net\/pachuca\/index.php\/wp-json\/wp\/v2\/media\/6367"}],"wp:attachment":[{"href":"https:\/\/soydeaqui.ddns.net\/pachuca\/index.php\/wp-json\/wp\/v2\/media?parent=6368"}],"wp:term":[{"taxonomy":"product_brand","embeddable":true,"href":"https:\/\/soydeaqui.ddns.net\/pachuca\/index.php\/wp-json\/wp\/v2\/product_brand?post=6368"},{"taxonomy":"product_cat","embeddable":true,"href":"https:\/\/soydeaqui.ddns.net\/pachuca\/index.php\/wp-json\/wp\/v2\/product_cat?post=6368"},{"taxonomy":"product_tag","embeddable":true,"href":"https:\/\/soydeaqui.ddns.net\/pachuca\/index.php\/wp-json\/wp\/v2\/product_tag?post=6368"}],"curies":[{"name":"wp","href":"https:\/\/api.w.org\/{rel}","templated":true}]}}