{"id":63674,"date":"2026-03-19T07:22:13","date_gmt":"2026-03-19T07:22:13","guid":{"rendered":"https:\/\/soydeaqui.ddns.net\/pachuca\/index.php\/producto\/conector-tnc-hembra-inverso-para-9913-7810a-8214-cnt-400-rg8-u-sys-rflash-1113\/"},"modified":"2026-03-19T07:22:15","modified_gmt":"2026-03-19T07:22:15","slug":"conector-tnc-hembra-inverso-para-9913-7810a-8214-cnt-400-rg8-u-sys-rflash-1113","status":"publish","type":"product","link":"https:\/\/soydeaqui.ddns.net\/pachuca\/index.php\/producto\/conector-tnc-hembra-inverso-para-9913-7810a-8214-cnt-400-rg8-u-sys-rflash-1113\/","title":{"rendered":"Conector TNC Hembra Inverso para 9913, 7810A, 8214, CNT-400, RG8\/U-SYS, RFLASH-1113."},"content":{"rendered":"<div style='width: 100%; max-width: 1200px; margin: 0 auto; font-family: sans-serif; line-height: 1.6; color: inherit; background-color: transparent;'> <!-- Secci\u00f3n de t\u00edtulo y descripci\u00f3n --> <\/p>\n<div style='margin-bottom: 30px;'>\n<h2 style='font-size: 24px; margin-top: 0; color: inherit; opacity: 0.9;'>Conector TNC Hembra Inverso para 9913&comma; 7810A&comma; 8214&comma; CNT-400&comma; RG8\/U-SYS&comma; RFLASH-1113<\/h2>\n<p style='font-size: 16px; color: inherit; opacity: 0.85;'>Marca: RF INDUSTRIES&comma;LTD | Modelo: RP1216I<\/p>\n<\/p><\/div>\n<p> <!-- Secci\u00f3n de caracter\u00edsticas --> <\/p>\n<div style='display: flex; flex-wrap: wrap; gap: 30px; margin-bottom: 30px;'>\n<div style='flex: 1 1 300px; min-width: 280px;'>\n<h3 style='font-size: 22px; border-bottom: 2px solid currentColor; padding-bottom: 5px; margin-top: 0; color: inherit; opacity: 0.8;'>Caracter\u00edsticas T\u00e9cnicas<\/h3>\n<ul style='padding-left: 20px; font-size: 15px; color: inherit;'>\n<li style='margin-bottom: 5px;'><strong>Tipo de Conector:<\/strong> TNC Hembra Inverso<\/li>\n<li style='margin-bottom: 5px;'><strong>Especial para Cable:<\/strong> LMR-400&comma; 9913&comma; 7810A&comma; 8214&comma; CNT-400&comma; RG8\/U-SYS&comma; RFLASH-1113<\/li>\n<li style='margin-bottom: 5px;'><strong>Modo de Ensamble:<\/strong> Anillo plegable<\/li>\n<li style='margin-bottom: 5px;'><strong>Cuerpo de Bronce:<\/strong> Niquelado<\/li>\n<li style='margin-bottom: 5px;'><strong>Contacto Central:<\/strong> Oro<\/li>\n<li style='margin-bottom: 5px;'><strong>Aislante Diel\u00e9ctrico:<\/strong> Tefl\u00f3n<\/li>\n<\/ul><\/div>\n<div style='flex: 1 1 300px; min-width: 280px;'>\n<h3 style='font-size: 22px; border-bottom: 2px solid currentColor; padding-bottom: 5px; margin-top: 0; color: inherit; opacity: 0.8;'>Caracter\u00edsticas Principales<\/h3>\n<ul style='padding-left: 20px; font-size: 15px; color: inherit;'>\n<li style='margin-bottom: 5px;'>Conector TNC hembra inverso de alta compatibilidad<\/li>\n<li style='margin-bottom: 5px;'>Soporte para cables LMR-400&comma; 9913&comma; 7810A&comma; 8214<\/li>\n<li style='margin-bottom: 5px;'>Cuerpo de bronce con recubrimiento de n\u00edquel<\/li>\n<li style='margin-bottom: 5px;'>Contacto central chapado en oro para mejor conductividad<\/li>\n<li style='margin-bottom: 5px;'>Aislante diel\u00e9ctrico de tefl\u00f3n para mayor eficiencia<\/li>\n<\/ul><\/div>\n<\/p><\/div>\n<p> <!-- Separador --> <\/p>\n<hr style='border: 0; border-top: 1px solid rgba(150&comma; 150&comma; 150&comma; 0.3); margin: 30px 0;'> <\/div>\n","protected":false},"excerpt":{"rendered":"<p>Conector TNC Hembra Inverso para 9913, 7810A, 8214, CNT-400, RG8\/U-SYS, RFLASH-1113.<\/p>\n","protected":false},"featured_media":63673,"comment_status":"open","ping_status":"closed","template":"","meta":[],"product_brand":[],"product_cat":[1589,1590,1591,1810],"product_tag":[1593,1594,1595,1310,1309,1592,62],"class_list":{"0":"post-63674","1":"product","2":"type-product","3":"status-publish","4":"has-post-thumbnail","6":"product_cat-1589","7":"product_cat-cnt-400","8":"product_cat-lmr-400","9":"product_cat-rg-8-u-todos-radiocomunicacion","10":"product_tag-1593","11":"product_tag-cnt-400","12":"product_tag-lmr-400","13":"product_tag-ltd","14":"product_tag-rf-industries","15":"product_tag-rg-8-u","16":"product_tag-todos","18":"first","19":"outofstock","20":"sale","21":"shipping-taxable","22":"purchasable","23":"product-type-simple"},"_links":{"self":[{"href":"https:\/\/soydeaqui.ddns.net\/pachuca\/index.php\/wp-json\/wp\/v2\/product\/63674","targetHints":{"allow":["GET"]}}],"collection":[{"href":"https:\/\/soydeaqui.ddns.net\/pachuca\/index.php\/wp-json\/wp\/v2\/product"}],"about":[{"href":"https:\/\/soydeaqui.ddns.net\/pachuca\/index.php\/wp-json\/wp\/v2\/types\/product"}],"replies":[{"embeddable":true,"href":"https:\/\/soydeaqui.ddns.net\/pachuca\/index.php\/wp-json\/wp\/v2\/comments?post=63674"}],"wp:featuredmedia":[{"embeddable":true,"href":"https:\/\/soydeaqui.ddns.net\/pachuca\/index.php\/wp-json\/wp\/v2\/media\/63673"}],"wp:attachment":[{"href":"https:\/\/soydeaqui.ddns.net\/pachuca\/index.php\/wp-json\/wp\/v2\/media?parent=63674"}],"wp:term":[{"taxonomy":"product_brand","embeddable":true,"href":"https:\/\/soydeaqui.ddns.net\/pachuca\/index.php\/wp-json\/wp\/v2\/product_brand?post=63674"},{"taxonomy":"product_cat","embeddable":true,"href":"https:\/\/soydeaqui.ddns.net\/pachuca\/index.php\/wp-json\/wp\/v2\/product_cat?post=63674"},{"taxonomy":"product_tag","embeddable":true,"href":"https:\/\/soydeaqui.ddns.net\/pachuca\/index.php\/wp-json\/wp\/v2\/product_tag?post=63674"}],"curies":[{"name":"wp","href":"https:\/\/api.w.org\/{rel}","templated":true}]}}