{"id":63660,"date":"2026-03-19T07:21:42","date_gmt":"2026-03-19T07:21:42","guid":{"rendered":"https:\/\/soydeaqui.ddns.net\/pachuca\/index.php\/producto\/escalerilla-de-ascenso-de-6-metros-20-pies-para-torres-tubulares-ssv\/"},"modified":"2026-03-19T07:21:43","modified_gmt":"2026-03-19T07:21:43","slug":"escalerilla-de-ascenso-de-6-metros-20-pies-para-torres-tubulares-ssv","status":"publish","type":"product","link":"https:\/\/soydeaqui.ddns.net\/pachuca\/index.php\/producto\/escalerilla-de-ascenso-de-6-metros-20-pies-para-torres-tubulares-ssv\/","title":{"rendered":"Escalerilla de Ascenso de 6 Metros (20 Pies) para Torres Tubulares SSV."},"content":{"rendered":"<div style='width: 100%; max-width: 1200px; margin: 0 auto; font-family: sans-serif; line-height: 1.6; color: inherit; background-color: transparent;'>\n<div style='display: flex; flex-wrap: wrap; gap: 30px; margin-bottom: 30px;'>\n<div style='flex: 1 1 300px; min-width: 280px;'>\n<h3 style='font-size: 22px; border-bottom: 2px solid currentColor; padding-bottom: 5px; margin-top: 0; color: inherit; opacity: 0.8;'>Caracter\u00edsticas Principales<\/h3>\n<ul style='padding-left: 20px; font-size: 15px; color: inherit;'>\n<li style='margin-bottom: 5px;'>Escalerilla de ascenso de 6 metros (20 pies)<\/li>\n<li style='margin-bottom: 5px;'>Dise\u00f1ada para torres tubulares SSV<\/li>\n<li style='margin-bottom: 5px;'>Fabricada por ROHN<\/li>\n<li style='margin-bottom: 5px;'>Modelo NL20<\/li>\n<li style='margin-bottom: 5px;'>Di\u00e1metro de rung: 5\/8&#8242;<\/li>\n<li style='margin-bottom: 5px;'>Material: .25&#8242; x 2.50&#8242; side rails<\/li>\n<li style='margin-bottom: 5px;'>Espaciado entre pelda\u00f1os: 15&#8242; O.C.<\/li>\n<\/ul>\n<\/div>\n<div style='flex: 1 1 300px; min-width: 280px;'>\n<h3 style='font-size: 22px; border-bottom: 2px solid currentColor; padding-bottom: 5px; margin-top: 0; color: inherit; opacity: 0.8;'>Opciones de Instalaci\u00f3n<\/h3>\n<ul style='padding-left: 20px; font-size: 15px; color: inherit;'>\n<li style='margin-bottom: 5px;'>Instalaci\u00f3n en la cara de la torre (compatible con secciones 12NH a 6N)<\/li>\n<li style='margin-bottom: 5px;'>Instalaci\u00f3n en la pierna de la torre (compatible con todas las secciones de torres SSV)<\/li>\n<li style='margin-bottom: 5px;'>Se requieren accesorios de instalaci\u00f3n separados<\/li>\n<\/ul>\n<h3 style='font-size: 22px; border-bottom: 2px solid currentColor; padding-bottom: 5px; margin-top: 30px; margin-bottom: 15px; color: inherit; opacity: 0.8;'>Consideraciones de Seguridad<\/h3>\n<ul style='padding-left: 20px; font-size: 15px; color: inherit;'>\n<li style='margin-bottom: 5px;'>Sistema de escalada seguro requerido para estructuras mayores a 10 pies (3 metros)<\/li>\n<li style='margin-bottom: 5px;'>Solo para uso por escaladores profesionales (competentes)<\/li>\n<\/ul>\n<\/div>\n<\/div>\n<div style='display: flex; flex-wrap: wrap; gap: 20px; margin-bottom: 30px;'>\n<div style='flex: 1 1 250px; border: 1px solid rgba(150&comma; 150&comma; 150&comma; 0.4); border-radius: 8px; overflow: hidden; display: flex; flex-direction: column;'>\n<div style='padding: 15px; border-bottom: 1px solid rgba(150&comma; 150&comma; 150&comma; 0.2); font-weight: bold; font-size: 18px; color: inherit;'>Especificaciones T\u00e9cnicas<\/div>\n<div style='padding: 15px; color: inherit;'>\n<ul style='padding-left: 20px; margin: 0; font-size: 14px; list-style-type: disc;'>\n<li style='margin-bottom: 5px;'><strong>Modelo:<\/strong> NL20<\/li>\n<li style='margin-bottom: 5px;'><strong>Longitud:<\/strong> 20 pies (6 metros)<\/li>\n<li style='margin-bottom: 5px;'><strong>Tipo:<\/strong> Heavy Duty Ladder<\/li>\n<li style='margin-bottom: 5px;'><strong>Di\u00e1metro de rung:<\/strong> 5\/8&#8242;<\/li>\n<li style='margin-bottom: 5px;'><strong>Material:<\/strong> .25&#8242; x 2.50&#8242; side rails<\/li>\n<li style='margin-bottom: 5px;'><strong>Distancia entre pelda\u00f1os:<\/strong> 15&#8242; O.C.<\/li>\n<\/ul>\n<\/div>\n<\/div>\n<div style='flex: 1 1 250px; border: 1px solid rgba(150&comma; 150&comma; 150&comma; 0.4); border-radius: 8px; overflow: hidden; display: flex; flex-direction: column;'>\n<div style='padding: 15px; border-bottom: 1px solid rgba(150&comma; 150&comma; 150&comma; 0.2); font-weight: bold; font-size: 18px; color: inherit;'>Compatibilidad<\/div>\n<div style='padding: 15px; color: inherit;'>\n<ul style='padding-left: 20px; margin: 0; font-size: 14px; list-style-type: disc;'>\n<li style='margin-bottom: 5px;'>Torres SSV<\/li>\n<li style='margin-bottom: 5px;'>Secciones 12NH a 6N (instalaci\u00f3n en cara)<\/li>\n<\/ul>\n<\/div>\n<\/div>\n<\/div>\n<div style='display: flex; flex-wrap: wrap; gap: 20px; margin-bottom: 30px;'>\n<div style='flex: 1 1 250px; border: 1px solid rgba(150&comma; 150&comma; 150&comma; 0.4); border-radius: 8px; overflow: hidden; display: flex; flex-direction: column;'>\n<div style='padding: 15px; border-bottom: 1px solid rgba(150&comma; 150&comma; 150&comma; 0.2); font-weight: bold; font-size: 18px; color: inherit;'>Configuraciones Disponibles<\/div>\n<div style='padding: 15px; color: inherit;'>\n<ul style='padding-left: 20px; margin: 0; font-size: 14px; list-style-type: disc;'>\n<li style='margin-bottom: 5px;'>Instalaci\u00f3n en pierna de torre<\/li>\n<li style='margin-bottom: 5px;'>Instalaci\u00f3n en esquina interior<\/li>\n<li style='margin-bottom: 5px;'>Instalaci\u00f3n en cara de torre<\/li>\n<\/ul>\n<\/div>\n<\/div>\n<div style='flex: 1 1 250px; border: 1px solid rgba(150&comma; 150&comma; 150&comma; 0.4); border-radius: 8px; overflow: hidden; display: flex; flex-direction: column;'>\n<div style='padding: 15px; border-bottom: 1px solid rgba(150&comma; 150&comma; 150&comma; 0.2); font-weight: bold; font-size: 18px; color: inherit;'>Notas Importantes<\/div>\n<div style='padding: 15px; color: inherit;'>\n<ul style='padding-left: 20px; margin: 0; font-size: 14px; list-style-type: disc;'>\n<li style='margin-bottom: 5px;'>Las escalerillas est\u00e1n disponibles para la mayor\u00eda de las secciones est\u00e1ndar de torre ROHN<\/li>\n<li style='margin-bottom: 5px;'>Todos los dispositivos de escalada ROHN son para uso exclusivo de escaladores profesionales<\/li>\n<li style='margin-bottom: 5px;'>Se requiere sistema de seguridad en estructuras mayores a 10 pies<\/li>\n<li style='margin-bottom: 5px;'>Opciones de configuraci\u00f3n personalizada disponibles<\/li>\n<\/ul>\n<\/div>\n<\/div>\n<\/div>\n<div style='display: flex; justify-content: center; margin: 30px 0;'><img style='width: 100%; max-width: 600px; height: auto; border: 1px solid rgba(150&comma;150&comma;150&comma;0.3); border-radius: 8px;' src='http:\/\/ftp3.syscom.mx\/usuarios\/fotos\/NL20\/NL20.png' alt='Escalerilla de ascenso NL20' \/><\/div>\n<hr style='border: 0; border-top: 1px solid rgba(150&comma; 150&comma; 150&comma; 0.3); margin: 30px 0;'><\/div>\n","protected":false},"excerpt":{"rendered":"<p>Escalerilla de Ascenso de 6 Metros (20 Pies) para Torres Tubulares SSV.<\/p>\n","protected":false},"featured_media":63659,"comment_status":"open","ping_status":"closed","template":"","meta":[],"product_brand":[],"product_cat":[1645],"product_tag":[1646,1899,246],"class_list":{"0":"post-63660","1":"product","2":"type-product","3":"status-publish","4":"has-post-thumbnail","6":"product_cat-accesorios-para-torres-autosoportadas","7":"product_tag-accesorios-para-torres-autosoportadas","8":"product_tag-rohn","9":"product_tag-torres-y-mastiles","11":"first","12":"outofstock","13":"sale","14":"shipping-taxable","15":"purchasable","16":"product-type-simple"},"_links":{"self":[{"href":"https:\/\/soydeaqui.ddns.net\/pachuca\/index.php\/wp-json\/wp\/v2\/product\/63660","targetHints":{"allow":["GET"]}}],"collection":[{"href":"https:\/\/soydeaqui.ddns.net\/pachuca\/index.php\/wp-json\/wp\/v2\/product"}],"about":[{"href":"https:\/\/soydeaqui.ddns.net\/pachuca\/index.php\/wp-json\/wp\/v2\/types\/product"}],"replies":[{"embeddable":true,"href":"https:\/\/soydeaqui.ddns.net\/pachuca\/index.php\/wp-json\/wp\/v2\/comments?post=63660"}],"wp:featuredmedia":[{"embeddable":true,"href":"https:\/\/soydeaqui.ddns.net\/pachuca\/index.php\/wp-json\/wp\/v2\/media\/63659"}],"wp:attachment":[{"href":"https:\/\/soydeaqui.ddns.net\/pachuca\/index.php\/wp-json\/wp\/v2\/media?parent=63660"}],"wp:term":[{"taxonomy":"product_brand","embeddable":true,"href":"https:\/\/soydeaqui.ddns.net\/pachuca\/index.php\/wp-json\/wp\/v2\/product_brand?post=63660"},{"taxonomy":"product_cat","embeddable":true,"href":"https:\/\/soydeaqui.ddns.net\/pachuca\/index.php\/wp-json\/wp\/v2\/product_cat?post=63660"},{"taxonomy":"product_tag","embeddable":true,"href":"https:\/\/soydeaqui.ddns.net\/pachuca\/index.php\/wp-json\/wp\/v2\/product_tag?post=63660"}],"curies":[{"name":"wp","href":"https:\/\/api.w.org\/{rel}","templated":true}]}}