{"id":6366,"date":"2026-03-18T06:42:24","date_gmt":"2026-03-18T06:42:24","guid":{"rendered":"https:\/\/soydeaqui.ddns.net\/pachuca\/index.php\/producto\/detector-de-movimiento-para-interior-inalambrico-compatible-con-wip630-videofied\/"},"modified":"2026-03-18T06:42:24","modified_gmt":"2026-03-18T06:42:24","slug":"detector-de-movimiento-para-interior-inalambrico-compatible-con-wip630-videofied","status":"publish","type":"product","link":"https:\/\/soydeaqui.ddns.net\/pachuca\/index.php\/producto\/detector-de-movimiento-para-interior-inalambrico-compatible-con-wip630-videofied\/","title":{"rendered":"Detector de Movimiento para Interior Inal\u00e1mbrico, Compatible con WIP630 VideoFied"},"content":{"rendered":"<div style='width: 100%; max-width: 1200px; margin: 0 auto; font-family: sans-serif; line-height: 1.6; color: inherit;'>\n<div style='display: flex; flex-wrap: wrap; gap: 30px; margin-bottom: 30px;'>\n<div style='flex: 1 1 300px; min-width: 280px;'>\n<h3 style='font-size: 22px; border-bottom: 2px solid currentColor; padding-bottom: 5px; margin-top: 0; color: inherit; opacity: 0.8;'>Descripci\u00f3n<\/h3>\n<p style='font-size: 15px; color: inherit;'>El modelo del IMD detector de movimiento 200\/601\/702 es un inal\u00e1mbrico&comma; detector de movimiento interior dise\u00f1ado para su uso en sistemas de seguridad Videofied.<\/p>\n<p style='font-size: 15px; color: inherit;'>El detector est\u00e1 alimentado por una bater\u00eda de litio que puede durar hasta 4 a\u00f1os&comma; dependiendo de la cantidad de actividad del detector.<\/p>\n<p style='font-size: 15px; color: inherit;'>El detector transmite una se\u00f1al de registro de entrada de cada ocho minutos que incluye su c\u00f3digo de identificaci\u00f3n \u00fanico&comma; junto con el sensor de detecci\u00f3n de corriente estado&comma; condici\u00f3n de sabotaje&comma; n\u00famero de serie&comma; fecha de fabricaci\u00f3n&comma; el software revisi\u00f3n y el estado de la bater\u00eda.<\/p>\n<\/p><\/div>\n<\/p><\/div>\n<div style='display: flex; flex-wrap: wrap; gap: 20px; margin-bottom: 30px;'>\n<div style='flex: 1 1 250px; border: 1px solid rgba(150&comma; 150&comma; 150&comma; 0.4); border-radius: 8px; overflow: hidden; display: flex; flex-direction: column;'>\n<div style='padding: 15px; border-bottom: 1px solid rgba(150&comma; 150&comma; 150&comma; 0.2); font-weight: bold; font-size: 18px; color: inherit;'>Recursos<\/div>\n<div style='padding: 15px; color: inherit;'>\n<div style='margin-bottom: 15px;'> <a href='https:\/\/www.syscomblog.com\/2017\/03\/videoverificacion-videofied-lo-mejor-en.html' style='text-decoration: none; color: inherit;'> <img style='width: 100%; height: auto; border: 1px solid rgba(150&comma;150&comma;150&comma;0.3); border-radius: 8px;' src='http:\/\/ftp3.syscom.mx\/usuarios\/ftp\/recursos\/viedofied.png' alt='Videoverificaci\u00f3n Videofied'> <\/a> <\/div>\n<div> <a href='principal\/consultarproductosazul?global_search=sim25&#038;ordenar=Relevancia&#038;pag=1' style='text-decoration: none; color: inherit;'> <img style='width: 100%; height: auto; border: 1px solid rgba(150&comma;150&comma;150&comma;0.3); border-radius: 8px;' src='http:\/\/ftp3.syscom.mx\/usuarios\/ftp\/recursos\/sim-multicarrier.png' alt='SIM Multicarrier'> <\/a> <\/div>\n<\/p><\/div>\n<\/p><\/div>\n<\/p><\/div>\n<\/p><\/div>\n","protected":false},"excerpt":{"rendered":"<p>Detector de Movimiento para Interior Inal\u00e1mbrico, Compatible con WIP630 VideoFied<\/p>\n","protected":false},"featured_media":6365,"comment_status":"open","ping_status":"closed","template":"","meta":[],"product_brand":[],"product_cat":[18],"product_tag":[19,45,20],"class_list":{"0":"post-6366","1":"product","2":"type-product","3":"status-publish","4":"has-post-thumbnail","6":"product_cat-movimiento-para-interior","7":"product_tag-detectores-sensores","8":"product_tag-honeywell-home-resideo","9":"product_tag-movimiento-para-interior","11":"first","12":"instock","13":"sale","14":"shipping-taxable","15":"purchasable","16":"product-type-simple"},"_links":{"self":[{"href":"https:\/\/soydeaqui.ddns.net\/pachuca\/index.php\/wp-json\/wp\/v2\/product\/6366","targetHints":{"allow":["GET"]}}],"collection":[{"href":"https:\/\/soydeaqui.ddns.net\/pachuca\/index.php\/wp-json\/wp\/v2\/product"}],"about":[{"href":"https:\/\/soydeaqui.ddns.net\/pachuca\/index.php\/wp-json\/wp\/v2\/types\/product"}],"replies":[{"embeddable":true,"href":"https:\/\/soydeaqui.ddns.net\/pachuca\/index.php\/wp-json\/wp\/v2\/comments?post=6366"}],"wp:featuredmedia":[{"embeddable":true,"href":"https:\/\/soydeaqui.ddns.net\/pachuca\/index.php\/wp-json\/wp\/v2\/media\/6365"}],"wp:attachment":[{"href":"https:\/\/soydeaqui.ddns.net\/pachuca\/index.php\/wp-json\/wp\/v2\/media?parent=6366"}],"wp:term":[{"taxonomy":"product_brand","embeddable":true,"href":"https:\/\/soydeaqui.ddns.net\/pachuca\/index.php\/wp-json\/wp\/v2\/product_brand?post=6366"},{"taxonomy":"product_cat","embeddable":true,"href":"https:\/\/soydeaqui.ddns.net\/pachuca\/index.php\/wp-json\/wp\/v2\/product_cat?post=6366"},{"taxonomy":"product_tag","embeddable":true,"href":"https:\/\/soydeaqui.ddns.net\/pachuca\/index.php\/wp-json\/wp\/v2\/product_tag?post=6366"}],"curies":[{"name":"wp","href":"https:\/\/api.w.org\/{rel}","templated":true}]}}