{"id":63651,"date":"2026-03-19T07:21:23","date_gmt":"2026-03-19T07:21:23","guid":{"rendered":"https:\/\/soydeaqui.ddns.net\/pachuca\/index.php\/producto\/440-480-mhz-1-5-w-4-canales-linterna-mil-std-810-ip54-incluye-antena-bateria-cargador-banda\/"},"modified":"2026-03-19T07:21:35","modified_gmt":"2026-03-19T07:21:35","slug":"440-480-mhz-1-5-w-4-canales-linterna-mil-std-810-ip54-incluye-antena-bateria-cargador-banda","status":"publish","type":"product","link":"https:\/\/soydeaqui.ddns.net\/pachuca\/index.php\/producto\/440-480-mhz-1-5-w-4-canales-linterna-mil-std-810-ip54-incluye-antena-bateria-cargador-banda\/","title":{"rendered":"440-480 MHz, 1.5 W, 4 canales, Linterna, MIL-STD-810, IP54. Incluye Antena \/ Bater\u00eda \/ Cargador \/ Banda"},"content":{"rendered":"<p><!-- --------------------- --><!-- IDIOMA ESPA\u00c3\u2018OL INICIA --><!-- --------------------- --> <\/p>\n<div class='container no_padding'><img class='img-responsive center-block' src='https:\/\/ftp3.syscom.mx\/usuarios\/ftp\/single_page\/kenwood_series\/img_principal_fondo_protalk.jpg' \/><\/div>\n<div class='container center' style='background-color: #000000;'><!-- border-radius: 0px 0px 15px 15px; --> <\/p>\n<div style='display: inline-flex; background-color: #000000; padding: 20px;'>\n<p style='color: white; font-family: roboto; margin: 0px; display: flex; font-size: 25px; line-height: 19px; letter-spacing: 1px; font-weight: 100;'>PROTALK TIENE EL RADIO ADECUADO PARA CADA ENTORNO DE TRABAJO<\/p>\n<\/p><\/div>\n<\/p><\/div>\n<div class='container' style='background-color: #000000;'><!-- border-radius: 0px 0px 15px 15px; --> <\/p>\n<div class='col-md-6' style='display: inline-flex; background-color: #000000; padding: 20px; border-bottom: 1px solid white;'>\n<p style='color: white; font-family: roboto; margin: 10px; display: flex; font-size: 18px; line-height: 19px; font-weight: 100;'>Radios de 4 o 16 canales con 1.5\/ 5 Watts.<br \/>Mayor potencia&comma; mayor cobertura.<\/p>\n<\/p><\/div>\n<div class='col-md-6' style='display: inline-flex; background-color: #000000; padding: 20px; border-bottom: 1px solid white;'>\n<p style='color: white; font-family: roboto; margin: 10px; display: flex; font-size: 18px; line-height: 19px; font-weight: 100;'>S\u00faper compacto.<br \/>Col\u00f3quelo en un collar o en su bolsillo.<\/p>\n<\/p><\/div>\n<\/p><\/div>\n<div class='container' style='background-color: #000000; border-radius: 0px 0px 10px 10px;'><!-- border-radius: 0px 0px 15px 15px; --> <\/p>\n<div class='col-md-6' style='display: inline-flex; background-color: #000000; padding: 20px;'>\n<p style='color: white; font-family: roboto; margin: 10px; display: flex; font-size: 18px; line-height: 19px; font-weight: 100;'>Excelente calidad de voz incluso en ambientes ruidosos.<\/p>\n<\/p><\/div>\n<div class='col-md-6' style='display: inline-flex; background-color: #000000; padding: 20px;'>\n<p style='color: white; font-family: roboto; margin: 10px; display: flex; font-size: 18px; line-height: 19px; font-weight: 100;'>Ideal para tiendas&comma; hoteler\u00eda&comma; restaurantes y la industria en general.<\/p>\n<\/p><\/div>\n<\/p><\/div>\n<\/p>\n<div class='container'>\n<div class='row center'>\n<div class='col-md-12'>\n<h1>\u00bfPOR QU\u00c9 PROTALK?<\/h1>\n<\/p><\/div>\n<\/p><\/div>\n<\/p><\/div>\n<\/p>\n<div class='container'>\n<div class='row'>\n<div class='col-md-4'>\n<div class='container-fluid' style='background-color: #efefef; border-radius: 10px;'>\n<h3 class='center'>Durabilidad<\/h3>\n<ul style='padding-left: 17px; padding-bottom: 20px;'>\n<li style='padding-bottom: 15px;'><strong>Cumple est\u00e1ndares militares<\/strong> MIL-STD-810 C&comma; D&comma; E&comma; F y G&comma; incluyendo certificado contra polvo y agua IP54\/55.<\/li>\n<li style='padding-bottom: 15px;'><strong>Perfecto para entornos de trabajo exigentes y cualquier clima:<\/strong> El \u00fanico con carcasa sellada y chasis de metal.<\/li>\n<li style='padding-bottom: 15px;'><strong>Sujeci\u00f3n \u00f3ptima:<\/strong> clip de cintur\u00f3n integrado en el chasis o banda para portarlo.<\/li>\n<li style='padding-bottom: 15px;'><strong>Radios de grado comercial:<\/strong> construidos con los m\u00e1s altos est\u00e1ndares de calidad de KENWOOD.<\/li>\n<\/ul><\/div>\n<\/p><\/div>\n<div class='col-md-4'>\n<div class='container-fluid' style='background-color: #efefef; border-radius: 10px;'>\n<h3 class='center'>Caracter\u00edsticas<\/h3>\n<ul style='padding-left: 17px; padding-bottom: 20px;'>\n<li style='padding-bottom: 15px;'><strong>Clonaci\u00f3n inal\u00e1mbrica:<\/strong> r\u00e1pido y f\u00e1cil para serie PKT y TK-3230DX.<\/li>\n<li style='padding-bottom: 15px;'><strong>Bater\u00edas livianas de alta capacidad:<\/strong> Dura hasta 18 horas&comma; se carga en solo 3 horas.<\/li>\n<li style='padding-bottom: 15px;'><strong>Compatible con otros radios:<\/strong> F\u00e1cil de integrar con radios de mayor nivel.<\/li>\n<li style='padding-bottom: 15px;'><strong>Incremente el rango con repetidores:<\/strong> ProTalk expande tus capacidades<\/li>\n<li style='padding-bottom: 15px;'><strong>Sobre la marcha c\u00e1rguelo con USB:<\/strong> nunca se quede sin un radio PKT cargado.<\/li>\n<\/ul><\/div>\n<\/p><\/div>\n<div class='col-md-4'>\n<div class='container-fluid' style='background-color: #efefef; border-radius: 10px;'>\n<h3 class='center'>Selecci\u00f3n<\/h3>\n<ul style='padding-left: 17px; padding-bottom: 20px;'>\n<li style='padding-bottom: 15px;'><strong>Seleccione el radio correcto:<\/strong> Seg\u00fan la cobertura y las caracter\u00edsticas que necesita.<\/li>\n<li style='padding-bottom: 15px;'><strong>PKT-03K:<\/strong> extremadamente f\u00e1cil de manejar y operar.<\/li>\n<li style='padding-bottom: 15px;'><strong>PKT-23K:<\/strong> dise\u00f1o compacto con un clip de cintur\u00f3n.<\/li>\n<li style='padding-bottom: 15px;'><strong>TK-3230DX:<\/strong> muy intuitivo para el usuario y ligero.<\/li>\n<li style='padding-bottom: 15px;'><strong>TK-2000\/3000:<\/strong> extienda su cobertura en VHF o UHF<\/li>\n<li style='padding-bottom: 15px;'><strong>:<\/strong> respalda la calidad ProTalk.<\/li>\n<\/ul><\/div>\n<\/p><\/div>\n<\/p><\/div>\n<\/p><\/div>\n<hr \/>\n<div class='container'>\n<div class='row center'>\n<div class='col-md-12'>\n<h1>Desde simples comunicaciones en el sitio hasta una amplia cobertura de \u00e1rea&comma; KENWOOD tiene la soluci\u00f3n<\/h1>\n<\/p><\/div>\n<\/p><\/div>\n<\/p><\/div>\n<\/p>\n<div class='container'>\n<div class='row'>\n<table class='table table-responsive table-bordered table-striped default_padding_top table-hover'>\n<tbody>\n<tr>\n<td><strong>Modelo<\/strong><\/td>\n<td><strong>Potencia<\/strong><\/td>\n<td><strong>Canales<\/strong><\/td>\n<td><strong>Frecuencia<\/strong><\/td>\n<td><strong>Garant\u00eda<\/strong><\/td>\n<td><strong>Caracter\u00edsticas<\/strong><\/td>\n<\/tr>\n<tr>\n<td><a href='product\/PKT-03K-KENWOOD-68197.html' target='_blank' rel='noopener'>PKT-03K<\/a><\/td>\n<td>1.5 Watts<\/td>\n<td>4<\/td>\n<td>UHF<\/td>\n<td>3 a\u00f1os<\/td>\n<td>L\u00e1mpara&comma; 3 teclas programables<\/td>\n<\/tr>\n<tr>\n<td><a href='product\/PKT-23K-KENWOOD-96949.html' target='_blank' rel='noopener'>PKT-23K<\/a><\/td>\n<td>1.5 Watts<\/td>\n<td>4<\/td>\n<td>UHF<\/td>\n<td>3 a\u00f1os<\/td>\n<td>Clip de cintur\u00f3n&comma; Scan. VOX<\/td>\n<\/tr>\n<tr>\n<td><a href='product\/TK-3230DX-KENWOOD-94144.html' target='_blank' rel='noopener'>TK-3230DX<\/a><\/td>\n<td>1.5 Watts<\/td>\n<td>16<\/td>\n<td>UHF<\/td>\n<td>3 a\u00f1os<\/td>\n<td>Pantalla&comma; Scan&comma; VOX&comma; FleetSync<\/td>\n<\/tr>\n<tr>\n<td><a href='product\/TK-2000-KV2-KENWOOD-136675.html' target='_blank' rel='noopener'>TK-2000<\/a> \/ <a href='product\/TK-3000-KV2-KENWOOD-136674.html'>TK-3000<\/a><\/td>\n<td>4 \/ 5 Watts<\/td>\n<td>16<\/td>\n<td>VHF \/ UHF<\/td>\n<td>3 a\u00f1os<\/td>\n<td>Talk Around&comma; Scan&comma; VOX&comma; DTMF<\/td>\n<\/tr>\n<\/tbody>\n<\/table><\/div>\n<\/p><\/div>\n<hr \/>\n<div class='container'>\n<div class='row center'>\n<div class='col-md-12'>\n<h1>CARACTER\u00cdSTICAS<\/h1>\n<\/p><\/div>\n<\/p><\/div>\n<\/p><\/div>\n<\/p>\n<div class='container'>\n<div class='row'>\n<div class='col-md-4'>\n<div class='container-fluid' style='border-radius: 10px;'>\n<h3 class='center'>Costo-Beneficio<\/h3>\n<ul style='padding-left: 17px; padding-bottom: 20px;'>\n<li style='padding-bottom: 15px;'><strong>Deje de gastar dinero en tel\u00e9fonos celulares:<\/strong> Equipe a todo su personal con una soluci\u00f3n r\u00e1pida y f\u00e1cil de comunicarse<\/li>\n<li style='padding-bottom: 15px;'><strong>F\u00e1cil de usar:<\/strong> Sin tiempo de inactividad para la capacitaci\u00f3n en dispositivos complicados de usos m\u00faltiples<\/li>\n<li style='padding-bottom: 15px;'>Compatible con radios digitales Kenwood: ampl\u00ede la comunicaci\u00f3n de equipos ProTalk.<\/li>\n<\/ul><\/div>\n<\/p><\/div>\n<div class='col-md-4'>\n<div class='container-fluid' style='border-radius: 10px;'>\n<h3 class='center'>F\u00e1cil de Usar<\/h3>\n<ul style='padding-left: 17px; padding-bottom: 20px;'>\n<li style='padding-bottom: 15px;'><strong>Viene con lo que necesita:<\/strong> Antena&comma; bater\u00eda&comma; cargador r\u00e1pido&comma; clip para el cintur\u00f3n y manual del propietario incluidos<\/li>\n<li style='padding-bottom: 15px;'><strong>Canales preprogramados:<\/strong> Configure su nuevo sistema de comunicaciones en minutos<\/li>\n<li style='padding-bottom: 15px;'><strong>Programaci\u00f3n:<\/strong> De forma r\u00e1pida y f\u00e1cil se hacen compatibles con otros radios que ya se est\u00e1n utilizando.<\/li>\n<\/ul><\/div>\n<\/p><\/div>\n<div class='col-md-4'>\n<div class='container-fluid' style='border-radius: 10px;'>\n<h3 class='center'>Duraci\u00f3n de la Bater\u00eda<\/h3>\n<ul style='padding-left: 17px; padding-bottom: 20px;'>\n<li style='padding-bottom: 15px;'><strong>Hasta 22 horas de uso por carga de bater\u00eda:<\/strong> Bater\u00edas de ion litio de alta capacidad<\/li>\n<li style='padding-bottom: 15px;'><strong>Tiempo de carga r\u00e1pido&comma; solo 2.5 &#8211; 3 horas:<\/strong> Cambie radios r\u00e1pidamente<\/li>\n<li style='padding-bottom: 15px;'><strong>Bater\u00edas que coinciden con su horario laboral:<\/strong> 12 horas o mas<\/li>\n<li style='padding-bottom: 15px;'><strong>Administraci\u00f3n de energ\u00eda:<\/strong> recarga de bater\u00eda con USB o cargador de escritorio.<\/li>\n<\/ul><\/div>\n<\/p><\/div>\n<\/p><\/div>\n<div class='row'>\n<div class='col-md-4'>\n<div class='container-fluid' style='border-radius: 10px;'>\n<h3 class='center'>Audio KENWOOD<\/h3>\n<ul style='padding-left: 17px; padding-bottom: 20px;'>\n<li style='padding-bottom: 15px;'><strong>M\u00e1s de 90 a\u00f1os de excelencia en audio:<\/strong> Los ingenieros de KENWOOD aportaron su experiencia en transmisi\u00f3n de alta fidelidad a ProTalk<\/li>\n<li style='padding-bottom: 15px;'><strong>Tecnolog\u00eda de cancelaci\u00f3n de ruido para ambientes ruidosos:<\/strong> la sofisticada tecnolog\u00eda de supresi\u00f3n de ruido de fondo significa que siempre se te escucha<\/li>\n<li style='padding-bottom: 15px;'><strong>Las voces se escuchan claramente la primera vez:<\/strong> Los empleados no necesitan repetirse<\/li>\n<\/ul><\/div>\n<\/p><\/div>\n<div class='col-md-4'>\n<div class='container-fluid' style='border-radius: 10px;'>\n<h3 class='center'>Privacidad<\/h3>\n<ul style='padding-left: 17px; padding-bottom: 20px;'>\n<li style='padding-bottom: 15px;'><strong>Scrambler de privacidad:<\/strong> Seguridad adicional para cada llamada<\/li>\n<li style='padding-bottom: 15px;'><strong>39 c\u00f3digos de privacidad QT y 168 c\u00f3digos de privacidad digital:<\/strong> Separe grupos de conversaci\u00f3n de usuarios en frecuencias compartidas para una mayor privacidad<\/li>\n<\/ul><\/div>\n<\/p><\/div>\n<\/p><\/div>\n<\/p><\/div>\n<hr \/>\n<div class='container'>\n<div class='row center'>\n<div class='col-md-12'>\n<h1>SOLUCIONES<\/h1>\n<\/p><\/div>\n<\/p><\/div>\n<\/p><\/div>\n<\/p>\n<div class='container'>\n<div class='row'>\n<div class='col-md-4'>\n<div class='container-fluid' style='border-radius: 10px;'><img class='img-responsive center-block' src='https:\/\/ftp3.syscom.mx\/usuarios\/ftp\/single_page\/kenwood_protalk\/solutions\/1.jpg' \/> <\/p>\n<h3 style='text-align: center;'>Ventas al por Menor<\/h3>\n<p style='text-align: justify; font-size: 13px; color: #5d5d5d; line-height: 20px;'><strong>No obstaculice a su personal<\/strong> con una radio torpe y dif\u00edcil de usar. ProTalk es <strong>c\u00f3modo y discreto<\/strong>. Su personal puede <strong>verificar r\u00e1pidamente el inventario y los precios<\/strong> para que los clientes obtengan respuestas r\u00e1pidamente. Los empleados pueden <strong>reportar r\u00e1pidamente robos<\/strong> con comunicaciones de voz inmediatas. Obtenga <strong>1.5 W completos de potencia<\/strong>&comma; para que realmente pueda ser escuchado. ProTalk le ofrece la mayor\u00eda de las opciones en tama\u00f1o&comma; peso&comma; cobertura y caracter\u00edsticas.<\/p>\n<\/p><\/div>\n<\/p><\/div>\n<div class='col-md-4'>\n<div class='container-fluid' style='border-radius: 10px;'><img class='img-responsive center-block' src='https:\/\/ftp3.syscom.mx\/usuarios\/ftp\/single_page\/kenwood_protalk\/solutions\/2.jpg' \/> <\/p>\n<h3 style='text-align: center;'>Educaci\u00f3n<\/h3>\n<p style='text-align: justify; font-size: 13px; color: #5d5d5d; line-height: 20px;'>Las comunicaciones son fundamentales para garantizar un entorno <strong>seguro y protegido.<\/strong> Las radios ProTalk <strong>conectan inmediatamente al personal con agencias externas de seguridad p\u00fablica<\/strong> y coordinan una <strong>respuesta r\u00e1pida de emergencia en el campus.<\/strong> Con un precio para que pueda <strong>adquirir m\u00faltiples radios<\/strong> alrededor del campus para maestros&comma; administradores y personal de seguridad. <strong>Evite fallas en la comunicaci\u00f3n<\/strong> y est\u00e9 listo.<\/p>\n<\/p><\/div>\n<\/p><\/div>\n<div class='col-md-4'>\n<div class='container-fluid' style='border-radius: 10px;'><img class='img-responsive center-block' src='https:\/\/ftp3.syscom.mx\/usuarios\/ftp\/single_page\/kenwood_protalk\/solutions\/3.jpg' \/> <\/p>\n<h3 style='text-align: center;'>Hospitales<\/h3>\n<p style='text-align: justify; font-size: 13px; color: #5d5d5d; line-height: 20px;'><strong>Aumente la seguridad y la eficiencia<\/strong> al equipar sus equipos de seguridad&comma; administraci\u00f3n y operaciones con radios ProTalk. <strong>Ideal para enfermer\u00eda especializada&comma; hospitales y otros entornos de atenci\u00f3n m\u00e9dica<\/strong>&comma; su respuesta r\u00e1pida est\u00e1 asegurada. El audio KENWOOD se escucha fuerte y claro lo que significa que se <strong>escucha al personal&comma; incluso en ambientes ruidosos.<\/strong> Conecte las \u00e1reas de diagn\u00f3stico y tratamiento todos los d\u00edas&comma; y <strong>prep\u00e1rese tambi\u00e9n para lo inesperado.<\/strong><\/p>\n<\/p><\/div>\n<\/p><\/div>\n<\/p><\/div>\n<div class='row'>\n<div class='col-md-4'>\n<div class='container-fluid' style='border-radius: 10px;'><img class='img-responsive center-block' src='https:\/\/ftp3.syscom.mx\/usuarios\/ftp\/single_page\/kenwood_protalk\/solutions\/4.jpg' \/> <\/p>\n<h3 style='text-align: center;'>Industrial<\/h3>\n<p style='text-align: justify; font-size: 13px; color: #5d5d5d; line-height: 20px;'>No se pueden permitir retrasos en el lugar de trabajo y las radios bidireccionales son la soluci\u00f3n <strong>confiable&comma; econ\u00f3mica e inteligente.<\/strong> Fabricados con <strong>especificaciones militares<\/strong>&comma; no son fr\u00e1giles a diferencia de tel\u00e9fonos celulares&comma; y dise\u00f1ado para <strong>llamadas cortas y objetivas<\/strong> con la alta calidad audio KENWOOD. <strong>No se romper\u00e1n<\/strong>&comma; y el personal no puede usarlos para subir cosas a las redes sociales en lugar de coordinar sus operaciones de trabajo.<\/p>\n<\/p><\/div>\n<\/p><\/div>\n<div class='col-md-4'>\n<div class='container-fluid' style='border-radius: 10px;'><img class='img-responsive center-block' src='https:\/\/ftp3.syscom.mx\/usuarios\/ftp\/single_page\/kenwood_protalk\/solutions\/5.jpg' \/> <\/p>\n<h3 style='text-align: center;'>Seguridad<\/h3>\n<p style='text-align: justify; font-size: 13px; color: #5d5d5d; line-height: 20px;'>Cada radio KENWOOD ProTalk est\u00e1 <strong>construido con altos niveles de calidad<\/strong> para asegurar comunicaciones ininterrumpidas. Su departamento de seguridad merece ese nivel de rendimiento. Obtenga <strong>4 o 5 Watts de potencia<\/strong> para que se escucha su voz sin zonas muertas. Hasta <strong>18 horas de duraci\u00f3n de la bater\u00eda<\/strong> para operar cualquier turno.<\/p>\n<\/p><\/div>\n<\/p><\/div>\n<div class='col-md-4'>\n<div class='container-fluid' style='border-radius: 10px;'><img class='img-responsive center-block' src='https:\/\/ftp3.syscom.mx\/usuarios\/ftp\/single_page\/kenwood_protalk\/solutions\/6.jpg' \/> <\/p>\n<h3 style='text-align: center;'>Hoteler\u00eda<\/h3>\n<p style='text-align: justify; font-size: 13px; color: #5d5d5d; line-height: 20px;'>Debe cumplir con las demandas de los hu\u00e9spedes y garantizar la seguridad de todo su equipo. ProTalk es la <strong>forma discreta y confiable<\/strong> de comunicarse en toda su propiedad y&comma; a diferencia de los tel\u00e9fonos celulares&comma; contin\u00faan siendo confiables&comma; incluso en emergencias. Comun\u00edquese con el personal con <strong>radios livianos y duraderos y audio de renombre KENWOOD<\/strong>&comma; para que lo escuchen incluso en ambientes ruidosos.<\/p>\n<\/p><\/div>\n<\/p><\/div>\n<\/p><\/div>\n<\/p><\/div>\n<hr \/>\n<div class='container'>\n<div class='row default_padding'>\n<div class='col-xs-12'>\n<div id='carousel-microinversores' class='carousel slide' data-ride='carousel'><!-- Indicators --> <\/p>\n<ol class='carousel-indicators'>\n<li data-slide-to='0' data-target='#carousel-example-generic'> <\/li>\n<li data-slide-to='1' data-target='#carousel-example-generic'> <\/li>\n<li data-slide-to='2' data-target='#carousel-example-generic'> <\/li>\n<li data-slide-to='4' data-target='#carousel-example-generic'> <\/li>\n<li data-slide-to='5' data-target='#carousel-example-generic'> <\/li>\n<li data-slide-to='6' data-target='#carousel-example-generic'> <\/li>\n<li class='active' data-slide-to='7' data-target='#carousel-example-generic'> <\/li>\n<\/ol>\n<p> <!-- Wrapper for slides --> <\/p>\n<div class='carousel-inner' role='listbox'>\n<div class='item'><img class='img-thumbnail img-responsive center-block' src='https:\/\/ftp3.syscom.mx\/usuarios\/ftp\/single_page\/kenwood_protalk\/slide\/1.png' \/><\/div>\n<div class='item'><img class='img-thumbnail img-responsive center-block' src='https:\/\/ftp3.syscom.mx\/usuarios\/ftp\/single_page\/kenwood_protalk\/slide\/2.jpg' \/><\/div>\n<div class='item'><img class='img-thumbnail img-responsive center-block' src='https:\/\/ftp3.syscom.mx\/usuarios\/ftp\/single_page\/kenwood_protalk\/slide\/4.jpg' \/><\/div>\n<div class='item'><img class='img-thumbnail img-responsive center-block' src='https:\/\/ftp3.syscom.mx\/usuarios\/ftp\/single_page\/kenwood_protalk\/slide\/5.jpg' \/><\/div>\n<div class='item'><img class='img-thumbnail img-responsive center-block' src='https:\/\/ftp3.syscom.mx\/usuarios\/ftp\/single_page\/kenwood_protalk\/slide\/6.jpg' \/><\/div>\n<div class='item'><img class='img-thumbnail img-responsive center-block' src='https:\/\/ftp3.syscom.mx\/usuarios\/ftp\/single_page\/kenwood_protalk\/slide\/7.jpg' \/><\/div>\n<div class='item active'><img class='img-thumbnail img-responsive center-block' src='https:\/\/ftp3.syscom.mx\/usuarios\/ftp\/single_page\/kenwood_protalk\/slide\/8.jpg' \/><\/div>\n<\/p><\/div>\n<p> <!-- Controls --><a class='left carousel-indexV5 carousel-control' role='button' href='#carousel-microinversores' data-slide='prev'><span class='sr-only'>Previous<\/span> <\/a> <a class='right carousel-indexV5 carousel-control' role='button' href='#carousel-microinversores' data-slide='next'> <span class='sr-only'>Next<\/span> <\/a><\/div>\n<\/p><\/div>\n<\/p><\/div>\n<\/p><\/div>\n<p> <!-- ----------------------- --> <\/p>\n<p> <!-- IDIOMA ESPA\u00c3\u2018OL FINALIZA --> <\/p>\n<p> <!-- ----------------------- --> <\/p>\n<\/p>\n<div style='color: #222222; font-family: arial&comma; sans-serif; font-size: 12.8px;'><strong>Peque\u00f1o<\/strong><\/div>\n<div style='color: #222222; font-family: arial&comma; sans-serif; font-size: 12.8px;'>Es el equipo m\u00e1s peque\u00f1o y ligero con tecnolog\u00eda KENWOOD. Con menos de 100 gramos este radio provee una comunicaci\u00f3n estable e inmediata. <\/div>\n<div style='color: #222222; font-family: arial&comma; sans-serif; font-size: 12.8px;'><strong>Simple<\/strong><\/div>\n<div style='color: #222222; font-family: arial&comma; sans-serif; font-size: 12.8px;'>Su dise\u00f1o permite operar en frecuencias de uso libre incluyendo los accesorios necesarios para poder usarse. <\/div>\n<div style='color: #222222; font-family: arial&comma; sans-serif; font-size: 12.8px;'><strong>Resistente<\/strong><\/div>\n<div style='color: #222222; font-family: arial&comma; sans-serif; font-size: 12.8px;'>Sus altos est\u00e1ndares de fabricaci\u00f3n cumple con IP54 (resistencia a polvo y humedad) y excede MIL-STD-810 C\/D\/E\/F\/G. <\/div>\n<div style='color: #222222; font-family: arial&comma; sans-serif; font-size: 12.8px;'><strong>Poderoso<\/strong><\/div>\n<div style='color: #222222; font-family: arial&comma; sans-serif; font-size: 12.8px;'>1.5 Watts de potencia en UHF para m\u00e1xima penetraci\u00f3n. Excelente calidad de audio JVC KENWOOD con hasta 14 horas de operaci\u00f3n.<\/p>\n<p>Conector micro USB para recargar la bater\u00eda y programaci\u00f3n del radio.<br \/><img class='fr-fic fr-dii' style='color: #333333;' src='https:\/\/ftp3.syscom.mx\/usuarios\/fotos\/PKT03K\/68197-image04.jpg' \/><\/div>\n<\/p>\n<p>Adaptador Jack de 3.5 mm para aud\u00edfonos. Recomendado en ambientes ruidosos y comunicaciones discretas.<\/p>\n<p><img class='fr-fic fr-dii' src='https:\/\/ftp3.syscom.mx\/usuarios\/fotos\/PKT03K\/68197-image06.jpg' \/><\/p>\n<\/p>\n<p>Cuenta con l\u00e1mpara LED interconstruida.<\/p>\n<p><img class='fr-fic fr-dii' src='https:\/\/ftp3.syscom.mx\/usuarios\/fotos\/PKT03K\/68197-imagen111.png' \/><\/p>\n<\/p>\n<p>LED Multicolor de estatus (transmisi\u00f3n&comma; nivel de bater\u00eda&comma; cambio de canal&comma; etc.).<\/p>\n<p><img class='fr-fic fr-dii' src='https:\/\/ftp3.syscom.mx\/usuarios\/fotos\/PKT03K\/68197-image07.png' \/><\/p>\n<\/p>\n<p>Dise\u00f1o s\u00f3lido que resiste golpes&comma; polvo y agua cumpliendo con <strong>IP54<\/strong>.<\/p>\n<p>Su fabricaci\u00f3n cumple con est\u00e1ndares militares<strong> MIL-STD-810 C\/D\/E\/F\/G<\/strong><\/p>\n<p><img class='fr-fic fr-dii' src='https:\/\/ftp3.syscom.mx\/usuarios\/fotos\/TK2000K\/32714-imagen3.png' \/><\/p>\n<\/p>\n<p><strong>Otras Caracter\u00edsticas<\/strong>:<\/p>\n<ul>\n<li>Rango de frecuencia 440 &#8211; 480 MHz.<\/li>\n<li>4 Canales programados y reprogramables (mediante software KPG-164)<\/li>\n<li>Potencia 1.5 Watts.<\/li>\n<li>Control intuitivo con operaci\u00f3n guiada por voz.<\/li>\n<li>Tonos QT \/ DQT.<\/li>\n<li>3 teclas programables.<\/li>\n<li>Tono de alerta.<\/li>\n<li>Temporizador de transmisi\u00f3n (TOT).<\/li>\n<li>Alerta de bater\u00eda baja.<\/li>\n<li>Programaci\u00f3n por Windows.<\/li>\n<li>Audio superior KENWOOD.<\/li>\n<\/ul>\n<p><strong>Incluye<\/strong><\/p>\n<ul>\n<li>Bater\u00eda KNB-71L de Li-Ion 1&comma;430 mAh<\/li>\n<li>Antena fija.<\/li>\n<li>Cable Micro USB y cargador de pared PL-USB-1000V<\/li>\n<li>Banda portable TX-BAND. (Para el Mercado Colombiano no se incluye la banda)<\/li>\n<\/ul>\n<\/p>\n<div>Cable de programaci\u00f3n <strong>USB a Micro USB<\/strong><\/div>\n<div>Software de programaci\u00f3n <strong>KPG-164DK<\/strong><\/div>\n<div> <\/div>\n<div> <\/div>\n<div><strong>3<\/strong> a\u00f1os de garant\u00eda en el radio.<\/div>\n<div> en los accesorios<\/div>\n<div> <\/div>\n<div> <\/div><\/p>\n","protected":false},"excerpt":{"rendered":"<p>440-480 MHz, 1.5 W, 4 canales, Linterna, MIL-STD-810, IP54. Incluye Antena \/ Bater\u00eda \/ Cargador \/ Banda<\/p>\n","protected":false},"featured_media":63650,"comment_status":"open","ping_status":"closed","template":"","meta":[],"product_brand":[],"product_cat":[1625],"product_tag":[1580,1627,1626],"class_list":{"0":"post-63651","1":"product","2":"type-product","3":"status-publish","4":"has-post-thumbnail","6":"product_cat-portatiles-uhf","7":"product_tag-kenwood","8":"product_tag-portatiles-uhf","9":"product_tag-radios-comerciales-icom-kenwood-txpro","11":"first","12":"outofstock","13":"sale","14":"shipping-taxable","15":"purchasable","16":"product-type-simple"},"_links":{"self":[{"href":"https:\/\/soydeaqui.ddns.net\/pachuca\/index.php\/wp-json\/wp\/v2\/product\/63651","targetHints":{"allow":["GET"]}}],"collection":[{"href":"https:\/\/soydeaqui.ddns.net\/pachuca\/index.php\/wp-json\/wp\/v2\/product"}],"about":[{"href":"https:\/\/soydeaqui.ddns.net\/pachuca\/index.php\/wp-json\/wp\/v2\/types\/product"}],"replies":[{"embeddable":true,"href":"https:\/\/soydeaqui.ddns.net\/pachuca\/index.php\/wp-json\/wp\/v2\/comments?post=63651"}],"wp:featuredmedia":[{"embeddable":true,"href":"https:\/\/soydeaqui.ddns.net\/pachuca\/index.php\/wp-json\/wp\/v2\/media\/63650"}],"wp:attachment":[{"href":"https:\/\/soydeaqui.ddns.net\/pachuca\/index.php\/wp-json\/wp\/v2\/media?parent=63651"}],"wp:term":[{"taxonomy":"product_brand","embeddable":true,"href":"https:\/\/soydeaqui.ddns.net\/pachuca\/index.php\/wp-json\/wp\/v2\/product_brand?post=63651"},{"taxonomy":"product_cat","embeddable":true,"href":"https:\/\/soydeaqui.ddns.net\/pachuca\/index.php\/wp-json\/wp\/v2\/product_cat?post=63651"},{"taxonomy":"product_tag","embeddable":true,"href":"https:\/\/soydeaqui.ddns.net\/pachuca\/index.php\/wp-json\/wp\/v2\/product_tag?post=63651"}],"curies":[{"name":"wp","href":"https:\/\/api.w.org\/{rel}","templated":true}]}}