{"id":63647,"date":"2026-03-19T07:21:17","date_gmt":"2026-03-19T07:21:17","guid":{"rendered":"https:\/\/soydeaqui.ddns.net\/pachuca\/index.php\/producto\/regulador-de-24-vcc-lm7824cv-to-220\/"},"modified":"2026-03-19T07:21:19","modified_gmt":"2026-03-19T07:21:19","slug":"regulador-de-24-vcc-lm7824cv-to-220","status":"publish","type":"product","link":"https:\/\/soydeaqui.ddns.net\/pachuca\/index.php\/producto\/regulador-de-24-vcc-lm7824cv-to-220\/","title":{"rendered":"Regulador de 24 Vcc, (LM7824CV), TO-220"},"content":{"rendered":"<div style='width: 100%; max-width: 1200px; margin: 0 auto; font-family: sans-serif; line-height: 1.6; color: inherit; background-color: transparent;'> <!-- Contenedor de imagen --> <\/p>\n<div style='width: 100%; text-align: center; margin: 30px 0;'> <img style='width: 100%; max-width: 400px; height: auto; border: 1px solid rgba(150&comma;150&comma;150&comma;0.3); border-radius: 8px;' src='data:image\/png;base64&comma;iVBORw0KGgoAAAANSUhEUgAAAMkAAABUCAIAAACnXITPAAAW2klEQVR4Ae1ceVwT57pOipyQ4IK7gnoOZRXdqu6AeBWUogUrgoqiHIWLsogIqbUgimLVQoscd8tSBdGDInIPiJqERPaAICiBsAeBEAREss4\/t5xpx88JhEma9N5\/d+fLJ9\/55n2f753ne741AQKEXzgDqmGAoBpYHBVnAMK1hYtAVQzg2lIVszguri1cA6piANeWqpjFcXFt4RpQFQO4tlTFLI6LawvXgKoYwLWlKmZxXFxbuAZUxQCuLVUxi+Pi2sI1oCoGcG2pilkcF9cWrgFVMYBrS1XM4ri4tnANqIoBXFuqYhbHxbWFa0BVDODaUhWzOC6uLVwDqmIA15aqmMVxcW3hGlAVAz9ZbYn4\/KG3b4Vd3cJursTf188X8QaE3T19j5407Dz40vFQvqZd3jSLF7o2L12v6G3+817+69f8168F3T18Nk8wOCT9IhKJ+gYFfX39L17X7Q7J07B7sWx7+ZqdtS4Hm079zD598U3Q1Zq9QXkzLJ8v216+1q3O51j19oN1+0JbL15r+PZ806nL1c57X+ja5s2yLly4vGzF1oJ5K8o27K7c6l25xZd98hI4v5cQ9PZ3XU9pC79W5+1XvGQ9c4pJ3myr50u3lS7fVrJ0KzP4fP33517tO1q+Ykux4a4XK7cXG+8pMvCocv2u8fS15vOxL44cL160qkzHrnjJ+uKlG59v9q46dLLh2C91356u2X+4dO22F8u3FZtsL17s+HzN9sK1O16s31Xh6F9z6Fh94JGqLZ4lS9YXG24vWbG1dO22F5u9X2z2Ll7q8GKjZ+2+4PrDp567+JQsWl2qY1OyZG3p6q2v9oU0nLhQvW1f4YJlZbq2z5dseG5gV7J4XbHh1uKlG15s2F574EjD4dNlG3c9X7m5cJ71c0O750vWv9i0o\/7Q8aYfLlXv2F9q41RiuK3IwL54yZqXm3bU7A9p+P5C7f6jz62dC+YsK15sX7x4Vd68Zc9Xbq49cKj+8InXe4Kq93hXbNpVYrK9xHB76ZJ1r7b71R461vD9uYpN3qXG20uXbSxdu6148bq8OYsL5y8vXb6h6fS5F0eO5i9cWq5jU7ZsXfHidS9Xb649cKj+8InXu4IqN3qXb9pRZuVQvGx92fK1L9ZsK17v9mK9W\/68JcV6W0qXrX25bG3x0vWv9gU1fH++dK1b3pxFJUuXl65aW7Zqbd68xQVzF5eu21B36GjD4dP5C5eV69iUr9pQumx1oYF90aJl+QsWl67dUHfwaP3hE693B1Vs9C7Z6F5m41i6bH3J4jX5cxcXzF9avHJN47FjDd+fz5u7uFzHpnzFhtJlq4sM7Iv0bQrmLi5esqL+0LH6w8df7Q6q2ORVvMm9zHJn2Yq1JYvX5M9dVDB3UdHylY3Hj9cfOZ43b0m5jk3F8vXly1cXG9gXG9gXzF9atGJFw+Gj9UdOvNoV+GqLb8kW7zLz7aVrNpYsXl04b1Hh\/IVFy5Y1Hj1Wf+T4q91BFRt3F232LjPfVrZ8XfGileXzVhXq2xXqGxYtX1p\/5Ej9keP5C5aU69hUrN5YsmJ1sYF9sYF94fxFhcsW1x8+Un\/05KtdAa+2+5XY7C4131q2Yl3x4pX5cxcWzJ1XuHRR47Fj9UeO581dXK5jU7FqQ8nK1cUG9sUG9oXzFhYuW1h\/5Ej90VOv9gS92u5TtG13qfnW8hXrShYvL5i3oGDunIL584uXr6g\/eqT+8In8eUvKdWwqVq0vXrG62MC+2MC+cP78wqXz648crj966tXu3a92+RZu8y612Fq+Yl3J4qX58+YVzJ1TuHBO0fJF9UeP1B89lT9vSbmOTcXK9cUrVhcb2Bcb2BfOn1u4dE79kUP1x0692r331S6fwh17S823lC9fV7J4af7c+QVz5hYsmF20bH790cP1R07mzV1crmNTsWJ98YpVxQb2xQb2hQvmFC6dU3\/4UP3x06\/27H2126fA1qfUfHPF8nUli5cWzJ1XMHdO4cK5RUsX1B89Un\/0dP68JeU6NhXL1xWvWF1sYF9sYF84f07h0rn1h4\/Unzjzat\/eV3v8Cmz3lFhsq1i2vniJQ8G8eQXz5hYumFO0dH794cP1R87kz11SrmNTsWJd8fK1xQb2xQb2hQvmFC6dU3\/4cP2Jc6\/27X21x6\/A1rfUfHPF8nUli5cWzJ1XMHdO4cK5RUsX1B89Un\/0bP7cJeU6NhXL1xWvWF1sYF9sYF84f07h0rn1h4\/Un7jwaj9o716B7Z5Si60Vy9cVL3YomDevYO6cgoVzi5bMqz98qP7I2fy5S8p1bCqWrytevqZ44bZiA\/tiA\/vC+XMKl86pP3y4\/sS5V\/v3v9q7r8B2T6nF5orl60sWLymYO69g7pyChXOLls6vP3Ko\/sjZ\/LlLy3VsKpavK162unjh1mID+2ID+8L5cwoXz60\/fKj+xPlX+4Nf7Q8s2OZbYr65YunG0kUuBXPmF8ydV7BwbtHSefVHDtUfOZs\/d2m5jk3F8vXFS1cXL9hSbGBXbGBfOH9O4eK59YcP1Z+48OrA3lf7g\/K3+5SYb65YurF0oWvBnPkFc+YULJxTtHR+\/eFD9UfO5c9dWq5jU7F8XfHS1cXztxQb2Bcb2BfOn1O4eG794UP1Jy68OhD8an9Q3rY9Jea2FUs3li5wKZg9r2D2vIKFc4qWzq8\/fKj+xPn8uUvLdWwqlq8rXrK6eP6WYgP7YgP7wvlzChfPrT98qP7ExVcH97\/aH5S73bfE3LZi6YbSBS4Fs+cXzJ5XsHBO0dL59YcP1R85nz93WbmOTcXydcWLVhXP31xsYF9sYF84f07h4rn1hw\/Vn7j46uCBVweD87b7lJhtq1i6oXSBa8Hs+QWz5xUsnFO0dH794UP1R87nz11WrmNTsXxd8cKVxfO2FBvYFRvYF86fU7h4bv3hQ\/UnLr46cPDVgeBc290l5tsqli4vne9cMHt+wez5BQvnFC2dX3\/4UP2R8\/lzl5Xr2FQsX1e8cEXxvM3FBnbFBvaF8+cULp5bf\/hQ\/YmLrw4eeHUwJG+7T4nZ1oqlS0sXuBbMmlcwa17BwjlFS+fXHz5Uf+R8\/txl5To2FcvXFS9YUaxvXWxgX2xgXzh\/TuHiufWHD9WfuPjqwKFXB0Jybf1KzLZULF1UusC5YNa8gllzCxbOKVo6v\/7wofqjF\/LnLi3XsalYvq54wYpi\/UXFBvbFBvaF8+cULp5bf\/hQ\/YmLr\/Yf+uP17hCwvS6WLyguW7C8ZP6CgtnzCmbNK1g4p2jJvPqDh+qPnM+fu6xcx6Zi+bricYuK9OcXG9gXG9gXzptTuHhe\/eFD9Scur958qfz11p1l5psrFjgVz1tQMHtewaw5BQvnFC2ZV3\/wUP2R8\/lzl5Xr2FQsX1e8YHmx\/txiA\/tiA\/vC+XMKl86vP3yo\/sTl1ZvPl73esK109ZbK+QuL580vmD2vYNa8goVzihbPqz94qP7I+fy5S8t1bCqWrytesLhYf16xgX2xgX3h\/DmFS+fXHz5Uf+L8q0NHXh0IzrP1LTHfVrF0Uel8p4LZ8wpmzS1YOKdo6fz6w4fqj5zPn7u0XMemYvm64gWLi\/XnFBvYFRvYF86fU7h4Xv3hQ\/UnLr46eOjVweA8290l5lsqli4qne9UMHteway5BQvnFC2dX3\/4UP2R8\/lzl5Xr2FQsX1e8YFmx3pxiA\/tiA\/vC+XMKl86vP3yo\/sTFV4eOvDp4KNfWp8R8a8XShWULnApmzyuYNbdg4ZyipfPqDx+qP3I+f+7Sch2biuXriuctKtZfUGxgX2xgXzh\/TuHiufWHD9WfuPjq8JF\/B4Pzbf1KzLdVLF1UOt+5YPa8gllzCxbOKVo6v\/7wofqjF\/LnLi3XsalYvq543qJi\/bnFBvbFBvaF8+cULp5Xf\/hQ\/YnLqzefK3+9YVvZ6i2V8+cXz5tXMHteway5BQvnFC2ZV3\/wUP2R8\/lzl5Xr2FQsX1e8YHmx\/pxiA\/tiA\/vC+XMKl86vP3yo\/sTl1ZvPl73esK109ZbK+QsK580vmD2vYNbcgoVzihbPqz94qP7I+fy5S8t1bCqWrytesLhYf06xgX2xgX3h\/DmFS+fXHz5Uf+Ly6s3ny19v2Fq2ekvFvHnF8+YXzJ5XMGuuZJZ0AAAgAElEQVRQwaw5BQvnFC2ZV3\/wUP2R8\/lzl5Xr2FQsX1e8YFmx3pxiA\/tiA\/vC+XMKl86vP3yo\/sTl1ZvPl73esK109ZbK+QuK580rmD2vYNbcgoVzihbPqz94qP7I+fy5S8t1bCqWrytesLhYf06xgX2xgX3h\/DmFS+fXHz5Uf+Ly6s3ny19v2Fq2ekvFvHnF8+YXzJ5XMGuuZJZ0AAAgAElFTkSuQmCC' alt=''> <\/div>\n<p> <!-- Descripci\u00f3n general --> <\/p>\n<div style='margin-bottom: 30px; font-size: 15px; color: inherit;'>\n<p>El <strong>Regulador de Voltaje ECG972 (L7824CV)<\/strong> es la soluci\u00f3n perfecta para proporcionar un voltaje constante y confiable en tus proyectos electr\u00f3nicos. Dise\u00f1ado para satisfacer las demandas de sistemas de potencia&comma; este regulador garantiza un rendimiento estable&comma; protegiendo tus dispositivos y mejorando su durabilidad.<\/p>\n<\/p><\/div>\n<p> <!-- Caracter\u00edsticas --> <\/p>\n<div style='margin-bottom: 30px;'>\n<h3 style='font-size: 22px; border-bottom: 2px solid currentColor; padding-bottom: 5px; margin-top: 0; color: inherit; opacity: 0.8;'>Caracter\u00edsticas<\/h3>\n<ul style='padding-left: 20px; font-size: 15px; color: inherit;'>\n<li><strong>Voltaje de salida fijo de 24V<\/strong>: Proporciona un voltaje de salida estable de 24V con un rango de entrada de hasta 40V&comma; ideal para una variedad de aplicaciones.<\/li>\n<li><strong>Corriente de salida hasta 1.5A<\/strong>: Soporta corrientes de salida de hasta 1.5A&comma; proporcionando suficiente potencia para sistemas de consumo medio.<\/li>\n<li><strong>Protecci\u00f3n t\u00e9rmica y contra cortocircuitos<\/strong>: Incorpora sistemas de protecci\u00f3n integrados que evitan da\u00f1os por sobrecalentamiento o sobrecarga&comma; asegurando la seguridad de tus componentes.<\/li>\n<li><strong>Bajo voltaje de ca\u00edda (dropout voltage)<\/strong>: Esto mejora la eficiencia energ\u00e9tica&comma; lo que lo convierte en una opci\u00f3n ideal para fuentes de alimentaci\u00f3n reguladas.<\/li>\n<li><strong>Formato TO-220<\/strong>: Su encapsulado TO-220 permite una f\u00e1cil instalaci\u00f3n y disipaci\u00f3n eficiente del calor&comma; mejorando la vida \u00fatil del regulador.<\/li>\n<\/ul><\/div>\n<p> <!-- Separador --> <\/p>\n<hr style='border: 0; border-top: 1px solid rgba(150&comma; 150&comma; 150&comma; 0.3); margin: 30px 0;'> <\/div>\n","protected":false},"excerpt":{"rendered":"<p>Regulador de 24 Vcc, (LM7824CV), TO-220<\/p>\n","protected":false},"featured_media":63646,"comment_status":"open","ping_status":"closed","template":"","meta":[],"product_brand":[],"product_cat":[1501],"product_tag":[1502,751,547],"class_list":{"0":"post-63647","1":"product","2":"type-product","3":"status-publish","4":"has-post-thumbnail","6":"product_cat-miscelaneo","7":"product_tag-miscelaneo","8":"product_tag-refacciones","9":"product_tag-syscom-parts","11":"first","12":"outofstock","13":"sale","14":"shipping-taxable","15":"purchasable","16":"product-type-simple"},"_links":{"self":[{"href":"https:\/\/soydeaqui.ddns.net\/pachuca\/index.php\/wp-json\/wp\/v2\/product\/63647","targetHints":{"allow":["GET"]}}],"collection":[{"href":"https:\/\/soydeaqui.ddns.net\/pachuca\/index.php\/wp-json\/wp\/v2\/product"}],"about":[{"href":"https:\/\/soydeaqui.ddns.net\/pachuca\/index.php\/wp-json\/wp\/v2\/types\/product"}],"replies":[{"embeddable":true,"href":"https:\/\/soydeaqui.ddns.net\/pachuca\/index.php\/wp-json\/wp\/v2\/comments?post=63647"}],"wp:featuredmedia":[{"embeddable":true,"href":"https:\/\/soydeaqui.ddns.net\/pachuca\/index.php\/wp-json\/wp\/v2\/media\/63646"}],"wp:attachment":[{"href":"https:\/\/soydeaqui.ddns.net\/pachuca\/index.php\/wp-json\/wp\/v2\/media?parent=63647"}],"wp:term":[{"taxonomy":"product_brand","embeddable":true,"href":"https:\/\/soydeaqui.ddns.net\/pachuca\/index.php\/wp-json\/wp\/v2\/product_brand?post=63647"},{"taxonomy":"product_cat","embeddable":true,"href":"https:\/\/soydeaqui.ddns.net\/pachuca\/index.php\/wp-json\/wp\/v2\/product_cat?post=63647"},{"taxonomy":"product_tag","embeddable":true,"href":"https:\/\/soydeaqui.ddns.net\/pachuca\/index.php\/wp-json\/wp\/v2\/product_tag?post=63647"}],"curies":[{"name":"wp","href":"https:\/\/api.w.org\/{rel}","templated":true}]}}