{"id":63615,"date":"2026-03-19T07:20:07","date_gmt":"2026-03-19T07:20:07","guid":{"rendered":"https:\/\/soydeaqui.ddns.net\/pachuca\/index.php\/producto\/ventilador-anticondensante-axial-cuadrado-60x60x25-mm-24-vcc-4500-rpm-2-9-w-0-12-a-flujo-de-aire-de-25-0-cfm-union-sellada\/"},"modified":"2026-03-19T07:20:21","modified_gmt":"2026-03-19T07:20:21","slug":"ventilador-anticondensante-axial-cuadrado-60x60x25-mm-24-vcc-4500-rpm-2-9-w-0-12-a-flujo-de-aire-de-25-0-cfm-union-sellada","status":"publish","type":"product","link":"https:\/\/soydeaqui.ddns.net\/pachuca\/index.php\/producto\/ventilador-anticondensante-axial-cuadrado-60x60x25-mm-24-vcc-4500-rpm-2-9-w-0-12-a-flujo-de-aire-de-25-0-cfm-union-sellada\/","title":{"rendered":"Ventilador Anticondensante Axial Cuadrado, 60x60x25 mm, 24 Vcc, 4500 RPM, 2.9 W, 0.12 A, Flujo de Aire de 25.0 CFM, Uni\u00f3n Sellada."},"content":{"rendered":"<div style='width: 100%; max-width: 1200px; margin: 0 auto; font-family: sans-serif; line-height: 1.6; color: inherit; background-color: transparent;'> <!-- Secci\u00f3n de caracter\u00edsticas principales --> <\/p>\n<div style='display: flex; flex-wrap: wrap; gap: 30px; margin-bottom: 30px;'>\n<div style='flex: 1 1 300px; min-width: 280px;'>\n<h3 style='font-size: 22px; border-bottom: 2px solid currentColor; padding-bottom: 5px; margin-top: 0; color: inherit; opacity: 0.8;'>Caracter\u00edsticas Principales<\/h3>\n<ul style='padding-left: 20px; font-size: 15px; color: inherit;'>\n<li style='margin-bottom: 5px;'>Dimensiones compactas de 60 x 60 x 25 mm<\/li>\n<li style='margin-bottom: 5px;'>Operaci\u00f3n a +24 VCC con alimentaci\u00f3n de dos cables<\/li>\n<li style='margin-bottom: 5px;'>Potencia nominal de 2.9 Watts para eficiencia energ\u00e9tica<\/li>\n<li style='margin-bottom: 5px;'>Flujo de aire de 25.0 CFM para ventilaci\u00f3n \u00f3ptima<\/li>\n<li style='margin-bottom: 5px;'>Alta velocidad de 4500 RPM para rendimiento superior<\/li>\n<\/ul><\/div>\n<\/p><\/div>\n<p> <!-- Secci\u00f3n de especificaciones t\u00e9cnicas --> <\/p>\n<div style='display: flex; flex-wrap: wrap; gap: 20px; margin-bottom: 30px;'>\n<div style='flex: 1 1 250px; border: 1px solid rgba(150&comma; 150&comma; 150&comma; 0.4); border-radius: 8px; overflow: hidden; display: flex; flex-direction: column;'>\n<div style='padding: 15px; border-bottom: 1px solid rgba(150&comma; 150&comma; 150&comma; 0.2); font-weight: bold; font-size: 18px; color: inherit;'>Especificaciones El\u00e9ctricas<\/div>\n<div style='padding: 15px; color: inherit;'>\n<ul style='padding-left: 20px; margin: 0; font-size: 14px; list-style-type: disc;'>\n<li style='margin-bottom: 5px;'><strong>Alimentaci\u00f3n:<\/strong> +24 VDC<\/li>\n<li style='margin-bottom: 5px;'><strong>Corriente Nominal:<\/strong> 0.12 A<\/li>\n<li style='margin-bottom: 5px;'><strong>Potencia Nominal:<\/strong> 2.9 W<\/li>\n<li style='margin-bottom: 5px;'><strong>Tipo de Motor:<\/strong> Brushless DC<\/li>\n<li style='margin-bottom: 5px;'><strong>Protecci\u00f3n:<\/strong> Polaridad protegida<\/li>\n<\/ul><\/div>\n<\/p><\/div>\n<div style='flex: 1 1 250px; border: 1px solid rgba(150&comma; 150&comma; 150&comma; 0.4); border-radius: 8px; overflow: hidden; display: flex; flex-direction: column;'>\n<div style='padding: 15px; border-bottom: 1px solid rgba(150&comma; 150&comma; 150&comma; 0.2); font-weight: bold; font-size: 18px; color: inherit;'>Especificaciones Mec\u00e1nicas<\/div>\n<div style='padding: 15px; color: inherit;'>\n<ul style='padding-left: 20px; margin: 0; font-size: 14px; list-style-type: disc;'>\n<li style='margin-bottom: 5px;'><strong>Dimensiones:<\/strong> 60 x 60 x 25 mm<\/li>\n<li style='margin-bottom: 5px;'><strong>Material:<\/strong> Marco e impulsor en PBT&comma; pl\u00e1stico UL94V-0<\/li>\n<li style='margin-bottom: 5px;'><strong>Sistema de Cojinete:<\/strong> Sistema sellado<\/li>\n<li style='margin-bottom: 5px;'><strong>Conexi\u00f3n:<\/strong> 2 cables 24AWG<\/li>\n<\/ul><\/div>\n<\/p><\/div>\n<div style='flex: 1 1 250px; border: 1px solid rgba(150&comma; 150&comma; 150&comma; 0.4); border-radius: 8px; overflow: hidden; display: flex; flex-direction: column;'>\n<div style='padding: 15px; border-bottom: 1px solid rgba(150&comma; 150&comma; 150&comma; 0.2); font-weight: bold; font-size: 18px; color: inherit;'>Rendimiento<\/div>\n<div style='padding: 15px; color: inherit;'>\n<ul style='padding-left: 20px; margin: 0; font-size: 14px; list-style-type: disc;'>\n<li style='margin-bottom: 5px;'><strong>Velocidad:<\/strong> 4500 RPM<\/li>\n<li style='margin-bottom: 5px;'><strong>Flujo de Aire:<\/strong> 25.0 CFM (0.700 m\u00b3\/min)<\/li>\n<li style='margin-bottom: 5px;'><strong>Nivel de Ruido:<\/strong> 33 dB<\/li>\n<li style='margin-bottom: 5px;'><strong>Presi\u00f3n Est\u00e1tica M\u00e1x:<\/strong> 0.25&#8242; H2O<\/li>\n<\/ul><\/div>\n<\/p><\/div>\n<div style='flex: 1 1 250px; border: 1px solid rgba(150&comma; 150&comma; 150&comma; 0.4); border-radius: 8px; overflow: hidden; display: flex; flex-direction: column;'>\n<div style='padding: 15px; border-bottom: 1px solid rgba(150&comma; 150&comma; 150&comma; 0.2); font-weight: bold; font-size: 18px; color: inherit;'>Especificaciones Ambientales<\/div>\n<div style='padding: 15px; color: inherit;'>\n<ul style='padding-left: 20px; margin: 0; font-size: 14px; list-style-type: disc;'>\n<li style='margin-bottom: 5px;'><strong>Temperatura de Operaci\u00f3n:<\/strong> -10\u00b0C a 70\u00b0C<\/li>\n<li style='margin-bottom: 5px;'><strong>Resistencia de Aislamiento:<\/strong> 10M ohm (500VDC)<\/li>\n<li style='margin-bottom: 5px;'><strong>Fuerza Diel\u00e9ctrica:<\/strong> 500 VAC (1 segundo)<\/li>\n<li style='margin-bottom: 5px;'><strong>Fuga M\u00e1xima:<\/strong> 500 MicroAmp<\/li>\n<li style='margin-bottom: 5px;'><strong>Vida \u00datil (L10):<\/strong> 40&comma;000 horas a 40\u00b0C<\/li>\n<\/ul><\/div>\n<\/p><\/div>\n<\/p><\/div>\n<p> <!-- Separador --> <\/p>\n<hr style='border: 0; border-top: 1px solid rgba(150&comma; 150&comma; 150&comma; 0.3); margin: 30px 0;'> <\/div>\n","protected":false},"excerpt":{"rendered":"<p>Ventilador Anticondensante Axial Cuadrado, 60x60x25 mm, 24 Vcc, 4500 RPM, 2.9 W, 0.12 A, Flujo de Aire de 25.0 CFM, Uni\u00f3n Sellada.<\/p>\n","protected":false},"featured_media":63614,"comment_status":"open","ping_status":"closed","template":"","meta":[],"product_brand":[],"product_cat":[604],"product_tag":[606,605,560],"class_list":{"0":"post-63615","1":"product","2":"type-product","3":"status-publish","4":"has-post-thumbnail","6":"product_cat-accesorios-para-racks-y-gabinetes","7":"product_tag-accesorios-para-racks-y-gabinetes","8":"product_tag-racks-y-gabinetes","9":"product_tag-txpro","11":"first","12":"instock","13":"sale","14":"shipping-taxable","15":"purchasable","16":"product-type-simple"},"_links":{"self":[{"href":"https:\/\/soydeaqui.ddns.net\/pachuca\/index.php\/wp-json\/wp\/v2\/product\/63615","targetHints":{"allow":["GET"]}}],"collection":[{"href":"https:\/\/soydeaqui.ddns.net\/pachuca\/index.php\/wp-json\/wp\/v2\/product"}],"about":[{"href":"https:\/\/soydeaqui.ddns.net\/pachuca\/index.php\/wp-json\/wp\/v2\/types\/product"}],"replies":[{"embeddable":true,"href":"https:\/\/soydeaqui.ddns.net\/pachuca\/index.php\/wp-json\/wp\/v2\/comments?post=63615"}],"wp:featuredmedia":[{"embeddable":true,"href":"https:\/\/soydeaqui.ddns.net\/pachuca\/index.php\/wp-json\/wp\/v2\/media\/63614"}],"wp:attachment":[{"href":"https:\/\/soydeaqui.ddns.net\/pachuca\/index.php\/wp-json\/wp\/v2\/media?parent=63615"}],"wp:term":[{"taxonomy":"product_brand","embeddable":true,"href":"https:\/\/soydeaqui.ddns.net\/pachuca\/index.php\/wp-json\/wp\/v2\/product_brand?post=63615"},{"taxonomy":"product_cat","embeddable":true,"href":"https:\/\/soydeaqui.ddns.net\/pachuca\/index.php\/wp-json\/wp\/v2\/product_cat?post=63615"},{"taxonomy":"product_tag","embeddable":true,"href":"https:\/\/soydeaqui.ddns.net\/pachuca\/index.php\/wp-json\/wp\/v2\/product_tag?post=63615"}],"curies":[{"name":"wp","href":"https:\/\/api.w.org\/{rel}","templated":true}]}}