{"id":63579,"date":"2026-03-19T07:18:51","date_gmt":"2026-03-19T07:18:51","guid":{"rendered":"https:\/\/soydeaqui.ddns.net\/pachuca\/index.php\/producto\/cargador-rapido-de-escritorio-para-baterias-knb45l-knb63l-y-knb-65l-para-radios-nx240-nx340-tkd240-tkd340\/"},"modified":"2026-03-19T07:19:03","modified_gmt":"2026-03-19T07:19:03","slug":"cargador-rapido-de-escritorio-para-baterias-knb45l-knb63l-y-knb-65l-para-radios-nx240-nx340-tkd240-tkd340","status":"publish","type":"product","link":"https:\/\/soydeaqui.ddns.net\/pachuca\/index.php\/producto\/cargador-rapido-de-escritorio-para-baterias-knb45l-knb63l-y-knb-65l-para-radios-nx240-nx340-tkd240-tkd340\/","title":{"rendered":"Cargador r\u00e1pido de escritorio para baterias KNB45L, KNB63L y KNB-65L para Radios NX240\/ NX340\/ TKD240\/ TKD340"},"content":{"rendered":"<div style='width: 100%; max-width: 1200px; margin: 0 auto; font-family: sans-serif; line-height: 1.6; color: inherit; background-color: transparent;'>\n<div style='display: flex; flex-wrap: wrap; gap: 30px; margin-bottom: 30px;'>\n<div style='flex: 1 1 300px; min-width: 280px;'>\n<h3 style='font-size: 22px; border-bottom: 2px solid currentColor; padding-bottom: 5px; margin-top: 0; color: inherit; opacity: 0.8;'>Cargador r\u00e1pido para radios Kenwood<\/h3>\n<ul style='padding-left: 20px; font-size: 15px; color: inherit;'>\n<li>NX240<\/li>\n<li>NX340<\/li>\n<li>TKD240<\/li>\n<li>TKD340<\/li>\n<li>TK2402<\/li>\n<li>TK3402<\/li>\n<li>TK2202L<\/li>\n<li>TK2212L<\/li>\n<li>TK3202L<\/li>\n<li>TK3212L<\/li>\n<li>TK2312<\/li>\n<li>TK3312<\/li>\n<li>TK2302<\/li>\n<li>TK3302<\/li>\n<li>TK2000<\/li>\n<li>TK3000<\/li>\n<\/ul><\/div>\n<div style='flex: 1 1 300px; min-width: 280px;'>\n<h3 style='font-size: 22px; border-bottom: 2px solid currentColor; padding-bottom: 5px; margin-top: 0; color: inherit; opacity: 0.8;'>Especificaciones de carga<\/h3>\n<ul style='padding-left: 20px; font-size: 15px; color: inherit;'>\n<li><strong>KNB45L<\/strong> \/ 2000 mAh \/ 2.8 hr<\/li>\n<li><strong>TX-KNB45L<\/strong> \/ 1800 mAh \/ 2.5 hr<\/li>\n<li><strong>KNB63L<\/strong> \/ 1130 mAh \/ 1.6 hr<\/li>\n<li><strong>KNB65L<\/strong> \/ 1520 mAh \/ 2.1 hr<\/li>\n<li><strong>TX-KNB65<\/strong> \/ 1800 mAh \/ 2.5 hr<\/li>\n<\/ul><\/div>\n<\/p><\/div>\n<div style='display: flex; flex-wrap: wrap; gap: 30px; margin-bottom: 30px;'>\n<div style='flex: 1 1 300px; min-width: 280px;'>\n<h3 style='font-size: 22px; border-bottom: 2px solid currentColor; padding-bottom: 5px; margin-top: 0; color: inherit; opacity: 0.8;'>Caracter\u00edsticas principales<\/h3>\n<ul style='padding-left: 20px; font-size: 15px; color: inherit;'>\n<li>Carga bater\u00edas con o sin radio<\/li>\n<li>LED indicador de estado de carga de la bater\u00eda<\/li>\n<li>Para cada posici\u00f3n confirma carga en curso&comma; falla de bater\u00eda y completamente cargada<\/li>\n<li>Dise\u00f1o robusto y vers\u00e1til que ocupa poco espacio<\/li>\n<li>Incluye fuente de poder de 120 VCA a 12 Vcc<\/li>\n<li>Accesorios para instalaci\u00f3n vehicular vendidos por separado<\/li>\n<\/ul><\/div>\n<div style='flex: 1 1 300px; min-width: 280px;'>\n<h3 style='font-size: 22px; border-bottom: 2px solid currentColor; padding-bottom: 5px; margin-top: 0; color: inherit; opacity: 0.8;'>Caracter\u00edsticas t\u00e9cnicas<\/h3>\n<ul style='padding-left: 20px; font-size: 15px; color: inherit;'>\n<li>Corte de corriente ante calentamiento y sobretensi\u00f3n<\/li>\n<li>Corriente de carga: 800 mA<\/li>\n<li>Temperatura de funcionamiento: -20 \u00b0C ~ 45 \u00b0C<\/li>\n<li>Temperatura de almacenamiento: -20 \u00b0C ~ 70 \u00b0C<\/li>\n<li>Compatibilidad con adaptador de encendedor vehicular<\/li>\n<li>Interruptor de carga ante: incremento de temperatura&comma; tensi\u00f3n m\u00e1xima&comma; temperatura m\u00e1xima y tiempo de carga m\u00e1ximo<\/li>\n<\/ul><\/div>\n<\/p><\/div>\n<div style='display: flex; flex-wrap: wrap; gap: 30px; margin-bottom: 30px;'>\n<div style='flex: 1 1 300px; min-width: 280px;'>\n<h3 style='font-size: 22px; border-bottom: 2px solid currentColor; padding-bottom: 5px; margin-top: 0; color: inherit; opacity: 0.8;'>Funcionamiento del LED<\/h3>\n<ul style='padding-left: 20px; font-size: 15px; color: inherit;'>\n<li>LED verde: Detecci\u00f3n de bater\u00eda<\/li>\n<li>LED rojo: Carga en proceso<\/li>\n<li>LED verde: Carga completa<\/li>\n<li>LED rojo parpadeante: Bater\u00eda abierta<\/li>\n<\/ul><\/div>\n<div style='flex: 1 1 300px; min-width: 280px;'>\n<h3 style='font-size: 22px; border-bottom: 2px solid currentColor; padding-bottom: 5px; margin-top: 0; color: inherit; opacity: 0.8;'>Beneficios del cargador<\/h3>\n<ul style='padding-left: 20px; font-size: 15px; color: inherit;'>\n<li>Alta calidad y durabilidad<\/li>\n<li>Protecci\u00f3n contra sobrecarga<\/li>\n<li>Recarga autom\u00e1tica con radio apagada<\/li>\n<li>Versatilidad para cargar bater\u00edas originales y gen\u00e9ricas<\/li>\n<li>Reconocido por profesionales de comunicaci\u00f3n<\/li>\n<li>Recomendado para bater\u00edas de alta capacidad (>1200 mAh)<\/li>\n<\/ul><\/div>\n<\/p><\/div>\n<hr style='border: 0; border-top: 1px solid rgba(150&comma; 150&comma; 150&comma; 0.3); margin: 30px 0;'> <\/div>\n","protected":false},"excerpt":{"rendered":"<p>Cargador r\u00e1pido de escritorio para baterias KNB45L, KNB63L y KNB-65L para Radios NX240\/ NX340\/ TKD240\/ TKD340<\/p>\n","protected":false},"featured_media":63578,"comment_status":"open","ping_status":"closed","template":"","meta":[],"product_brand":[],"product_cat":[1702],"product_tag":[1579,1109,560],"class_list":{"0":"post-63579","1":"product","2":"type-product","3":"status-publish","4":"has-post-thumbnail","6":"product_cat-cargadores-de-baterias-accesorios-para-kenwood","7":"product_tag-accesorios-para-kenwood","8":"product_tag-cargadores-de-baterias","9":"product_tag-txpro","11":"first","12":"instock","13":"sale","14":"shipping-taxable","15":"purchasable","16":"product-type-simple"},"_links":{"self":[{"href":"https:\/\/soydeaqui.ddns.net\/pachuca\/index.php\/wp-json\/wp\/v2\/product\/63579","targetHints":{"allow":["GET"]}}],"collection":[{"href":"https:\/\/soydeaqui.ddns.net\/pachuca\/index.php\/wp-json\/wp\/v2\/product"}],"about":[{"href":"https:\/\/soydeaqui.ddns.net\/pachuca\/index.php\/wp-json\/wp\/v2\/types\/product"}],"replies":[{"embeddable":true,"href":"https:\/\/soydeaqui.ddns.net\/pachuca\/index.php\/wp-json\/wp\/v2\/comments?post=63579"}],"wp:featuredmedia":[{"embeddable":true,"href":"https:\/\/soydeaqui.ddns.net\/pachuca\/index.php\/wp-json\/wp\/v2\/media\/63578"}],"wp:attachment":[{"href":"https:\/\/soydeaqui.ddns.net\/pachuca\/index.php\/wp-json\/wp\/v2\/media?parent=63579"}],"wp:term":[{"taxonomy":"product_brand","embeddable":true,"href":"https:\/\/soydeaqui.ddns.net\/pachuca\/index.php\/wp-json\/wp\/v2\/product_brand?post=63579"},{"taxonomy":"product_cat","embeddable":true,"href":"https:\/\/soydeaqui.ddns.net\/pachuca\/index.php\/wp-json\/wp\/v2\/product_cat?post=63579"},{"taxonomy":"product_tag","embeddable":true,"href":"https:\/\/soydeaqui.ddns.net\/pachuca\/index.php\/wp-json\/wp\/v2\/product_tag?post=63579"}],"curies":[{"name":"wp","href":"https:\/\/api.w.org\/{rel}","templated":true}]}}