{"id":63539,"date":"2026-03-19T07:17:31","date_gmt":"2026-03-19T07:17:31","guid":{"rendered":"https:\/\/soydeaqui.ddns.net\/pachuca\/index.php\/producto\/preamplificador-de-banda-selectiva-down-link-para-1900-mhz\/"},"modified":"2026-03-19T07:17:32","modified_gmt":"2026-03-19T07:17:32","slug":"preamplificador-de-banda-selectiva-down-link-para-1900-mhz","status":"publish","type":"product","link":"https:\/\/soydeaqui.ddns.net\/pachuca\/index.php\/producto\/preamplificador-de-banda-selectiva-down-link-para-1900-mhz\/","title":{"rendered":"Preamplificador de Banda Selectiva Down-Link para 1900 MHz."},"content":{"rendered":"<div style='width: 100%; max-width: 1200px; margin: 0 auto; font-family: sans-serif; line-height: 1.6; color: inherit; background-color: transparent;'> <!-- Secci\u00f3n de descripci\u00f3n principal --> <\/p>\n<div style='margin-bottom: 30px; font-size: 15px; color: inherit;'> M\u00f3dulo preamplificador de Banda Selectiva que se utiliza de repuesto o para reparar la etapa Down-Link de los repetidores de se\u00f1al celular modelo CRSOG19WB&comma; banda de frecuencia de 1900 MHz. <\/div>\n<p> <!-- Secci\u00f3n de caracter\u00edsticas --> <\/p>\n<div style='display: flex; flex-wrap: wrap; gap: 30px; margin-bottom: 30px;'>\n<div style='flex: 1 1 300px; min-width: 280px;'>\n<h3 style='font-size: 22px; border-bottom: 2px solid currentColor; padding-bottom: 5px; margin-top: 0; color: inherit; opacity: 0.8;'>Caracter\u00edsticas principales<\/h3>\n<ul style='padding-left: 20px; font-size: 15px; color: inherit;'>\n<li style='margin-bottom: 5px;'>Preamplificador banda selectiva para reparaci\u00f3n profesional<\/li>\n<li style='margin-bottom: 5px;'>Compatible con repetidores CRSOG19WB de 1900 MHz<\/li>\n<li style='margin-bottom: 5px;'>Optimizado para etapa down-link de se\u00f1al celular<\/li>\n<li style='margin-bottom: 5px;'>Mejora notable en calidad de se\u00f1al recibida<\/li>\n<li style='margin-bottom: 5px;'>Dise\u00f1o compacto para f\u00e1cil integraci\u00f3n<\/li>\n<\/ul><\/div>\n<\/p><\/div>\n<\/p><\/div>\n","protected":false},"excerpt":{"rendered":"<p>Preamplificador de Banda Selectiva Down-Link para 1900 MHz.<\/p>\n","protected":false},"featured_media":63538,"comment_status":"open","ping_status":"closed","template":"","meta":[],"product_brand":[],"product_cat":[1529,1531,1532,1528],"product_tag":[1535,1534,1404,1536,1533,560],"class_list":{"0":"post-63539","1":"product","2":"type-product","3":"status-publish","4":"has-post-thumbnail","6":"product_cat-4g","7":"product_cat-antenas-3g-y-voz","8":"product_cat-cables-y-accesorios","9":"product_cat-cobertura-celular-5g","10":"product_tag-3g-y-voz","11":"product_tag-4g","12":"product_tag-antenas","13":"product_tag-cables-y-accesorios","14":"product_tag-cobertura-celular-5g","15":"product_tag-txpro","17":"first","18":"instock","19":"sale","20":"shipping-taxable","21":"purchasable","22":"product-type-simple"},"_links":{"self":[{"href":"https:\/\/soydeaqui.ddns.net\/pachuca\/index.php\/wp-json\/wp\/v2\/product\/63539","targetHints":{"allow":["GET"]}}],"collection":[{"href":"https:\/\/soydeaqui.ddns.net\/pachuca\/index.php\/wp-json\/wp\/v2\/product"}],"about":[{"href":"https:\/\/soydeaqui.ddns.net\/pachuca\/index.php\/wp-json\/wp\/v2\/types\/product"}],"replies":[{"embeddable":true,"href":"https:\/\/soydeaqui.ddns.net\/pachuca\/index.php\/wp-json\/wp\/v2\/comments?post=63539"}],"wp:featuredmedia":[{"embeddable":true,"href":"https:\/\/soydeaqui.ddns.net\/pachuca\/index.php\/wp-json\/wp\/v2\/media\/63538"}],"wp:attachment":[{"href":"https:\/\/soydeaqui.ddns.net\/pachuca\/index.php\/wp-json\/wp\/v2\/media?parent=63539"}],"wp:term":[{"taxonomy":"product_brand","embeddable":true,"href":"https:\/\/soydeaqui.ddns.net\/pachuca\/index.php\/wp-json\/wp\/v2\/product_brand?post=63539"},{"taxonomy":"product_cat","embeddable":true,"href":"https:\/\/soydeaqui.ddns.net\/pachuca\/index.php\/wp-json\/wp\/v2\/product_cat?post=63539"},{"taxonomy":"product_tag","embeddable":true,"href":"https:\/\/soydeaqui.ddns.net\/pachuca\/index.php\/wp-json\/wp\/v2\/product_tag?post=63539"}],"curies":[{"name":"wp","href":"https:\/\/api.w.org\/{rel}","templated":true}]}}