{"id":63529,"date":"2026-03-19T07:17:10","date_gmt":"2026-03-19T07:17:10","guid":{"rendered":"https:\/\/soydeaqui.ddns.net\/pachuca\/index.php\/producto\/capacitor-electrolitico-3300mf-50-v\/"},"modified":"2026-03-19T07:17:11","modified_gmt":"2026-03-19T07:17:11","slug":"capacitor-electrolitico-3300mf-50-v","status":"publish","type":"product","link":"https:\/\/soydeaqui.ddns.net\/pachuca\/index.php\/producto\/capacitor-electrolitico-3300mf-50-v\/","title":{"rendered":"Capacitor Electrol\u00edtico 3300MF, 50 V"},"content":{"rendered":"<p style='box-sizing: border-box; max-width: 100%; margin-top: 0px; margin-bottom: 1rem; color: #111827; font-family: -apple-system&comma; BlinkMacSystemFont&comma; 'Segoe UI'&comma; Roboto&comma; 'Helvetica Neue'&comma; Arial&comma; 'Noto Sans'&comma; sans-serif; background-color: #ffffff; text-align: center;'><img class='fr-fic fr-dii' style='box-sizing: border-box; max-width: 100%; vertical-align: middle; height: auto;' src='data:image\/png;base64&comma;iVBORw0KGgoAAAANSUhEUgAAALkAAABOCAYAAAB8Orf9AAAAAXNSR0IArs4c6QAAAARnQU1BAACxjwv8YQUAAAAJcEhZcwAADsMAAA7DAcdvqGQAABGHSURBVHhe7Zx5dBTVnse\/t6qrl3Q6kKSTQMJiWIMBfBEJe3AJiBrRx3nvKW9cwIcsM+JDHTdmZN7ok20GnffEc8RlEBDkqYigHEEgiCCyBE2CKCAQCCCQdEK2XqqX+s0f3V3p6u6Q4JkDsXI\/5\/w4J3V\/93d\/Vf3tW79btxome30EDkfHCNEHOBy9wUXO0T1c5Bzdw0XO0T1c5Bzdw0XO0T1c5Bzdw0XO0T1c5Bzdw0XO0T1c5Bzdw0XO0T1c5Bzdw0XO0T1c5Bzdw0XO0T1c5Bzdw0XO0T1c5Bzdw0XO0T1c5Bzdw0XO0T1c5Bzdw0XO0T1c5Bzdw0XO0T1c5Bzdw0XO0T2sPf6Hn0QEoralxRhr\/oMIkb0YYwg2R\/iEiB4jHCcyXrRPawTHa32syyEIsfPOlfT\/\/8ihNaLHCMeNN257oN2InIigKApqa2tRXFyMn8+dg1ay8bHb0zB58mQcPnwYO3YUaz7IhIQE3Hff\/UhOTlaPEREaGxvx7rvvwu\/3AQAYGAySAffe+1t0794diqLA6\/Vi3969+P7wYciyR+3fEgITMG78eOTm5gIR5+NwOLCjuBjnL5xvVWSJ1kTcP3kykpKSAACKokCWZWzftg3HTxyHoijRXWLo0qUrioqKYLPZVNH5fD6sXLEC9Q310e6\/iKysLNxxx52w2Wxwu93YuGEDrsvOxrBhw9qn0GWvj661eWQvVVU76H\/+9jfq1KkTCYJAjLFWTRRFeuaZZ8nl9tC27cVkMBg07UajkbZs+YI8slcdp9pRQw8+9JBmDLPZTI9On0519Q3kdLlpzzd7acSIkW3OgzFGXbt2pRMnK9RxHI4aWrhoESUlJbUpjiAI9If77qP6hkbyyF5qcrrovdWrKT09vU39I+Pk5OTQyYpTai5lZeVkt9tjfH+pCYJANw0dSherqujZ556jF+bNoyVLXqHvSktjPtv2YO1C5NWOGpo0aRIZDAYC0GYbNGgQXbhYRbLXRw2NTZSZmUmMMY3PlClTyeX2kEf2UuWZs1RQUECiKKrtJpOJXp4\/XxXX6jVrKDk5JWasy5nFYqFdu3erX6baS3V05513kSRJMb7xjDFGmZlZVHHqtHouM2fOIovFEuPbFhMEgVauXEVySORvvvnWFV\/b1kwQBHrjjWX05FNP0aLFi2njp5\/Rlzu\/Uq9Be7J2Ua7s2vUVXlmyBP5AIHgJ24Aoinjpr3\/FwIED1Vvk8uX\/i\/Uff4zIqiAxMRErV62CwWDA60uXYuvWL6AQBcdhwJgxYzBnzhMwGo3weDyYMf1RXLp0SRPjsjBg2LBhmDv33yAIAogI69atw6qVK5rHaQUmMMya9c+YMGECGGMoLS3FSy++CK\/P26b+8fiXxx7DhAkTQERYvHgRvt69u+3n1AYYAx5+eAoGDR6M4uJiGEQRU6ZOhcFgiHa95rQLkft8PgQCgejDLRJe+EiSpKkBA4EA\/H6\/pvaN9PN6vSAizWJUkiR1sReuxdtKOI4oiuqHS0Tw+\/2a82mtTmWMwWAwqF+S8HlEtl+O6Fo\/HE8URRARfD6fpp6PjhfdH23wicw58lh75JqLvKqqCkeO\/Bi8iG3IRDJK6NevH1JT7XEv6rFjx3D+\/Hm0NG0xxpCWno4BAwZojvt8PpSWlsLlcgXvyPG7N8MYMjLS0adPX43Ajxw5gqqLF1U3s9mM3+TlwWQyRXRumcrK06ioOKXmzwQBAwcOREpKSrQrAMDtduPgwRIE\/KEvFQM6d07G4MGDQUQoLysLLjhDdy7GBAwfPhxGoxEInXdZWRmczqaQD0OCxYKh+fnqGD6fDyUHDjRPAIwhKysLffr0UX3aNdH1y9U0j+ylb\/buo4QEK5nNZjKZTGQymchoNLZoZrOZMjIyaP\/+A3Hrv8WL\/4vMZnNMv7BZrVbavr04pl9dfQONHTuWLBaLmkdruVitiTRv3n+oeTQ5XdSrVy+NT35+PlVVO2LGa8nuuecezbg2m41KS8ti\/OTQ9du6dRvZbDbV32Qy0QsvzCO3R6ZzP5+nwYMHq\/FMJhNlZ2eT2yOrMU5WnKKePXuqPmazmWbMmKEZ48cjRykhIUEdw2Kx0KpV78W9\/u3RYh\/KXkUYY8jLy8O+\/fvx5ltv4\/nn5+LBBx9CYeE45ObmolOnTuqt2+fzwev1wuPxoLq6Gn\/5z79AluXokJhwR7AO9Xq9GvP5fMjOzsbnn2\/GqNGjo7vBbDbjww8\/wgcffoT5CxZi5qxZmDjxHgzNz0dWVhYEQdDk4fV64XI5MX\/+yygvLwcR4euvv8bp06fVdr\/fj5EjR6mPBFujsrISJSUHIcuyGmPQoEHo07dvtCsQunMUFxfD6XSq5yhJEqY+8ggYYzh+\/DhOnDihxvP7\/Xj2uefUEoOIsGvXVzhz5ozqI4oipkx9RB1DURQsXrwILpdLzSk5ORlD8\/Pj3knbJdGqvxbmkb3kkb3k9sjk9sjkcnvI6XJTk9NFR44eo+nTZ2iemjDGaNjw4eRw1MTEcrk9VFhYqPqGnwSkpqZSWfmhVmefyFzCeThdbqqudtDKVasoMzNTE1sURVq\/\/hNye2R64sknNXlKktTiLBxtHtlL6z5eT5Jk1Jzn55u3tJiz0+WmnJwcdUzGGBUVFanX8c9z5mhy7dKlC9XUXtL0z8vL0\/jk5d2oufNUnjkbk9PNt9xCjU3OmHzaq12zmZxCmyWKooDi7D4KggBRFNGjRw9MmzYtZtbo3q07zBaL5hhCfQsLx2mOZWRkYPOWL9C\/f\/+YOLhMLuE8BEFAos2GiRPvwfW5uZoYgiAgJycHiqJg55c7Necx5Kab0KdvXzV2PIv0f3\/NGnWDCgC6deuG0aNHa\/ILWyAQwNatW3H06FE1hiiKKCq6G4wx1NXVYc3q1WosxhhGjBgJs9msHjtYUoJDhw5pfEaNHgWbzaYe27x5MwKB5kWwIAiYPHmyWtP\/GrhmC89TFRX44ccfWl3gBRQFS1\/7O3bubBaQ2WzGho2fYuzYsTGi9fl8uOXmsThw4IB67PbbJ+DDjz6Ku\/jzeDzYt3cvnE5ndJMGAnCovByLFi0MLU6DonrwwYfwxrJlqKmpwXU9e8DnaxZpRkYG\/nvJEiRaEyMiRcCAAQOuR3Z2NmRZRnqaHR5P8+6q1WrFa68tRefk5JgXExwOB1544d9x4cIFILygTkvD3n37kZmZiRUrVmDWzBlQQk9VBEHA0tdfx5\/+NA0IfbHnPv8cXn31VfW6SpKE4h1fIj+06FQUBVMefhj\/+MdadVy73Y5jPx2H1WpVj7V7oqf2q2FOl5tuufVWEgShVQvvsoVvl2azmRYsXKhZPEXa7q\/3aDY+BEGg15a+HuMnh0qEZcveJIvFEjNuPIspmYYNo7PnfibZ66MfjxyN2XCJ3CGMZxaLhT79bBPJoQ2xyE2qyBjR\/cK5ROaTlpZGxcU7SPb6qLGxiYqKijTtVquVTleeUc+9rr6B8vPzNWMNHz6cmpwujU+XLl00PrMff7zFa99e7aqXK4qiYOnSpfgqNDO3ZmFEUURWVhaenzsXjz02u8UXmTZ99hkURQELPUtPSkrCpEmTol1BRDh27CieeupJyLIcM248Q2hGtFqtuO22Qqx5fy3sdjsAoGfPnsjNzYUgCOrYkWPFs9TUVNxwww0AAJvNhgl33AGDwaD2D8eI7hfOBQAkyYj+\/fvj7bffwYiRIwEAjpoalJWVA6EZnjGGyZP\/iPT0dLXfmcpKHDp0SG0XRRHTHn1Us5mzZvVqVFdXqz4JCQmYOHFizN2zvXPVy5WzZ8\/imaf\/FR6Pp6VH2TEk2hIxfPhwjBs3Hr1794YoitEuQGgz6KUXX0RZWZl6bPSY0XjiiSdjvhSBQADL3ngD27Zt04jmcgiigL59+6Ko6G7k5eUhISFBI8Rjx45i+fLl+Omnn6AEWn+ZqqCgAH+eM0fdBLp48SJWrlyBkgMlmrInHowxpNpTMX78eIwZU4CMjAw1l5KSEixcsEDdkBIEhvkLFqJfv36qz4oV72Ljhg1QlOC522w2zF+wAN26dQNC5\/P47Nk4d+6s+jnZ7alYuGgxUlNTgwd+JVx1kSM0m18p0bNjS0TPdJfrF+3bFi4XD1cYM16sK+mPK3g1N3qsX+IT3f5r4ZqInMO5mnRYkZOiwHPiNBR36++KA4CUYYeU0hmeU2fb1MeQ0hn+S\/VoU01mECFIUpviAgAzSmAGAxSXO7pJg2hLhKlHJlgL5V1HocOKPNDoxLcjJsJXXRvdFAMTGLJfehrVH3+Opm+\/j7nNxyPjgd\/i4nvrow\/HxZhuh2AxwXP6XHRTXFLGF6Bh77fwNzRFN0VAECQjer86D2m\/uwuht8k6JB1T5ESoWrsRx6Y\/G\/w7ngAihCwkWJB4w\/Vo2PctEFqoARH9IkXPGGw3DYb3fBXkcxeCbdHx4\/i7T1bCX3NJPaYhsi6WDEiZcDNqNhUD4bVNS\/6MwdIvG0MObIr16UB0SJErPh++HXIXPBWVAABj1zRkzX4EIAIFAriwch08J06rYrHm9oe\/sRFy5c9qDCaK6HTrSDTuOYiAM7g5BAAQBKSML0Dtlp0AEZjRiKzZUyCldAYANJX9gOoPN6mxmSgi\/Y\/34uKqdWqI5NtGoXPhGIAxkOzFmVfeQqC+AQBg7JoOZjRCrjwXjG8QkTpxPGw3DgQxBrniDM6\/s1b9cnW+eQQGbninQ4s8dmneAWg6UB4USYiMf5qEuh17UPX+BjjLf0TKhLFqGzNKSL69AN5zza\/PCiYTMmc+APvEcZDStK\/AiolW+Ouaf0tp6d0TitOFqjWfoGrtRlgH5mieUNjyb0DTd9+rfwOA68gJgAjO0sOoWrsRSmOoLGEM5uu6gzyyKuKUO2+FYJTg2PgFHB9\/jtotX6pxmEFElym\/bw7cQel4IifCpe27QaFbvWhNgJhoBfn9sOb2h6VvL1R\/sCnoyxhSxhUAAlP9mcGA1LsL4Tp+Co0HypE0amhzbMaQfv\/dEMLv1DCGhJzecB05DikjDdaB\/eGpqFRremaUkPb7Inij1gW+2jrYhgyCY\/1muI4cbx7bKCFrzjQEPM1vX3pOnEbSqKHoOvV+9FrwPCR7inqXMGakIfHGQR16FkdHFDkpCup27FGFIKXb0fjdYfiqauD+qQIXln8AX3WN2u5vbMLZV95WS4MuU\/8A\/6V6eM9dgOJ2I\/m2iNd2GQMIqN+1X51pk0YMgfxzFaAo6P70TNRu\/lKNLUgSLq5aB1+1ozkGAGtuP1xc8wkU2autr7O7o\/LlvyPQ0BjsbzEjefxYyBVn4D5xCp6KSshnzqv+Cdf3gymrS0TkjkmHq8l9jlrs7z8W5A3uKBqSk0ABBYF4TyoYQ9LIIWjYcxAggmA0QsqwQz4b\/OURMxqRMKAvnGWHAQCmHpmwDRkMx\/rNwe6SAaYeWcH6HoAlpzf81bXwhRaYpm5dIZiMcIfaw0j2FPgbm0ByxE\/xBAEpd92K2s+2q8I3JCXCOjAHCK0zmkoPg3zBNwaZKKD\/u6\/Cfu\/tzTE6KB1uJhcSLBBtzW8F+i81xBc4AEOnJM2za8XrVQUOAOT1wln+g9qecvvNMPfqoZYH5POrAgcA99GTqsABoHPhaHgiFrNhfI5arcAZgyG5U7AWj8Df0IT6bw6i\/puDaCwpB4V\/AgfA1CMLKeMLNP4dlQ43k0NR4Ni4FdUfNT\/hiE\/wyUTDNweDZQMu5wsADJkzH0Dib3JRuWApPKfPRjtoYJIBnUbehLqv9rWSR7C2znj4d6jZ8AVcR0+2IRcg+bbRwUVnnG3\/jkbHEzmCi09q7b+\/YOEauw0\/akbQnwkiwABSCCDl8v1Y+J82xBcFMDAQKW3PRxTAuMCBDityToeCf9U5uoeLnKN7uMg5uoeLnKN7uMg5uoeLnKN7uMg5uoeLnKN7uMg5uoeLnKN7uMg5uoeLnKN7uMg5uoeLnKN7uMg5uoeLnKN7uMg5uoeLnKN7uMg5uoeLnKN7\/g+NVpl5kb\/uHwAAAABJRU5ErkJggg==' alt=''><\/p>\n<p style='box-sizing: border-box; max-width: 100%; margin-top: 0px; margin-bottom: 1rem; color: #111827; font-family: -apple-system&comma; BlinkMacSystemFont&comma; 'Segoe UI'&comma; Roboto&comma; 'Helvetica Neue'&comma; Arial&comma; 'Noto Sans'&comma; sans-serif; background-color: #ffffff;' data-start='189' data-end='395'><span style='box-sizing: border-box; max-width: 100%; font-family: helvetica&comma; arial&comma; sans-serif;'><span style='box-sizing: border-box; max-width: 100%; font-weight: bolder;' data-start='189' data-end='229'>Capacitor Electrol\u00edtico 3300 \u00b5F 50 V<\/span><\/span><br style='box-sizing: border-box; max-width: 100%;' data-start='229' data-end='232'><span style='box-sizing: border-box; max-width: 100%; font-family: helvetica&comma; arial&comma; sans-serif;'> Componente ideal para filtrado y almacenamiento de energ\u00eda en circuitos electr\u00f3nicos. Recomendado para fuentes de alimentaci\u00f3n&comma; amplificadores y proyectos DIY.<\/span><\/p>\n<p style='box-sizing: border-box; max-width: 100%; margin-top: 0px; margin-bottom: 1rem; color: #111827; font-family: -apple-system&comma; BlinkMacSystemFont&comma; 'Segoe UI'&comma; Roboto&comma; 'Helvetica Neue'&comma; Arial&comma; 'Noto Sans'&comma; sans-serif; background-color: #ffffff;' data-start='402' data-end='425'><span style='box-sizing: border-box; max-width: 100%; font-family: helvetica&comma; arial&comma; sans-serif;'><span style='box-sizing: border-box; max-width: 100%; font-weight: bolder;' data-start='402' data-end='423'>Especificaciones:<\/span><\/span><\/p>\n<p style='box-sizing: border-box; max-width: 100%; margin-top: 0px; margin-bottom: 1rem; color: #111827; font-family: -apple-system&comma; BlinkMacSystemFont&comma; 'Segoe UI'&comma; Roboto&comma; 'Helvetica Neue'&comma; Arial&comma; 'Noto Sans'&comma; sans-serif; background-color: #ffffff;'>\n<ul style='box-sizing: border-box; max-width: 100%; padding-left: 1rem; margin-top: 0px; margin-bottom: 1rem; color: #111827; font-family: -apple-system&comma; BlinkMacSystemFont&comma; 'Segoe UI'&comma; Roboto&comma; 'Helvetica Neue'&comma; Arial&comma; 'Noto Sans'&comma; sans-serif; background-color: #ffffff;' data-start='428' data-end='584'>\n<li style='box-sizing: border-box; max-width: 100%; margin-bottom: 7px;' data-start='428' data-end='453'>\n<p style='box-sizing: border-box; max-width: 100%; margin-top: 0px; margin-bottom: 1rem;' data-start='430' data-end='453'><span style='box-sizing: border-box; max-width: 100%; font-family: helvetica&comma; arial&comma; sans-serif;'>Capacitancia: 3300 \u00b5F<\/span><\/p>\n<\/li>\n<li style='box-sizing: border-box; max-width: 100%; margin-bottom: 7px;' data-start='456' data-end='480'>\n<p style='box-sizing: border-box; max-width: 100%; margin-top: 0px; margin-bottom: 1rem;' data-start='458' data-end='480'><span style='box-sizing: border-box; max-width: 100%; font-family: helvetica&comma; arial&comma; sans-serif;'>Voltaje m\u00e1ximo: 50 V<\/span><\/p>\n<\/li>\n<li style='box-sizing: border-box; max-width: 100%; margin-bottom: 7px;' data-start='483' data-end='513'>\n<p style='box-sizing: border-box; max-width: 100%; margin-top: 0px; margin-bottom: 1rem;' data-start='485' data-end='513'><span style='box-sizing: border-box; max-width: 100%; font-family: helvetica&comma; arial&comma; sans-serif;'>Tipo: Electrol\u00edtico radial<\/span><\/p>\n<\/li>\n<li style='box-sizing: border-box; max-width: 100%; margin-bottom: 7px;' data-start='516' data-end='536'>\n<p style='box-sizing: border-box; max-width: 100%; margin-top: 0px; margin-bottom: 1rem;' data-start='518' data-end='536'><span style='box-sizing: border-box; max-width: 100%; font-family: helvetica&comma; arial&comma; sans-serif;'>Tolerancia: \u00b120%<\/span><\/p>\n<\/li>\n<li style='box-sizing: border-box; max-width: 100%; margin-bottom: 7px;' data-start='539' data-end='580'>\n<p style='box-sizing: border-box; max-width: 100%; margin-top: 0px; margin-bottom: 1rem;' data-start='541' data-end='580'><span style='box-sizing: border-box; max-width: 100%; font-family: helvetica&comma; arial&comma; sans-serif;'>Rango de temperatura: -40 \u00b0C a +85 \u00b0C<\/span><\/p>\n<\/li>\n<\/ul><\/p>\n","protected":false},"excerpt":{"rendered":"<p>Capacitor Electrol\u00edtico 3300MF, 50 V<\/p>\n","protected":false},"featured_media":63528,"comment_status":"open","ping_status":"closed","template":"","meta":[],"product_brand":[],"product_cat":[1501],"product_tag":[1502,751,547],"class_list":{"0":"post-63529","1":"product","2":"type-product","3":"status-publish","4":"has-post-thumbnail","6":"product_cat-miscelaneo","7":"product_tag-miscelaneo","8":"product_tag-refacciones","9":"product_tag-syscom-parts","11":"first","12":"instock","13":"sale","14":"shipping-taxable","15":"purchasable","16":"product-type-simple"},"_links":{"self":[{"href":"https:\/\/soydeaqui.ddns.net\/pachuca\/index.php\/wp-json\/wp\/v2\/product\/63529","targetHints":{"allow":["GET"]}}],"collection":[{"href":"https:\/\/soydeaqui.ddns.net\/pachuca\/index.php\/wp-json\/wp\/v2\/product"}],"about":[{"href":"https:\/\/soydeaqui.ddns.net\/pachuca\/index.php\/wp-json\/wp\/v2\/types\/product"}],"replies":[{"embeddable":true,"href":"https:\/\/soydeaqui.ddns.net\/pachuca\/index.php\/wp-json\/wp\/v2\/comments?post=63529"}],"wp:featuredmedia":[{"embeddable":true,"href":"https:\/\/soydeaqui.ddns.net\/pachuca\/index.php\/wp-json\/wp\/v2\/media\/63528"}],"wp:attachment":[{"href":"https:\/\/soydeaqui.ddns.net\/pachuca\/index.php\/wp-json\/wp\/v2\/media?parent=63529"}],"wp:term":[{"taxonomy":"product_brand","embeddable":true,"href":"https:\/\/soydeaqui.ddns.net\/pachuca\/index.php\/wp-json\/wp\/v2\/product_brand?post=63529"},{"taxonomy":"product_cat","embeddable":true,"href":"https:\/\/soydeaqui.ddns.net\/pachuca\/index.php\/wp-json\/wp\/v2\/product_cat?post=63529"},{"taxonomy":"product_tag","embeddable":true,"href":"https:\/\/soydeaqui.ddns.net\/pachuca\/index.php\/wp-json\/wp\/v2\/product_tag?post=63529"}],"curies":[{"name":"wp","href":"https:\/\/api.w.org\/{rel}","templated":true}]}}