{"id":63512,"date":"2026-03-19T07:16:37","date_gmt":"2026-03-19T07:16:37","guid":{"rendered":"https:\/\/soydeaqui.ddns.net\/pachuca\/index.php\/producto\/microfono-de-solapa-de-3-hilos-para-radios-tc-610p-tc-780-te320\/"},"modified":"2026-03-19T07:16:39","modified_gmt":"2026-03-19T07:16:39","slug":"microfono-de-solapa-de-3-hilos-para-radios-tc-610p-tc-780-te320","status":"publish","type":"product","link":"https:\/\/soydeaqui.ddns.net\/pachuca\/index.php\/producto\/microfono-de-solapa-de-3-hilos-para-radios-tc-610p-tc-780-te320\/","title":{"rendered":"Micr\u00f3fono de solapa de 3 hilos para Radios TC-610P \/ TC-780 \/ TE320"},"content":{"rendered":"<div style='width: 100%; max-width: 1200px; margin: 0 auto; font-family: sans-serif; line-height: 1.6; color: inherit; background-color: transparent;'>\n<div style='display: flex; flex-wrap: wrap; gap: 30px; margin-bottom: 30px;'>\n<div style='flex: 1 1 300px; min-width: 280px;'>\n<h3 style='font-size: 22px; border-bottom: 2px solid currentColor; padding-bottom: 5px; margin-top: 0; color: inherit; opacity: 0.8;'>Caracter\u00edsticas principales<\/h3>\n<p style='font-size: 15px; color: inherit; margin-bottom: 15px;'> <strong>Micr\u00f3fono de solapa de 3 hilos para HYTERA TC-610P \/ TC-780&comma; TE320<\/strong> <\/p>\n<p style='font-size: 15px; color: inherit; margin-bottom: 15px;'> Para versatilidad en aplicaciones reales de vigilancia es dif\u00edcil ganarle a los accesorios de audio de 3 hilos. Estos kits son f\u00e1ciles de usar y esconder bajo la ropa&comma; porque cada componente (aud\u00edfono&comma; micr\u00f3fono y PTT) est\u00e1 conectado al radio de 2 v\u00edas a trav\u00e9s de un cable independiente; esto le permite mantenerse en contacto sin necesidad de prestar mucha atenci\u00f3n a su radio. <\/p>\n<p style='font-size: 15px; color: inherit; margin-bottom: 15px;'> <strong> Ideal para cuando la comunicaci\u00f3n tiene que pasar inadvertida.<\/strong> <\/p>\n<\/p><\/div>\n<\/p><\/div>\n<div style='display: flex; flex-wrap: wrap; gap: 20px; margin-bottom: 30px;'>\n<div style='flex: 1 1 250px; border: 1px solid rgba(150&comma; 150&comma; 150&comma; 0.4); border-radius: 8px; overflow: hidden; display: flex; flex-direction: column;'>\n<div style='padding: 15px; border-bottom: 1px solid rgba(150&comma; 150&comma; 150&comma; 0.2); font-weight: bold; font-size: 18px; color: inherit;'>Caracter\u00edsticas t\u00e9cnicas<\/div>\n<div style='padding: 15px; color: inherit;'>\n<ul style='padding-left: 20px; margin: 0; font-size: 14px; list-style-type: disc;'>\n<li style='margin-bottom: 5px;'>Tubo ac\u00fastico de PU de grado m\u00e9dico m\u00e1s suave y confortable de usar&comma; con inserto de o\u00eddo incluido<\/li>\n<li style='margin-bottom: 5px;'>Sistema Quick Connect permite cambiar: clip&comma; bocina y tubo ac\u00fastico en campo f\u00e1cilmente.<\/li>\n<li style='margin-bottom: 5px;'>Cable de PU reforzado con Kevlar&comma; m\u00e1s suave&comma; flexible&comma; retr\u00e1ctil y doble troquelado en conector&comma; PTT y aud\u00edfono.<\/li>\n<li style='margin-bottom: 5px;'>PTT resistente con micr\u00f3fono interconstruido&comma; capaz de ofrecer m\u00e1s de 220&comma;000 transmisiones diarias&comma; resistente a lluvia y polvo.<\/li>\n<li style='margin-bottom: 5px;'>Micr\u00f3fono de alta calidad proporcionan una transmisi\u00f3n n\u00edtida<\/li>\n<\/ul><\/div>\n<\/p><\/div>\n<div style='flex: 1 1 250px; border: 1px solid rgba(150&comma; 150&comma; 150&comma; 0.4); border-radius: 8px; overflow: hidden; display: flex; flex-direction: column;'>\n<div style='padding: 15px; border-bottom: 1px solid rgba(150&comma; 150&comma; 150&comma; 0.2); font-weight: bold; font-size: 18px; color: inherit;'>Aplicaciones<\/div>\n<div style='padding: 15px; color: inherit;'>\n<ul style='padding-left: 20px; margin: 0; font-size: 14px; list-style-type: disc;'>\n<li style='margin-bottom: 5px;'>Dise\u00f1ado para un alto nivel de comunicaciones encubiertas.<\/li>\n<li style='margin-bottom: 5px;'>El micr\u00f3fono de solapa micro puede transmitir bajo la vestimenta.<\/li>\n<li style='margin-bottom: 5px;'>La forma de barril PTT se ajusta para una transmisi\u00f3n sencilla.<\/li>\n<li style='margin-bottom: 5px;'>Montaje para tubo ac\u00fastico TWIST CONNECT para higiene y usuarios m\u00faltiples.<\/li>\n<\/ul><\/div>\n<\/p><\/div>\n<\/p><\/div>\n<div style='display: flex; flex-wrap: wrap; gap: 30px; margin-bottom: 30px;'>\n<div style='flex: 1 1 300px; min-width: 280px;'>\n<h3 style='font-size: 22px; border-bottom: 2px solid currentColor; padding-bottom: 5px; margin-top: 0; color: inherit; opacity: 0.8;'>Im\u00e1genes del producto<\/h3>\n<div style='display: grid; grid-template-columns: repeat(auto-fill&comma; minmax(250px&comma; 1fr)); gap: 15px; margin-top: 15px;'> <img style='width: 100%; height: auto; border: 1px solid rgba(150&comma;150&comma;150&comma;0.3); border-radius: 8px;' src='http:\/\/ftp3.syscom.mx\/usuarios\/fotos\/TX885K01\/67324-tx885_esp_1.png' alt=''> <img style='width: 100%; height: auto; border: 1px solid rgba(150&comma;150&comma;150&comma;0.3); border-radius: 8px;' src='http:\/\/ftp3.syscom.mx\/usuarios\/fotos\/TX885H02\/68924-h02.jpg' alt=''> <img style='width: 100%; height: auto; border: 1px solid rgba(150&comma;150&comma;150&comma;0.3); border-radius: 8px;' src='http:\/\/ftp3.syscom.mx\/usuarios\/fotos\/_DSC0262\/_DSC0262.png' alt=''> <img style='width: 100%; height: auto; border: 1px solid rgba(150&comma;150&comma;150&comma;0.3); border-radius: 8px;' src='http:\/\/ftp3.syscom.mx\/usuarios\/fotos\/_DSC0263\/_DSC0263.png' alt=''> <img style='width: 100%; height: auto; border: 1px solid rgba(150&comma;150&comma;150&comma;0.3); border-radius: 8px;' src='http:\/\/ftp3.syscom.mx\/usuarios\/fotos\/_DSC0264\/_DSC0264.png' alt=''> <\/div>\n<p style='font-size: 14px; color: inherit; margin-top: 15px; text-align: center;'>Conector H02<\/p>\n<\/p><\/div>\n<\/p><\/div>\n<hr style='border: 0; border-top: 1px solid rgba(150&comma; 150&comma; 150&comma; 0.3); margin: 30px 0;'> <\/div>\n","protected":false},"excerpt":{"rendered":"<p>Micr\u00f3fono de solapa de 3 hilos para Radios TC-610P \/ TC-780 \/ TE320<\/p>\n","protected":false},"featured_media":63511,"comment_status":"open","ping_status":"closed","template":"","meta":[],"product_brand":[],"product_cat":[1888],"product_tag":[1583,1518,560],"class_list":{"0":"post-63512","1":"product","2":"type-product","3":"status-publish","4":"has-post-thumbnail","6":"product_cat-microfono-audifono-accesorios-para-hytera-hyt","7":"product_tag-accesorios-para-hytera-hyt","8":"product_tag-microfono-audifono","9":"product_tag-txpro","11":"first","12":"outofstock","13":"sale","14":"shipping-taxable","15":"purchasable","16":"product-type-simple"},"_links":{"self":[{"href":"https:\/\/soydeaqui.ddns.net\/pachuca\/index.php\/wp-json\/wp\/v2\/product\/63512","targetHints":{"allow":["GET"]}}],"collection":[{"href":"https:\/\/soydeaqui.ddns.net\/pachuca\/index.php\/wp-json\/wp\/v2\/product"}],"about":[{"href":"https:\/\/soydeaqui.ddns.net\/pachuca\/index.php\/wp-json\/wp\/v2\/types\/product"}],"replies":[{"embeddable":true,"href":"https:\/\/soydeaqui.ddns.net\/pachuca\/index.php\/wp-json\/wp\/v2\/comments?post=63512"}],"wp:featuredmedia":[{"embeddable":true,"href":"https:\/\/soydeaqui.ddns.net\/pachuca\/index.php\/wp-json\/wp\/v2\/media\/63511"}],"wp:attachment":[{"href":"https:\/\/soydeaqui.ddns.net\/pachuca\/index.php\/wp-json\/wp\/v2\/media?parent=63512"}],"wp:term":[{"taxonomy":"product_brand","embeddable":true,"href":"https:\/\/soydeaqui.ddns.net\/pachuca\/index.php\/wp-json\/wp\/v2\/product_brand?post=63512"},{"taxonomy":"product_cat","embeddable":true,"href":"https:\/\/soydeaqui.ddns.net\/pachuca\/index.php\/wp-json\/wp\/v2\/product_cat?post=63512"},{"taxonomy":"product_tag","embeddable":true,"href":"https:\/\/soydeaqui.ddns.net\/pachuca\/index.php\/wp-json\/wp\/v2\/product_tag?post=63512"}],"curies":[{"name":"wp","href":"https:\/\/api.w.org\/{rel}","templated":true}]}}