{"id":63510,"date":"2026-03-19T07:16:35","date_gmt":"2026-03-19T07:16:35","guid":{"rendered":"https:\/\/soydeaqui.ddns.net\/pachuca\/index.php\/producto\/diadema-por-detras-de-la-cabeza-con-boom-flexible-para-radios-te320-tc-610p-tc-780\/"},"modified":"2026-03-19T07:16:36","modified_gmt":"2026-03-19T07:16:36","slug":"diadema-por-detras-de-la-cabeza-con-boom-flexible-para-radios-te320-tc-610p-tc-780","status":"publish","type":"product","link":"https:\/\/soydeaqui.ddns.net\/pachuca\/index.php\/producto\/diadema-por-detras-de-la-cabeza-con-boom-flexible-para-radios-te320-tc-610p-tc-780\/","title":{"rendered":"Diadema por detr\u00e1s de la cabeza con boom flexible para Radios TE320 \/ TC-610P \/ TC-780"},"content":{"rendered":"<div style='width: 100%; max-width: 1200px; margin: 0 auto; font-family: sans-serif; line-height: 1.6; color: inherit;'>\n<div style='display: flex; flex-wrap: wrap; gap: 30px; margin-bottom: 30px;'>\n<div style='flex: 1 1 300px; min-width: 280px;'>\n<h3 style='font-size: 22px; border-bottom: 2px solid currentColor; padding-bottom: 5px; margin-top: 0; color: inherit; opacity: 0.8;'>Caracter\u00edsticas<\/h3>\n<ul style='padding-left: 20px; font-size: 15px; color: inherit;'>\n<li style='margin-bottom: 5px;'>Diadema ligera por detr\u00e1s de la cabeza con boom flexible<\/li>\n<li style='margin-bottom: 5px;'>Ideal para coordinador de eventos&comma; personal de almacenes y supermercados&comma; restaurant para una comunicaci\u00f3n efectiva con el personal operativo<\/li>\n<\/ul><\/div>\n<\/p><\/div>\n<div style='display: flex; flex-wrap: wrap; gap: 20px; margin-bottom: 30px;'>\n<div style='flex: 1 1 250px; border: 1px solid rgba(150&comma; 150&comma; 150&comma; 0.4); border-radius: 8px; overflow: hidden; display: flex; flex-direction: column;'>\n<div style='padding: 15px; border-bottom: 1px solid rgba(150&comma; 150&comma; 150&comma; 0.2); font-weight: bold; font-size: 18px; color: inherit;'>Caracter\u00edsticas t\u00e9cnicas<\/div>\n<div style='padding: 15px; color: inherit;'>\n<ul style='padding-left: 20px; margin: 0; font-size: 14px; list-style-type: disc;'>\n<li style='margin-bottom: 5px;'>Bocina de alta calidad ofrece una comunicaci\u00f3n fluida y clara<\/li>\n<li style='margin-bottom: 5px;'>Cable de PU reforzado con Kevlar doble troquelado en conector&comma; PTT y auricular<\/li>\n<li style='margin-bottom: 5px;'>Cubierta de policarbonato robusta para PTT&comma; bot\u00f3n de transmisi\u00f3n en l\u00ednea f\u00e1cil de operar<\/li>\n<li style='margin-bottom: 5px;'>Diadema ligera de policarbonato permite un ajuste ideal para m\u00e1xima comodidad para largas jornadas de uso<\/li>\n<li style='margin-bottom: 5px;'>Micr\u00f3fono de alta calidad proporciona un audio n\u00edtido<\/li>\n<li style='margin-bottom: 5px;'>Diadema acolchonada que permite un ajuste ideal y m\u00e1xima comodidad para largas horas de uso<\/li>\n<\/ul><\/div>\n<\/p><\/div>\n<\/p><\/div>\n<div style='display: flex; flex-wrap: wrap; gap: 30px; margin-bottom: 30px;'>\n<div style='flex: 1 1 300px; min-width: 280px;'>\n<h3 style='font-size: 22px; border-bottom: 2px solid currentColor; padding-bottom: 5px; margin-top: 0; color: inherit; opacity: 0.8;'>Conector<\/h3>\n<p style='margin-bottom: 15px; font-size: 15px; color: inherit;'>H02<\/p>\n<\/p><\/div>\n<\/p><\/div>\n<div style='display: flex; flex-wrap: wrap; gap: 30px; margin-bottom: 30px;'>\n<div style='flex: 1 1 300px; min-width: 280px;'>\n<h3 style='font-size: 22px; border-bottom: 2px solid currentColor; padding-bottom: 5px; margin-top: 0; color: inherit; opacity: 0.8;'>Im\u00e1genes<\/h3>\n<div style='margin-bottom: 20px;'> <img style='width: 100%; height: auto; border: 1px solid rgba(150&comma;150&comma;150&comma;0.3); border-radius: 8px;' src='http:\/\/ftp3.syscom.mx\/usuarios\/fotos\/TX760K01\/67317-tx-760_esp_1.png' alt=''> <\/div>\n<div style='margin-bottom: 20px;'> <img style='width: 100%; height: auto; border: 1px solid rgba(150&comma;150&comma;150&comma;0.3); border-radius: 8px;' src='http:\/\/ftp3.syscom.mx\/usuarios\/fotos\/TX760H02\/68931-h02.jpg' alt=''> <\/div>\n<\/p><\/div>\n<\/p><\/div>\n<\/p><\/div>\n","protected":false},"excerpt":{"rendered":"<p>Diadema por detr\u00e1s de la cabeza con boom flexible para Radios TE320 \/ TC-610P \/ TC-780<\/p>\n","protected":false},"featured_media":63509,"comment_status":"open","ping_status":"closed","template":"","meta":[],"product_brand":[],"product_cat":[1582],"product_tag":[1583,1584,560],"class_list":{"0":"post-63510","1":"product","2":"type-product","3":"status-publish","4":"has-post-thumbnail","6":"product_cat-diademas","7":"product_tag-accesorios-para-hytera-hyt","8":"product_tag-diademas","9":"product_tag-txpro","11":"first","12":"instock","13":"sale","14":"shipping-taxable","15":"purchasable","16":"product-type-simple"},"_links":{"self":[{"href":"https:\/\/soydeaqui.ddns.net\/pachuca\/index.php\/wp-json\/wp\/v2\/product\/63510","targetHints":{"allow":["GET"]}}],"collection":[{"href":"https:\/\/soydeaqui.ddns.net\/pachuca\/index.php\/wp-json\/wp\/v2\/product"}],"about":[{"href":"https:\/\/soydeaqui.ddns.net\/pachuca\/index.php\/wp-json\/wp\/v2\/types\/product"}],"replies":[{"embeddable":true,"href":"https:\/\/soydeaqui.ddns.net\/pachuca\/index.php\/wp-json\/wp\/v2\/comments?post=63510"}],"wp:featuredmedia":[{"embeddable":true,"href":"https:\/\/soydeaqui.ddns.net\/pachuca\/index.php\/wp-json\/wp\/v2\/media\/63509"}],"wp:attachment":[{"href":"https:\/\/soydeaqui.ddns.net\/pachuca\/index.php\/wp-json\/wp\/v2\/media?parent=63510"}],"wp:term":[{"taxonomy":"product_brand","embeddable":true,"href":"https:\/\/soydeaqui.ddns.net\/pachuca\/index.php\/wp-json\/wp\/v2\/product_brand?post=63510"},{"taxonomy":"product_cat","embeddable":true,"href":"https:\/\/soydeaqui.ddns.net\/pachuca\/index.php\/wp-json\/wp\/v2\/product_cat?post=63510"},{"taxonomy":"product_tag","embeddable":true,"href":"https:\/\/soydeaqui.ddns.net\/pachuca\/index.php\/wp-json\/wp\/v2\/product_tag?post=63510"}],"curies":[{"name":"wp","href":"https:\/\/api.w.org\/{rel}","templated":true}]}}