{"id":63508,"date":"2026-03-19T07:16:30","date_gmt":"2026-03-19T07:16:30","guid":{"rendered":"https:\/\/soydeaqui.ddns.net\/pachuca\/index.php\/producto\/microfono-audifono-de-alta-tecnologia-para-hyt-tc-500-518-600-610-70-y-para-motorola-gp300-sp-50-p1225-pro3150-mag-one-ep450-ep350\/"},"modified":"2026-03-19T07:16:31","modified_gmt":"2026-03-19T07:16:31","slug":"microfono-audifono-de-alta-tecnologia-para-hyt-tc-500-518-600-610-70-y-para-motorola-gp300-sp-50-p1225-pro3150-mag-one-ep450-ep350","status":"publish","type":"product","link":"https:\/\/soydeaqui.ddns.net\/pachuca\/index.php\/producto\/microfono-audifono-de-alta-tecnologia-para-hyt-tc-500-518-600-610-70-y-para-motorola-gp300-sp-50-p1225-pro3150-mag-one-ep450-ep350\/","title":{"rendered":"Micr\u00f3fono &#8211; Aud\u00edfono de Alta Tecnolog\u00eda.  Para HYT TC-500\/ 518\/ 600\/ 610\/ 70 y  para Motorola GP300\/ SP-50\/ P1225\/ PRO3150\/ MAG ONE\/ EP450\/ EP350."},"content":{"rendered":"<div style='width: 100%; max-width: 1200px; margin: 0 auto; font-family: sans-serif; line-height: 1.6; color: inherit; background-color: transparent;'>\n<div style='display: flex; flex-wrap: wrap; gap: 30px; margin-bottom: 30px;'>\n<div style='flex: 1 1 300px; min-width: 280px;'>\n<h3 style='font-size: 22px; border-bottom: 2px solid currentColor; padding-bottom: 5px; margin-top: 0; color: inherit; opacity: 0.8;'>Caracter\u00edsticas<\/h3>\n<ul style='padding-left: 20px; font-size: 15px; color: inherit;'>\n<li style='margin-bottom: 5px;'>Micr\u00f3fono &#8211; Aud\u00edfono de Alta Tecnolog\u00eda<\/li>\n<li style='margin-bottom: 5px;'>Compatible con HYT TC-500\/ 508\/ 518\/ 580\/ 600\/ 610\/ 700 PD506<\/li>\n<li style='margin-bottom: 5px;'>Compatible con Motorola GP300\/ SP-50\/ P1225\/ PRO3150\/ MAG ONE\/ EP150\/350\/ EP450\/ DEP450<\/li>\n<li style='margin-bottom: 5px;'>Micr\u00f3fono integrado en el auricular<\/li>\n<li style='margin-bottom: 5px;'>Voz captada a trav\u00e9s del conducto auditivo<\/li>\n<\/ul><\/div>\n<\/p><\/div>\n<div style='display: flex; flex-wrap: wrap; gap: 20px; margin-bottom: 30px;'>\n<div style='flex: 1 1 250px; border: 1px solid rgba(150&comma; 150&comma; 150&comma; 0.4); border-radius: 8px; overflow: hidden; display: flex; flex-direction: column;'>\n<div style='padding: 15px; border-bottom: 1px solid rgba(150&comma; 150&comma; 150&comma; 0.2); font-weight: bold; font-size: 18px; color: inherit;'>Caracter\u00edsticas T\u00e9cnicas<\/div>\n<div style='padding: 15px; color: inherit;'>\n<ul style='padding-left: 20px; margin: 0; font-size: 14px; list-style-type: disc;'>\n<li style='margin-bottom: 5px;'>Ideal para utilizarse con mascarillas de respiraci\u00f3n de laboratorio o fumigaci\u00f3n<\/li>\n<li style='margin-bottom: 5px;'>Dise\u00f1ado para ambientes extremadamente ruidosos<\/li>\n<li style='margin-bottom: 5px;'>Auricular fabricado en pl\u00e1stico de grado m\u00e9dico&comma; suave&comma; flexible y terso<\/li>\n<li style='margin-bottom: 5px;'>Cable reforzado con Kevlar<\/li>\n<li style='margin-bottom: 5px;'>Doble troquelado reforzado en conector&comma; PTT y auricular<\/li>\n<li style='margin-bottom: 5px;'>Resistencia de 20 kg en prueba de jal\u00f3n del cable<\/li>\n<li style='margin-bottom: 5px;'>Cable color negro satinado de PU&comma; suave&comma; flexible&comma; f\u00e1cil de manejar&comma; no irrita la piel y no se enreda<\/li>\n<li style='margin-bottom: 5px;'>PTT de anillo para manos libres y f\u00e1cil de ocultar<\/li>\n<li style='margin-bottom: 5px;'>Cuenta con cancelaci\u00f3n de ruido<\/li>\n<li style='margin-bottom: 5px;'>Capta la voz por el conducto auditivo<\/li>\n<li style='margin-bottom: 5px;'>Micr\u00f3fono y bocina interconstruidos en el auricular<\/li>\n<li style='margin-bottom: 5px; font-weight: bold;'>Ideal para cuando tenemos la boca cubierta<\/li>\n<\/ul><\/div>\n<\/p><\/div>\n<\/p><\/div>\n<hr style='border: 0; border-top: 1px solid rgba(150&comma; 150&comma; 150&comma; 0.3); margin: 30px 0;'>\n<div style='display: flex; flex-wrap: wrap; gap: 15px; justify-content: center;'>\n<div style='flex: 1 1 200px; min-width: 200px;'> <img style='width: 100%; height: auto; border: 1px solid rgba(150&comma;150&comma;150&comma;0.3); border-radius: 8px;' src='http:\/\/ftp3.syscom.mx\/usuarios\/fotos\/TX500K01\/67309-tx-500_esp_1.png' alt=''> <\/div>\n<div style='flex: 1 1 200px; min-width: 200px;'> <img style='width: 100%; height: auto; border: 1px solid rgba(150&comma;150&comma;150&comma;0.3); border-radius: 8px;' src='http:\/\/ftp3.syscom.mx\/usuarios\/fotos\/TX500M01\/68909-m01.jpg' alt=''> <\/p>\n<p style='text-align: center; font-size: 14px; margin-top: 8px; color: inherit;'>Conector M01<\/p>\n<\/p><\/div>\n<div style='flex: 1 1 200px; min-width: 200px;'> <img style='width: 100%; height: auto; border: 1px solid rgba(150&comma;150&comma;150&comma;0.3); border-radius: 8px;' src='http:\/\/ftp3.syscom.mx\/usuarios\/fotos\/500K01\/500K01.png' alt=''> <\/div>\n<div style='flex: 1 1 200px; min-width: 200px;'> <img style='width: 100%; height: auto; border: 1px solid rgba(150&comma;150&comma;150&comma;0.3); border-radius: 8px;' src='http:\/\/ftp3.syscom.mx\/usuarios\/fotos\/500K01_1\/500K01_1%20.png' alt=''> <\/div>\n<div style='flex: 1 1 200px; min-width: 200px;'> <img style='width: 100%; height: auto; border: 1px solid rgba(150&comma;150&comma;150&comma;0.3); border-radius: 8px;' src='http:\/\/ftp3.syscom.mx\/usuarios\/fotos\/TX500\/TX500_2.png' alt=''> <\/div>\n<div style='flex: 1 1 200px; min-width: 200px;'> <img style='width: 100%; height: auto; border: 1px solid rgba(150&comma;150&comma;150&comma;0.3); border-radius: 8px;' src='http:\/\/ftp3.syscom.mx\/usuarios\/fotos\/TX500\/TX500_1.png' alt=''> <\/div>\n<div style='flex: 1 1 200px; min-width: 200px;'> <img style='width: 100%; height: auto; border: 1px solid rgba(150&comma;150&comma;150&comma;0.3); border-radius: 8px;' src='http:\/\/ftp3.syscom.mx\/usuarios\/fotos\/TX500\/TX500_3.png' alt=''> <\/div>\n<div style='flex: 1 1 200px; min-width: 200px;'> <img style='width: 100%; height: auto; border: 1px solid rgba(150&comma;150&comma;150&comma;0.3); border-radius: 8px;' src='http:\/\/ftp3.syscom.mx\/usuarios\/fotos\/TX500\/TX500_4.png' alt=''> <\/div>\n<\/p><\/div>\n<\/p><\/div>\n","protected":false},"excerpt":{"rendered":"<p>Micr\u00f3fono &#8211; Aud\u00edfono de Alta Tecnolog\u00eda.  Para HYT TC-500\/ 518\/ 600\/ 610\/ 70 y  para Motorola GP300\/ SP-50\/ P1225\/ PRO3150\/ MAG ONE\/ EP450\/ EP350.<\/p>\n","protected":false},"featured_media":63507,"comment_status":"open","ping_status":"closed","template":"","meta":[],"product_brand":[],"product_cat":[1706],"product_tag":[1614,1518,560],"class_list":{"0":"post-63508","1":"product","2":"type-product","3":"status-publish","4":"has-post-thumbnail","6":"product_cat-microfono-audifono-accesorios-para-motorola","7":"product_tag-accesorios-para-motorola","8":"product_tag-microfono-audifono","9":"product_tag-txpro","11":"first","12":"outofstock","13":"sale","14":"shipping-taxable","15":"purchasable","16":"product-type-simple"},"_links":{"self":[{"href":"https:\/\/soydeaqui.ddns.net\/pachuca\/index.php\/wp-json\/wp\/v2\/product\/63508","targetHints":{"allow":["GET"]}}],"collection":[{"href":"https:\/\/soydeaqui.ddns.net\/pachuca\/index.php\/wp-json\/wp\/v2\/product"}],"about":[{"href":"https:\/\/soydeaqui.ddns.net\/pachuca\/index.php\/wp-json\/wp\/v2\/types\/product"}],"replies":[{"embeddable":true,"href":"https:\/\/soydeaqui.ddns.net\/pachuca\/index.php\/wp-json\/wp\/v2\/comments?post=63508"}],"wp:featuredmedia":[{"embeddable":true,"href":"https:\/\/soydeaqui.ddns.net\/pachuca\/index.php\/wp-json\/wp\/v2\/media\/63507"}],"wp:attachment":[{"href":"https:\/\/soydeaqui.ddns.net\/pachuca\/index.php\/wp-json\/wp\/v2\/media?parent=63508"}],"wp:term":[{"taxonomy":"product_brand","embeddable":true,"href":"https:\/\/soydeaqui.ddns.net\/pachuca\/index.php\/wp-json\/wp\/v2\/product_brand?post=63508"},{"taxonomy":"product_cat","embeddable":true,"href":"https:\/\/soydeaqui.ddns.net\/pachuca\/index.php\/wp-json\/wp\/v2\/product_cat?post=63508"},{"taxonomy":"product_tag","embeddable":true,"href":"https:\/\/soydeaqui.ddns.net\/pachuca\/index.php\/wp-json\/wp\/v2\/product_tag?post=63508"}],"curies":[{"name":"wp","href":"https:\/\/api.w.org\/{rel}","templated":true}]}}