{"id":63501,"date":"2026-03-19T07:16:15","date_gmt":"2026-03-19T07:16:15","guid":{"rendered":"https:\/\/soydeaqui.ddns.net\/pachuca\/index.php\/producto\/radio-alert-con-radio-icf3003\/"},"modified":"2026-03-19T07:16:16","modified_gmt":"2026-03-19T07:16:16","slug":"radio-alert-con-radio-icf3003","status":"publish","type":"product","link":"https:\/\/soydeaqui.ddns.net\/pachuca\/index.php\/producto\/radio-alert-con-radio-icf3003\/","title":{"rendered":"Radio Alert con Radio ICF3003"},"content":{"rendered":"<div style='width: 100%; max-width: 1200px; margin: 0 auto; font-family: sans-serif; line-height: 1.6; color: inherit; background-color: transparent;'> <!-- Secci\u00f3n de caracter\u00edsticas --> <\/p>\n<div style='display: flex; flex-wrap: wrap; gap: 30px; margin-bottom: 30px;'>\n<div style='flex: 1 1 300px; min-width: 280px;'>\n<h3 style='font-size: 22px; border-bottom: 2px solid currentColor; padding-bottom: 5px; margin-top: 0; color: inherit; opacity: 0.8;'>Caracter\u00edsticas<\/h3>\n<ul style='padding-left: 20px; font-size: 15px; color: inherit;'>\n<li style='margin-bottom: 5px;'>Frecuencia: 136 &#8211; 174 MHz&comma; 5W<\/li>\n<li style='margin-bottom: 5px;'>Pr\u00e1ctico y econ\u00f3mico sistema de alarma por radio<\/li>\n<li style='margin-bottom: 5px;'>Ideal para sistemas dom\u00e9sticos&comma; comerciales&comma; rurales e industriales<\/li>\n<li style='margin-bottom: 5px;'>Bajo cualquier condici\u00f3n anormal env\u00eda un mensaje anunciando la situaci\u00f3n de alarma&comma; el cual es repetido cada 60 segundos hasta que el sistema es restablecido<\/li>\n<li style='margin-bottom: 5px;'>Inmune a fallas de energ\u00eda ya que la bater\u00eda interna le da autonom\u00eda por varias horas<\/li>\n<li style='margin-bottom: 5px;'>Opera en forma directa y a trav\u00e9s de repetidores<\/li>\n<li style='margin-bottom: 5px;'>Incluye transformador de pared Vca\/Cd&comma; bater\u00eda 7 Ah y conector UHF Hembra de chas\u00eds para antena externa (no incluida)<\/li>\n<\/ul><\/div>\n<\/p><\/div>\n<p> <!-- Secci\u00f3n de requerimientos --> <\/p>\n<div style='margin-bottom: 30px;'>\n<h3 style='font-size: 22px; border-bottom: 2px solid currentColor; padding-bottom: 5px; margin-top: 0; color: inherit; opacity: 0.8;'>Requerimientos<\/h3>\n<p style='font-size: 15px; color: inherit; margin-bottom: 15px;'>Requiere radio con teclado DTMF (no incluido) para programaci\u00f3n&comma; activaci\u00f3n&comma; desactivaci\u00f3n y monitoreo (6 zonas)<\/p>\n<\/p><\/div>\n<p> <!-- Secci\u00f3n de aplicaciones --> <\/p>\n<div style='margin-bottom: 30px;'>\n<h3 style='font-size: 22px; border-bottom: 2px solid currentColor; padding-bottom: 5px; margin-top: 0; color: inherit; opacity: 0.8;'>Aplicaciones<\/h3>\n<ul style='padding-left: 20px; font-size: 15px; color: inherit;'>\n<li style='margin-bottom: 5px;'><strong>Procesos Industriales:<\/strong> el personal de mantenimiento escuchar\u00e1 en sus radios oportunamente mensajes hablados de paros de motores&comma; compuertas&comma; fugas&comma; humo&comma; temperatura&comma; etc.<\/li>\n<li style='margin-bottom: 5px;'><strong>Agricultura:<\/strong> cuidado de pozos&comma; motores&comma; subestaciones&comma; bodegas.<\/li>\n<li style='margin-bottom: 5px;'><strong>Vigilancia:<\/strong> protecci\u00f3n y seguridad de comercios&comma; bodegas y areas residenciales.<\/li>\n<li style='margin-bottom: 5px;'><strong>Telecomunicaciones:<\/strong> protecci\u00f3n de estaciones repetidoras y radio bases.<\/li>\n<\/ul><\/div>\n<p> <!-- Secci\u00f3n de versi\u00f3n 1 zona --> <\/p>\n<div style='margin-bottom: 30px;'>\n<h3 style='font-size: 22px; border-bottom: 2px solid currentColor; padding-bottom: 5px; margin-top: 0; color: inherit; opacity: 0.8;'>Versi\u00f3n 1 Zona<\/h3>\n<ul style='padding-left: 20px; font-size: 15px; color: inherit;'>\n<li style='margin-bottom: 5px;'>Activaci\u00f3n por DTMF o llave de seguridad<\/li>\n<li style='margin-bottom: 5px;'>Desactivaci\u00f3n por DTMF<\/li>\n<li style='margin-bottom: 5px;'>Grabaci\u00f3n de mensaje v\u00eda remota y 4 c\u00f3digos de control (3 d\u00edgitos de acceso m\u00e1s 1 de funci\u00f3n)<\/li>\n<li style='margin-bottom: 5px;'>Retransmisi\u00f3n de mensaje de alarma por zona cada 60 segundos<\/li>\n<li style='margin-bottom: 5px;'>Si se activa por llave&comma; el usuario cuenta con 30 segundos antes de que se active la sirena y 30 para desactivar<\/li>\n<li style='margin-bottom: 5px;'>Con una tarjeta RSW (Radio Switch) es posible controlar un sistema remotamente con reconocimiento de evento<\/li>\n<\/ul><\/div>\n<\/p><\/div>\n","protected":false},"excerpt":{"rendered":"<p>Radio Alert con Radio ICF3003<\/p>\n","protected":false},"featured_media":63500,"comment_status":"open","ping_status":"closed","template":"","meta":[],"product_brand":[],"product_cat":[1545],"product_tag":[1546,63,1547],"class_list":{"0":"post-63501","1":"product","2":"type-product","3":"status-publish","4":"has-post-thumbnail","6":"product_cat-voceo-monitoreo-remoto","7":"product_tag-aplicaciones-y-soluciones","8":"product_tag-syscom","9":"product_tag-voceo-monitoreo-remoto","11":"first","12":"outofstock","13":"sale","14":"shipping-taxable","15":"purchasable","16":"product-type-simple"},"_links":{"self":[{"href":"https:\/\/soydeaqui.ddns.net\/pachuca\/index.php\/wp-json\/wp\/v2\/product\/63501","targetHints":{"allow":["GET"]}}],"collection":[{"href":"https:\/\/soydeaqui.ddns.net\/pachuca\/index.php\/wp-json\/wp\/v2\/product"}],"about":[{"href":"https:\/\/soydeaqui.ddns.net\/pachuca\/index.php\/wp-json\/wp\/v2\/types\/product"}],"replies":[{"embeddable":true,"href":"https:\/\/soydeaqui.ddns.net\/pachuca\/index.php\/wp-json\/wp\/v2\/comments?post=63501"}],"wp:featuredmedia":[{"embeddable":true,"href":"https:\/\/soydeaqui.ddns.net\/pachuca\/index.php\/wp-json\/wp\/v2\/media\/63500"}],"wp:attachment":[{"href":"https:\/\/soydeaqui.ddns.net\/pachuca\/index.php\/wp-json\/wp\/v2\/media?parent=63501"}],"wp:term":[{"taxonomy":"product_brand","embeddable":true,"href":"https:\/\/soydeaqui.ddns.net\/pachuca\/index.php\/wp-json\/wp\/v2\/product_brand?post=63501"},{"taxonomy":"product_cat","embeddable":true,"href":"https:\/\/soydeaqui.ddns.net\/pachuca\/index.php\/wp-json\/wp\/v2\/product_cat?post=63501"},{"taxonomy":"product_tag","embeddable":true,"href":"https:\/\/soydeaqui.ddns.net\/pachuca\/index.php\/wp-json\/wp\/v2\/product_tag?post=63501"}],"curies":[{"name":"wp","href":"https:\/\/api.w.org\/{rel}","templated":true}]}}