{"id":63497,"date":"2026-03-19T07:16:09","date_gmt":"2026-03-19T07:16:09","guid":{"rendered":"https:\/\/soydeaqui.ddns.net\/pachuca\/index.php\/producto\/microfono-de-garganta-para-kenwood-nx-340-320-420-tk-3230-3000-3402-3312-3360-3170\/"},"modified":"2026-03-19T07:16:10","modified_gmt":"2026-03-19T07:16:10","slug":"microfono-de-garganta-para-kenwood-nx-340-320-420-tk-3230-3000-3402-3312-3360-3170","status":"publish","type":"product","link":"https:\/\/soydeaqui.ddns.net\/pachuca\/index.php\/producto\/microfono-de-garganta-para-kenwood-nx-340-320-420-tk-3230-3000-3402-3312-3360-3170\/","title":{"rendered":"Micr\u00f3fono de Garganta para KENWOOD NX-340\/320\/420, TK-3230\/3000\/3402\/3312\/3360\/3170"},"content":{"rendered":"<div style='width: 100%; max-width: 1200px; margin: 0 auto; font-family: sans-serif; line-height: 1.6; color: inherit; background-color: transparent;'> <!-- Imagen principal --> <\/p>\n<div style='margin-bottom: 30px;'> <img style='width: 100%; height: auto; border: 1px solid rgba(150&comma;150&comma;150&comma;0.3); border-radius: 8px;' src='http:\/\/ftp3.syscom.mx\/usuarios\/fotos\/E2RE2KB5111\/87816-otto.png' alt='Micr\u00f3fono de Garganta para KENWOOD'> <\/div>\n<p> <!-- Secci\u00f3n de caracter\u00edsticas --> <\/p>\n<div style='display: flex; flex-wrap: wrap; gap: 30px; margin-bottom: 30px;'>\n<div style='flex: 1 1 300px; min-width: 280px;'>\n<h3 style='font-size: 22px; border-bottom: 2px solid currentColor; padding-bottom: 5px; margin-top: 0; color: inherit; opacity: 0.8;'>Caracter\u00edsticas<\/h3>\n<ul style='padding-left: 20px; font-size: 15px; color: inherit;'>\n<li style='margin-bottom: 5px;'>Avanzada tecnolog\u00eda de micr\u00f3fono que transmite la voz incluso al susurrar<\/li>\n<li style='margin-bottom: 5px;'>Correa confortable el\u00e1stica con ajuste para largas jornadas de trabajo<\/li>\n<li style='margin-bottom: 5px;'>Excelente equipo para requerimiento de manos libres<\/li>\n<li style='margin-bottom: 5px;'>Bot\u00f3n de PTT en el cable<\/li>\n<li style='margin-bottom: 5px;'>Tubo ac\u00fastico Plug and Play para compartir el equipo durante m\u00faltiples turnos de trabajo manteniendo un ambiente higi\u00e9nico<\/li>\n<\/ul><\/div>\n<\/p><\/div>\n<p> <!-- Informaci\u00f3n adicional --> <\/p>\n<div style='margin-bottom: 30px; font-size: 15px; color: inherit;'>\n<p>Versi\u00f3nes opcionales con adaptador Jack de 2.5mm para conectar un bot\u00f3n de PTT remoto para aplicaciones especiales \u00a1Ll\u00e1menos!<\/p>\n<\/p><\/div>\n<p> <!-- Video y diagrama --> <\/p>\n<div style='display: grid; grid-template-columns: 1fr; gap: 30px; margin-bottom: 30px;'>\n<div>\n<div style='position: relative; padding-bottom: 56.25%; height: 0; overflow: hidden; margin-bottom: 30px;'>   <\/div>\n<\/p><\/div>\n<div> <img style='width: 100%; height: auto; border: 1px solid rgba(150&comma;150&comma;150&comma;0.3); border-radius: 8px;' src='http:\/\/ftp3.syscom.mx\/usuarios\/fotos\/recursos\/513.jpg' alt='Diagrama'> <\/div>\n<\/p><\/div>\n<p> <!-- Separador --> <\/p>\n<hr style='border: 0; border-top: 1px solid rgba(150&comma; 150&comma; 150&comma; 0.3); margin: 30px 0;'> <\/div>\n","protected":false},"excerpt":{"rendered":"<p>Micr\u00f3fono de Garganta para KENWOOD NX-340\/320\/420, TK-3230\/3000\/3402\/3312\/3360\/3170<\/p>\n","protected":false},"featured_media":63496,"comment_status":"open","ping_status":"closed","template":"","meta":[],"product_brand":[],"product_cat":[1586],"product_tag":[1579,1518,1585],"class_list":{"0":"post-63497","1":"product","2":"type-product","3":"status-publish","4":"has-post-thumbnail","6":"product_cat-microfono-audifono-accesorios-para-kenwood","7":"product_tag-accesorios-para-kenwood","8":"product_tag-microfono-audifono","9":"product_tag-otto","11":"first","12":"outofstock","13":"sale","14":"shipping-taxable","15":"purchasable","16":"product-type-simple"},"_links":{"self":[{"href":"https:\/\/soydeaqui.ddns.net\/pachuca\/index.php\/wp-json\/wp\/v2\/product\/63497","targetHints":{"allow":["GET"]}}],"collection":[{"href":"https:\/\/soydeaqui.ddns.net\/pachuca\/index.php\/wp-json\/wp\/v2\/product"}],"about":[{"href":"https:\/\/soydeaqui.ddns.net\/pachuca\/index.php\/wp-json\/wp\/v2\/types\/product"}],"replies":[{"embeddable":true,"href":"https:\/\/soydeaqui.ddns.net\/pachuca\/index.php\/wp-json\/wp\/v2\/comments?post=63497"}],"wp:featuredmedia":[{"embeddable":true,"href":"https:\/\/soydeaqui.ddns.net\/pachuca\/index.php\/wp-json\/wp\/v2\/media\/63496"}],"wp:attachment":[{"href":"https:\/\/soydeaqui.ddns.net\/pachuca\/index.php\/wp-json\/wp\/v2\/media?parent=63497"}],"wp:term":[{"taxonomy":"product_brand","embeddable":true,"href":"https:\/\/soydeaqui.ddns.net\/pachuca\/index.php\/wp-json\/wp\/v2\/product_brand?post=63497"},{"taxonomy":"product_cat","embeddable":true,"href":"https:\/\/soydeaqui.ddns.net\/pachuca\/index.php\/wp-json\/wp\/v2\/product_cat?post=63497"},{"taxonomy":"product_tag","embeddable":true,"href":"https:\/\/soydeaqui.ddns.net\/pachuca\/index.php\/wp-json\/wp\/v2\/product_tag?post=63497"}],"curies":[{"name":"wp","href":"https:\/\/api.w.org\/{rel}","templated":true}]}}