{"id":63495,"date":"2026-03-19T07:16:05","date_gmt":"2026-03-19T07:16:05","guid":{"rendered":"https:\/\/soydeaqui.ddns.net\/pachuca\/index.php\/producto\/diadema-breeze-para-kenwood-nx-340-320-420-tkd-340-tk-3230-3000-3402-3312-3360-3170\/"},"modified":"2026-03-19T07:16:07","modified_gmt":"2026-03-19T07:16:07","slug":"diadema-breeze-para-kenwood-nx-340-320-420-tkd-340-tk-3230-3000-3402-3312-3360-3170","status":"publish","type":"product","link":"https:\/\/soydeaqui.ddns.net\/pachuca\/index.php\/producto\/diadema-breeze-para-kenwood-nx-340-320-420-tkd-340-tk-3230-3000-3402-3312-3360-3170\/","title":{"rendered":"Diadema BREEZE para KENWOOD NX-340\/320\/420, TKD-340, TK-3230\/3000\/3402\/3312\/3360\/3170"},"content":{"rendered":"<div style='width: 100%; max-width: 1200px; margin: 0 auto; font-family: sans-serif; line-height: 1.6; color: inherit; background-color: transparent;'> <!-- Imagen del producto --> <\/p>\n<div style='width: 100%; margin-bottom: 30px;'> <img style='width: 100%; height: auto; border: 1px solid rgba(150&comma;150&comma;150&comma;0.3); border-radius: 8px;' src='http:\/\/ftp3.syscom.mx\/usuarios\/fotos\/E2RE2KB5111\/87816-otto.png' alt='Diadema BREEZE para KENWOOD'> <\/div>\n<p> <!-- Descripci\u00f3n general --> <\/p>\n<div style='margin-bottom: 30px;'>\n<h3 style='font-size: 22px; border-bottom: 2px solid currentColor; padding-bottom: 5px; margin-top: 0; color: inherit; opacity: 0.8;'>Descripci\u00f3n<\/h3>\n<ul style='padding-left: 20px; font-size: 15px; color: inherit;'>\n<li style='margin-bottom: 5px;'>Diadema con auricular izquierdo&comma; micr\u00f3fono flexible y PTT<\/li>\n<li style='margin-bottom: 5px;'>Ultra ligero para mayor comodidad<\/li>\n<li style='margin-bottom: 5px;'>Diadema por detr\u00e1s de la cabeza que puede ser usada bajo una gorra o casco (motociclistas)<\/li>\n<li style='margin-bottom: 5px;'>Adaptador Jack opcional para bot\u00f3n de PTT remoto<\/li>\n<\/ul><\/div>\n<p> <!-- Aplicaciones --> <\/p>\n<div style='margin-bottom: 30px;'>\n<h3 style='font-size: 22px; border-bottom: 2px solid currentColor; padding-bottom: 5px; margin-top: 0; color: inherit; opacity: 0.8;'>Aplicaciones<\/h3>\n<p style='font-size: 15px; color: inherit;'>Versiones con Push-to-Talk remoto permiten operaci\u00f3n manos libres para usuarios que conducen&comma; portan armas o herramientas&comma; o cualquier aplicaci\u00f3n donde las manos puedan estar ocupadas.<\/p>\n<\/p><\/div>\n<p> <!-- Especificaciones t\u00e9cnicas --> <\/p>\n<div style='display: flex; flex-wrap: wrap; gap: 20px; margin-bottom: 30px;'>\n<div style='flex: 1 1 250px; border: 1px solid rgba(150&comma; 150&comma; 150&comma; 0.4); border-radius: 8px; overflow: hidden; display: flex; flex-direction: column;'>\n<div style='padding: 15px; border-bottom: 1px solid rgba(150&comma; 150&comma; 150&comma; 0.2); font-weight: bold; font-size: 18px; color: inherit;'>Especificaciones Mec\u00e1nicas<\/div>\n<div style='padding: 15px; color: inherit;'>\n<ul style='padding-left: 20px; margin: 0; font-size: 14px; list-style-type: disc;'>\n<li style='margin-bottom: 5px;'><strong>Fuerza de extracci\u00f3n axial del protector de oreja:<\/strong> 20 lbs<\/li>\n<li style='margin-bottom: 5px;'><strong>Resistencia axial del cable en auricular y PTT:<\/strong> 20 lbs<\/li>\n<li style='margin-bottom: 5px;'><strong>Resistencia axial del cable en enchufe:<\/strong> 40 lbs<\/li>\n<li style='margin-bottom: 5px;'><strong>Vida \u00fatil flexi\u00f3n cable en m\u00f3dulo T:<\/strong> 6&comma;000 ciclos<\/li>\n<li style='margin-bottom: 5px;'><strong>Vida \u00fatil flexi\u00f3n cable en enchufe:<\/strong> 25&comma;000 ciclos<\/li>\n<li style='margin-bottom: 5px;'><strong>Vida \u00fatil flexi\u00f3n brazo micr\u00f3fono @ \u00b160\u00b0:<\/strong> 4&comma;500 ciclos<\/li>\n<li style='margin-bottom: 5px;'><strong>Garant\u00eda del fabricante:<\/strong> 24 meses<\/li>\n<\/ul><\/div>\n<\/p><\/div>\n<div style='flex: 1 1 250px; border: 1px solid rgba(150&comma; 150&comma; 150&comma; 0.4); border-radius: 8px; overflow: hidden; display: flex; flex-direction: column;'>\n<div style='padding: 15px; border-bottom: 1px solid rgba(150&comma; 150&comma; 150&comma; 0.2); font-weight: bold; font-size: 18px; color: inherit;'>Especificaciones El\u00e9ctricas<\/div>\n<div style='padding: 15px; color: inherit;'>\n<ul style='padding-left: 20px; margin: 0; font-size: 14px; list-style-type: disc;'>\n<li style='margin-bottom: 5px;'><strong>Sensibilidad del micr\u00f3fono a 94dB SPL:<\/strong> -40 t\u00edpico<\/li>\n<\/ul><\/div>\n<\/p><\/div>\n<div style='flex: 1 1 250px; border: 1px solid rgba(150&comma; 150&comma; 150&comma; 0.4); border-radius: 8px; overflow: hidden; display: flex; flex-direction: column;'>\n<div style='padding: 15px; border-bottom: 1px solid rgba(150&comma; 150&comma; 150&comma; 0.2); font-weight: bold; font-size: 18px; color: inherit;'>Especificaciones Ambientales<\/div>\n<div style='padding: 15px; color: inherit;'>\n<ul style='padding-left: 20px; margin: 0; font-size: 14px; list-style-type: disc;'>\n<li style='margin-bottom: 5px;'><strong>Temperatura de operaci\u00f3n:<\/strong> -20\u00b0C a +60\u00b0C<\/li>\n<li style='margin-bottom: 5px;'><strong>Temperatura de almacenamiento:<\/strong> -40\u00b0C a +80\u00b0C<\/li>\n<\/ul><\/div>\n<\/p><\/div>\n<\/p><\/div>\n<p> <!-- Tipos de PTT --> <\/p>\n<div style='margin-bottom: 30px;'>\n<h3 style='font-size: 22px; border-bottom: 2px solid currentColor; padding-bottom: 5px; margin-top: 0; color: inherit; opacity: 0.8;'>Tipos de Push-to-Talk (PTT)<\/h3>\n<ul style='padding-left: 20px; font-size: 15px; color: inherit;'>\n<li style='margin-bottom: 5px;'><strong>Anillo PTT:<\/strong> 80 mm<\/li>\n<li style='margin-bottom: 5px;'><strong>PTT de barra<\/strong><\/li>\n<li style='margin-bottom: 5px;'><strong>PTT plano<\/strong><\/li>\n<li style='margin-bottom: 5px;'><strong>PTT torpedo<\/strong> con cable de 2.5 mm<\/li>\n<\/ul><\/div>\n<p> <!-- Compatibilidad --> <\/p>\n<div style='margin-bottom: 30px;'>\n<h3 style='font-size: 22px; border-bottom: 2px solid currentColor; padding-bottom: 5px; margin-top: 0; color: inherit; opacity: 0.8;'>Compatibilidad<\/h3>\n<p style='font-size: 15px; color: inherit;'>Compatible con radios KENWOOD NX-340\/320\/420&comma; TK-3230\/3000\/3402\/3312\/3360\/3170<\/p>\n<\/p><\/div>\n<p> <!-- Separador --> <\/p>\n<hr style='border: 0; border-top: 1px solid rgba(150&comma; 150&comma; 150&comma; 0.3); margin: 30px 0;'> <!-- Video --> <\/p>\n<div style='position: relative; padding-bottom: 56.25%; height: 0; overflow: hidden; margin-bottom: 30px;'>   <\/div>\n<\/p><\/div>\n","protected":false},"excerpt":{"rendered":"<p>Diadema BREEZE para KENWOOD NX-340\/320\/420, TKD-340, TK-3230\/3000\/3402\/3312\/3360\/3170<\/p>\n","protected":false},"featured_media":63494,"comment_status":"open","ping_status":"closed","template":"","meta":[],"product_brand":[],"product_cat":[1898],"product_tag":[1579,1584,1585],"class_list":{"0":"post-63495","1":"product","2":"type-product","3":"status-publish","4":"has-post-thumbnail","6":"product_cat-diademas-accesorios-para-kenwood","7":"product_tag-accesorios-para-kenwood","8":"product_tag-diademas","9":"product_tag-otto","11":"first","12":"outofstock","13":"sale","14":"shipping-taxable","15":"purchasable","16":"product-type-simple"},"_links":{"self":[{"href":"https:\/\/soydeaqui.ddns.net\/pachuca\/index.php\/wp-json\/wp\/v2\/product\/63495","targetHints":{"allow":["GET"]}}],"collection":[{"href":"https:\/\/soydeaqui.ddns.net\/pachuca\/index.php\/wp-json\/wp\/v2\/product"}],"about":[{"href":"https:\/\/soydeaqui.ddns.net\/pachuca\/index.php\/wp-json\/wp\/v2\/types\/product"}],"replies":[{"embeddable":true,"href":"https:\/\/soydeaqui.ddns.net\/pachuca\/index.php\/wp-json\/wp\/v2\/comments?post=63495"}],"wp:featuredmedia":[{"embeddable":true,"href":"https:\/\/soydeaqui.ddns.net\/pachuca\/index.php\/wp-json\/wp\/v2\/media\/63494"}],"wp:attachment":[{"href":"https:\/\/soydeaqui.ddns.net\/pachuca\/index.php\/wp-json\/wp\/v2\/media?parent=63495"}],"wp:term":[{"taxonomy":"product_brand","embeddable":true,"href":"https:\/\/soydeaqui.ddns.net\/pachuca\/index.php\/wp-json\/wp\/v2\/product_brand?post=63495"},{"taxonomy":"product_cat","embeddable":true,"href":"https:\/\/soydeaqui.ddns.net\/pachuca\/index.php\/wp-json\/wp\/v2\/product_cat?post=63495"},{"taxonomy":"product_tag","embeddable":true,"href":"https:\/\/soydeaqui.ddns.net\/pachuca\/index.php\/wp-json\/wp\/v2\/product_tag?post=63495"}],"curies":[{"name":"wp","href":"https:\/\/api.w.org\/{rel}","templated":true}]}}