{"id":63484,"date":"2026-03-19T07:15:45","date_gmt":"2026-03-19T07:15:45","guid":{"rendered":"https:\/\/soydeaqui.ddns.net\/pachuca\/index.php\/producto\/diadema-explorer-para-icom-icf3003-4003-3013-4013-3021-4021\/"},"modified":"2026-03-19T07:15:46","modified_gmt":"2026-03-19T07:15:46","slug":"diadema-explorer-para-icom-icf3003-4003-3013-4013-3021-4021","status":"publish","type":"product","link":"https:\/\/soydeaqui.ddns.net\/pachuca\/index.php\/producto\/diadema-explorer-para-icom-icf3003-4003-3013-4013-3021-4021\/","title":{"rendered":"Diadema Explorer para ICOM ICF3003\/4003\/3013\/4013\/3021\/4021"},"content":{"rendered":"<div style='width: 100%; max-width: 1200px; margin: 0 auto; font-family: sans-serif; line-height: 1.6; color: inherit; background-color: transparent;'>\n<div style='display: flex; flex-wrap: wrap; gap: 30px; margin-bottom: 30px;'>\n<div style='flex: 1 1 300px; min-width: 280px;'>\n<h3 style='font-size: 22px; border-bottom: 2px solid currentColor; padding-bottom: 5px; margin-top: 0; color: inherit; opacity: 0.8;'>Caracter\u00edsticas<\/h3>\n<ul style='padding-left: 20px; font-size: 15px; color: inherit;'>\n<li style='margin-bottom: 5px;'>Diadema flexible ajustable para oreja izquierda o derecha<\/li>\n<li style='margin-bottom: 5px;'>Cable de alta resistencia<\/li>\n<li style='margin-bottom: 5px;'>Tubo ac\u00fastico transparente de desconexi\u00f3n r\u00e1pida<\/li>\n<li style='margin-bottom: 5px;'>Mini PTT (Push-to-Talk)<\/li>\n<li style='margin-bottom: 5px;'>Micr\u00f3fono con mini-boom ajustable<\/li>\n<li style='margin-bottom: 5px;'>Compatibilidad con m\u00faltiples insertos para oreja<\/li>\n<\/ul><\/div>\n<div style='flex: 1 1 300px; min-width: 280px;'>\n<h3 style='font-size: 22px; border-bottom: 2px solid currentColor; padding-bottom: 5px; margin-top: 0; color: inherit; opacity: 0.8;'>Aplicaciones<\/h3>\n<ul style='padding-left: 20px; font-size: 15px; color: inherit;'>\n<li style='margin-bottom: 5px;'>Hosteler\u00eda<\/li>\n<li style='margin-bottom: 5px;'>Retail<\/li>\n<li style='margin-bottom: 5px;'>Recreaci\u00f3n y entretenimiento<\/li>\n<li style='margin-bottom: 5px;'>Entornos con m\u00faltiples turnos de trabajo<\/li>\n<\/ul><\/div>\n<\/p><\/div>\n<div style='display: flex; flex-wrap: wrap; gap: 20px; margin-bottom: 30px;'>\n<div style='flex: 1 1 250px; border: 1px solid rgba(150&comma; 150&comma; 150&comma; 0.4); border-radius: 8px; overflow: hidden; display: flex; flex-direction: column;'>\n<div style='padding: 15px; border-bottom: 1px solid rgba(150&comma; 150&comma; 150&comma; 0.2); font-weight: bold; font-size: 18px; color: inherit;'>Especificaciones Mec\u00e1nicas<\/div>\n<div style='padding: 15px; color: inherit;'>\n<ul style='padding-left: 20px; margin: 0; font-size: 14px; list-style-type: disc;'>\n<li style='margin-bottom: 5px;'><strong>Tensi\u00f3n del cable desde el auricular:<\/strong> 30 lbs<\/li>\n<li style='margin-bottom: 5px;'><strong>Tensi\u00f3n del cable desde el enchufe:<\/strong> 40 lbs<\/li>\n<li style='margin-bottom: 5px;'><strong>Flexi\u00f3n del cable en el enchufe:<\/strong> 25&comma;000 ciclos<\/li>\n<\/ul><\/div>\n<\/p><\/div>\n<div style='flex: 1 1 250px; border: 1px solid rgba(150&comma; 150&comma; 150&comma; 0.4); border-radius: 8px; overflow: hidden; display: flex; flex-direction: column;'>\n<div style='padding: 15px; border-bottom: 1px solid rgba(150&comma; 150&comma; 150&comma; 0.2); font-weight: bold; font-size: 18px; color: inherit;'>Especificaciones El\u00e9ctricas<\/div>\n<div style='padding: 15px; color: inherit;'>\n<ul style='padding-left: 20px; margin: 0; font-size: 14px; list-style-type: disc;'>\n<li style='margin-bottom: 5px;'><strong>Sensibilidad del micr\u00f3fono a 94dB SPL:<\/strong> -38dB t\u00edpico<\/li>\n<\/ul><\/div>\n<\/p><\/div>\n<div style='flex: 1 1 250px; border: 1px solid rgba(150&comma; 150&comma; 150&comma; 0.4); border-radius: 8px; overflow: hidden; display: flex; flex-direction: column;'>\n<div style='padding: 15px; border-bottom: 1px solid rgba(150&comma; 150&comma; 150&comma; 0.2); font-weight: bold; font-size: 18px; color: inherit;'>Especificaciones Ambientales<\/div>\n<div style='padding: 15px; color: inherit;'>\n<ul style='padding-left: 20px; margin: 0; font-size: 14px; list-style-type: disc;'>\n<li style='margin-bottom: 5px;'><strong>Temperatura de operaci\u00f3n:<\/strong> -20\u00b0C a +60\u00b0C<\/li>\n<li style='margin-bottom: 5px;'><strong>Temperatura de almacenamiento:<\/strong> -40\u00b0C a +80\u00b0C<\/li>\n<li style='margin-bottom: 5px;'><strong>Garant\u00eda del fabricante:<\/strong> 24 meses<\/li>\n<\/ul><\/div>\n<\/p><\/div>\n<\/p><\/div>\n<hr style='border: 0; border-top: 1px solid rgba(150&comma; 150&comma; 150&comma; 0.3); margin: 30px 0;'>\n<div style='margin-bottom: 30px;'>\n<h3 style='font-size: 22px; border-bottom: 2px solid currentColor; padding-bottom: 5px; margin-top: 0; color: inherit; opacity: 0.8;'>Compatibilidad<\/h3>\n<p style='font-size: 15px; color: inherit; margin-bottom: 15px;'>Compatible con radios ICOM modelos:<\/p>\n<ul style='padding-left: 20px; font-size: 15px; color: inherit;'>\n<li style='margin-bottom: 5px;'>ICF3003<\/li>\n<li style='margin-bottom: 5px;'>ICF4003<\/li>\n<li style='margin-bottom: 5px;'>ICF3013<\/li>\n<li style='margin-bottom: 5px;'>ICF4013<\/li>\n<li style='margin-bottom: 5px;'>ICF3021<\/li>\n<li style='margin-bottom: 5px;'>ICF4021<\/li>\n<\/ul><\/div>\n<div style='margin-bottom: 30px;'>\n<h3 style='font-size: 22px; border-bottom: 2px solid currentColor; padding-bottom: 5px; margin-top: 0; color: inherit; opacity: 0.8;'>Dise\u00f1o y Funcionalidad<\/h3>\n<ul style='padding-left: 20px; font-size: 15px; color: inherit;'>\n<li style='margin-bottom: 5px;'>Dise\u00f1o ergon\u00f3mico que se adapta a la forma de la oreja<\/li>\n<li style='margin-bottom: 5px;'>Ajuste mediante suave curvado del bucle de goma<\/li>\n<li style='margin-bottom: 5px;'>Tubo ac\u00fastico intercambiable<\/li>\n<li style='margin-bottom: 5px;'>Micr\u00f3fono con activaci\u00f3n por PTT del radio o PTT opcional en l\u00ednea<\/li>\n<\/ul><\/div>\n<hr style='border: 0; border-top: 1px solid rgba(150&comma; 150&comma; 150&comma; 0.3); margin: 30px 0;'>\n<div style='text-align: center; font-size: 14px; color: inherit; opacity: 0.8;'>\n<p style='margin: 0;'>Be clear&comma; stay connected.<\/p>\n<p style='margin: 0;'>\u00a9 2010 OTTO Engineering&comma; Inc.&comma; \u00ae OTTO y el logotipo OTTO Expect Excellence son marcas registradas.<\/p>\n<p style='margin: 0;'>Todos los derechos reservados.<\/p>\n<\/p><\/div>\n<\/p><\/div>\n","protected":false},"excerpt":{"rendered":"<p>Diadema Explorer para ICOM ICF3003\/4003\/3013\/4013\/3021\/4021<\/p>\n","protected":false},"featured_media":63483,"comment_status":"open","ping_status":"closed","template":"","meta":[],"product_brand":[],"product_cat":[1598],"product_tag":[1517,1584,1585],"class_list":{"0":"post-63484","1":"product","2":"type-product","3":"status-publish","4":"has-post-thumbnail","6":"product_cat-diademas-accesorios-para-icom","7":"product_tag-accesorios-para-icom","8":"product_tag-diademas","9":"product_tag-otto","11":"first","12":"outofstock","13":"sale","14":"shipping-taxable","15":"purchasable","16":"product-type-simple"},"_links":{"self":[{"href":"https:\/\/soydeaqui.ddns.net\/pachuca\/index.php\/wp-json\/wp\/v2\/product\/63484","targetHints":{"allow":["GET"]}}],"collection":[{"href":"https:\/\/soydeaqui.ddns.net\/pachuca\/index.php\/wp-json\/wp\/v2\/product"}],"about":[{"href":"https:\/\/soydeaqui.ddns.net\/pachuca\/index.php\/wp-json\/wp\/v2\/types\/product"}],"replies":[{"embeddable":true,"href":"https:\/\/soydeaqui.ddns.net\/pachuca\/index.php\/wp-json\/wp\/v2\/comments?post=63484"}],"wp:featuredmedia":[{"embeddable":true,"href":"https:\/\/soydeaqui.ddns.net\/pachuca\/index.php\/wp-json\/wp\/v2\/media\/63483"}],"wp:attachment":[{"href":"https:\/\/soydeaqui.ddns.net\/pachuca\/index.php\/wp-json\/wp\/v2\/media?parent=63484"}],"wp:term":[{"taxonomy":"product_brand","embeddable":true,"href":"https:\/\/soydeaqui.ddns.net\/pachuca\/index.php\/wp-json\/wp\/v2\/product_brand?post=63484"},{"taxonomy":"product_cat","embeddable":true,"href":"https:\/\/soydeaqui.ddns.net\/pachuca\/index.php\/wp-json\/wp\/v2\/product_cat?post=63484"},{"taxonomy":"product_tag","embeddable":true,"href":"https:\/\/soydeaqui.ddns.net\/pachuca\/index.php\/wp-json\/wp\/v2\/product_tag?post=63484"}],"curies":[{"name":"wp","href":"https:\/\/api.w.org\/{rel}","templated":true}]}}