{"id":63424,"date":"2026-03-19T07:13:33","date_gmt":"2026-03-19T07:13:33","guid":{"rendered":"https:\/\/soydeaqui.ddns.net\/pachuca\/index.php\/producto\/divisor-de-potencia-de-2-vias-90-210-mhz-500-w-conectores-n-hembra\/"},"modified":"2026-03-19T07:13:33","modified_gmt":"2026-03-19T07:13:33","slug":"divisor-de-potencia-de-2-vias-90-210-mhz-500-w-conectores-n-hembra","status":"publish","type":"product","link":"https:\/\/soydeaqui.ddns.net\/pachuca\/index.php\/producto\/divisor-de-potencia-de-2-vias-90-210-mhz-500-w-conectores-n-hembra\/","title":{"rendered":"Divisor de Potencia de 2 V\u00edas, 90-210 MHz, 500 W, Conectores N Hembra."},"content":{"rendered":"<div style='width: 100%; max-width: 1200px; margin: 0 auto; font-family: sans-serif; line-height: 1.6; color: inherit; background-color: transparent;'> <!-- Secci\u00f3n de caracter\u00edsticas principales --> <\/p>\n<div style='display: flex; flex-wrap: wrap; gap: 30px; margin-bottom: 30px;'>\n<div style='flex: 1 1 300px; min-width: 280px;'>\n<h3 style='font-size: 22px; border-bottom: 2px solid currentColor; padding-bottom: 5px; margin-top: 0; color: inherit; opacity: 0.8;'>Caracter\u00edsticas Principales<\/h3>\n<ul style='padding-left: 20px; font-size: 15px; color: inherit;'>\n<li style='margin-bottom: 5px;'>N\u00famero de Salidas: 2<\/li>\n<li style='margin-bottom: 5px;'>Rango de Frecuencia: 90-210 MHz<\/li>\n<li style='margin-bottom: 5px;'>Potencia de Entrada: 500 W<\/li>\n<li style='margin-bottom: 5px;'>Impedancia: 50 Ohm<\/li>\n<li style='margin-bottom: 5px;'>Conectores: N Hembra<\/li>\n<li style='margin-bottom: 5px;'>VSWR (m\u00e1x): 1.3:1<\/li>\n<li style='margin-bottom: 5px;'>P\u00e9rdida de Inserci\u00f3n: 0.1 dB<\/li>\n<\/ul><\/div>\n<div style='flex: 1 1 300px; min-width: 280px;'>\n<h3 style='font-size: 22px; border-bottom: 2px solid currentColor; padding-bottom: 5px; margin-top: 0; color: inherit; opacity: 0.8;'>Caracter\u00edsticas F\u00edsicas<\/h3>\n<ul style='padding-left: 20px; font-size: 15px; color: inherit;'>\n<li style='margin-bottom: 5px;'>Material: Aluminio 6061-T6<\/li>\n<li style='margin-bottom: 5px;'>Conductores internos: Metal s\u00f3lido<\/li>\n<li style='margin-bottom: 5px;'>Recubrimiento: Txylan\u2122<\/li>\n<li style='margin-bottom: 5px;'>Dimensiones: 21&#8242; L x 1&#8242; x 1&#8242; (533 x 25 x 25 mm)<\/li>\n<li style='margin-bottom: 5px;'>Peso: 4.5 lb (2.04 kg)<\/li>\n<\/ul><\/div>\n<\/p><\/div>\n<p> <!-- Secci\u00f3n de especificaciones detalladas --> <\/p>\n<div style='display: flex; flex-wrap: wrap; gap: 20px; margin-bottom: 30px;'>\n<div style='flex: 1 1 250px; border: 1px solid rgba(150&comma; 150&comma; 150&comma; 0.4); border-radius: 8px; overflow: hidden; display: flex; flex-direction: column;'>\n<div style='padding: 15px; border-bottom: 1px solid rgba(150&comma; 150&comma; 150&comma; 0.2); font-weight: bold; font-size: 18px; color: inherit;'>Especificaciones El\u00e9ctricas<\/div>\n<div style='padding: 15px; color: inherit;'>\n<ul style='padding-left: 20px; margin: 0; font-size: 14px; list-style-type: disc; color: inherit;'>\n<li style='margin-bottom: 5px;'>Frecuencia: 90-210 MHz<\/li>\n<li style='margin-bottom: 5px;'>Potencia: 500 W<\/li>\n<li style='margin-bottom: 5px;'>Impedancia: 50 \u03a9<\/li>\n<li style='margin-bottom: 5px;'>VSWR (m\u00e1x): 1.3:1<\/li>\n<li style='margin-bottom: 5px;'>P\u00e9rdida de Inserci\u00f3n: 0.1 dB<\/li>\n<li style='margin-bottom: 5px;'>Divisi\u00f3n de Potencia: 50% por puerto<\/li>\n<\/ul><\/div>\n<\/p><\/div>\n<div style='flex: 1 1 250px; border: 1px solid rgba(150&comma; 150&comma; 150&comma; 0.4); border-radius: 8px; overflow: hidden; display: flex; flex-direction: column;'>\n<div style='padding: 15px; border-bottom: 1px solid rgba(150&comma; 150&comma; 150&comma; 0.2); font-weight: bold; font-size: 18px; color: inherit;'>Conectores<\/div>\n<div style='padding: 15px; color: inherit;'>\n<ul style='padding-left: 20px; margin: 0; font-size: 14px; list-style-type: disc; color: inherit;'>\n<li style='margin-bottom: 5px;'>Tipo: N Hembra<\/li>\n<li style='margin-bottom: 5px;'>Opci\u00f3n disponible: 7-16 DIN (para aplicaciones de alta potencia)<\/li>\n<\/ul><\/div>\n<\/p><\/div>\n<div style='flex: 1 1 250px; border: 1px solid rgba(150&comma; 150&comma; 150&comma; 0.4); border-radius: 8px; overflow: hidden; display: flex; flex-direction: column;'>\n<div style='padding: 15px; border-bottom: 1px solid rgba(150&comma; 150&comma; 150&comma; 0.2); font-weight: bold; font-size: 18px; color: inherit;'>Caracter\u00edsticas de Dise\u00f1o<\/div>\n<div style='padding: 15px; color: inherit;'>\n<ul style='padding-left: 20px; margin: 0; font-size: 14px; list-style-type: disc; color: inherit;'>\n<li style='margin-bottom: 5px;'>Fabricados en aluminio 6061-T6<\/li>\n<li style='margin-bottom: 5px;'>Conductores internos de metal s\u00f3lido<\/li>\n<li style='margin-bottom: 5px;'>Sin cable coaxial interno<\/li>\n<li style='margin-bottom: 5px;'>Sin necesidad de ajuste para cobertura de banda completa<\/li>\n<li style='margin-bottom: 5px;'>Recubrimiento Txylan\u2122 para protecci\u00f3n contra agua&comma; qu\u00edmicos y corrosi\u00f3n<\/li>\n<\/ul><\/div>\n<\/p><\/div>\n<\/p><\/div>\n<p> <!-- Secci\u00f3n de aplicaciones --> <\/p>\n<div style='margin-bottom: 30px;'>\n<h3 style='font-size: 22px; border-bottom: 2px solid currentColor; padding-bottom: 5px; margin-top: 0; margin-bottom: 15px; color: inherit; opacity: 0.8;'>Aplicaciones<\/h3>\n<p style='font-size: 15px; color: inherit; margin-bottom: 15px;'>El divisor de potencia ANTPD21 est\u00e1 dise\u00f1ado para dividir la potencia de RF desde una fuente \u00fanica a m\u00faltiples salidas con m\u00ednima p\u00e9rdida de inserci\u00f3n. Puede utilizarse en aplicaciones donde se requiere alimentar varios receptores desde una antena com\u00fan&comma; con p\u00e9rdida de inserci\u00f3n menor a 0.25 dB.<\/p>\n<p style='font-size: 15px; color: inherit; margin-bottom: 15px;'>Su dise\u00f1o compacto permite m\u00faltiples opciones de montaje incluyendo paneles&comma; m\u00e1stiles o patas de torre&comma; proporcionando m\u00e1xima flexibilidad de instalaci\u00f3n.<\/p>\n<\/p><\/div>\n<p> <!-- Separador --> <\/p>\n<hr style='border: 0; border-top: 1px solid rgba(150&comma; 150&comma; 150&comma; 0.3); margin: 30px 0;'> <\/div>\n","protected":false},"excerpt":{"rendered":"<p>Divisor de Potencia de 2 V\u00edas, 90-210 MHz, 500 W, Conectores N Hembra.<\/p>\n","protected":false},"featured_media":63423,"comment_status":"open","ping_status":"closed","template":"","meta":[],"product_brand":[],"product_cat":[1892],"product_tag":[1660,165,1737,1893],"class_list":{"0":"post-63424","1":"product","2":"type-product","3":"status-publish","4":"has-post-thumbnail","6":"product_cat-tta-y-multiacopladores","7":"product_tag-filtros-y-sistemas-en-rf","8":"product_tag-inc","9":"product_tag-telewave","10":"product_tag-tta-y-multiacopladores","12":"first","13":"instock","14":"sale","15":"shipping-taxable","16":"purchasable","17":"product-type-simple"},"_links":{"self":[{"href":"https:\/\/soydeaqui.ddns.net\/pachuca\/index.php\/wp-json\/wp\/v2\/product\/63424","targetHints":{"allow":["GET"]}}],"collection":[{"href":"https:\/\/soydeaqui.ddns.net\/pachuca\/index.php\/wp-json\/wp\/v2\/product"}],"about":[{"href":"https:\/\/soydeaqui.ddns.net\/pachuca\/index.php\/wp-json\/wp\/v2\/types\/product"}],"replies":[{"embeddable":true,"href":"https:\/\/soydeaqui.ddns.net\/pachuca\/index.php\/wp-json\/wp\/v2\/comments?post=63424"}],"wp:featuredmedia":[{"embeddable":true,"href":"https:\/\/soydeaqui.ddns.net\/pachuca\/index.php\/wp-json\/wp\/v2\/media\/63423"}],"wp:attachment":[{"href":"https:\/\/soydeaqui.ddns.net\/pachuca\/index.php\/wp-json\/wp\/v2\/media?parent=63424"}],"wp:term":[{"taxonomy":"product_brand","embeddable":true,"href":"https:\/\/soydeaqui.ddns.net\/pachuca\/index.php\/wp-json\/wp\/v2\/product_brand?post=63424"},{"taxonomy":"product_cat","embeddable":true,"href":"https:\/\/soydeaqui.ddns.net\/pachuca\/index.php\/wp-json\/wp\/v2\/product_cat?post=63424"},{"taxonomy":"product_tag","embeddable":true,"href":"https:\/\/soydeaqui.ddns.net\/pachuca\/index.php\/wp-json\/wp\/v2\/product_tag?post=63424"}],"curies":[{"name":"wp","href":"https:\/\/api.w.org\/{rel}","templated":true}]}}