{"id":63420,"date":"2026-03-19T07:13:27","date_gmt":"2026-03-19T07:13:27","guid":{"rendered":"https:\/\/soydeaqui.ddns.net\/pachuca\/index.php\/producto\/antena-base-vhf-de-4-dipolos-rango-de-frecuencia-138-174-mhz\/"},"modified":"2026-03-19T07:13:28","modified_gmt":"2026-03-19T07:13:28","slug":"antena-base-vhf-de-4-dipolos-rango-de-frecuencia-138-174-mhz","status":"publish","type":"product","link":"https:\/\/soydeaqui.ddns.net\/pachuca\/index.php\/producto\/antena-base-vhf-de-4-dipolos-rango-de-frecuencia-138-174-mhz\/","title":{"rendered":"Antena Base VHF, de 4 Dipolos, rango de frecuencia 138 &#8211; 174 MHz."},"content":{"rendered":"<div style='width: 100%; max-width: 1200px; margin: 0 auto; font-family: sans-serif; line-height: 1.6; color: inherit; background-color: transparent;'> <!-- Secci\u00f3n de caracter\u00edsticas principales --> <\/p>\n<div style='display: flex; flex-wrap: wrap; gap: 30px; margin-bottom: 30px;'>\n<div style='flex: 1 1 300px; min-width: 280px;'>\n<h3 style='font-size: 22px; border-bottom: 2px solid currentColor; padding-bottom: 5px; margin-top: 0; color: inherit; opacity: 0.8;'>Caracter\u00edsticas Principales<\/h3>\n<ul style='padding-left: 20px; font-size: 15px; color: inherit;'>\n<li style='margin-bottom: 5px;'>Antena VHF de 4 dipolos<\/li>\n<li style='margin-bottom: 5px;'>Rango de frecuencia: 138-174 MHz<\/li>\n<li style='margin-bottom: 5px;'>Ganancia: 6 &#8211; 9 dB (ajustable seg\u00fan patr\u00f3n de radiaci\u00f3n)<\/li>\n<li style='margin-bottom: 5px;'>Resistencia al viento: hasta 281 km\/h (175 MPH)<\/li>\n<li style='margin-bottom: 5px;'>Potencia m\u00e1xima: 500 watts<\/li>\n<\/ul><\/div>\n<\/p><\/div>\n<p> <!-- Secci\u00f3n de especificaciones t\u00e9cnicas --> <\/p>\n<div style='display: flex; flex-wrap: wrap; gap: 20px; margin-bottom: 30px;'>\n<div style='flex: 1 1 250px; border: 1px solid rgba(150&comma; 150&comma; 150&comma; 0.4); border-radius: 8px; overflow: hidden; display: flex; flex-direction: column;'>\n<div style='padding: 15px; border-bottom: 1px solid rgba(150&comma; 150&comma; 150&comma; 0.2); font-weight: bold; font-size: 18px; color: inherit;'>Especificaciones T\u00e9cnicas<\/div>\n<div style='padding: 15px; color: inherit;'>\n<ul style='padding-left: 20px; margin: 0; font-size: 14px; list-style-type: disc;'>\n<li style='margin-bottom: 5px;'><strong>Ancho vertical del haz:<\/strong> 18\u00ba<\/li>\n<li style='margin-bottom: 5px;'><strong>Ancho de banda:<\/strong> 36 MHz<\/li>\n<li style='margin-bottom: 5px;'><strong>Conector:<\/strong> N Macho en cable de alimentaci\u00f3n<\/li>\n<li style='margin-bottom: 5px;'><strong>Protecci\u00f3n a descargas:<\/strong> Aterrizaje en CD<\/li>\n<li style='margin-bottom: 5px;'><strong>Impedancia:<\/strong> 50 ohms<\/li>\n<li style='margin-bottom: 5px;'><strong>VSWR:<\/strong> 1.5:1 o menor<\/li>\n<li style='margin-bottom: 5px;'><strong>Resistencia al viento (con hielo):<\/strong> 150 MPH<\/li>\n<\/ul><\/div>\n<\/p><\/div>\n<p> <!-- Secci\u00f3n de dimensiones y peso --> <\/p>\n<div style='flex: 1 1 250px; border: 1px solid rgba(150&comma; 150&comma; 150&comma; 0.4); border-radius: 8px; overflow: hidden; display: flex; flex-direction: column;'>\n<div style='padding: 15px; border-bottom: 1px solid rgba(150&comma; 150&comma; 150&comma; 0.2); font-weight: bold; font-size: 18px; color: inherit;'>Dimensiones y Peso<\/div>\n<div style='padding: 15px; color: inherit;'>\n<ul style='padding-left: 20px; margin: 0; font-size: 14px; list-style-type: disc;'>\n<li style='margin-bottom: 5px;'><strong>Dimensiones m\u00e1ximas:<\/strong> 4.95 x 0.91 m (195 x 36 in)<\/li>\n<li style='margin-bottom: 5px;'><strong>Peso (antena + abrazaderas):<\/strong> 28 lb (12.7 kg)<\/li>\n<li style='margin-bottom: 5px;'><strong>\u00c1rea expuesta:<\/strong> 3.3 ft\u00b2<\/li>\n<li style='margin-bottom: 5px;'><strong>Fuerza lateral a 100 MPH:<\/strong> 134 lbs<\/li>\n<\/ul><\/div>\n<\/p><\/div>\n<p> <!-- Secci\u00f3n de construcci\u00f3n --> <\/p>\n<div style='flex: 1 1 250px; border: 1px solid rgba(150&comma; 150&comma; 150&comma; 0.4); border-radius: 8px; overflow: hidden; display: flex; flex-direction: column;'>\n<div style='padding: 15px; border-bottom: 1px solid rgba(150&comma; 150&comma; 150&comma; 0.2); font-weight: bold; font-size: 18px; color: inherit;'>Construcci\u00f3n<\/div>\n<div style='padding: 15px; color: inherit;'>\n<ul style='padding-left: 20px; margin: 0; font-size: 14px; list-style-type: disc;'>\n<li style='margin-bottom: 5px;'>Elementos de aluminio 6061-T6<\/li>\n<li style='margin-bottom: 5px;'>Soldados en la base para m\u00e1xima resistencia<\/li>\n<li style='margin-bottom: 5px;'>Cada dipolo incluye abrazaderas resistentes para montaje en tubo de 1.5&#8242;-2.5&#8242;<\/li>\n<li style='margin-bottom: 5px;'>Recubrimiento Txylan\u2122 que resiste agua y hielo<\/li>\n<li style='margin-bottom: 5px;'>Conexi\u00f3n a tierra continua para protecci\u00f3n contra rayos<\/li>\n<\/ul><\/div>\n<\/p><\/div>\n<\/p><\/div>\n<p> <!-- Secci\u00f3n de aplicaciones --> <\/p>\n<div style='display: flex; flex-wrap: wrap; gap: 30px; margin-bottom: 30px;'>\n<div style='flex: 1 1 300px; min-width: 280px;'>\n<h3 style='font-size: 22px; border-bottom: 2px solid currentColor; padding-bottom: 5px; margin-top: 0; color: inherit; opacity: 0.8;'>Aplicaciones<\/h3>\n<ul style='padding-left: 20px; font-size: 15px; color: inherit;'>\n<li style='margin-bottom: 5px;'>Sistemas de radio troncales<\/li>\n<li style='margin-bottom: 5px;'>Sistemas de radio empresarial<\/li>\n<li style='margin-bottom: 5px;'>Radio p\u00fablica de seguridad<\/li>\n<li style='margin-bottom: 5px;'>Radioaficionados<\/li>\n<\/ul><\/div>\n<\/p><\/div>\n<p> <!-- Secci\u00f3n de informaci\u00f3n adicional --> <\/p>\n<div style='display: flex; flex-wrap: wrap; gap: 30px; margin-bottom: 30px;'>\n<div style='flex: 1 1 300px; min-width: 280px;'>\n<h3 style='font-size: 22px; border-bottom: 2px solid currentColor; padding-bottom: 5px; margin-top: 0; color: inherit; opacity: 0.8;'>Informaci\u00f3n Adicional<\/h3>\n<ul style='padding-left: 20px; font-size: 14px; color: inherit;'>\n<li style='margin-bottom: 5px;'><strong>Patr\u00f3n de radiaci\u00f3n:<\/strong> Ajustable (circular offset&comma; cardiode&comma; bidireccional)<\/li>\n<li style='margin-bottom: 5px;'><strong>Tilt el\u00e9ctrico:<\/strong> 1-15\u00b0 (requiere especificaci\u00f3n en el pedido)<\/li>\n<li style='margin-bottom: 5px;'><strong>Protecci\u00f3n contra corrosi\u00f3n:<\/strong> Recubrimiento especial contra gases corrosivos&comma; radiaci\u00f3n UV&comma; sal&comma; lluvia \u00e1cida y abrasivos<\/li>\n<li style='margin-bottom: 5px;'><strong>Conector opcional:<\/strong> 7-16 DIN (solicitar en el pedido)<\/li>\n<li style='margin-bottom: 5px;'><strong>Montaje:<\/strong> Incluye sistema de montaje (no incluye m\u00e1stil)<\/li>\n<\/ul><\/div>\n<\/p><\/div>\n<p> <!-- Separador --> <\/p>\n<hr style='border: 0; border-top: 1px solid rgba(150&comma; 150&comma; 150&comma; 0.3); margin: 30px 0;'> <\/div>\n","protected":false},"excerpt":{"rendered":"<p>Antena Base VHF, de 4 Dipolos, rango de frecuencia 138 &#8211; 174 MHz.<\/p>\n","protected":false},"featured_media":63419,"comment_status":"open","ping_status":"closed","template":"","meta":[],"product_brand":[],"product_cat":[1797],"product_tag":[1798,165,1626,1737],"class_list":{"0":"post-63420","1":"product","2":"type-product","3":"status-publish","4":"has-post-thumbnail","6":"product_cat-estaciones-base","7":"product_tag-estaciones-base","8":"product_tag-inc","9":"product_tag-radios-comerciales-icom-kenwood-txpro","10":"product_tag-telewave","12":"first","13":"instock","14":"sale","15":"shipping-taxable","16":"purchasable","17":"product-type-simple"},"_links":{"self":[{"href":"https:\/\/soydeaqui.ddns.net\/pachuca\/index.php\/wp-json\/wp\/v2\/product\/63420","targetHints":{"allow":["GET"]}}],"collection":[{"href":"https:\/\/soydeaqui.ddns.net\/pachuca\/index.php\/wp-json\/wp\/v2\/product"}],"about":[{"href":"https:\/\/soydeaqui.ddns.net\/pachuca\/index.php\/wp-json\/wp\/v2\/types\/product"}],"replies":[{"embeddable":true,"href":"https:\/\/soydeaqui.ddns.net\/pachuca\/index.php\/wp-json\/wp\/v2\/comments?post=63420"}],"wp:featuredmedia":[{"embeddable":true,"href":"https:\/\/soydeaqui.ddns.net\/pachuca\/index.php\/wp-json\/wp\/v2\/media\/63419"}],"wp:attachment":[{"href":"https:\/\/soydeaqui.ddns.net\/pachuca\/index.php\/wp-json\/wp\/v2\/media?parent=63420"}],"wp:term":[{"taxonomy":"product_brand","embeddable":true,"href":"https:\/\/soydeaqui.ddns.net\/pachuca\/index.php\/wp-json\/wp\/v2\/product_brand?post=63420"},{"taxonomy":"product_cat","embeddable":true,"href":"https:\/\/soydeaqui.ddns.net\/pachuca\/index.php\/wp-json\/wp\/v2\/product_cat?post=63420"},{"taxonomy":"product_tag","embeddable":true,"href":"https:\/\/soydeaqui.ddns.net\/pachuca\/index.php\/wp-json\/wp\/v2\/product_tag?post=63420"}],"curies":[{"name":"wp","href":"https:\/\/api.w.org\/{rel}","templated":true}]}}