{"id":63418,"date":"2026-03-19T07:13:24","date_gmt":"2026-03-19T07:13:24","guid":{"rendered":"https:\/\/soydeaqui.ddns.net\/pachuca\/index.php\/producto\/carga-fantasma-coaxial-50-ohm-dc-12-ghz-1-watt-conector-sma-macho\/"},"modified":"2026-03-19T07:13:25","modified_gmt":"2026-03-19T07:13:25","slug":"carga-fantasma-coaxial-50-ohm-dc-12-ghz-1-watt-conector-sma-macho","status":"publish","type":"product","link":"https:\/\/soydeaqui.ddns.net\/pachuca\/index.php\/producto\/carga-fantasma-coaxial-50-ohm-dc-12-ghz-1-watt-conector-sma-macho\/","title":{"rendered":"Carga Fantasma Coaxial, 50 Ohm, DC-12 GHz, 1 Watt, Conector SMA Macho."},"content":{"rendered":"<div style='width: 100%; max-width: 1200px; margin: 0 auto; font-family: sans-serif; line-height: 1.6; color: inherit; background-color: transparent;'> <!-- Secci\u00f3n de caracter\u00edsticas principales --> <\/p>\n<div style='display: flex; flex-wrap: wrap; gap: 30px; margin-bottom: 30px;'>\n<div style='flex: 1 1 300px; min-width: 280px;'>\n<h3 style='font-size: 22px; border-bottom: 2px solid currentColor; padding-bottom: 5px; margin-top: 0; color: inherit; opacity: 0.8;'>Especificaciones Generales<\/h3>\n<ul style='padding-left: 20px; font-size: 15px; color: inherit;'>\n<li style='margin-bottom: 5px;'><strong>Rango de Frecuencia:<\/strong> DC-12 GHz<\/li>\n<li style='margin-bottom: 5px;'><strong>Potencia:<\/strong> 1 Watt continuo (hasta 50\u00b0C&comma; disminuye linealmente a 350mW a 100\u00b0C)<\/li>\n<li style='margin-bottom: 5px; '><strong>Conector:<\/strong> SMA Macho<\/li>\n<li style='margin-bottom: 5px;'><strong>Impedancia:<\/strong> 50\u03a9<\/li>\n<li style='margin-bottom: 5px;'><strong>Temperatura de Operaci\u00f3n:<\/strong> -55\u00b0C a 100\u00b0C<\/li>\n<li style='margin-bottom: 5px;'><strong>Temperatura de Almacenamiento:<\/strong> -55\u00b0C a 100\u00b0C<\/li>\n<\/ul><\/div>\n<div style='flex: 1 1 300px; min-width: 280px;'>\n<h3 style='font-size: 22px; border-bottom: 2px solid currentColor; padding-bottom: 5px; margin-top: 0; color: inherit; opacity: 0.8;'>Caracter\u00edsticas<\/h3>\n<ul style='padding-left: 20px; font-size: 15px; color: inherit;'>\n<li style='margin-bottom: 5px;'>Construcci\u00f3n robusta<\/li>\n<li style='margin-bottom: 5px;'>Cobertura de banda ancha<\/li>\n<li style='margin-bottom: 5px;'>Cumple con RoHS<\/li>\n<\/ul><\/div>\n<div style='flex: 1 1 300px; min-width: 280px;'>\n<h3 style='font-size: 22px; border-bottom: 2px solid currentColor; padding-bottom: 5px; margin-top: 0; color: inherit; opacity: 0.8;'>Aplicaciones<\/h3>\n<ul style='padding-left: 20px; font-size: 15px; color: inherit;'>\n<li style='margin-bottom: 5px;'>Comunicaciones celulares<\/li>\n<li style='margin-bottom: 5px;'>Comunicaciones satelitales<\/li>\n<\/ul><\/div>\n<\/p><\/div>\n<p> <!-- Secci\u00f3n de especificaciones el\u00e9ctricas --> <\/p>\n<div style='display: flex; flex-wrap: wrap; gap: 20px; margin-bottom: 30px;'>\n<div style='flex: 1 1 250px; border: 1px solid rgba(150&comma; 150&comma; 150&comma; 0.4); border-radius: 8px; overflow: hidden; display: flex; flex-direction: column;'>\n<div style='padding: 15px; border-bottom: 1px solid rgba(150&comma; 150&comma; 150&comma; 0.2); font-weight: bold; font-size: 18px; color: inherit;'>Especificaciones El\u00e9ctricas<\/div>\n<div style='padding: 15px; color: inherit;'>\n<ul style='padding-left: 20px; margin: 0; font-size: 14px; list-style-type: disc;'>\n<li style='margin-bottom: 5px;'><strong>Impedancia:<\/strong> 50\u03a9<\/li>\n<li style='margin-bottom: 5px;'><strong>P\u00e9rdida de Retorno (DC-4 GHz):<\/strong> M\u00ednimo 26 dB<\/li>\n<li style='margin-bottom: 5px;'><strong>P\u00e9rdida de Retorno (4-8 GHz):<\/strong> M\u00ednimo 21 dB<\/li>\n<li style='margin-bottom: 5px;'><strong>P\u00e9rdida de Retorno (8-12 GHz):<\/strong> M\u00ednimo 18 dB<\/li>\n<\/ul><\/div>\n<\/p><\/div>\n<div style='flex: 1 1 250px; border: 1px solid rgba(150&comma; 150&comma; 150&comma; 0.4); border-radius: 8px; overflow: hidden; display: flex; flex-direction: column;'>\n<div style='padding: 15px; border-bottom: 1px solid rgba(150&comma; 150&comma; 150&comma; 0.2); font-weight: bold; font-size: 18px; color: inherit;'>Dimensiones<\/div>\n<div style='padding: 15px; color: inherit;'>\n<ul style='padding-left: 20px; margin: 0; font-size: 14px; list-style-type: disc;'>\n<li style='margin-bottom: 5px;'><strong>A:<\/strong> 0.58&#8242; (14.73 mm)<\/li>\n<li style='margin-bottom: 5px;'><strong>B:<\/strong> 0.37&#8242; (9.40 mm)<\/li>\n<li style='margin-bottom: 5px;'><strong>C:<\/strong> 0.35&#8242; (8.89 mm)<\/li>\n<li style='margin-bottom: 5px;'><strong>Peso:<\/strong> 4.0 gramos<\/li>\n<\/ul><\/div>\n<\/p><\/div>\n<div style='flex: 1 1 250px; border: 1px solid rgba(150&comma; 150&comma; 150&comma; 0.4); border-radius: 8px; overflow: hidden; display: flex; flex-direction: column;'>\n<div style='padding: 15px; border-bottom: 1px solid rgba(150&comma; 150&comma; 150&comma; 0.2); font-weight: bold; font-size: 18px; color: inherit;'>P\u00e9rdida de Retorno por Frecuencia<\/div>\n<div style='padding: 15px; color: inherit;'>\n<ul style='padding-left: 20px; margin: 0; font-size: 14px; list-style-type: disc;'>\n<li style='margin-bottom: 5px;'>50 MHz: 55.22 dB<\/li>\n<li style='margin-bottom: 5px;'>1000 MHz: 46.47 dB<\/li>\n<li style='margin-bottom: 5px;'>2050 MHz: 39.00 dB<\/li>\n<li style='margin-bottom: 5px;'>3050 MHz: 33.81 dB<\/li>\n<li style='margin-bottom: 5px;'>4000 MHz: 30.84 dB<\/li>\n<li style='margin-bottom: 5px;'>5050 MHz: 28.31 dB<\/li>\n<li style='margin-bottom: 5px;'>6000 MHz: 27.16 dB<\/li>\n<li style='margin-bottom: 5px;'>7050 MHz: 26.71 dB<\/li>\n<li style='margin-bottom: 5px;'>8000 MHz: 27.51 dB<\/li>\n<li style='margin-bottom: 5px;'>9050 MHz: 26.79 dB<\/li>\n<li style='margin-bottom: 5px;'>10050 MHz: 27.74 dB<\/li>\n<li style='margin-bottom: 5px;'>11100 MHz: 29.40 dB<\/li>\n<li style='margin-bottom: 5px;'>12000 MHz: 28.36 dB<\/li>\n<\/ul><\/div>\n<\/p><\/div>\n<\/p><\/div>\n<p> <!-- Separador --> <\/p>\n<hr style='border: 0; border-top: 1px solid rgba(150&comma; 150&comma; 150&comma; 0.3); margin: 30px 0;'> <!-- Secci\u00f3n de notas --> <\/p>\n<div style='margin-top: 30px;'>\n<h3 style='font-size: 22px; border-bottom: 2px solid currentColor; padding-bottom: 5px; margin-top: 0; color: inherit; opacity: 0.8;'>Notas<\/h3>\n<ul style='padding-left: 20px; font-size: 15px; color: inherit;'>\n<li style='margin-bottom: 5px;'>A. Las caracter\u00edsticas y condiciones no expresamente indicadas en este documento no forman parte de la especificaci\u00f3n.<\/li>\n<li style='margin-bottom: 5px;'>B. Las especificaciones el\u00e9ctricas se basan en los criterios de prueba establecidos por Mini-Circuits.<\/li>\n<li style='margin-bottom: 5px;'>C. El producto est\u00e1 sujeto a la garant\u00eda limitada est\u00e1ndar de Mini-Circuits.<\/li>\n<\/ul><\/div>\n<\/p><\/div>\n","protected":false},"excerpt":{"rendered":"<p>Carga Fantasma Coaxial, 50 Ohm, DC-12 GHz, 1 Watt, Conector SMA Macho.<\/p>\n","protected":false},"featured_media":63417,"comment_status":"open","ping_status":"closed","template":"","meta":[],"product_brand":[],"product_cat":[1635],"product_tag":[1636,931,1720],"class_list":{"0":"post-63418","1":"product","2":"type-product","3":"status-publish","4":"has-post-thumbnail","6":"product_cat-cargas-fantasma","7":"product_tag-cargas-fantasma","8":"product_tag-equipo-de-laboratorio","9":"product_tag-mini-circuits","11":"first","12":"outofstock","13":"sale","14":"shipping-taxable","15":"purchasable","16":"product-type-simple"},"_links":{"self":[{"href":"https:\/\/soydeaqui.ddns.net\/pachuca\/index.php\/wp-json\/wp\/v2\/product\/63418","targetHints":{"allow":["GET"]}}],"collection":[{"href":"https:\/\/soydeaqui.ddns.net\/pachuca\/index.php\/wp-json\/wp\/v2\/product"}],"about":[{"href":"https:\/\/soydeaqui.ddns.net\/pachuca\/index.php\/wp-json\/wp\/v2\/types\/product"}],"replies":[{"embeddable":true,"href":"https:\/\/soydeaqui.ddns.net\/pachuca\/index.php\/wp-json\/wp\/v2\/comments?post=63418"}],"wp:featuredmedia":[{"embeddable":true,"href":"https:\/\/soydeaqui.ddns.net\/pachuca\/index.php\/wp-json\/wp\/v2\/media\/63417"}],"wp:attachment":[{"href":"https:\/\/soydeaqui.ddns.net\/pachuca\/index.php\/wp-json\/wp\/v2\/media?parent=63418"}],"wp:term":[{"taxonomy":"product_brand","embeddable":true,"href":"https:\/\/soydeaqui.ddns.net\/pachuca\/index.php\/wp-json\/wp\/v2\/product_brand?post=63418"},{"taxonomy":"product_cat","embeddable":true,"href":"https:\/\/soydeaqui.ddns.net\/pachuca\/index.php\/wp-json\/wp\/v2\/product_cat?post=63418"},{"taxonomy":"product_tag","embeddable":true,"href":"https:\/\/soydeaqui.ddns.net\/pachuca\/index.php\/wp-json\/wp\/v2\/product_tag?post=63418"}],"curies":[{"name":"wp","href":"https:\/\/api.w.org\/{rel}","templated":true}]}}