{"id":63410,"date":"2026-03-19T07:13:07","date_gmt":"2026-03-19T07:13:07","guid":{"rendered":"https:\/\/soydeaqui.ddns.net\/pachuca\/index.php\/producto\/antena-sectorial-para-radio-estaciones-base-airmax-de-90-grados-de-cobertura-horizontal-5-ghz-5-15-5-85-ghz-de-20-dbi\/"},"modified":"2026-03-19T07:13:16","modified_gmt":"2026-03-19T07:13:16","slug":"antena-sectorial-para-radio-estaciones-base-airmax-de-90-grados-de-cobertura-horizontal-5-ghz-5-15-5-85-ghz-de-20-dbi","status":"publish","type":"product","link":"https:\/\/soydeaqui.ddns.net\/pachuca\/index.php\/producto\/antena-sectorial-para-radio-estaciones-base-airmax-de-90-grados-de-cobertura-horizontal-5-ghz-5-15-5-85-ghz-de-20-dbi\/","title":{"rendered":"Antena sectorial para radio estaciones base airMAX de 90 grados de cobertura horizontal, 5 GHz (5.15-5.85 GHz) de 20 dBi"},"content":{"rendered":"<div style='width: 100%; max-width: 1200px; margin: 0 auto; font-family: sans-serif; line-height: 1.6; color: inherit; background-color: transparent;'> <!-- Secci\u00f3n de caracter\u00edsticas principales --> <\/p>\n<div style='display: flex; flex-wrap: wrap; gap: 30px; margin-bottom: 30px;'>\n<div style='flex: 1 1 300px; min-width: 280px;'>\n<h3 style='font-size: 22px; border-bottom: 2px solid currentColor; padding-bottom: 5px; margin-top: 0; color: inherit; opacity: 0.8;'>Caracter\u00edsticas principales<\/h3>\n<ul style='padding-left: 20px; font-size: 15px; color: inherit;'>\n<li style='margin-bottom: 5px;'>Antena de 20 dBi con doble polaridad simult\u00e1nea<\/li>\n<li style='margin-bottom: 5px;'>Rango de frecuencia de 5.15-5.85 GHz<\/li>\n<li style='margin-bottom: 5px;'>Dimensiones compactas: 700 x 135 x 70 mm<\/li>\n<li style='margin-bottom: 5px;'>Incluye montaje universal y soporte Rocket<\/li>\n<li style='margin-bottom: 5px;'>Interferencia reducida&comma; integraci\u00f3n plug and play<\/li>\n<\/ul><\/div>\n<\/p><\/div>\n<p> <!-- Secci\u00f3n de especificaciones t\u00e9cnicas --> <\/p>\n<div style='display: flex; flex-wrap: wrap; gap: 20px; margin-bottom: 30px;'>\n<div style='flex: 1 1 250px; border: 1px solid rgba(150&comma; 150&comma; 150&comma; 0.4); border-radius: 8px; overflow: hidden; display: flex; flex-direction: column;'>\n<div style='padding: 15px; border-bottom: 1px solid rgba(150&comma; 150&comma; 150&comma; 0.2); font-weight: bold; font-size: 18px; color: inherit;'>Especificaciones t\u00e9cnicas<\/div>\n<div style='padding: 15px; color: inherit;'>\n<ul style='padding-left: 20px; margin: 0; font-size: 14px; list-style-type: disc;'>\n<li style='margin-bottom: 5px;'><strong>Frecuencia:<\/strong> 5.15-5.85 GHz<\/li>\n<li style='margin-bottom: 5px;'><strong>Ganancia:<\/strong> 19.4-20.3 dBi<\/li>\n<li style='margin-bottom: 5px;'><strong>Polarizaci\u00f3n:<\/strong> Dual-Linear<\/li>\n<li style='margin-bottom: 5px;'><strong>Aislamiento entre polarizaciones:<\/strong> 28 dB Min.<\/li>\n<li style='margin-bottom: 5px;'><strong>HPOL Beamwidth:<\/strong> 91\u00b0 (6 dB)<\/li>\n<li style='margin-bottom: 5px;'><strong>VPOL Beamwidth:<\/strong> 85\u00b0 (6 dB)<\/li>\n<li style='margin-bottom: 5px;'><strong>\u00c1ngulo el\u00e9ctrico:<\/strong> 4\u00b0<\/li>\n<li style='margin-bottom: 5px;'><strong>Downtilt el\u00e9ctrico:<\/strong> 2\u00b0<\/li>\n<li style='margin-bottom: 5px;'><strong>Max. VSWR:<\/strong> 1.5:1<\/li>\n<\/ul><\/div>\n<\/p><\/div>\n<p> <!-- Secci\u00f3n de caracter\u00edsticas f\u00edsicas --> <\/p>\n<div style='flex: 1 1 250px; border: 1px solid rgba(150&comma; 150&comma; 150&comma; 0.4); border-radius: 8px; overflow: hidden; display: flex; flex-direction: column;'>\n<div style='padding: 15px; border-bottom: 1px solid rgba(150&comma; 150&comma; 150&comma; 0.2); font-weight: bold; font-size: 18px; color: inherit;'>Caracter\u00edsticas f\u00edsicas<\/div>\n<div style='padding: 15px; color: inherit;'>\n<ul style='padding-left: 20px; margin: 0; font-size: 14px; list-style-type: disc;'>\n<li style='margin-bottom: 5px;'><strong>Dimensiones:<\/strong> 700 x 135 x 70 mm<\/li>\n<li style='margin-bottom: 5px;'><strong>Peso:<\/strong> 5.9 kg<\/li>\n<li style='margin-bottom: 5px;'><strong>Resistencia al viento:<\/strong> 200 km\/h (125 mph)<\/li>\n<li style='margin-bottom: 5px;'><strong>Carga por viento:<\/strong> 182 N @ 200 km\/h<\/li>\n<li style='margin-bottom: 5px;'><strong>Montaje:<\/strong> Universal Pole Mount<\/li>\n<\/ul><\/div>\n<\/p><\/div>\n<p> <!-- Secci\u00f3n de compatibilidad --> <\/p>\n<div style='flex: 1 1 250px; border: 1px solid rgba(150&comma; 150&comma; 150&comma; 0.4); border-radius: 8px; overflow: hidden; display: flex; flex-direction: column;'>\n<div style='padding: 15px; border-bottom: 1px solid rgba(150&comma; 150&comma; 150&comma; 0.2); font-weight: bold; font-size: 18px; color: inherit;'>Compatibilidad<\/div>\n<div style='padding: 15px; color: inherit;'>\n<ul style='padding-left: 20px; margin: 0; font-size: 14px; list-style-type: disc;'>\n<li style='margin-bottom: 5px;'>Dise\u00f1ada para integrarse con radios Rocket<\/li>\n<li style='margin-bottom: 5px;'>Compatible con tecnolog\u00eda airMAX<\/li>\n<li style='margin-bottom: 5px;'>Cumple con est\u00e1ndar ETSI EN 302 326 DN2<\/li>\n<\/ul><\/div>\n<\/p><\/div>\n<\/p><\/div>\n<p> <!-- Secci\u00f3n de im\u00e1genes --> <\/p>\n<div style='display: flex; flex-wrap: wrap; gap: 30px; margin-bottom: 30px;'>\n<div style='flex: 1 1 250px; min-width: 200px;'>\n<h3 style='font-size: 20px; border-bottom: 2px solid currentColor; padding-bottom: 5px; margin-top: 0; color: inherit; opacity: 0.8;'>Interferencia reducida&comma; mayor ganancia<\/h3>\n<p> <img style='width: 100%; height: auto; border: 1px solid rgba(150&comma;150&comma;150&comma;0.3); border-radius: 8px;' src='https:\/\/ftp3.syscom.mx\/usuarios\/adiaz\/UBNT\/AMSector\/reduce.PNG' alt='Interferencia reducida'> <\/div>\n<div style='flex: 1 1 250px; min-width: 200px;'>\n<h3 style='font-size: 20px; border-bottom: 2px solid currentColor; padding-bottom: 5px; margin-top: 0; color: inherit; opacity: 0.8;'>Dise\u00f1o industrial<\/h3>\n<p> <img style='width: 100%; height: auto; border: 1px solid rgba(150&comma;150&comma;150&comma;0.3); border-radius: 8px;' src='https:\/\/ftp3.syscom.mx\/usuarios\/adiaz\/UBNT\/AMSector\/industrial.PNG' alt='Dise\u00f1o industrial'> <\/div>\n<div style='flex: 1 1 250px; min-width: 200px;'>\n<h3 style='font-size: 20px; border-bottom: 2px solid currentColor; padding-bottom: 5px; margin-top: 0; color: inherit; opacity: 0.8;'>Integraci\u00f3n Plug and Play<\/h3>\n<p> <img style='width: 100%; height: auto; border: 1px solid rgba(150&comma;150&comma;150&comma;0.3); border-radius: 8px;' src='https:\/\/ftp3.syscom.mx\/usuarios\/adiaz\/UBNT\/AM5AC\/Plug%20and%20play.PNG' alt='Integraci\u00f3n Plug and Play'> <\/div>\n<\/p><\/div>\n<p> <!-- Secci\u00f3n de aplicaciones --> <\/p>\n<div style='margin-bottom: 30px;'>\n<h3 style='font-size: 22px; border-bottom: 2px solid currentColor; padding-bottom: 5px; margin-top: 0; color: inherit; opacity: 0.8;'>Aplicaciones<\/h3>\n<ul style='padding-left: 20px; font-size: 14px; color: inherit;'>\n<li style='margin-bottom: 5px;'>Redes PtMP (Point-to-MultiPoint)<\/li>\n<li style='margin-bottom: 5px;'>Backhaul inal\u00e1mbrico de alta capacidad<\/li>\n<li style='margin-bottom: 5px;'>Internet de banda ancha para corporativos<\/li>\n<li style='margin-bottom: 5px;'>ISP de acceso residencial<\/li>\n<li style='margin-bottom: 5px;'>Redes hotspots al aire libre<\/li>\n<\/ul><\/div>\n<p> <!-- Secci\u00f3n de beneficios --> <\/p>\n<div style='margin-bottom: 30px;'>\n<h3 style='font-size: 22px; border-bottom: 2px solid currentColor; padding-bottom: 5px; margin-top: 0; color: inherit; opacity: 0.8;'>Beneficios principales<\/h3>\n<ul style='padding-left: 20px; font-size: 14px; color: inherit;'>\n<li style='margin-bottom: 5px;'>Alta ganancia para redes de largo alcance<\/li>\n<li style='margin-bottom: 5px;'>Bajo nivel de interferencia por aislamiento de polarizaci\u00f3n<\/li>\n<li style='margin-bottom: 5px;'>Instalaci\u00f3n r\u00e1pida y sencilla con montaje integrado<\/li>\n<li style='margin-bottom: 5px;'>Dise\u00f1o mec\u00e1nico robusto para uso exterior<\/li>\n<li style='margin-bottom: 5px;'>Combinaci\u00f3n \u00f3ptima con radios Rocket para redes carrier-class<\/li>\n<\/ul><\/div>\n<p> <!-- Separador final --> <\/p>\n<hr style='border: 0; border-top: 1px solid rgba(150&comma; 150&comma; 150&comma; 0.3); margin: 30px 0;'> <\/div>\n","protected":false},"excerpt":{"rendered":"<p>Antena sectorial para radio estaciones base airMAX de 90 grados de cobertura horizontal, 5 GHz (5.15-5.85 GHz) de 20 dBi<\/p>\n","protected":false},"featured_media":63409,"comment_status":"open","ping_status":"closed","template":"","meta":[],"product_brand":[],"product_cat":[1895],"product_tag":[1404,1896,166],"class_list":{"0":"post-63410","1":"product","2":"type-product","3":"status-publish","4":"has-post-thumbnail","6":"product_cat-sectoriales","7":"product_tag-antenas","8":"product_tag-sectoriales","9":"product_tag-ubiquiti","11":"first","12":"instock","13":"sale","14":"shipping-taxable","15":"purchasable","16":"product-type-simple"},"_links":{"self":[{"href":"https:\/\/soydeaqui.ddns.net\/pachuca\/index.php\/wp-json\/wp\/v2\/product\/63410","targetHints":{"allow":["GET"]}}],"collection":[{"href":"https:\/\/soydeaqui.ddns.net\/pachuca\/index.php\/wp-json\/wp\/v2\/product"}],"about":[{"href":"https:\/\/soydeaqui.ddns.net\/pachuca\/index.php\/wp-json\/wp\/v2\/types\/product"}],"replies":[{"embeddable":true,"href":"https:\/\/soydeaqui.ddns.net\/pachuca\/index.php\/wp-json\/wp\/v2\/comments?post=63410"}],"wp:featuredmedia":[{"embeddable":true,"href":"https:\/\/soydeaqui.ddns.net\/pachuca\/index.php\/wp-json\/wp\/v2\/media\/63409"}],"wp:attachment":[{"href":"https:\/\/soydeaqui.ddns.net\/pachuca\/index.php\/wp-json\/wp\/v2\/media?parent=63410"}],"wp:term":[{"taxonomy":"product_brand","embeddable":true,"href":"https:\/\/soydeaqui.ddns.net\/pachuca\/index.php\/wp-json\/wp\/v2\/product_brand?post=63410"},{"taxonomy":"product_cat","embeddable":true,"href":"https:\/\/soydeaqui.ddns.net\/pachuca\/index.php\/wp-json\/wp\/v2\/product_cat?post=63410"},{"taxonomy":"product_tag","embeddable":true,"href":"https:\/\/soydeaqui.ddns.net\/pachuca\/index.php\/wp-json\/wp\/v2\/product_tag?post=63410"}],"curies":[{"name":"wp","href":"https:\/\/api.w.org\/{rel}","templated":true}]}}