{"id":6340,"date":"2026-03-18T06:42:01","date_gmt":"2026-03-18T06:42:01","guid":{"rendered":"https:\/\/soydeaqui.ddns.net\/pachuca\/index.php\/producto\/radiora2-relay-control-de-iluminacion-carga-16a-120-277v-compatible-con-radiora2-ra2select-y-rr3\/"},"modified":"2026-03-18T06:42:06","modified_gmt":"2026-03-18T06:42:06","slug":"radiora2-relay-control-de-iluminacion-carga-16a-120-277v-compatible-con-radiora2-ra2select-y-rr3","status":"publish","type":"product","link":"https:\/\/soydeaqui.ddns.net\/pachuca\/index.php\/producto\/radiora2-relay-control-de-iluminacion-carga-16a-120-277v-compatible-con-radiora2-ra2select-y-rr3\/","title":{"rendered":"(RadioRA2) Relay control de iluminaci\u00f3n, carga 16A, 120\/277V, compatible con RadioRA2, RA2Select y RR3."},"content":{"rendered":"<div style='width: 100%; max-width: 1200px; margin: 0 auto; font-family: sans-serif; line-height: 1.6; color: inherit; background-color: transparent;'>\n<div style='display: flex; flex-wrap: wrap; gap: 30px; margin-bottom: 30px;'>\n<div style='flex: 1 1 300px; min-width: 280px;'>\n<h3 style='font-size: 22px; border-bottom: 2px solid currentColor; padding-bottom: 5px; margin-top: 0; color: inherit; opacity: 0.8;'>Descripci\u00f3n<\/h3>\n<p style='font-size: 15px; color: inherit; text-align: center; margin: 15px 0;'>M\u00f3dulo de rel\u00e9s de RF con Softswitch<\/p>\n<p style='font-size: 15px; color: inherit; text-align: center; margin: 15px 0;'><strong>Compatible con los sistemas RA2 Select&comma; RadioRa2 y HomeWorks<\/strong><\/p>\n<p style='font-size: 15px; color: inherit; text-align: justify; margin: 15px 0;'>El m\u00f3dulo de rel\u00e9s de RF con Softswitch es un dispositivo de radiofrecuencia (RF) que utiliza tecnolog\u00eda Lutron Softswitch patentada para controlar hasta 16 A de cargas de prop\u00f3sito general basado en la informaci\u00f3n suministrada por los sistemas <strong>RA2 Select&comma; RadioRA 2<\/strong> y <strong>HomeWorks.<\/strong><\/p>\n<\/p><\/div>\n<\/p><\/div>\n<div style='display: flex; flex-wrap: wrap; gap: 20px; margin-bottom: 30px;'>\n<div style='flex: 1 1 250px; border: 1px solid rgba(150&comma; 150&comma; 150&comma; 0.4); border-radius: 8px; overflow: hidden; display: flex; flex-direction: column;'>\n<div style='padding: 15px; border-bottom: 1px solid rgba(150&comma; 150&comma; 150&comma; 0.2); font-weight: bold; font-size: 18px; color: inherit;'>Especificaciones t\u00e9cnicas<\/div>\n<div style='padding: 15px; color: inherit;'>\n<ul style='padding-left: 20px; margin: 0; font-size: 14px; list-style-type: disc;'>\n<li style='margin-bottom: 5px; text-align: justify;'><strong>Alimentaci\u00f3n el\u00e9ctrica:<\/strong> 120\/277 V~ 50\/60 Hz 16 A 0&comma;5 HP a 120 V~ 1&comma;5 HP a 277 V~<\/li>\n<li style='margin-bottom: 5px; text-align: justify;'><strong>Consumo uso t\u00edpico:<\/strong> < 1&comma;0 W<\/li>\n<li style='margin-bottom: 5px; text-align: justify;'><strong>Carga:<\/strong> 16A. Los tipos de carga incluyen (entre ellos): incandescente&comma; MLV&comma; ELV&comma; resistiva&comma; inductiva&comma; fluorescente magn\u00e9tica y fluorescente electr\u00f3nica.<\/li>\n<li style='margin-bottom: 5px; text-align: justify;'><strong>Voltaje de operaci\u00f3n:<\/strong> 120\/277 V~<\/li>\n<li style='margin-bottom: 5px; text-align: justify;'><strong>Frecuencia:<\/strong> 434 MHz<\/li>\n<li style='margin-bottom: 5px; text-align: justify;'><strong>Entorno:<\/strong> 0 \u00b0C a 55 \u00b0C (32 \u00b0F a 131 \u00b0F) \/ Humedad: 0% a 90% de humedad \/ uso bajo techo.<\/li>\n<li style='margin-bottom: 5px; text-align: justify;'><strong>Montaje:<\/strong> se monta en una caja de conexiones el\u00e9ctricas a trav\u00e9s de un tama\u00f1o comercial de 1\/2 pulg. (21 mm).<\/li>\n<\/ul><\/div>\n<\/p><\/div>\n<\/p><\/div>\n<div style='display: flex; flex-wrap: wrap; gap: 30px; margin-bottom: 30px;'>\n<div style='flex: 1 1 300px; min-width: 280px;'>\n<h3 style='font-size: 22px; border-bottom: 2px solid currentColor; padding-bottom: 5px; margin-top: 0; color: inherit; opacity: 0.8;'>Vista del sistema<\/h3>\n<div style='text-align: center; margin: 15px 0;'> <img style='width: 100%; height: auto; border: 1px solid rgba(150&comma;150&comma;150&comma;0.3); border-radius: 8px;' src='http:\/\/ftp3.syscom.mx\/usuarios\/yhermosillo\/LUTRON\/RadioRa2\/SystemOverview.jpg' alt=''> <\/div>\n<\/p><\/div>\n<\/p><\/div>\n<\/p><\/div>\n","protected":false},"excerpt":{"rendered":"<p>(RadioRA2) Relay control de iluminaci\u00f3n, carga 16A, 120\/277V, compatible con RadioRA2, RA2Select y RR3.<\/p>\n","protected":false},"featured_media":6339,"comment_status":"open","ping_status":"closed","template":"","meta":[],"product_brand":[],"product_cat":[34],"product_tag":[30,35,36],"class_list":{"0":"post-6340","1":"product","2":"type-product","3":"status-publish","4":"has-post-thumbnail","6":"product_cat-lutron","7":"product_tag-automatizacion-casa-inteligente","8":"product_tag-lutron","9":"product_tag-lutron-electronics","11":"first","12":"instock","13":"sale","14":"shipping-taxable","15":"purchasable","16":"product-type-simple"},"_links":{"self":[{"href":"https:\/\/soydeaqui.ddns.net\/pachuca\/index.php\/wp-json\/wp\/v2\/product\/6340","targetHints":{"allow":["GET"]}}],"collection":[{"href":"https:\/\/soydeaqui.ddns.net\/pachuca\/index.php\/wp-json\/wp\/v2\/product"}],"about":[{"href":"https:\/\/soydeaqui.ddns.net\/pachuca\/index.php\/wp-json\/wp\/v2\/types\/product"}],"replies":[{"embeddable":true,"href":"https:\/\/soydeaqui.ddns.net\/pachuca\/index.php\/wp-json\/wp\/v2\/comments?post=6340"}],"wp:featuredmedia":[{"embeddable":true,"href":"https:\/\/soydeaqui.ddns.net\/pachuca\/index.php\/wp-json\/wp\/v2\/media\/6339"}],"wp:attachment":[{"href":"https:\/\/soydeaqui.ddns.net\/pachuca\/index.php\/wp-json\/wp\/v2\/media?parent=6340"}],"wp:term":[{"taxonomy":"product_brand","embeddable":true,"href":"https:\/\/soydeaqui.ddns.net\/pachuca\/index.php\/wp-json\/wp\/v2\/product_brand?post=6340"},{"taxonomy":"product_cat","embeddable":true,"href":"https:\/\/soydeaqui.ddns.net\/pachuca\/index.php\/wp-json\/wp\/v2\/product_cat?post=6340"},{"taxonomy":"product_tag","embeddable":true,"href":"https:\/\/soydeaqui.ddns.net\/pachuca\/index.php\/wp-json\/wp\/v2\/product_tag?post=6340"}],"curies":[{"name":"wp","href":"https:\/\/api.w.org\/{rel}","templated":true}]}}