{"id":63378,"date":"2026-03-19T07:12:01","date_gmt":"2026-03-19T07:12:01","guid":{"rendered":"https:\/\/soydeaqui.ddns.net\/pachuca\/index.php\/producto\/conector-n-macho-para-cable-fsj4-50b\/"},"modified":"2026-03-19T07:12:08","modified_gmt":"2026-03-19T07:12:08","slug":"conector-n-macho-para-cable-fsj4-50b","status":"publish","type":"product","link":"https:\/\/soydeaqui.ddns.net\/pachuca\/index.php\/producto\/conector-n-macho-para-cable-fsj4-50b\/","title":{"rendered":"Conector N Macho para cable FSJ4-50B"},"content":{"rendered":"<div style='width: 100%; max-width: 1200px; margin: 0 auto; font-family: sans-serif; line-height: 1.6; color: inherit; background-color: transparent;'>\n<div style='display: flex; flex-wrap: wrap; gap: 30px; margin-bottom: 30px;'>\n<div style='flex: 1 1 300px; min-width: 280px;'>\n<h3 style='font-size: 22px; border-bottom: 2px solid currentColor; padding-bottom: 5px; margin-top: 0; color: inherit; opacity: 0.8;'>Caracter\u00edsticas Principales<\/h3>\n<ul style='padding-left: 20px; font-size: 15px; color: inherit;'>\n<li style='margin-bottom: 5px;'>Conector tipo N macho para conexi\u00f3n segura<\/li>\n<li style='margin-bottom: 5px;'>Compatibilidad con cable FSJ4-50B de 1\/2&#8242;<\/li>\n<li style='margin-bottom: 5px;'>Ensamble con cojinete expandible para estabilidad<\/li>\n<li style='margin-bottom: 5px;'>Cuerpo plateado con contacto central de oro<\/li>\n<li style='margin-bottom: 5px;'>Aislante diel\u00e9ctrico de tefl\u00f3n para protecci\u00f3n<\/li>\n<\/ul>\n<\/div>\n<div style='flex: 1 1 300px; min-width: 280px;'>\n<h3 style='font-size: 22px; border-bottom: 2px solid currentColor; padding-bottom: 5px; margin-top: 0; color: inherit; opacity: 0.8;'>Especificaciones Generales<\/h3>\n<ul style='padding-left: 20px; font-size: 15px; color: inherit;'>\n<li style='margin-bottom: 5px;'><strong>Tipo:<\/strong> N Macho<\/li>\n<li style='margin-bottom: 5px;'><strong>Estilo del cuerpo:<\/strong> Recto<\/li>\n<li style='margin-bottom: 5px;'><strong>Marca:<\/strong> HELIAX\u00ae<\/li>\n<li style='margin-bottom: 5px;'><strong>Montaje:<\/strong> Recto<\/li>\n<li style='margin-bottom: 5px;'><strong>Proveedor:<\/strong> CommScope\u00ae<\/li>\n<\/ul>\n<\/div>\n<\/div>\n<div style='display: flex; flex-wrap: wrap; gap: 30px; margin-bottom: 30px;'>\n<div style='flex: 1 1 300px; min-width: 280px;'>\n<h3 style='font-size: 22px; border-bottom: 2px solid currentColor; padding-bottom: 5px; margin-top: 0; color: inherit; opacity: 0.8;'>Especificaciones El\u00e9ctricas<\/h3>\n<ul style='padding-left: 20px; font-size: 15px; color: inherit;'>\n<li style='margin-bottom: 5px;'><strong>Impedancia del conector:<\/strong> 50 ohm<\/li>\n<li style='margin-bottom: 5px;'><strong>Banda de frecuencia operativa:<\/strong> 0 \u2013 12000 MHz<\/li>\n<li style='margin-bottom: 5px;'><strong>Impedancia del cable:<\/strong> 50 ohm<\/li>\n<li style='margin-bottom: 5px;'><strong>IMD de tercer orden:<\/strong> -120 dBm @ 910 MHz<\/li>\n<li style='margin-bottom: 5px;'><strong>Tensi\u00f3n de operaci\u00f3n RF:<\/strong> 707.00 Vrms<\/li>\n<li style='margin-bottom: 5px;'><strong>Tensi\u00f3n de prueba DC:<\/strong> 2000 V<\/li>\n<li style='margin-bottom: 5px;'><strong>P\u00e9rdida de inserci\u00f3n:<\/strong> 0.05 dB<\/li>\n<li style='margin-bottom: 5px;'><strong>Efectividad de blindaje:<\/strong> -110 dB<\/li>\n<\/ul>\n<\/div>\n<div style='flex: 1 1 300px; min-width: 280px;'>\n<h3 style='font-size: 22px; border-bottom: 2px solid currentColor; padding-bottom: 5px; margin-top: 0; color: inherit; opacity: 0.8;'>Especificaciones Mec\u00e1nicas<\/h3>\n<ul style='padding-left: 20px; font-size: 15px; color: inherit;'>\n<li style='margin-bottom: 5px;'><strong>M\u00e9todo de fijaci\u00f3n contacto exterior:<\/strong> Por deformaci\u00f3n<\/li>\n<li style='margin-bottom: 5px;'><strong>M\u00e9todo de fijaci\u00f3n contacto interior:<\/strong> Cautivo<\/li>\n<li style='margin-bottom: 5px;'><strong>Recubrimiento contacto exterior:<\/strong> Trimetal<\/li>\n<li style='margin-bottom: 5px;'><strong>Recubrimiento contacto interior:<\/strong> Oro<\/li>\n<li style='margin-bottom: 5px;'><strong>Durabilidad de conexi\u00f3n:<\/strong> 25 ciclos<\/li>\n<li style='margin-bottom: 5px;'><strong>Durabilidad del interfaz:<\/strong> 500 ciclos<\/li>\n<li style='margin-bottom: 5px;'><strong>Fuerza de retenci\u00f3n:<\/strong> 890 N (200 lbf)<\/li>\n<li style='margin-bottom: 5px;'><strong>Par de torsi\u00f3n:<\/strong> 5.42 N\u00b7m (48.00 in lb)<\/li>\n<\/ul>\n<\/div>\n<div style='flex: 1 1 300px; min-width: 280px;'>\n<h3 style='font-size: 22px; border-bottom: 2px solid currentColor; padding-bottom: 5px; margin-top: 0; color: inherit; opacity: 0.8;'>Especificaciones Ambientales<\/h3>\n<ul style='padding-left: 20px; font-size: 15px; color: inherit;'>\n<li style='margin-bottom: 5px;'><strong>Rango de temperatura operativa:<\/strong> -55 \u00b0C a +85 \u00b0C<\/li>\n<li style='margin-bottom: 5px;'><strong>Rango de temperatura almacenamiento:<\/strong> -55 \u00b0C a +85 \u00b0C<\/li>\n<li style='margin-bottom: 5px;'><strong>Profundidad de inmersi\u00f3n:<\/strong> 1 m<\/li>\n<li style='margin-bottom: 5px;'><strong>Resistencia a chorros de agua:<\/strong> IP66<\/li>\n<li style='margin-bottom: 5px;'><strong>Resistencia a humedad:<\/strong> MIL-STD-202F&comma; M\u00e9todo 106F<\/li>\n<li style='margin-bottom: 5px;'><strong>Resistencia a choque mec\u00e1nico:<\/strong> MIL-STD-202F&comma; M\u00e9todo 213B<\/li>\n<li style='margin-bottom: 5px;'><strong>Resistencia a vibraci\u00f3n:<\/strong> MIL-STD-202F&comma; M\u00e9todo 204D<\/li>\n<\/ul>\n<\/div>\n<\/div>\n<div style='display: flex; flex-wrap: wrap; gap: 20px; margin-bottom: 30px;'>\n<div style='flex: 1 1 250px; border: 1px solid rgba(150&comma; 150&comma; 150&comma; 0.4); border-radius: 8px; overflow: hidden; display: flex; flex-direction: column;'>\n<div style='padding: 15px; border-bottom: 1px solid rgba(150&comma; 150&comma; 150&comma; 0.2); font-weight: bold; font-size: 18px; color: inherit;'>Dimensiones<\/div>\n<div style='padding: 15px; color: inherit;'>\n<ul style='padding-left: 20px; margin: 0; font-size: 14px; list-style-type: disc;'>\n<li style='margin-bottom: 5px;'><strong>Tama\u00f1o nominal:<\/strong> 1\/2 pulgada<\/li>\n<li style='margin-bottom: 5px;'><strong>Di\u00e1metro:<\/strong> 24.00 mm (0.95 pulg)<\/li>\n<li style='margin-bottom: 5px;'><strong>Longitud:<\/strong> 54.00 mm (2.13 pulg)<\/li>\n<li style='margin-bottom: 5px;'><strong>Peso:<\/strong> 90.72 g (0.20 lb)<\/li>\n<\/ul>\n<\/div>\n<\/div>\n<div style='flex: 1 1 250px; border: 1px solid rgba(150&comma; 150&comma; 150&comma; 0.4); border-radius: 8px; overflow: hidden; display: flex; flex-direction: column;'>\n<div style='padding: 15px; border-bottom: 1px solid rgba(150&comma; 150&comma; 150&comma; 0.2); font-weight: bold; font-size: 18px; color: inherit;'>Conformidad Regulatoria<\/div>\n<div style='padding: 15px; color: inherit;'>\n<ul style='padding-left: 20px; margin: 0; font-size: 14px; list-style-type: disc;'>\n<li style='margin-bottom: 5px;'>RoHS 2011\/65\/EU Compliant by Exemption<\/li>\n<li style='margin-bottom: 5px;'>China RoHS SJ\/T 11364-2006 Above Maximum Concentration Value (MCV)<\/li>\n<li style='margin-bottom: 5px;'>ISO 9001:2008<\/li>\n<\/ul>\n<\/div>\n<\/div>\n<\/div>\n<hr style='border: 0; border-top: 1px solid rgba(150&comma; 150&comma; 150&comma; 0.3); margin: 30px 0;'>\n<div style='display: flex; flex-wrap: wrap; gap: 30px; margin-bottom: 30px;'>\n<div style='flex: 1 1 300px; min-width: 280px;'>\n<h3 style='font-size: 22px; border-bottom: 2px solid currentColor; padding-bottom: 5px; margin-top: 0; color: inherit; opacity: 0.8;'>Rendimiento RF<\/h3>\n<table style='width: 100%; border-collapse: collapse; font-size: 14px; color: inherit;'>\n<thead>\n<tr style='border-bottom: 2px solid rgba(150&comma; 150&comma; 150&comma; 0.3);'>\n<th style='text-align: left; padding: 8px 12px;'>Banda de Frecuencia<\/th>\n<th style='text-align: left; padding: 8px 12px;'>VSWR<\/th>\n<th style='text-align: left; padding: 8px 12px;'>P\u00e9rdida de Retorno (dB)<\/th>\n<\/tr>\n<\/thead>\n<tbody>\n<tr style='border-bottom: 1px solid rgba(150&comma; 150&comma; 150&comma; 0.2);'>\n<td style='padding: 6px 12px;'>0\u20131000 MHz<\/td>\n<td style='padding: 6px 12px;'>1.03<\/td>\n<td style='padding: 6px 12px;'>36.00<\/td>\n<\/tr>\n<tr style='border-bottom: 1px solid rgba(150&comma; 150&comma; 150&comma; 0.2);'>\n<td style='padding: 6px 12px;'>1010\u20132000 MHz<\/td>\n<td style='padding: 6px 12px;'>1.04<\/td>\n<td style='padding: 6px 12px;'>35.00<\/td>\n<\/tr>\n<tr>\n<td style='padding: 6px 12px;'>2010\u20133000 MHz<\/td>\n<td style='padding: 6px 12px;'>1.08<\/td>\n<td style='padding: 6px 12px;'>28.00<\/td>\n<\/tr>\n<\/tbody>\n<\/table>\n<\/div>\n<\/div>\n<\/div>\n","protected":false},"excerpt":{"rendered":"<p>Conector N Macho para cable FSJ4-50B<\/p>\n","protected":false},"featured_media":63377,"comment_status":"open","ping_status":"closed","template":"","meta":[],"product_brand":[],"product_cat":[1708],"product_tag":[1330,616,1709],"class_list":{"0":"post-63378","1":"product","2":"type-product","3":"status-publish","4":"has-post-thumbnail","6":"product_cat-heliax","7":"product_tag-andrew-commscope","8":"product_tag-conectores","9":"product_tag-heliax","11":"first","12":"instock","13":"sale","14":"shipping-taxable","15":"purchasable","16":"product-type-simple"},"_links":{"self":[{"href":"https:\/\/soydeaqui.ddns.net\/pachuca\/index.php\/wp-json\/wp\/v2\/product\/63378","targetHints":{"allow":["GET"]}}],"collection":[{"href":"https:\/\/soydeaqui.ddns.net\/pachuca\/index.php\/wp-json\/wp\/v2\/product"}],"about":[{"href":"https:\/\/soydeaqui.ddns.net\/pachuca\/index.php\/wp-json\/wp\/v2\/types\/product"}],"replies":[{"embeddable":true,"href":"https:\/\/soydeaqui.ddns.net\/pachuca\/index.php\/wp-json\/wp\/v2\/comments?post=63378"}],"wp:featuredmedia":[{"embeddable":true,"href":"https:\/\/soydeaqui.ddns.net\/pachuca\/index.php\/wp-json\/wp\/v2\/media\/63377"}],"wp:attachment":[{"href":"https:\/\/soydeaqui.ddns.net\/pachuca\/index.php\/wp-json\/wp\/v2\/media?parent=63378"}],"wp:term":[{"taxonomy":"product_brand","embeddable":true,"href":"https:\/\/soydeaqui.ddns.net\/pachuca\/index.php\/wp-json\/wp\/v2\/product_brand?post=63378"},{"taxonomy":"product_cat","embeddable":true,"href":"https:\/\/soydeaqui.ddns.net\/pachuca\/index.php\/wp-json\/wp\/v2\/product_cat?post=63378"},{"taxonomy":"product_tag","embeddable":true,"href":"https:\/\/soydeaqui.ddns.net\/pachuca\/index.php\/wp-json\/wp\/v2\/product_tag?post=63378"}],"curies":[{"name":"wp","href":"https:\/\/api.w.org\/{rel}","templated":true}]}}