{"id":63367,"date":"2026-03-19T07:11:39","date_gmt":"2026-03-19T07:11:39","guid":{"rendered":"https:\/\/soydeaqui.ddns.net\/pachuca\/index.php\/producto\/conector-din-7-16-hembra-para-cable-fsj4-50b-1-2\/"},"modified":"2026-03-19T07:11:40","modified_gmt":"2026-03-19T07:11:40","slug":"conector-din-7-16-hembra-para-cable-fsj4-50b-1-2","status":"publish","type":"product","link":"https:\/\/soydeaqui.ddns.net\/pachuca\/index.php\/producto\/conector-din-7-16-hembra-para-cable-fsj4-50b-1-2\/","title":{"rendered":"Conector DIN 7-16 Hembra para cable FSJ4-50B (1\/2&#8243;)."},"content":{"rendered":"<div style='width: 100%; max-width: 1200px; margin: 0 auto; font-family: sans-serif; line-height: 1.6; color: inherit; background-color: transparent;'> <!-- Secci\u00f3n de caracter\u00edsticas principales --> <\/p>\n<div style='margin-bottom: 30px;'>\n<h3 style='font-size: 22px; border-bottom: 2px solid currentColor; padding-bottom: 5px; margin-top: 0; color: inherit; opacity: 0.8;'>Caracter\u00edsticas Principales<\/h3>\n<ul style='padding-left: 20px; font-size: 15px; color: inherit;'>\n<li style='margin-bottom: 5px;'>Conector DIN 7-16 hembra para compatibilidad universal<\/li>\n<li style='margin-bottom: 5px;'>Especial para cable FSJ4-50B (1\/2 pulgada)<\/li>\n<li style='margin-bottom: 5px;'>Ensamble auto-expandible para f\u00e1cil instalaci\u00f3n<\/li>\n<li style='margin-bottom: 5px;'>Cuerpo plateado para alta durabilidad y conductividad<\/li>\n<li style='margin-bottom: 5px;'>Aislante diel\u00e9ctrico de tefl\u00f3n de alta resistencia<\/li>\n<\/ul><\/div>\n<p> <!-- Secci\u00f3n de especificaciones t\u00e9cnicas --> <\/p>\n<div style='display: flex; flex-wrap: wrap; gap: 30px; margin-bottom: 30px;'>\n<div style='flex: 1 1 300px; min-width: 280px;'>\n<h3 style='font-size: 22px; border-bottom: 2px solid currentColor; padding-bottom: 5px; margin-top: 0; color: inherit; opacity: 0.8;'>Especificaciones El\u00e9ctricas<\/h3>\n<ul style='padding-left: 20px; font-size: 15px; color: inherit;'>\n<li style='margin-bottom: 5px;'><strong>Impedancia:<\/strong> 50 ohm<\/li>\n<li style='margin-bottom: 5px;'><strong>P\u00e9rdida de inserci\u00f3n t\u00edpica:<\/strong> 0.05<\/li>\n<li style='margin-bottom: 5px;'><strong>Voltaje de prueba DC:<\/strong> 2500 V<\/li>\n<li style='margin-bottom: 5px;'><strong>Resistencia de contacto interna:<\/strong> M\u00e1ximo 0.8 m\u03a9<\/li>\n<li style='margin-bottom: 5px;'><strong>Resistencia de aislamiento:<\/strong> M\u00ednimo 5000 M\u03a9<\/li>\n<li style='margin-bottom: 5px;'><strong>P\u00e9rdida de retorno:<\/strong> 25.01 dB (2300\u20134000 MHz)<\/li>\n<li style='margin-bottom: 5px;'><strong>Frecuencia de operaci\u00f3n:<\/strong> 0\u20137500 MHz<\/li>\n<li style='margin-bottom: 5px;'><strong>Efectividad de blindaje:<\/strong> -110 dB<\/li>\n<\/ul><\/div>\n<div style='flex: 1 1 300px; min-width: 280px;'>\n<h3 style='font-size: 22px; border-bottom: 2px solid currentColor; padding-bottom: 5px; margin-top: 0; color: inherit; opacity: 0.8;'>Especificaciones Mec\u00e1nicas<\/h3>\n<ul style='padding-left: 20px; font-size: 15px; color: inherit;'>\n<li style='margin-bottom: 5px;'><strong>Estilo del cuerpo:<\/strong> Recto<\/strong><\/li>\n<li style='margin-bottom: 5px;'><strong>Tipo de montaje:<\/strong> Recto<\/li>\n<li style='margin-bottom: 5px;'><strong>M\u00e9todo de fijaci\u00f3n contacto interno:<\/strong> Capturado<\/li>\n<li style='margin-bottom: 5px;'><strong>Acabado contacto interno:<\/strong> Plateado<\/li>\n<li style='margin-bottom: 5px;'><strong>Acabado contacto externo:<\/strong> Trimetal<\/li>\n<li style='margin-bottom: 5px;'><strong>M\u00e9todo de fijaci\u00f3n contacto externo:<\/strong> Auto-expansible<\/li>\n<li style='margin-bottom: 5px;'><strong>Resistencia de contacto externo:<\/strong> M\u00e1ximo 1.5 m\u03a9<\/li>\n<li style='margin-bottom: 5px;'><strong>Peso:<\/strong> 150 g<\/li>\n<li style='margin-bottom: 5px;'><strong>Longitud:<\/strong> 50.04 mm<\/li>\n<li style='margin-bottom: 5px;'><strong>Di\u00e1metro:<\/strong> 28.96 mm<\/li>\n<\/ul><\/div>\n<div style='flex: 1 1 300px; min-width: 280px;'>\n<h3 style='font-size: 22px; border-bottom: 2px solid currentColor; padding-bottom: 5px; margin-top: 0; color: inherit; opacity: 0.8;'>Especificaciones Ambientales<\/h3>\n<ul style='padding-left: 20px; font-size: 15px; color: inherit;'>\n<li style='margin-bottom: 5px;'><strong>Rango de temperatura operativa:<\/strong> -55 \u00b0C a +85 \u00b0C<\/li>\n<li style='margin-bottom: 5px;'><strong>Rango de temperatura de almacenamiento:<\/strong> -55 \u00b0C a +85 \u00b0C<\/li>\n<li style='margin-bottom: 5px;'><strong>Prueba de corrosi\u00f3n:<\/strong> MIL-STD-1344A&comma; M\u00e9todo 1001.1&comma; Condici\u00f3n A<\/li>\n<li style='margin-bottom: 5px;'><strong>Resistencia al agua:<\/strong> IP68 (1 metro de inmersi\u00f3n)<\/li>\n<li style='margin-bottom: 5px;'><strong>Resistencia a chorros de agua:<\/strong> IP66<\/li>\n<li style='margin-bottom: 5px;'><strong>Resistencia a vibraciones:<\/strong> MIL-STD-202F&comma; M\u00e9todo 204D<\/li>\n<li style='margin-bottom: 5px;'><strong>Resistencia a choque t\u00e9rmico:<\/strong> MIL-STD-202&comma; M\u00e9todo 107<\/li>\n<\/ul><\/div>\n<\/p><\/div>\n<p> <!-- Secci\u00f3n de certificaciones --> <\/p>\n<div style='margin-bottom: 30px;'>\n<h3 style='font-size: 22px; border-bottom: 2px solid currentColor; padding-bottom: 5px; margin-top: 0; color: inherit; opacity: 0.8;'>Certificaciones<\/h3>\n<ul style='padding-left: 20px; font-size: 15px; color: inherit;'>\n<li style='margin-bottom: 5px;'>ISO 9001:2015<\/li>\n<li style='margin-bottom: 5px;'>ROHS Compatiente<\/li>\n<li style='margin-bottom: 5px;'>UK-ROHS Compatiente\/Exento<\/li>\n<li style='margin-bottom: 5px;'>CHINA-ROHS &#8211; Bajo valor de concentraci\u00f3n m\u00e1xima<\/li>\n<li style='margin-bottom: 5px;'>REACH-SVHC Compatiente<\/li>\n<\/ul><\/div>\n<p> <!-- Separador --> <\/p>\n<hr style='border: 0; border-top: 1px solid rgba(150&comma; 150&comma; 150&comma; 0.3); margin: 30px 0;'> <\/div>\n","protected":false},"excerpt":{"rendered":"<p>Conector DIN 7-16 Hembra para cable FSJ4-50B (1\/2&#8243;).<\/p>\n","protected":false},"featured_media":63366,"comment_status":"open","ping_status":"closed","template":"","meta":[],"product_brand":[],"product_cat":[1708],"product_tag":[1712,616,1709],"class_list":{"0":"post-63367","1":"product","2":"type-product","3":"status-publish","4":"has-post-thumbnail","6":"product_cat-heliax","7":"product_tag-commscope-andrew","8":"product_tag-conectores","9":"product_tag-heliax","11":"first","12":"instock","13":"sale","14":"shipping-taxable","15":"purchasable","16":"product-type-simple"},"_links":{"self":[{"href":"https:\/\/soydeaqui.ddns.net\/pachuca\/index.php\/wp-json\/wp\/v2\/product\/63367","targetHints":{"allow":["GET"]}}],"collection":[{"href":"https:\/\/soydeaqui.ddns.net\/pachuca\/index.php\/wp-json\/wp\/v2\/product"}],"about":[{"href":"https:\/\/soydeaqui.ddns.net\/pachuca\/index.php\/wp-json\/wp\/v2\/types\/product"}],"replies":[{"embeddable":true,"href":"https:\/\/soydeaqui.ddns.net\/pachuca\/index.php\/wp-json\/wp\/v2\/comments?post=63367"}],"wp:featuredmedia":[{"embeddable":true,"href":"https:\/\/soydeaqui.ddns.net\/pachuca\/index.php\/wp-json\/wp\/v2\/media\/63366"}],"wp:attachment":[{"href":"https:\/\/soydeaqui.ddns.net\/pachuca\/index.php\/wp-json\/wp\/v2\/media?parent=63367"}],"wp:term":[{"taxonomy":"product_brand","embeddable":true,"href":"https:\/\/soydeaqui.ddns.net\/pachuca\/index.php\/wp-json\/wp\/v2\/product_brand?post=63367"},{"taxonomy":"product_cat","embeddable":true,"href":"https:\/\/soydeaqui.ddns.net\/pachuca\/index.php\/wp-json\/wp\/v2\/product_cat?post=63367"},{"taxonomy":"product_tag","embeddable":true,"href":"https:\/\/soydeaqui.ddns.net\/pachuca\/index.php\/wp-json\/wp\/v2\/product_tag?post=63367"}],"curies":[{"name":"wp","href":"https:\/\/api.w.org\/{rel}","templated":true}]}}