{"id":63356,"date":"2026-03-19T07:11:19","date_gmt":"2026-03-19T07:11:19","guid":{"rendered":"https:\/\/soydeaqui.ddns.net\/pachuca\/index.php\/producto\/radiotelefono-de-emergencia-para-comunicacion-de-zonas-remotas-a-base-tk-7302-hk\/"},"modified":"2026-03-19T07:11:20","modified_gmt":"2026-03-19T07:11:20","slug":"radiotelefono-de-emergencia-para-comunicacion-de-zonas-remotas-a-base-tk-7302-hk","status":"publish","type":"product","link":"https:\/\/soydeaqui.ddns.net\/pachuca\/index.php\/producto\/radiotelefono-de-emergencia-para-comunicacion-de-zonas-remotas-a-base-tk-7302-hk\/","title":{"rendered":"Radiotel\u00e9fono de emergencia para comunicaci\u00f3n de zonas remotas a base (TK-7302-HK)."},"content":{"rendered":"<div style='width: 100%; max-width: 1200px; margin: 0 auto; font-family: sans-serif; line-height: 1.6; color: inherit; background-color: transparent;'>\n<div style='display: flex; flex-wrap: wrap; gap: 30px; margin-bottom: 30px;'>\n<div style='flex: 1 1 300px; min-width: 280px;'>\n<h3 style='font-size: 22px; border-bottom: 2px solid currentColor; padding-bottom: 5px; margin-top: 0; color: inherit; opacity: 0.8;'>Aplicaci\u00f3n<\/h3>\n<p style='font-size: 15px; color: inherit; margin-bottom: 15px;'>Los sistemas EMERTEL pueden ser utilizados en zonas donde se trabaje con sistemas de radiocomunicaci\u00f3n en dos v\u00edas. Se recomienda el uso para zonas p\u00fablicas como carreteras&comma; centros comerciales&comma; parques&comma; zonas tur\u00edsticas o alg\u00fan otro donde los transe\u00fantes est\u00e9n propicios a robo o vandalismo.<\/p>\n<\/p><\/div>\n<\/p><\/div>\n<div style='display: flex; flex-wrap: wrap; gap: 30px; margin-bottom: 30px;'>\n<div style='flex: 1 1 300px; min-width: 280px;'>\n<h3 style='font-size: 22px; border-bottom: 2px solid currentColor; padding-bottom: 5px; margin-top: 0; color: inherit; opacity: 0.8;'>Funcionamiento<\/h3>\n<ul style='padding-left: 20px; font-size: 15px; color: inherit;'>\n<li style='margin-bottom: 5px;'>El usuario en problemas oprime un bot\u00f3n para iniciar la llamada (la cual es privada)<\/li>\n<li style='margin-bottom: 5px;'>El operador del sistema (base) reconoce el radio tel\u00e9fono del cual proviene la emergencia<\/li>\n<li style='margin-bottom: 5px;'>El operador puede emitir en este momento un saludo de para iniciar la comunicaci\u00f3n semi-d\u00faplex<\/li>\n<li style='margin-bottom: 5px;'>El usuario en este momento tiene oportunidad de informar su ubicaci\u00f3n y tipo de emergencia para dar soluci\u00f3n lo m\u00e1s r\u00e1pido posible<\/li>\n<\/ul><\/div>\n<\/p><\/div>\n<div style='display: flex; flex-wrap: wrap; gap: 30px; margin-bottom: 30px;'>\n<div style='flex: 1 1 300px; min-width: 280px;'>\n<h3 style='font-size: 22px; border-bottom: 2px solid currentColor; padding-bottom: 5px; margin-top: 0; color: inherit; opacity: 0.8;'>Componentes<\/h3>\n<ul style='padding-left: 20px; font-size: 15px; color: inherit;'>\n<li style='margin-bottom: 5px;'>Radio de 50W (Kenwood TK-7302-HK)<\/li>\n<li style='margin-bottom: 5px;'>Panel solar de 85 W<\/li>\n<li style='margin-bottom: 5px;'>Estrobo de alerta visual con encendido autom\u00e1tico en la noche<\/li>\n<li style='margin-bottom: 5px;'>Regulador<\/li>\n<li style='margin-bottom: 5px;'>Bater\u00eda de Ciclo profundo de 100 Ah<\/li>\n<li style='margin-bottom: 5px;'>Antena direccional tipo Yagi<\/li>\n<li style='margin-bottom: 5px;'>Gabinete superior para almacenamiento de bater\u00eda y radio<\/li>\n<li style='margin-bottom: 5px;'>Caseta con micr\u00f3fono-bocina&comma; soportes&comma; cables&comma; conectores y todo lo necesario para la integraci\u00f3n<\/li>\n<\/ul><\/div>\n<\/p><\/div>\n<\/p><\/div>\n","protected":false},"excerpt":{"rendered":"<p>Radiotel\u00e9fono de emergencia para comunicaci\u00f3n de zonas remotas a base (TK-7302-HK).<\/p>\n","protected":false},"featured_media":32,"comment_status":"open","ping_status":"closed","template":"","meta":[],"product_brand":[],"product_cat":[1797],"product_tag":[1798,1626,63],"class_list":{"0":"post-63356","1":"product","2":"type-product","3":"status-publish","4":"has-post-thumbnail","6":"product_cat-estaciones-base","7":"product_tag-estaciones-base","8":"product_tag-radios-comerciales-icom-kenwood-txpro","9":"product_tag-syscom","11":"first","12":"outofstock","13":"sale","14":"shipping-taxable","15":"purchasable","16":"product-type-simple"},"_links":{"self":[{"href":"https:\/\/soydeaqui.ddns.net\/pachuca\/index.php\/wp-json\/wp\/v2\/product\/63356","targetHints":{"allow":["GET"]}}],"collection":[{"href":"https:\/\/soydeaqui.ddns.net\/pachuca\/index.php\/wp-json\/wp\/v2\/product"}],"about":[{"href":"https:\/\/soydeaqui.ddns.net\/pachuca\/index.php\/wp-json\/wp\/v2\/types\/product"}],"replies":[{"embeddable":true,"href":"https:\/\/soydeaqui.ddns.net\/pachuca\/index.php\/wp-json\/wp\/v2\/comments?post=63356"}],"wp:featuredmedia":[{"embeddable":true,"href":"https:\/\/soydeaqui.ddns.net\/pachuca\/index.php\/wp-json\/wp\/v2\/media\/32"}],"wp:attachment":[{"href":"https:\/\/soydeaqui.ddns.net\/pachuca\/index.php\/wp-json\/wp\/v2\/media?parent=63356"}],"wp:term":[{"taxonomy":"product_brand","embeddable":true,"href":"https:\/\/soydeaqui.ddns.net\/pachuca\/index.php\/wp-json\/wp\/v2\/product_brand?post=63356"},{"taxonomy":"product_cat","embeddable":true,"href":"https:\/\/soydeaqui.ddns.net\/pachuca\/index.php\/wp-json\/wp\/v2\/product_cat?post=63356"},{"taxonomy":"product_tag","embeddable":true,"href":"https:\/\/soydeaqui.ddns.net\/pachuca\/index.php\/wp-json\/wp\/v2\/product_tag?post=63356"}],"curies":[{"name":"wp","href":"https:\/\/api.w.org\/{rel}","templated":true}]}}