{"id":63355,"date":"2026-03-19T07:11:16","date_gmt":"2026-03-19T07:11:16","guid":{"rendered":"https:\/\/soydeaqui.ddns.net\/pachuca\/index.php\/producto\/radiotelefono-de-emergencia-en-vhf-incluye-transceptor-de-50-watts-basado-en-radios-kenwood-serie-302\/"},"modified":"2026-03-19T07:11:17","modified_gmt":"2026-03-19T07:11:17","slug":"radiotelefono-de-emergencia-en-vhf-incluye-transceptor-de-50-watts-basado-en-radios-kenwood-serie-302","status":"publish","type":"product","link":"https:\/\/soydeaqui.ddns.net\/pachuca\/index.php\/producto\/radiotelefono-de-emergencia-en-vhf-incluye-transceptor-de-50-watts-basado-en-radios-kenwood-serie-302\/","title":{"rendered":"Radiotel\u00e9fono de emergencia en VHF, incluye transceptor de 50 Watts (Basado en radios KENWOOD Serie 302)."},"content":{"rendered":"<div style='width: 100%; max-width: 1200px; margin: 0 auto; font-family: sans-serif; line-height: 1.6; color: inherit; background-color: transparent;'>\n<div style='display: flex; flex-wrap: wrap; gap: 30px; margin-bottom: 30px;'>\n<div style='flex: 1 1 300px; min-width: 280px;'>\n<h3 style='font-size: 22px; border-bottom: 2px solid currentColor; padding-bottom: 5px; margin-top: 0; color: inherit; opacity: 0.8;'>Caracter\u00edsticas<\/h3>\n<ul style='padding-left: 20px; font-size: 15px; color: inherit;'>\n<li style='margin-bottom: 5px;'>El usuario oprime un bot\u00f3n para iniciar la llamada&comma; la cual es completamente privada<\/li>\n<li style='margin-bottom: 5px;'>El operador del sistema reconoce el radiotel\u00e9fono del cual proviene la emergencia&comma; ya que \u00e9ste env\u00eda un n\u00famero de identificaci\u00f3n<\/li>\n<li style='margin-bottom: 5px;'>El operador podr\u00e1 efectuar revisiones de rutina para determinar si alguno se encuentra fuera de operaci\u00f3n<\/li>\n<\/ul><\/div>\n<\/p><\/div>\n<div style='display: flex; flex-wrap: wrap; gap: 20px; margin-bottom: 30px;'>\n<div style='flex: 1 1 250px; border: 1px solid rgba(150&comma; 150&comma; 150&comma; 0.4); border-radius: 8px; overflow: hidden; display: flex; flex-direction: column;'>\n<div style='padding: 15px; border-bottom: 1px solid rgba(150&comma; 150&comma; 150&comma; 0.2); font-weight: bold; font-size: 18px; color: inherit;'>Especificaciones<\/div>\n<div style='padding: 15px; color: inherit;'>\n<ul style='padding-left: 20px; margin: 0; font-size: 14px; list-style-type: disc;'>\n<li style='margin-bottom: 5px;'>Transceptor de 50 W (KENWOOD Serie 302)<\/li>\n<li style='margin-bottom: 5px;'>Panel solar de 85 W<\/li>\n<li style='margin-bottom: 5px;'>Regulador<\/li>\n<li style='margin-bottom: 5px;'>Bater\u00eda de ciclo profundo de 110 Ah<\/li>\n<li style='margin-bottom: 5px;'>Antena direccional<\/li>\n<li style='margin-bottom: 5px;'>Caseta con micr\u00f3fono bocina&comma; soportes&comma; cables&comma; conectores&comma; etc.<\/li>\n<li style='margin-bottom: 5px;'>F\u00e1cil de ubicar ya que cuenta con estrobo e iluminaci\u00f3n moment\u00e1nea<\/li>\n<\/ul><\/div>\n<\/p><\/div>\n<\/p><\/div>\n<div style='display: flex; flex-wrap: wrap; gap: 30px; margin-bottom: 30px;'>\n<div style='flex: 1 1 300px; min-width: 280px;'>\n<h3 style='font-size: 22px; border-bottom: 2px solid currentColor; padding-bottom: 5px; margin-top: 0; color: inherit; opacity: 0.8;'>Servicios<\/h3>\n<ul style='padding-left: 20px; font-size: 15px; color: inherit;'>\n<li style='margin-bottom: 5px;'>Nosotros le ayudamos en la ingenier\u00eda del sistema<\/li>\n<li style='margin-bottom: 5px;'>Pregunte por tiempo de entrega<\/li>\n<\/ul><\/div>\n<\/p><\/div>\n<hr style='border: 0; border-top: 1px solid rgba(150&comma; 150&comma; 150&comma; 0.3); margin: 30px 0;'> <\/div>\n","protected":false},"excerpt":{"rendered":"<p>Radiotel\u00e9fono de emergencia en VHF, incluye transceptor de 50 Watts (Basado en radios KENWOOD Serie 302).<\/p>\n","protected":false},"featured_media":63354,"comment_status":"open","ping_status":"closed","template":"","meta":[],"product_brand":[],"product_cat":[1797],"product_tag":[1798,1626,63],"class_list":{"0":"post-63355","1":"product","2":"type-product","3":"status-publish","4":"has-post-thumbnail","6":"product_cat-estaciones-base","7":"product_tag-estaciones-base","8":"product_tag-radios-comerciales-icom-kenwood-txpro","9":"product_tag-syscom","11":"first","12":"outofstock","13":"sale","14":"shipping-taxable","15":"purchasable","16":"product-type-simple"},"_links":{"self":[{"href":"https:\/\/soydeaqui.ddns.net\/pachuca\/index.php\/wp-json\/wp\/v2\/product\/63355","targetHints":{"allow":["GET"]}}],"collection":[{"href":"https:\/\/soydeaqui.ddns.net\/pachuca\/index.php\/wp-json\/wp\/v2\/product"}],"about":[{"href":"https:\/\/soydeaqui.ddns.net\/pachuca\/index.php\/wp-json\/wp\/v2\/types\/product"}],"replies":[{"embeddable":true,"href":"https:\/\/soydeaqui.ddns.net\/pachuca\/index.php\/wp-json\/wp\/v2\/comments?post=63355"}],"wp:featuredmedia":[{"embeddable":true,"href":"https:\/\/soydeaqui.ddns.net\/pachuca\/index.php\/wp-json\/wp\/v2\/media\/63354"}],"wp:attachment":[{"href":"https:\/\/soydeaqui.ddns.net\/pachuca\/index.php\/wp-json\/wp\/v2\/media?parent=63355"}],"wp:term":[{"taxonomy":"product_brand","embeddable":true,"href":"https:\/\/soydeaqui.ddns.net\/pachuca\/index.php\/wp-json\/wp\/v2\/product_brand?post=63355"},{"taxonomy":"product_cat","embeddable":true,"href":"https:\/\/soydeaqui.ddns.net\/pachuca\/index.php\/wp-json\/wp\/v2\/product_cat?post=63355"},{"taxonomy":"product_tag","embeddable":true,"href":"https:\/\/soydeaqui.ddns.net\/pachuca\/index.php\/wp-json\/wp\/v2\/product_tag?post=63355"}],"curies":[{"name":"wp","href":"https:\/\/api.w.org\/{rel}","templated":true}]}}