{"id":63353,"date":"2026-03-19T07:11:11","date_gmt":"2026-03-19T07:11:11","guid":{"rendered":"https:\/\/soydeaqui.ddns.net\/pachuca\/index.php\/producto\/bloque-terminal-para-tk385\/"},"modified":"2026-03-19T07:11:12","modified_gmt":"2026-03-19T07:11:12","slug":"bloque-terminal-para-tk385","status":"publish","type":"product","link":"https:\/\/soydeaqui.ddns.net\/pachuca\/index.php\/producto\/bloque-terminal-para-tk385\/","title":{"rendered":"Bloque Terminal para TK385"},"content":{"rendered":"<div style='width: 100%; max-width: 1200px; margin: 0 auto; font-family: sans-serif; line-height: 1.6; color: inherit; background-color: transparent;'> <!-- Secci\u00f3n de descripci\u00f3n --> <\/p>\n<div style='margin-bottom: 30px;'>\n<p style='font-size: 16px; color: inherit; opacity: 0.9; margin: 0; padding: 0;'> <strong>Terminal del bloque de ensamble afianzado al circuito impreso.<\/strong> <\/p>\n<\/p><\/div>\n<p> <!-- Secci\u00f3n de caracter\u00edsticas --> <\/p>\n<div style='display: flex; flex-wrap: wrap; gap: 30px; margin-bottom: 30px;'>\n<div style='flex: 1 1 300px; min-width: 280px;'>\n<h3 style='font-size: 22px; border-bottom: 2px solid currentColor; padding-bottom: 5px; margin-top: 0; color: inherit; opacity: 0.8;'>Caracter\u00edsticas principales<\/h3>\n<ul style='padding-left: 20px; font-size: 15px; color: inherit;'>\n<li style='margin-bottom: 5px;'>Terminal afianzado para mayor estabilidad<\/li>\n<li style='margin-bottom: 5px;'>Compatible con circuitos impresos est\u00e1ndar<\/li>\n<li style='margin-bottom: 5px;'>Conexi\u00f3n segura y confiable<\/li>\n<li style='margin-bottom: 5px;'>F\u00e1cil integraci\u00f3n en dise\u00f1os existentes<\/li>\n<li style='margin-bottom: 5px;'>Montaje robusto y duradero<\/li>\n<\/ul><\/div>\n<\/p><\/div>\n<\/p><\/div>\n","protected":false},"excerpt":{"rendered":"<p>Bloque Terminal para TK385<\/p>\n","protected":false},"featured_media":63352,"comment_status":"open","ping_status":"closed","template":"","meta":[],"product_brand":[],"product_cat":[1716],"product_tag":[417,1579,1580],"class_list":{"0":"post-63353","1":"product","2":"type-product","3":"status-publish","4":"has-post-thumbnail","6":"product_cat-accesorios-generales-accesorios-para-kenwood","7":"product_tag-accesorios-generales","8":"product_tag-accesorios-para-kenwood","9":"product_tag-kenwood","11":"first","12":"instock","13":"sale","14":"shipping-taxable","15":"purchasable","16":"product-type-simple"},"_links":{"self":[{"href":"https:\/\/soydeaqui.ddns.net\/pachuca\/index.php\/wp-json\/wp\/v2\/product\/63353","targetHints":{"allow":["GET"]}}],"collection":[{"href":"https:\/\/soydeaqui.ddns.net\/pachuca\/index.php\/wp-json\/wp\/v2\/product"}],"about":[{"href":"https:\/\/soydeaqui.ddns.net\/pachuca\/index.php\/wp-json\/wp\/v2\/types\/product"}],"replies":[{"embeddable":true,"href":"https:\/\/soydeaqui.ddns.net\/pachuca\/index.php\/wp-json\/wp\/v2\/comments?post=63353"}],"wp:featuredmedia":[{"embeddable":true,"href":"https:\/\/soydeaqui.ddns.net\/pachuca\/index.php\/wp-json\/wp\/v2\/media\/63352"}],"wp:attachment":[{"href":"https:\/\/soydeaqui.ddns.net\/pachuca\/index.php\/wp-json\/wp\/v2\/media?parent=63353"}],"wp:term":[{"taxonomy":"product_brand","embeddable":true,"href":"https:\/\/soydeaqui.ddns.net\/pachuca\/index.php\/wp-json\/wp\/v2\/product_brand?post=63353"},{"taxonomy":"product_cat","embeddable":true,"href":"https:\/\/soydeaqui.ddns.net\/pachuca\/index.php\/wp-json\/wp\/v2\/product_cat?post=63353"},{"taxonomy":"product_tag","embeddable":true,"href":"https:\/\/soydeaqui.ddns.net\/pachuca\/index.php\/wp-json\/wp\/v2\/product_tag?post=63353"}],"curies":[{"name":"wp","href":"https:\/\/api.w.org\/{rel}","templated":true}]}}