{"id":63335,"date":"2026-03-19T07:10:38","date_gmt":"2026-03-19T07:10:38","guid":{"rendered":"https:\/\/soydeaqui.ddns.net\/pachuca\/index.php\/producto\/funda-reforzada-de-nylon-para-cinturon-con-correa-y-boche-frontal-estandar-en-la-mayoria-de-los-radios-ic-tk-nx-etc\/"},"modified":"2026-03-19T07:10:48","modified_gmt":"2026-03-19T07:10:48","slug":"funda-reforzada-de-nylon-para-cinturon-con-correa-y-boche-frontal-estandar-en-la-mayoria-de-los-radios-ic-tk-nx-etc","status":"publish","type":"product","link":"https:\/\/soydeaqui.ddns.net\/pachuca\/index.php\/producto\/funda-reforzada-de-nylon-para-cinturon-con-correa-y-boche-frontal-estandar-en-la-mayoria-de-los-radios-ic-tk-nx-etc\/","title":{"rendered":"Funda Reforzada de Nylon para Cintur\u00f3n con Correa y Boche Frontal, Est\u00e1ndar en la Mayor\u00eda de los Radios IC, TK, NX, etc."},"content":{"rendered":"<div style='width: 100%; max-width: 1200px; margin: 0 auto; font-family: sans-serif; line-height: 1.6; color: inherit; background-color: transparent;'> <!-- Secci\u00f3n de caracter\u00edsticas principales --> <\/p>\n<div style='display: flex; flex-wrap: wrap; gap: 30px; margin-bottom: 30px;'>\n<div style='flex: 1 1 300px; min-width: 280px;'>\n<h3 style='font-size: 22px; border-bottom: 2px solid currentColor; padding-bottom: 5px; margin-top: 0; color: inherit; opacity: 0.8;'>Caracter\u00edsticas Principales<\/h3>\n<ul style='padding-left: 20px; font-size: 15px; color: inherit;'>\n<li style='margin-bottom: 5px;'>Funda de nylon reforzada para mayor durabilidad<\/li>\n<li style='margin-bottom: 5px;'>Compatible con radios Icom y Kenwood<\/li>\n<li style='margin-bottom: 5px;'>Incluye lazo para cinto y correa<\/li>\n<li style='margin-bottom: 5px;'>Broche frontal para cierre seguro<\/li>\n<li style='margin-bottom: 5px;'>Ideal para m\u00faltiples modelos de radios<\/li>\n<\/ul><\/div>\n<\/p><\/div>\n<p> <!-- Secci\u00f3n de especificaciones --> <\/p>\n<div style='display: flex; flex-wrap: wrap; gap: 20px; margin-bottom: 30px;'>\n<div style='flex: 1 1 250px; border: 1px solid rgba(150&comma; 150&comma; 150&comma; 0.4); border-radius: 8px; overflow: hidden; display: flex; flex-direction: column;'>\n<div style='padding: 15px; border-bottom: 1px solid rgba(150&comma; 150&comma; 150&comma; 0.2); font-weight: bold; font-size: 18px; color: inherit;'>Especificaciones<\/div>\n<div style='padding: 15px; color: inherit;'>\n<ul style='padding-left: 20px; margin: 0; font-size: 14px; list-style-type: disc;'>\n<li style='margin-bottom: 5px;'><strong>Material externo:<\/strong> Nylon<\/li>\n<li style='margin-bottom: 5px;'><strong>Material interno:<\/strong> Forro sint\u00e9tico de vinilo<\/li>\n<li style='margin-bottom: 5px;'><strong>Hilo:<\/strong> Poli\u00e9ster de alta resistencia<\/li>\n<li style='margin-bottom: 5px;'><strong>Cerradura:<\/strong> Broche y correas<\/li>\n<li style='margin-bottom: 5px;'><strong>Dimensiones:<\/strong> 58 x 85 x 37 mm<\/li>\n<\/ul><\/div>\n<\/p><\/div>\n<p> <!-- Secci\u00f3n de compatibilidad --> <\/p>\n<div style='flex: 1 1 250px; border: 1px solid rgba(150&comma; 150&comma; 150&comma; 0.4); border-radius: 8px; overflow: hidden; display: flex; flex-direction: column;'>\n<div style='padding: 15px; border-bottom: 1px solid rgba(150&comma; 150&comma; 150&comma; 0.2); font-weight: bold; font-size: 18px; color: inherit;'>Compatibilidad<\/div>\n<div style='padding: 15px; color: inherit;'>\n<h4 style='margin-top: 0; margin-bottom: 10px; font-size: 16px; color: inherit; opacity: 0.9;'>Radios ICOM<\/h4>\n<ul style='padding-left: 20px; margin: 0; font-size: 14px; list-style-type: disc;'>\n<li style='margin-bottom: 5px;'>ICF3\/F3S&comma; F4\/F4S<\/li>\n<li style='margin-bottom: 5px;'>F3GS\/F3GT&comma; F4GS\/F4GT<\/li>\n<li style='margin-bottom: 5px;'>F30GS\/F30GT&comma; F40GS\/F40GT<\/li>\n<li style='margin-bottom: 5px;'>F33G\/S\/T&comma; F43G\/S\/T<\/li>\n<li style='margin-bottom: 5px;'>F4TR&comma; F43TR<\/li>\n<li style='margin-bottom: 5px;'>F11\/F11S&comma; F21\/F21S<\/li>\n<li style='margin-bottom: 5px;'>F14\/F14S&comma; F24\/F24S<\/li>\n<li style='margin-bottom: 5px;'>F50\/F60\/F50V<\/li>\n<li style='margin-bottom: 5px;'>F3021S\/F3021T&comma; F4021S\/F4021T<\/li>\n<li style='margin-bottom: 5px;'>F3061S\/F3061T&comma; F4061S\/F4061T<\/li>\n<\/ul>\n<h4 style='margin-top: 20px; margin-bottom: 10px; font-size: 16px; color: inherit; opacity: 0.9;'>Radios KENWOOD<\/h4>\n<ul style='padding-left: 20px; margin: 0; font-size: 14px; list-style-type: disc;'>\n<li style='margin-bottom: 5px;'>TK 2140\/3140&comma; TK-2160\/3160<\/li>\n<li style='margin-bottom: 5px;'>TK2170\/3170&comma; TK2202\/2202L<\/li>\n<li style='margin-bottom: 5px;'>TK3202\/3202L&comma; TK2212\/2212L<\/li>\n<li style='margin-bottom: 5px;'>TK32\/3212L&comma; TK2302\/3302<\/li>\n<li style='margin-bottom: 5px;'>TK2360\/3360<\/li>\n<\/ul>\n<h4 style='margin-top: 20px; margin-bottom: 10px; font-size: 16px; color: inherit; opacity: 0.9;'>Otros<\/h4>\n<ul style='padding-left: 20px; margin: 0; font-size: 14px; list-style-type: disc;'>\n<li style='margin-bottom: 5px;'>PRO3150\/EPA50<\/li>\n<\/ul><\/div>\n<\/p><\/div>\n<\/p><\/div>\n<p> <!-- Secci\u00f3n de descripci\u00f3n detallada --> <\/p>\n<div style='margin-bottom: 30px;'>\n<h3 style='font-size: 22px; border-bottom: 2px solid currentColor; padding-bottom: 5px; margin-top: 0; margin-bottom: 15px; color: inherit; opacity: 0.8;'>Descripci\u00f3n<\/h3>\n<p style='font-size: 15px; margin-bottom: 15px; color: inherit;'>Aumente la funcionalidad y confiabilidad de sus radios de dos v\u00edas con las fundas SYSCOM de nylon reforzada&comma; producto genuino que ha sido dise\u00f1ado especialmente para satisfacer la demanda de los usuarios de seguridad p\u00fablica y privada&comma; as\u00ed como de todo tipo donde se trabaje en ambientes hostiles&comma; extremosos y de alta actividad.<\/p>\n<p style='font-size: 15px; margin-bottom: 0; color: inherit;'>Ofrecen excelente nivel de conveniencia y practicidad&comma; aptas para una amplia variedad de radios. Zona abierta para el bot\u00f3n PTT&comma; micr\u00f3fono&comma; bocina&comma; fabricadas con forro sint\u00e9tico interno&comma; incluyendo soportar sus respectivas bater\u00edas sin comprometer en lo m\u00e1s m\u00ednimo la calidad de audio.<\/p>\n<\/p><\/div>\n<p> <!-- Imagen del producto --> <\/p>\n<div style='margin-bottom: 30px;'> <img style='width: 100%; height: auto; border: 1px solid rgba(150&comma;150&comma;150&comma;0.3); border-radius: 8px;' src='http:\/\/ftp3.syscom.mx\/usuarios\/fotos\/FSMPRO\/FSMPRO_1.png' alt='Funda Reforzada de Nylon para Cintur\u00f3n con Correa y Boche Frontal' \/> <\/div>\n<p> <!-- Separador final --> <\/p>\n<hr style='border: 0; border-top: 1px solid rgba(150&comma; 150&comma; 150&comma; 0.3); margin: 30px 0;'> <\/div>\n","protected":false},"excerpt":{"rendered":"<p>Funda Reforzada de Nylon para Cintur\u00f3n con Correa y Boche Frontal, Est\u00e1ndar en la Mayor\u00eda de los Radios IC, TK, NX, etc.<\/p>\n","protected":false},"featured_media":63334,"comment_status":"open","ping_status":"closed","template":"","meta":[],"product_brand":[],"product_cat":[1796],"product_tag":[1583,1724,63],"class_list":{"0":"post-63335","1":"product","2":"type-product","3":"status-publish","4":"has-post-thumbnail","6":"product_cat-fundas-accesorios-para-hytera-hyt","7":"product_tag-accesorios-para-hytera-hyt","8":"product_tag-fundas","9":"product_tag-syscom","11":"first","12":"instock","13":"sale","14":"shipping-taxable","15":"purchasable","16":"product-type-simple"},"_links":{"self":[{"href":"https:\/\/soydeaqui.ddns.net\/pachuca\/index.php\/wp-json\/wp\/v2\/product\/63335","targetHints":{"allow":["GET"]}}],"collection":[{"href":"https:\/\/soydeaqui.ddns.net\/pachuca\/index.php\/wp-json\/wp\/v2\/product"}],"about":[{"href":"https:\/\/soydeaqui.ddns.net\/pachuca\/index.php\/wp-json\/wp\/v2\/types\/product"}],"replies":[{"embeddable":true,"href":"https:\/\/soydeaqui.ddns.net\/pachuca\/index.php\/wp-json\/wp\/v2\/comments?post=63335"}],"wp:featuredmedia":[{"embeddable":true,"href":"https:\/\/soydeaqui.ddns.net\/pachuca\/index.php\/wp-json\/wp\/v2\/media\/63334"}],"wp:attachment":[{"href":"https:\/\/soydeaqui.ddns.net\/pachuca\/index.php\/wp-json\/wp\/v2\/media?parent=63335"}],"wp:term":[{"taxonomy":"product_brand","embeddable":true,"href":"https:\/\/soydeaqui.ddns.net\/pachuca\/index.php\/wp-json\/wp\/v2\/product_brand?post=63335"},{"taxonomy":"product_cat","embeddable":true,"href":"https:\/\/soydeaqui.ddns.net\/pachuca\/index.php\/wp-json\/wp\/v2\/product_cat?post=63335"},{"taxonomy":"product_tag","embeddable":true,"href":"https:\/\/soydeaqui.ddns.net\/pachuca\/index.php\/wp-json\/wp\/v2\/product_tag?post=63335"}],"curies":[{"name":"wp","href":"https:\/\/api.w.org\/{rel}","templated":true}]}}