{"id":63325,"date":"2026-03-19T07:10:20","date_gmt":"2026-03-19T07:10:20","guid":{"rendered":"https:\/\/soydeaqui.ddns.net\/pachuca\/index.php\/producto\/cable-coaxial-heliax-de-1-2-cobre-corrugado-blindado-50-ohms-carrete-de-305-metros-1000-pies-2\/"},"modified":"2026-03-19T07:10:21","modified_gmt":"2026-03-19T07:10:21","slug":"cable-coaxial-heliax-de-1-2-cobre-corrugado-blindado-50-ohms-carrete-de-305-metros-1000-pies-2","status":"publish","type":"product","link":"https:\/\/soydeaqui.ddns.net\/pachuca\/index.php\/producto\/cable-coaxial-heliax-de-1-2-cobre-corrugado-blindado-50-ohms-carrete-de-305-metros-1000-pies-2\/","title":{"rendered":"Cable Coaxial HELIAX de 1\/2, Cobre Corrugado, Blindado, 50 Ohms, Carrete de 305 Metros (1000 Pies)"},"content":{"rendered":"<div style='width: 100%; max-width: 1200px; margin: 0 auto; font-family: sans-serif; line-height: 1.6; color: inherit; background-color: transparent;'> <!-- Secci\u00f3n de caracter\u00edsticas principales --> <\/p>\n<div style='display: flex; flex-wrap: wrap; gap: 30px; margin-bottom: 30px;'>\n<div style='flex: 1 1 300px; min-width: 280px;'>\n<h3 style='font-size: 22px; border-bottom: 2px solid currentColor; padding-bottom: 5px; margin-top: 0; color: inherit; opacity: 0.8;'>Caracter\u00edsticas Principales<\/h3>\n<ul style='padding-left: 20px; font-size: 15px; color: inherit;'>\n<li style='margin-bottom: 5px;'><strong>Marca:<\/strong> HELIAX\u00ae<\/li>\n<li style='margin-bottom: 5px;'><strong>Modelo:<\/strong> FSJ450B<\/li>\n<li style='margin-bottom: 5px;'><strong>Tipo:<\/strong> Cable coaxial superflexible<\/li>\n<li style='margin-bottom: 5px;'><strong>Impedancia:<\/strong> 50 \u03a9 \u00b11 \u03a9<\/li>\n<li style='margin-bottom: 5px;'><strong>Di\u00e1metro Exterior:<\/strong> 13.46 mm<\/li>\n<li style='margin-bottom: 5px;'><strong>Material del conductor externo:<\/strong> Cobre corrugado<\/li>\n<li style='margin-bottom: 5px;'><strong>Aislamiento:<\/strong> Diel\u00e9ctrico espumado<\/li>\n<\/ul><\/div>\n<div style='flex: 1 1 300px; min-width: 280px;'>\n<h3 style='font-size: 22px; border-bottom: 2px solid currentColor; padding-bottom: 5px; margin-top: 0; color: inherit; opacity: 0.8;'>Caracter\u00edsticas El\u00e9ctricas<\/h3>\n<ul style='padding-left: 20px; font-size: 15px; color: inherit;'>\n<li style='margin-bottom: 5px;'><strong>Factor de Velocidad:<\/strong> 81%<\/li>\n<li style='margin-bottom: 5px;'><strong>Capacitancia:<\/strong> 25.2 pF\/ft | 82.7 pF\/m<\/li>\n<li style='margin-bottom: 5px;'><strong>Resistencia DC&comma; Conductor Interno:<\/strong> 0.820 ohms\/kft | 2.690 ohms\/km<\/li>\n<li style='margin-bottom: 5px;'><strong>Resistencia DC&comma; Conductor Externo:<\/strong> 1.560 ohms\/kft | 5.120 ohms\/km<\/li>\n<li style='margin-bottom: 5px;'><strong>Tensi\u00f3n de prueba DC:<\/strong> 2500 V<\/li>\n<li style='margin-bottom: 5px;'><strong>Inductancia:<\/strong> 0.207 \u00b5H\/m | 0.063 \u00b5H\/ft<\/li>\n<li style='margin-bottom: 5px;'><strong>Resistencia de aislamiento:<\/strong> 100000 M\u03a9\u00b7km<\/li>\n<li style='margin-bottom: 5px;'><strong>Tensi\u00f3n de prueba de chaqueta:<\/strong> 5000 V (rms)<\/li>\n<li style='margin-bottom: 5px;'><strong>Potencia de pico:<\/strong> 15.6 kW<\/li>\n<\/ul><\/div>\n<\/p><\/div>\n<p> <!-- Secci\u00f3n de especificaciones mec\u00e1nicas --> <\/p>\n<div style='display: flex; flex-wrap: wrap; gap: 20px; margin-bottom: 30px;'>\n<div style='flex: 1 1 250px; border: 1px solid rgba(150&comma; 150&comma; 150&comma; 0.4); border-radius: 8px; overflow: hidden; display: flex; flex-direction: column;'>\n<div style='padding: 15px; border-bottom: 1px solid rgba(150&comma; 150&comma; 150&comma; 0.2); font-weight: bold; font-size: 18px; color: inherit;'>Especificaciones Mec\u00e1nicas<\/div>\n<div style='padding: 15px; color: inherit;'>\n<ul style='padding-left: 20px; margin: 0; font-size: 14px; list-style-type: disc;'>\n<li style='margin-bottom: 5px;'><strong>Momento de flexi\u00f3n:<\/strong> 2.7 N\u00b7m | 2.0 ft lb<\/li>\n<li style='margin-bottom: 5px;'><strong>Resistencia a aplastamiento:<\/strong> 110.0 lb\/in | 2.0 kg\/mm<\/li>\n<li style='margin-bottom: 5px;'><strong>Radio de curvatura m\u00ednimo (m\u00faltiples dobleces):<\/strong> 31.75 mm | 1.25 in<\/li>\n<li style='margin-bottom: 5px;'><strong>Radio de curvatura m\u00ednimo (doblez \u00fanico):<\/strong> 31.75 mm | 1.25 in<\/li>\n<li style='margin-bottom: 5px;'><strong>N\u00famero m\u00ednimo de dobleces:<\/strong> 20<\/li>\n<li style='margin-bottom: 5px;'><strong>Resistencia a la tracci\u00f3n:<\/strong> 79 kg | 175 lb<\/li>\n<\/ul><\/div>\n<\/p><\/div>\n<p> <!-- Secci\u00f3n de dimensiones --> <\/p>\n<div style='flex: 1 1 250px; border: 1px solid rgba(150&comma; 150&comma; 150&comma; 0.4); border-radius: 8px; overflow: hidden; display: flex; flex-direction: column;'>\n<div style='padding: 15px; border-bottom: 1px solid rgba(150&comma; 150&comma; 150&comma; 0.2); font-weight: bold; font-size: 18px; color: inherit;'>Dimensiones<\/div>\n<div style='padding: 15px; color: inherit;'>\n<ul style='padding-left: 20px; margin: 0; font-size: 14px; list-style-type: disc;'>\n<li style='margin-bottom: 5px;'><strong>Tama\u00f1o nominal:<\/strong> 1\/2 in<\/li>\n<li style='margin-bottom: 5px;'><strong>Peso del cable:<\/strong> 0.21 kg\/m<\/li>\n<li style='margin-bottom: 5px;'><strong>Di\u00e1metro sobre diel\u00e9ctrico:<\/strong> 8.890 mm | 0.350 in<\/li>\n<li style='margin-bottom: 5px;'><strong>Di\u00e1metro sobre chaqueta:<\/strong> 13.462 mm | 0.530 in<\/li>\n<li style='margin-bottom: 5px;'><strong>Di\u00e1metro conductor interno:<\/strong> 3.5560 mm | 0.1400 in<\/li>\n<li style='margin-bottom: 5px;'><strong>Di\u00e1metro conductor externo:<\/strong> 12.192 mm | 0.480 in<\/li>\n<\/ul><\/div>\n<\/p><\/div>\n<p> <!-- Secci\u00f3n de condiciones ambientales --> <\/p>\n<div style='flex: 1 1 250px; border: 1px solid rgba(150&comma; 150&comma; 150&comma; 0.4); border-radius: 8px; overflow: hidden; display: flex; flex-direction: column;'>\n<div style='padding: 15px; border-bottom: 1px solid rgba(150&comma; 150&comma; 150&comma; 0.2); font-weight: bold; font-size: 18px; color: inherit;'>Condiciones Ambientales<\/div>\n<div style='padding: 15px; color: inherit;'>\n<ul style='padding-left: 20px; margin: 0; font-size: 14px; list-style-type: disc;'>\n<li style='margin-bottom: 5px;'><strong>Temperatura de instalaci\u00f3n:<\/strong> -40 \u00b0C a +60 \u00b0C<\/li>\n<li style='margin-bottom: 5px;'><strong>Temperatura de operaci\u00f3n:<\/strong> -55 \u00b0C a +85 \u00b0C<\/li>\n<li style='margin-bottom: 5px;'><strong>Temperatura de almacenamiento:<\/strong> -70 \u00b0C a +85 \u00b0C<\/li>\n<\/ul><\/div>\n<\/p><\/div>\n<\/p><\/div>\n<p> <!-- Secci\u00f3n de atenuaci\u00f3n --> <\/p>\n<div style='display: flex; flex-wrap: wrap; gap: 20px; margin-bottom: 30px;'>\n<div style='flex: 1 1 250px; border: 1px solid rgba(150&comma; 150&comma; 150&comma; 0.4); border-radius: 8px; overflow: hidden; display: flex; flex-direction: column;'>\n<div style='padding: 15px; border-bottom: 1px solid rgba(150&comma; 150&comma; 150&comma; 0.2); font-weight: bold; font-size: 18px; color: inherit;'>Atenuaci\u00f3n<\/div>\n<div style='padding: 15px; color: inherit;'>\n<ul style='padding-left: 20px; margin: 0; font-size: 14px; list-style-type: disc;'>\n<li style='margin-bottom: 5px;'><strong>0.5 MHz:<\/strong> 0.231 dB\/100 m<\/li>\n<li style='margin-bottom: 5px;'><strong>450 MHz:<\/strong> 7.592 dB\/100 m<\/li>\n<li style='margin-bottom: 5px;'><strong>800 MHz:<\/strong> 10.431 dB\/100 m<\/li>\n<li style='margin-bottom: 5px;'><strong>1000 MHz:<\/strong> 11.824 dB\/100 m<\/li>\n<li style='margin-bottom: 5px;'><strong>2000 MHz:<\/strong> 17.624 dB\/100 m<\/li>\n<li style='margin-bottom: 5px;'><strong>3000 MHz:<\/strong> 22.432 dB\/100 m<\/li>\n<li style='margin-bottom: 5px;'><strong>5000 MHz:<\/strong> 30.693 dB\/100 m<\/li>\n<li style='margin-bottom: 5px;'><strong>8000 MHz:<\/strong> 41.403 dB\/100 m<\/li>\n<li style='margin-bottom: 5px;'><strong>10000 MHz:<\/strong> 47.914 dB\/100 m<\/li>\n<\/ul><\/div>\n<\/p><\/div>\n<p> <!-- Secci\u00f3n de VSWR\/Return Loss --> <\/p>\n<div style='flex: 1 1 250px; border: 1px solid rgba(150&comma; 150&comma; 150&comma; 0.4); border-radius: 8px; overflow: hidden; display: flex; flex-direction: column;'>\n<div style='padding: 15px; border-bottom: 1px solid rgba(150&comma; 150&comma; 150&comma; 0.2); font-weight: bold; font-size: 18px; color: inherit;'>VSWR\/Return Loss<\/div>\n<div style='padding: 15px; color: inherit;'>\n<ul style='padding-left: 20px; margin: 0; font-size: 14px; list-style-type: disc;'>\n<li style='margin-bottom: 5px;'><strong>680\u2013800 MHz:<\/strong> VSWR 1.2 | Return Loss 20.80 dB<\/li>\n<li style='margin-bottom: 5px;'><strong>800\u2013960 MHz:<\/strong> VSWR 1.2 | Return Loss 20.80 dB<\/li>\n<li style='margin-bottom: 5px;'><strong>1700\u20132200 MHz:<\/strong> VSWR 1.2 | Return Loss 20.80 dB<\/li>\n<li style='margin-bottom: 5px;'><strong>2300\u20132700 MHz:<\/strong> VSWR 1.2 | Return Loss 20.80 dB<\/li>\n<\/ul><\/div>\n<\/p><\/div>\n<p> <!-- Secci\u00f3n de cumplimiento regulatorio --> <\/p>\n<div style='flex: 1 1 250px; border: 1px solid rgba(150&comma; 150&comma; 150&comma; 0.4); border-radius: 8px; overflow: hidden; display: flex; flex-direction: column;'>\n<div style='padding: 15px; border-bottom: 1px solid rgba(150&comma; 150&comma; 150&comma; 0.2); font-weight: bold; font-size: 18px; color: inherit;'>Cumplimiento Regulatorio<\/div>\n<div style='padding: 15px; color: inherit;'>\n<ul style='padding-left: 20px; margin: 0; font-size: 14px; list-style-type: disc;'>\n<li style='margin-bottom: 5px;'><strong>RoHS:<\/strong> 2011\/65\/EU Compliant<\/li>\n<li style='margin-bottom: 5px;'><strong>China RoHS:<\/strong> SJ\/T 11364-2006 por debajo del valor m\u00e1ximo<\/li>\n<li style='margin-bottom: 5px;'><strong>ISO 9001:2008:<\/strong> Dise\u00f1ado&comma; fabricado y\/o distribuido bajo este sistema de gesti\u00f3n de calidad<\/li>\n<\/ul><\/div>\n<\/p><\/div>\n<\/p><\/div>\n<p> <!-- Notas importantes --> <\/p>\n<div style='margin-top: 30px; padding: 20px; border-left: 4px solid rgba(255&comma; 255&comma; 250&comma; 0.4); background-color: rgba(150&comma; 150&comma; 150&comma; 0.05); color: inherit;'>\n<p style='margin: 0; font-weight: bold;'>Nota:<\/p>\n<p style='margin: 10px 0 0 0;'>Los valores son t\u00edpicos&comma; a menos que se indique lo contrario. Todas las especificaciones est\u00e1n sujetas a cambio sin previo aviso. Para obtener la informaci\u00f3n m\u00e1s actualizada&comma; visite www.commscope.com.<\/p>\n<\/p><\/div>\n<p> <!-- Nota de precio --> <\/p>\n<div style='margin-top: 30px; padding: 20px; border-left: 4px solid rgba(255&comma; 255&comma; 250&comma; 0.4); background-color: rgba(150&comma; 150&comma; 150&comma; 0.05); color: inherit;'>\n<p style='margin: 0; font-weight: bold;'>*PRECIO POR CARRETE*<\/p>\n<\/p><\/div>\n<\/p><\/div>\n","protected":false},"excerpt":{"rendered":"<p>Cable Coaxial HELIAX de 1\/2, Cobre Corrugado, Blindado, 50 Ohms, Carrete de 305 Metros (1000 Pies)<\/p>\n","protected":false},"featured_media":63324,"comment_status":"open","ping_status":"closed","template":"","meta":[],"product_brand":[],"product_cat":[1558],"product_tag":[1330,138,1559],"class_list":{"0":"post-63325","1":"product","2":"type-product","3":"status-publish","4":"has-post-thumbnail","6":"product_cat-coaxiales","7":"product_tag-andrew-commscope","8":"product_tag-cables","9":"product_tag-coaxiales","11":"first","12":"outofstock","13":"sale","14":"shipping-taxable","15":"purchasable","16":"product-type-simple"},"_links":{"self":[{"href":"https:\/\/soydeaqui.ddns.net\/pachuca\/index.php\/wp-json\/wp\/v2\/product\/63325","targetHints":{"allow":["GET"]}}],"collection":[{"href":"https:\/\/soydeaqui.ddns.net\/pachuca\/index.php\/wp-json\/wp\/v2\/product"}],"about":[{"href":"https:\/\/soydeaqui.ddns.net\/pachuca\/index.php\/wp-json\/wp\/v2\/types\/product"}],"replies":[{"embeddable":true,"href":"https:\/\/soydeaqui.ddns.net\/pachuca\/index.php\/wp-json\/wp\/v2\/comments?post=63325"}],"wp:featuredmedia":[{"embeddable":true,"href":"https:\/\/soydeaqui.ddns.net\/pachuca\/index.php\/wp-json\/wp\/v2\/media\/63324"}],"wp:attachment":[{"href":"https:\/\/soydeaqui.ddns.net\/pachuca\/index.php\/wp-json\/wp\/v2\/media?parent=63325"}],"wp:term":[{"taxonomy":"product_brand","embeddable":true,"href":"https:\/\/soydeaqui.ddns.net\/pachuca\/index.php\/wp-json\/wp\/v2\/product_brand?post=63325"},{"taxonomy":"product_cat","embeddable":true,"href":"https:\/\/soydeaqui.ddns.net\/pachuca\/index.php\/wp-json\/wp\/v2\/product_cat?post=63325"},{"taxonomy":"product_tag","embeddable":true,"href":"https:\/\/soydeaqui.ddns.net\/pachuca\/index.php\/wp-json\/wp\/v2\/product_tag?post=63325"}],"curies":[{"name":"wp","href":"https:\/\/api.w.org\/{rel}","templated":true}]}}