{"id":63323,"date":"2026-03-19T07:10:18","date_gmt":"2026-03-19T07:10:18","guid":{"rendered":"https:\/\/soydeaqui.ddns.net\/pachuca\/index.php\/producto\/cable-coaxial-heliax-superflexible-de-1-2-cobre-corrugado-blindado-50-ohms\/"},"modified":"2026-03-19T07:10:18","modified_gmt":"2026-03-19T07:10:18","slug":"cable-coaxial-heliax-superflexible-de-1-2-cobre-corrugado-blindado-50-ohms","status":"publish","type":"product","link":"https:\/\/soydeaqui.ddns.net\/pachuca\/index.php\/producto\/cable-coaxial-heliax-superflexible-de-1-2-cobre-corrugado-blindado-50-ohms\/","title":{"rendered":"Cable Coaxial HELIAX Superflexible de 1\/2, Cobre Corrugado, Blindado, 50 Ohms"},"content":{"rendered":"<div style='width: 100%; max-width: 1200px; margin: 0 auto; font-family: sans-serif; line-height: 1.6; color: inherit; background-color: transparent;'>\n<div style='display: flex; flex-direction: column; gap: 30px;'>\n<div style='text-align: center;'>\n<h1 style='font-size: 24px; margin: 0; color: inherit; opacity: 0.9;'>Cable Coaxial Heliax Superflexible de 1\/2&#8242; &#8211; Andrew \/ CommScope FSJ4-50B<\/h1>\n<\/p><\/div>\n<div style='display: flex; flex-direction: column; gap: 20px;'>\n<h2 style='font-size: 20px; border-bottom: 2px solid currentColor; padding-bottom: 5px; margin-top: 0; color: inherit; opacity: 0.8;'>Descripci\u00f3n General<\/h2>\n<p style='margin: 0; color: inherit;'>El Cable Coaxial Heliax Superflexible de 1\/2&#8242; FSJ4-50B de Andrew \/ CommScope es una soluci\u00f3n de alta calidad para aplicaciones de comunicaci\u00f3n que requieren rendimiento superior y confiabilidad. Dise\u00f1ado con cobre corrugado y un blindaje s\u00f3lido al 100%&comma; este cable proporciona una excelente atenuaci\u00f3n y resistencia&comma; ideal para entornos exigentes.<\/p>\n<div style='background-color: rgba(15&comma;24&comma;40&comma;0.05); padding: 15px; border-radius: 8px; text-align: center; font-weight: bold; color: inherit;'>Venta por metro<\/div>\n<\/p><\/div>\n<div style='display: flex; flex-direction: column; gap: 20px;'>\n<h2 style='font-size: 20px; border-bottom: 2px solid currentColor; padding-bottom: 5px; margin-top: 0; color: inherit; opacity: 0.8;'>Especificaciones El\u00e9ctricas<\/h2>\n<ul style='padding-left: 20px; margin: 0; color: inherit;'>\n<li style='margin-bottom: 5px;'><strong>Impedancia:<\/strong> 50 Ohms<\/li>\n<li style='margin-bottom: 5px;'><strong>Di\u00e1metro Externo:<\/strong> 13.2 mm<\/li>\n<li style='margin-bottom: 5px;'><strong>Factor de Velocidad:<\/strong> 81%<\/li>\n<li style='margin-bottom: 5px;'><strong>Atenuaci\u00f3n en 30 m UHF 450 MHz:<\/strong> 2.32 dB<\/li>\n<li style='margin-bottom: 5px;'><strong>Atenuaci\u00f3n en 30 m UHF 800 MHz:<\/strong> 3.20 dB<\/li>\n<li style='margin-bottom: 5px;'><strong>Di\u00e1metro del Conductor Interno:<\/strong> 3.6 mm<\/li>\n<li style='margin-bottom: 5px;'><strong>Aislamiento:<\/strong> Diel\u00e9ctrico Espumado<\/li>\n<li style='margin-bottom: 5px;'><strong>Blindaje:<\/strong> Cobre Corrugado S\u00f3lido 100%<\/li>\n<li style='margin-bottom: 5px;'><strong>Peso por Metro:<\/strong> 0.21 kg<\/li>\n<li style='margin-bottom: 5px;'><strong>RoHS:<\/strong> Cumple con la normativa 2011\/65\/EU<\/li>\n<\/ul><\/div>\n<div style='display: flex; flex-direction: column; gap: 20px;'>\n<h2 style='font-size: 20px; border-bottom: 2px solid currentColor; padding-bottom: 5px; margin-top: 0; color: inherit; opacity: 0.8;'>Especificaciones Mec\u00e1nicas<\/h2>\n<ul style='padding-left: 20px; margin: 0; color: inherit;'>\n<li style='margin-bottom: 5px;'><strong>Momento de Flexi\u00f3n:<\/strong> 2.7 N\u00b7m | 2.0 ft lb<\/li>\n<li style='margin-bottom: 5px;'><strong>Resistencia a la Aplastamiento de la Placa:<\/strong> 110.0 lb\/in | 2.0 kg\/mm<\/li>\n<li style='margin-bottom: 5px;'><strong>Radio M\u00ednimo de Curvatura (M\u00faltiples Curvas):<\/strong> 31.75 mm | 1.25 in<\/li>\n<li style='margin-bottom: 5px;'><strong>Radio M\u00ednimo de Curvatura (Curva \u00danica):<\/strong> 31.75 mm | 1.25 in<\/li>\n<li style='margin-bottom: 5px;'><strong>N\u00famero M\u00ednimo de Curvas:<\/strong> 20<\/li>\n<li style='margin-bottom: 5px;'><strong>Resistencia a la Tracci\u00f3n:<\/strong> 79 kg | 175 lb<\/li>\n<\/ul><\/div>\n<div style='display: flex; flex-direction: column; gap: 20px;'>\n<h2 style='font-size: 20px; border-bottom: 2px solid currentColor; padding-bottom: 5px; margin-top: 0; color: inherit; opacity: 0.8;'>Cumplimiento y Certificaciones<\/h2>\n<ul style='padding-left: 20px; margin: 0; color: inherit;'>\n<li style='margin-bottom: 5px;'><strong>RoHS:<\/strong> Cumple con la normativa 2011\/65\/EU<\/li>\n<li style='margin-bottom: 5px;'><strong>China RoHS:<\/strong> Bajo valor m\u00e1ximo de concentraci\u00f3n [MCV]<\/li>\n<li style='margin-bottom: 5px;'><strong>ISO 9001:2008:<\/strong> Dise\u00f1ado&comma; fabricado y\/o distribuido bajo este sistema de gesti\u00f3n de calidad<\/li>\n<\/ul><\/div>\n<div style='display: flex; flex-direction: column; gap: 20px;'>\n<h3 style='font-size: 18px; border-bottom: 2px solid currentColor; padding-bottom: 5px; margin-top: 0; color: inherit; opacity: 0.8;'>Enlaces de Productos Relacionados<\/h3>\n<ul style='padding-left: 20px; margin: 0; color: inherit;'>\n<li style='margin-bottom: 5px;'><a href='https:\/\/www.syscom.mx\/producto\/fsj4-50b-andrew-\/-commscope-16465.html' style='color: #0066cc; text-decoration: none;'>Cable Coaxial Heliax Superflexible de 1\/2&#8242; FSJ4-50B<\/a><\/li>\n<li style='margin-bottom: 5px;'><a href='https:\/\/www.syscom.mx\/producto\/fsj450b\/500m-commscope-(andrew)-209415.html' style='color: #0066cc; text-decoration: none;'>Bobina de 500 metros de Cable Coaxial Heliax de 1\/2&#8242; FSJ450B\/500M<\/a><\/li>\n<\/ul><\/div>\n<div style='display: flex; flex-direction: column; gap: 20px;'>\n<p style='margin: 0; color: inherit;'>Descubra la excelencia y la durabilidad en el rendimiento con el FSJ4-50B de Andrew \/ CommScope y garantice comunicaciones superiores en sus aplicaciones cr\u00edticas.<\/p>\n<\/p><\/div>\n<\/p><\/div>\n<\/p><\/div>\n","protected":false},"excerpt":{"rendered":"<p>Cable Coaxial HELIAX Superflexible de 1\/2, Cobre Corrugado, Blindado, 50 Ohms<\/p>\n","protected":false},"featured_media":63322,"comment_status":"open","ping_status":"closed","template":"","meta":[],"product_brand":[],"product_cat":[1558],"product_tag":[1330,138,1559],"class_list":{"0":"post-63323","1":"product","2":"type-product","3":"status-publish","4":"has-post-thumbnail","6":"product_cat-coaxiales","7":"product_tag-andrew-commscope","8":"product_tag-cables","9":"product_tag-coaxiales","11":"first","12":"instock","13":"sale","14":"shipping-taxable","15":"purchasable","16":"product-type-simple"},"_links":{"self":[{"href":"https:\/\/soydeaqui.ddns.net\/pachuca\/index.php\/wp-json\/wp\/v2\/product\/63323","targetHints":{"allow":["GET"]}}],"collection":[{"href":"https:\/\/soydeaqui.ddns.net\/pachuca\/index.php\/wp-json\/wp\/v2\/product"}],"about":[{"href":"https:\/\/soydeaqui.ddns.net\/pachuca\/index.php\/wp-json\/wp\/v2\/types\/product"}],"replies":[{"embeddable":true,"href":"https:\/\/soydeaqui.ddns.net\/pachuca\/index.php\/wp-json\/wp\/v2\/comments?post=63323"}],"wp:featuredmedia":[{"embeddable":true,"href":"https:\/\/soydeaqui.ddns.net\/pachuca\/index.php\/wp-json\/wp\/v2\/media\/63322"}],"wp:attachment":[{"href":"https:\/\/soydeaqui.ddns.net\/pachuca\/index.php\/wp-json\/wp\/v2\/media?parent=63323"}],"wp:term":[{"taxonomy":"product_brand","embeddable":true,"href":"https:\/\/soydeaqui.ddns.net\/pachuca\/index.php\/wp-json\/wp\/v2\/product_brand?post=63323"},{"taxonomy":"product_cat","embeddable":true,"href":"https:\/\/soydeaqui.ddns.net\/pachuca\/index.php\/wp-json\/wp\/v2\/product_cat?post=63323"},{"taxonomy":"product_tag","embeddable":true,"href":"https:\/\/soydeaqui.ddns.net\/pachuca\/index.php\/wp-json\/wp\/v2\/product_tag?post=63323"}],"curies":[{"name":"wp","href":"https:\/\/api.w.org\/{rel}","templated":true}]}}